{"id":18324,"date":"2020-10-17T13:41:42","date_gmt":"2022-04-29T21:18:00","guid":{"rendered":"https:\/\/yvesfouquet.com\/product\/bureau-regency\/"},"modified":"2022-04-30T00:18:00","modified_gmt":"2022-04-29T21:18:00","slug":"pismennyj-stol-regentstvo-2","status":"publish","type":"product","link":"https:\/\/yvesfouquet.com\/fr\/produit\/pismennyj-stol-regentstvo-2\/","title":{"rendered":"Bureau Regency"},"content":{"rendered":"<p>Les meubles exclusifs en bois cr\u00e9ent toujours leur propre atmosph\u00e8re particuli\u00e8re dans la maison. Un \u00e9l\u00e9gant bureau en bois naturel dans le style Fran\u00e7ais de la R\u00e9gence prendra la place qui lui revient dans vos int\u00e9rieurs. De beaux objets d\u2019artisanat des ma\u00eetres de l\u2019usine de meubles Yves Fouquet apporteront une subtile note d\u2019aristocratie \u00e0 votre mobilier.<\/p>\n<p>Le corps du bureau a fi\u00e8re allure \u00e0 la fois sous vernis, soulignant la texture naturelle du bois, et sous une forme peinte. Vous ne serez indiff\u00e9rent ni \u00e0 la courbe \u00e9l\u00e9gante des pieds hauts soulign\u00e9e par la bordure sculpt\u00e9e, ni au motif parquet du comptoir de l\u2019ensemble.<\/p>\n<p>Une table en bois massif vintage est non seulement belle, mais aussi pratique. Vous pouvez agrandir son espace de travail \u00e0 l\u2019aide de planches r\u00e9tractables situ\u00e9es aux extr\u00e9mit\u00e9s. Trois tiroirs spacieux sont parfaits pour ranger les papiers et la papeterie.<\/p>\n<p>L\u2019\u00e9l\u00e9gance du mod\u00e8le est efficacement soulign\u00e9e par fran\u00e7ais accessoires en bronze. Avec sa grande praticit\u00e9, il s\u2019int\u00e8gre parfaitement dans le style g\u00e9n\u00e9ral et ajoute de l\u2019\u00e9l\u00e9gance.<\/p>\n<p>Le bureau est assembl\u00e9 selon des technologies anciennes, qui utilisent des clous en bois, une connexion en queue d\u2019aronde et une rainure \u00e0 pointes. Les meubles anciens sont fabriqu\u00e9s sur commande, ce qui vous permet de changer librement de couleur, de taille, de forme et d\u2019\u00e9l\u00e9ments d\u00e9coratifs.<\/p>\n","protected":false},"excerpt":{"rendered":"<p><strong>Dimensions:<\/strong> <span class=\"s1\">L1480 X B780 X D800<\/span><br \/>\n<strong>Description :<\/strong> 3 tiroirs et 2 planches r\u00e9tractables<\/p>\n","protected":false},"featured_media":15294,"template":"","meta":[],"product_cat":[177,150],"product_tag":[],"yoast_head":"<!-- This site is optimized with the Yoast SEO Premium plugin v20.7 (Yoast SEO v20.8) - https:\/\/yoast.com\/wordpress\/plugins\/seo\/ -->\n<title>Acheter un bureau en bois naturel - Yves Fouquet<\/title>\n<meta name=\"description\" content=\"Meubles en bois d\u2019\u00e9lite fabriqu\u00e9s \u00e0 la main sur commande selon les tailles individuelles. Table d\u2019\u00e9criture dans le style ancien produite par l\u2019usine de meubles Yves Fouquet, Ukraine\" \/>\n<meta name=\"robots\" content=\"index, follow, max-snippet:-1, max-image-preview:large, max-video-preview:-1\" \/>\n<link rel=\"canonical\" href=\"https:\/\/yvesfouquet.com\/fr\/produit\/pismennyj-stol-regentstvo-2\/\" \/>\n<meta property=\"og:locale\" content=\"fr_FR\" \/>\n<meta property=\"og:type\" content=\"article\" \/>\n<meta property=\"og:title\" content=\"Bureau Regency\" \/>\n<meta property=\"og:description\" content=\"Meubles en bois d\u2019\u00e9lite fabriqu\u00e9s \u00e0 la main sur commande selon les tailles individuelles. Table d\u2019\u00e9criture dans le style ancien produite par l\u2019usine de meubles Yves Fouquet, Ukraine\" \/>\n<meta property=\"og:url\" content=\"https:\/\/yvesfouquet.com\/fr\/produit\/pismennyj-stol-regentstvo-2\/\" \/>\n<meta property=\"og:site_name\" content=\"Yves Fouquet\" \/>\n<meta property=\"article:publisher\" content=\"https:\/\/www.facebook.com\/boutiueyvesfouquet\" \/>\n<meta property=\"og:image\" content=\"https:\/\/yvesfouquet.com\/wp-content\/uploads\/2020\/10\/BR132.png\" \/>\n\t<meta property=\"og:image:width\" content=\"1000\" \/>\n\t<meta property=\"og:image:height\" content=\"1000\" \/>\n\t<meta property=\"og:image:type\" content=\"image\/png\" \/>\n<meta name=\"twitter:card\" content=\"summary_large_image\" \/>\n<meta name=\"twitter:label1\" content=\"Prix\" \/>\n\t<meta name=\"twitter:data1\" content=\"\" \/>\n\t<meta name=\"twitter:label2\" content=\"Disponibilit\u00e9\" \/>\n\t<meta name=\"twitter:data2\" content=\"En stock\" \/>\n<script type=\"application\/ld+json\" class=\"yoast-schema-graph\">{\"@context\":\"https:\/\/schema.org\",\"@graph\":[{\"@type\":[\"WebPage\",\"ItemPage\"],\"@id\":\"https:\/\/yvesfouquet.com\/fr\/produit\/pismennyj-stol-regentstvo-2\/\",\"url\":\"https:\/\/yvesfouquet.com\/fr\/produit\/pismennyj-stol-regentstvo-2\/\",\"name\":\"Acheter un bureau en bois naturel - Yves Fouquet\",\"isPartOf\":{\"@id\":\"https:\/\/yvesfouquet.com\/#website\"},\"datePublished\":\"2022-04-29T21:18:00+00:00\",\"dateModified\":\"2022-04-29T21:18:00+00:00\",\"description\":\"Meubles en bois d\u2019\u00e9lite fabriqu\u00e9s \u00e0 la main sur commande selon les tailles individuelles. Table d\u2019\u00e9criture dans le style ancien produite par l\u2019usine de meubles Yves Fouquet, Ukraine\",\"breadcrumb\":{\"@id\":\"https:\/\/yvesfouquet.com\/fr\/produit\/pismennyj-stol-regentstvo-2\/#breadcrumb\"},\"inLanguage\":\"fr-FR\",\"potentialAction\":[{\"@type\":\"ReadAction\",\"target\":[\"https:\/\/yvesfouquet.com\/fr\/produit\/pismennyj-stol-regentstvo-2\/\"]}]},{\"@type\":\"BreadcrumbList\",\"@id\":\"https:\/\/yvesfouquet.com\/fr\/produit\/pismennyj-stol-regentstvo-2\/#breadcrumb\",\"itemListElement\":[{\"@type\":\"ListItem\",\"position\":1,\"name\":\"\u0413\u043b\u0430\u0432\u043d\u0430\u044f\",\"item\":\"https:\/\/yvesfouquet.com\/fr\/\"},{\"@type\":\"ListItem\",\"position\":2,\"name\":\"Collections\",\"item\":\"https:\/\/yvesfouquet.com\/fr\/collections\/\"},{\"@type\":\"ListItem\",\"position\":3,\"name\":\"Bureau Regency\"}]},{\"@type\":\"WebSite\",\"@id\":\"https:\/\/yvesfouquet.com\/#website\",\"url\":\"https:\/\/yvesfouquet.com\/\",\"name\":\"Yves Fouquet\",\"description\":\"\u0424\u0440\u0430\u043d\u0446\u0443\u0437\u0441\u043a\u0430\u044f \u043c\u0435\u0431\u0435\u043b\u044c\",\"potentialAction\":[{\"@type\":\"SearchAction\",\"target\":{\"@type\":\"EntryPoint\",\"urlTemplate\":\"https:\/\/yvesfouquet.com\/?s={search_term_string}\"},\"query-input\":\"required name=search_term_string\"}],\"inLanguage\":\"fr-FR\"}]}<\/script>\n<meta property=\"product:price:amount\" content=\"0\" \/>\n<meta property=\"product:price:currency\" content=\"EUR\" \/>\n<meta property=\"og:availability\" content=\"instock\" \/>\n<meta property=\"product:availability\" content=\"instock\" \/>\n<meta property=\"product:retailer_item_id\" content=\"BR132\" \/>\n<meta property=\"product:condition\" content=\"new\" \/>\n<!-- \/ Yoast SEO Premium plugin. -->","yoast_head_json":{"title":"Acheter un bureau en bois naturel - Yves Fouquet","description":"Meubles en bois d\u2019\u00e9lite fabriqu\u00e9s \u00e0 la main sur commande selon les tailles individuelles. Table d\u2019\u00e9criture dans le style ancien produite par l\u2019usine de meubles Yves Fouquet, Ukraine","robots":{"index":"index","follow":"follow","max-snippet":"max-snippet:-1","max-image-preview":"max-image-preview:large","max-video-preview":"max-video-preview:-1"},"canonical":"https:\/\/yvesfouquet.com\/fr\/produit\/pismennyj-stol-regentstvo-2\/","og_locale":"fr_FR","og_type":"article","og_title":"Bureau Regency","og_description":"Meubles en bois d\u2019\u00e9lite fabriqu\u00e9s \u00e0 la main sur commande selon les tailles individuelles. Table d\u2019\u00e9criture dans le style ancien produite par l\u2019usine de meubles Yves Fouquet, Ukraine","og_url":"https:\/\/yvesfouquet.com\/fr\/produit\/pismennyj-stol-regentstvo-2\/","og_site_name":"Yves Fouquet","article_publisher":"https:\/\/www.facebook.com\/boutiueyvesfouquet","og_image":[{"width":1000,"height":1000,"url":"https:\/\/yvesfouquet.com\/wp-content\/uploads\/2020\/10\/BR132.png","type":"image\/png"}],"twitter_card":"summary_large_image","twitter_misc":{"Prix":"","Disponibilit\u00e9":"En stock"},"schema":{"@context":"https:\/\/schema.org","@graph":[{"@type":["WebPage","ItemPage"],"@id":"https:\/\/yvesfouquet.com\/fr\/produit\/pismennyj-stol-regentstvo-2\/","url":"https:\/\/yvesfouquet.com\/fr\/produit\/pismennyj-stol-regentstvo-2\/","name":"Acheter un bureau en bois naturel - Yves Fouquet","isPartOf":{"@id":"https:\/\/yvesfouquet.com\/#website"},"datePublished":"2022-04-29T21:18:00+00:00","dateModified":"2022-04-29T21:18:00+00:00","description":"Meubles en bois d\u2019\u00e9lite fabriqu\u00e9s \u00e0 la main sur commande selon les tailles individuelles. Table d\u2019\u00e9criture dans le style ancien produite par l\u2019usine de meubles Yves Fouquet, Ukraine","breadcrumb":{"@id":"https:\/\/yvesfouquet.com\/fr\/produit\/pismennyj-stol-regentstvo-2\/#breadcrumb"},"inLanguage":"fr-FR","potentialAction":[{"@type":"ReadAction","target":["https:\/\/yvesfouquet.com\/fr\/produit\/pismennyj-stol-regentstvo-2\/"]}]},{"@type":"BreadcrumbList","@id":"https:\/\/yvesfouquet.com\/fr\/produit\/pismennyj-stol-regentstvo-2\/#breadcrumb","itemListElement":[{"@type":"ListItem","position":1,"name":"\u0413\u043b\u0430\u0432\u043d\u0430\u044f","item":"https:\/\/yvesfouquet.com\/fr\/"},{"@type":"ListItem","position":2,"name":"Collections","item":"https:\/\/yvesfouquet.com\/fr\/collections\/"},{"@type":"ListItem","position":3,"name":"Bureau Regency"}]},{"@type":"WebSite","@id":"https:\/\/yvesfouquet.com\/#website","url":"https:\/\/yvesfouquet.com\/","name":"Yves Fouquet","description":"\u0424\u0440\u0430\u043d\u0446\u0443\u0437\u0441\u043a\u0430\u044f \u043c\u0435\u0431\u0435\u043b\u044c","potentialAction":[{"@type":"SearchAction","target":{"@type":"EntryPoint","urlTemplate":"https:\/\/yvesfouquet.com\/?s={search_term_string}"},"query-input":"required name=search_term_string"}],"inLanguage":"fr-FR"}]},"product_price_currency":"EUR","og_availability":"instock","product_availability":"instock","product_retailer_item_id":"BR132","product_condition":"new"},"_links":{"self":[{"href":"https:\/\/yvesfouquet.com\/fr\/wp-json\/wp\/v2\/product\/18324"}],"collection":[{"href":"https:\/\/yvesfouquet.com\/fr\/wp-json\/wp\/v2\/product"}],"about":[{"href":"https:\/\/yvesfouquet.com\/fr\/wp-json\/wp\/v2\/types\/product"}],"version-history":[{"count":0,"href":"https:\/\/yvesfouquet.com\/fr\/wp-json\/wp\/v2\/product\/18324\/revisions"}],"wp:featuredmedia":[{"embeddable":true,"href":"https:\/\/yvesfouquet.com\/fr\/wp-json\/wp\/v2\/media\/15294"}],"wp:attachment":[{"href":"https:\/\/yvesfouquet.com\/fr\/wp-json\/wp\/v2\/media?parent=18324"}],"wp:term":[{"taxonomy":"product_cat","embeddable":true,"href":"https:\/\/yvesfouquet.com\/fr\/wp-json\/wp\/v2\/product_cat?post=18324"},{"taxonomy":"product_tag","embeddable":true,"href":"https:\/\/yvesfouquet.com\/fr\/wp-json\/wp\/v2\/product_tag?post=18324"}],"curies":[{"name":"wp","href":"https:\/\/api.w.org\/{rel}","templated":true}]}}