{"id":18325,"date":"2020-10-26T21:10:34","date_gmt":"2022-04-29T21:18:00","guid":{"rendered":"https:\/\/yvesfouquet.com\/product\/table-a-manger-empire-tr624\/"},"modified":"2022-04-30T00:18:00","modified_gmt":"2022-04-29T21:18:00","slug":"stol-obedennyj-empire-tr624-2","status":"publish","type":"product","link":"https:\/\/yvesfouquet.com\/fr\/produit\/stol-obedennyj-empire-tr624-2\/","title":{"rendered":"Table \u00e0 manger Empire TR624"},"content":{"rendered":"<p>Les tables en bois vintage ont leur propre charme distinctif. Particuli\u00e8rement lumineuse et color\u00e9e est la table \u00e0 manger ronde, faite dans le style de l\u2019ancienne Fran\u00e7ais de l\u2019Empire. Le travail remarquable des ma\u00eetres de l\u2019usine de meubles Yves Fouquet est non seulement magnifique \u00e0 l\u2019int\u00e9rieur, mais se distingue par sa fiabilit\u00e9 et sa praticit\u00e9.<\/p>\n<p>La table \u00e0 manger design en bois naturel est id\u00e9alement plac\u00e9e dans la cuisine ou la salle \u00e0 manger d\u2019une grande maison. Le style imp\u00e9rial majestueux est parfait pour sa forme ronde. Aristocratique et raffin\u00e9, il s\u2019int\u00e9grera harmonieusement dans un cadre vintage, o\u00f9, bien s\u00fbr, il occupera l\u2019une des places principales.<\/p>\n<p>Chaleureuse et accueillante, la table ronde a l\u2019air sous vernis, ce qui souligne parfaitement la texture naturelle du bois. Les pieds droits stables sont d\u00e9cor\u00e9s de boutons ronds peints. Tsarga a des encoches sculpt\u00e9es \u00e0 la main qui rappellent les cannelures des anciennes colonnes. Un comptoir pliant avec un motif de parquet a fi\u00e8re allure.<\/p>\n<p>Les meubles en bois pour antiquit\u00e9s sont fabriqu\u00e9s sur commande en fonction des tailles individuelles du client. Les technologies d\u2019assemblage anciennes et les techniques de vieillissement originales le rendent presque impossible \u00e0 distinguer d\u2019une raret\u00e9. Nos meubles design haut de gamme d\u00e9coreront votre maison.<\/p>\n","protected":false},"excerpt":{"rendered":"<p><strong>Dimension:<\/strong> D1200 x B760<\/p>\n<p><strong>Description :<\/strong> ne se d\u00e9plie pas<\/p>\n","protected":false},"featured_media":16782,"template":"","meta":[],"product_cat":[160],"product_tag":[],"yoast_head":"<!-- This site is optimized with the Yoast SEO Premium plugin v20.7 (Yoast SEO v20.8) - https:\/\/yoast.com\/wordpress\/plugins\/seo\/ -->\n<title>Table ronde \u00e0 manger dans la cuisine dans l\u2019ancien style - Yves Fouquet<\/title>\n<meta name=\"description\" content=\"Meubles Elite en bois fait \u00e0 la main sur commande. Design exclusif, sculptures, raccords Fran\u00e7ais. Achetez une table de cuisine en Ukraine. Production de l\u2019usine Yves Fouquet\" \/>\n<meta name=\"robots\" content=\"index, follow, max-snippet:-1, max-image-preview:large, max-video-preview:-1\" \/>\n<link rel=\"canonical\" href=\"https:\/\/yvesfouquet.com\/fr\/produit\/stol-obedennyj-empire-tr624-2\/\" \/>\n<meta property=\"og:locale\" content=\"fr_FR\" \/>\n<meta property=\"og:type\" content=\"article\" \/>\n<meta property=\"og:title\" content=\"Table \u00e0 manger Empire TR624\" \/>\n<meta property=\"og:description\" content=\"Meubles Elite en bois fait \u00e0 la main sur commande. Design exclusif, sculptures, raccords Fran\u00e7ais. Achetez une table de cuisine en Ukraine. Production de l\u2019usine Yves Fouquet\" \/>\n<meta property=\"og:url\" content=\"https:\/\/yvesfouquet.com\/fr\/produit\/stol-obedennyj-empire-tr624-2\/\" \/>\n<meta property=\"og:site_name\" content=\"Yves Fouquet\" \/>\n<meta property=\"article:publisher\" content=\"https:\/\/www.facebook.com\/boutiueyvesfouquet\" \/>\n<meta property=\"og:image\" content=\"https:\/\/yvesfouquet.com\/wp-content\/uploads\/2020\/10\/bf525-1950x1000x530-1-1.jpg\" \/>\n\t<meta property=\"og:image:width\" content=\"607\" \/>\n\t<meta property=\"og:image:height\" content=\"607\" \/>\n\t<meta property=\"og:image:type\" content=\"image\/jpeg\" \/>\n<meta name=\"twitter:card\" content=\"summary_large_image\" \/>\n<meta name=\"twitter:label1\" content=\"Prix\" \/>\n\t<meta name=\"twitter:data1\" content=\"\" \/>\n\t<meta name=\"twitter:label2\" content=\"Disponibilit\u00e9\" \/>\n\t<meta name=\"twitter:data2\" content=\"En stock\" \/>\n<script type=\"application\/ld+json\" class=\"yoast-schema-graph\">{\"@context\":\"https:\/\/schema.org\",\"@graph\":[{\"@type\":[\"WebPage\",\"ItemPage\"],\"@id\":\"https:\/\/yvesfouquet.com\/fr\/produit\/stol-obedennyj-empire-tr624-2\/\",\"url\":\"https:\/\/yvesfouquet.com\/fr\/produit\/stol-obedennyj-empire-tr624-2\/\",\"name\":\"Table ronde \u00e0 manger dans la cuisine dans l\u2019ancien style - Yves Fouquet\",\"isPartOf\":{\"@id\":\"https:\/\/yvesfouquet.com\/#website\"},\"datePublished\":\"2022-04-29T21:18:00+00:00\",\"dateModified\":\"2022-04-29T21:18:00+00:00\",\"description\":\"Meubles Elite en bois fait \u00e0 la main sur commande. Design exclusif, sculptures, raccords Fran\u00e7ais. Achetez une table de cuisine en Ukraine. Production de l\u2019usine Yves Fouquet\",\"breadcrumb\":{\"@id\":\"https:\/\/yvesfouquet.com\/fr\/produit\/stol-obedennyj-empire-tr624-2\/#breadcrumb\"},\"inLanguage\":\"fr-FR\",\"potentialAction\":[{\"@type\":\"ReadAction\",\"target\":[\"https:\/\/yvesfouquet.com\/fr\/produit\/stol-obedennyj-empire-tr624-2\/\"]}]},{\"@type\":\"BreadcrumbList\",\"@id\":\"https:\/\/yvesfouquet.com\/fr\/produit\/stol-obedennyj-empire-tr624-2\/#breadcrumb\",\"itemListElement\":[{\"@type\":\"ListItem\",\"position\":1,\"name\":\"\u0413\u043b\u0430\u0432\u043d\u0430\u044f\",\"item\":\"https:\/\/yvesfouquet.com\/fr\/\"},{\"@type\":\"ListItem\",\"position\":2,\"name\":\"Collections\",\"item\":\"https:\/\/yvesfouquet.com\/fr\/collections\/\"},{\"@type\":\"ListItem\",\"position\":3,\"name\":\"Table \u00e0 manger Empire TR624\"}]},{\"@type\":\"WebSite\",\"@id\":\"https:\/\/yvesfouquet.com\/#website\",\"url\":\"https:\/\/yvesfouquet.com\/\",\"name\":\"Yves Fouquet\",\"description\":\"\u0424\u0440\u0430\u043d\u0446\u0443\u0437\u0441\u043a\u0430\u044f \u043c\u0435\u0431\u0435\u043b\u044c\",\"potentialAction\":[{\"@type\":\"SearchAction\",\"target\":{\"@type\":\"EntryPoint\",\"urlTemplate\":\"https:\/\/yvesfouquet.com\/?s={search_term_string}\"},\"query-input\":\"required name=search_term_string\"}],\"inLanguage\":\"fr-FR\"}]}<\/script>\n<meta property=\"product:price:amount\" content=\"0\" \/>\n<meta property=\"product:price:currency\" content=\"EUR\" \/>\n<meta property=\"og:availability\" content=\"instock\" \/>\n<meta property=\"product:availability\" content=\"instock\" \/>\n<meta property=\"product:retailer_item_id\" content=\"TR624\" \/>\n<meta property=\"product:condition\" content=\"new\" \/>\n<!-- \/ Yoast SEO Premium plugin. -->","yoast_head_json":{"title":"Table ronde \u00e0 manger dans la cuisine dans l\u2019ancien style - Yves Fouquet","description":"Meubles Elite en bois fait \u00e0 la main sur commande. Design exclusif, sculptures, raccords Fran\u00e7ais. Achetez une table de cuisine en Ukraine. Production de l\u2019usine Yves Fouquet","robots":{"index":"index","follow":"follow","max-snippet":"max-snippet:-1","max-image-preview":"max-image-preview:large","max-video-preview":"max-video-preview:-1"},"canonical":"https:\/\/yvesfouquet.com\/fr\/produit\/stol-obedennyj-empire-tr624-2\/","og_locale":"fr_FR","og_type":"article","og_title":"Table \u00e0 manger Empire TR624","og_description":"Meubles Elite en bois fait \u00e0 la main sur commande. Design exclusif, sculptures, raccords Fran\u00e7ais. Achetez une table de cuisine en Ukraine. Production de l\u2019usine Yves Fouquet","og_url":"https:\/\/yvesfouquet.com\/fr\/produit\/stol-obedennyj-empire-tr624-2\/","og_site_name":"Yves Fouquet","article_publisher":"https:\/\/www.facebook.com\/boutiueyvesfouquet","og_image":[{"width":607,"height":607,"url":"https:\/\/yvesfouquet.com\/wp-content\/uploads\/2020\/10\/bf525-1950x1000x530-1-1.jpg","type":"image\/jpeg"}],"twitter_card":"summary_large_image","twitter_misc":{"Prix":"","Disponibilit\u00e9":"En stock"},"schema":{"@context":"https:\/\/schema.org","@graph":[{"@type":["WebPage","ItemPage"],"@id":"https:\/\/yvesfouquet.com\/fr\/produit\/stol-obedennyj-empire-tr624-2\/","url":"https:\/\/yvesfouquet.com\/fr\/produit\/stol-obedennyj-empire-tr624-2\/","name":"Table ronde \u00e0 manger dans la cuisine dans l\u2019ancien style - Yves Fouquet","isPartOf":{"@id":"https:\/\/yvesfouquet.com\/#website"},"datePublished":"2022-04-29T21:18:00+00:00","dateModified":"2022-04-29T21:18:00+00:00","description":"Meubles Elite en bois fait \u00e0 la main sur commande. Design exclusif, sculptures, raccords Fran\u00e7ais. Achetez une table de cuisine en Ukraine. Production de l\u2019usine Yves Fouquet","breadcrumb":{"@id":"https:\/\/yvesfouquet.com\/fr\/produit\/stol-obedennyj-empire-tr624-2\/#breadcrumb"},"inLanguage":"fr-FR","potentialAction":[{"@type":"ReadAction","target":["https:\/\/yvesfouquet.com\/fr\/produit\/stol-obedennyj-empire-tr624-2\/"]}]},{"@type":"BreadcrumbList","@id":"https:\/\/yvesfouquet.com\/fr\/produit\/stol-obedennyj-empire-tr624-2\/#breadcrumb","itemListElement":[{"@type":"ListItem","position":1,"name":"\u0413\u043b\u0430\u0432\u043d\u0430\u044f","item":"https:\/\/yvesfouquet.com\/fr\/"},{"@type":"ListItem","position":2,"name":"Collections","item":"https:\/\/yvesfouquet.com\/fr\/collections\/"},{"@type":"ListItem","position":3,"name":"Table \u00e0 manger Empire TR624"}]},{"@type":"WebSite","@id":"https:\/\/yvesfouquet.com\/#website","url":"https:\/\/yvesfouquet.com\/","name":"Yves Fouquet","description":"\u0424\u0440\u0430\u043d\u0446\u0443\u0437\u0441\u043a\u0430\u044f \u043c\u0435\u0431\u0435\u043b\u044c","potentialAction":[{"@type":"SearchAction","target":{"@type":"EntryPoint","urlTemplate":"https:\/\/yvesfouquet.com\/?s={search_term_string}"},"query-input":"required name=search_term_string"}],"inLanguage":"fr-FR"}]},"product_price_currency":"EUR","og_availability":"instock","product_availability":"instock","product_retailer_item_id":"TR624","product_condition":"new"},"_links":{"self":[{"href":"https:\/\/yvesfouquet.com\/fr\/wp-json\/wp\/v2\/product\/18325"}],"collection":[{"href":"https:\/\/yvesfouquet.com\/fr\/wp-json\/wp\/v2\/product"}],"about":[{"href":"https:\/\/yvesfouquet.com\/fr\/wp-json\/wp\/v2\/types\/product"}],"version-history":[{"count":0,"href":"https:\/\/yvesfouquet.com\/fr\/wp-json\/wp\/v2\/product\/18325\/revisions"}],"wp:featuredmedia":[{"embeddable":true,"href":"https:\/\/yvesfouquet.com\/fr\/wp-json\/wp\/v2\/media\/16782"}],"wp:attachment":[{"href":"https:\/\/yvesfouquet.com\/fr\/wp-json\/wp\/v2\/media?parent=18325"}],"wp:term":[{"taxonomy":"product_cat","embeddable":true,"href":"https:\/\/yvesfouquet.com\/fr\/wp-json\/wp\/v2\/product_cat?post=18325"},{"taxonomy":"product_tag","embeddable":true,"href":"https:\/\/yvesfouquet.com\/fr\/wp-json\/wp\/v2\/product_tag?post=18325"}],"curies":[{"name":"wp","href":"https:\/\/api.w.org\/{rel}","templated":true}]}}