{"id":18326,"date":"2020-10-26T21:10:02","date_gmt":"2022-04-29T21:18:01","guid":{"rendered":"https:\/\/yvesfouquet.com\/product\/table-a-manger-regence-tr621\/"},"modified":"2022-04-30T00:18:01","modified_gmt":"2022-04-29T21:18:01","slug":"stol-obedennyj-regence-tr621-2","status":"publish","type":"product","link":"https:\/\/yvesfouquet.com\/fr\/produit\/stol-obedennyj-regence-tr621-2\/","title":{"rendered":"Table \u00e0 manger Regence TR621"},"content":{"rendered":"<p>La derni\u00e8re corde du mobilier design dans le style old Fran\u00e7ais sera une table \u00e0 manger en bois de l\u2019\u00e9poque de la R\u00e9gence. Le mod\u00e8le de l\u2019auteur s\u2019int\u00e9grera parfaitement \u00e0 l\u2019int\u00e9rieur et, bien s\u00fbr, deviendra sa d\u00e9coration. Les artisans de l\u2019usine Yves Fouquet cr\u00e9ent de magnifiques meubles pour antiquit\u00e9s et c\u2019est un autre exemple de leur travail en filigrane.<\/p>\n<p>Une \u00e9l\u00e9gante table \u00e0 manger en bois naturel occupera une place de choix dans la cuisine ou dans la salle \u00e0 manger spacieuse. En unissant tous les m\u00e9nages autour d\u2019un repas, il deviendra le centre des r\u00e9unions de famille. Et si soudainement des invit\u00e9s viennent \u00e0 vous, la surface de la table peut facilement \u00eatre agrandie en installant un insert suppl\u00e9mentaire.<\/p>\n<p>Le mod\u00e8le a fi\u00e8re allure \u00e0 la fois en couleur et sous vernis. Les pieds gracieusement incurv\u00e9s et la tsarga rectangulaire sont d\u00e9cor\u00e9s de sculptures de l\u00e9gumes faites \u00e0 la main. Les courbes lisses de la bordure donnent sophistication et sophistication. \u00c9l\u00e9gant et aristocratique look laqu\u00e9 comptoir figur\u00e9 avec un motif de parquet original.<\/p>\n<p>La table du tableau est assembl\u00e9e manuellement sur commande selon les technologies de mobilier anciennes. Les pi\u00e8ces sont fix\u00e9es avec des clous en bois et des connexions \u00e0 rainures de pointe. Avec les effets originaux du vieillissement, cela donne au produit une saveur sp\u00e9ciale de l\u2019antiquit\u00e9 profonde et rend les meubles exclusifs presque impossibles \u00e0 distinguer de l\u2019antiquit\u00e9.<\/p>\n","protected":false},"excerpt":{"rendered":"<p><strong>Dimensions:<\/strong> L1600 x H760 x P1100 (L2300)<\/p>\n<p><strong>Insert<\/strong> de 700 mm<\/p>\n","protected":false},"featured_media":16812,"template":"","meta":[],"product_cat":[160],"product_tag":[],"yoast_head":"<!-- This site is optimized with the Yoast SEO Premium plugin v20.7 (Yoast SEO v20.8) - https:\/\/yoast.com\/wordpress\/plugins\/seo\/ -->\n<title>Table \u00e0 manger en bois naturel sous antiquit\u00e9s - Yves Fouquet<\/title>\n<meta name=\"description\" content=\"Meubles d\u2019int\u00e9rieur \u00e0 commander en Ukraine. Achetez une grande table coulissante en bois dans la cuisine. Plateau de table \u00e0 cadran, montage manuel, sculpture. Usine de meubles de production Yves Fouquet\" \/>\n<meta name=\"robots\" content=\"index, follow, max-snippet:-1, max-image-preview:large, max-video-preview:-1\" \/>\n<link rel=\"canonical\" href=\"https:\/\/yvesfouquet.com\/fr\/produit\/stol-obedennyj-regence-tr621-2\/\" \/>\n<meta property=\"og:locale\" content=\"fr_FR\" \/>\n<meta property=\"og:type\" content=\"article\" \/>\n<meta property=\"og:title\" content=\"Table \u00e0 manger Regence TR621\" \/>\n<meta property=\"og:description\" content=\"Meubles d\u2019int\u00e9rieur \u00e0 commander en Ukraine. Achetez une grande table coulissante en bois dans la cuisine. Plateau de table \u00e0 cadran, montage manuel, sculpture. Usine de meubles de production Yves Fouquet\" \/>\n<meta property=\"og:url\" content=\"https:\/\/yvesfouquet.com\/fr\/produit\/stol-obedennyj-regence-tr621-2\/\" \/>\n<meta property=\"og:site_name\" content=\"Yves Fouquet\" \/>\n<meta property=\"article:publisher\" content=\"https:\/\/www.facebook.com\/boutiueyvesfouquet\" \/>\n<meta property=\"og:image\" content=\"https:\/\/yvesfouquet.com\/wp-content\/uploads\/2020\/10\/tr621.png\" \/>\n\t<meta property=\"og:image:width\" content=\"1600\" \/>\n\t<meta property=\"og:image:height\" content=\"1600\" \/>\n\t<meta property=\"og:image:type\" content=\"image\/png\" \/>\n<meta name=\"twitter:card\" content=\"summary_large_image\" \/>\n<meta name=\"twitter:label1\" content=\"Prix\" \/>\n\t<meta name=\"twitter:data1\" content=\"\" \/>\n\t<meta name=\"twitter:label2\" content=\"Disponibilit\u00e9\" \/>\n\t<meta name=\"twitter:data2\" content=\"En stock\" \/>\n<script type=\"application\/ld+json\" class=\"yoast-schema-graph\">{\"@context\":\"https:\/\/schema.org\",\"@graph\":[{\"@type\":[\"WebPage\",\"ItemPage\"],\"@id\":\"https:\/\/yvesfouquet.com\/fr\/produit\/stol-obedennyj-regence-tr621-2\/\",\"url\":\"https:\/\/yvesfouquet.com\/fr\/produit\/stol-obedennyj-regence-tr621-2\/\",\"name\":\"Table \u00e0 manger en bois naturel sous antiquit\u00e9s - Yves Fouquet\",\"isPartOf\":{\"@id\":\"https:\/\/yvesfouquet.com\/#website\"},\"datePublished\":\"2022-04-29T21:18:01+00:00\",\"dateModified\":\"2022-04-29T21:18:01+00:00\",\"description\":\"Meubles d\u2019int\u00e9rieur \u00e0 commander en Ukraine. Achetez une grande table coulissante en bois dans la cuisine. Plateau de table \u00e0 cadran, montage manuel, sculpture. Usine de meubles de production Yves Fouquet\",\"breadcrumb\":{\"@id\":\"https:\/\/yvesfouquet.com\/fr\/produit\/stol-obedennyj-regence-tr621-2\/#breadcrumb\"},\"inLanguage\":\"fr-FR\",\"potentialAction\":[{\"@type\":\"ReadAction\",\"target\":[\"https:\/\/yvesfouquet.com\/fr\/produit\/stol-obedennyj-regence-tr621-2\/\"]}]},{\"@type\":\"BreadcrumbList\",\"@id\":\"https:\/\/yvesfouquet.com\/fr\/produit\/stol-obedennyj-regence-tr621-2\/#breadcrumb\",\"itemListElement\":[{\"@type\":\"ListItem\",\"position\":1,\"name\":\"\u0413\u043b\u0430\u0432\u043d\u0430\u044f\",\"item\":\"https:\/\/yvesfouquet.com\/fr\/\"},{\"@type\":\"ListItem\",\"position\":2,\"name\":\"Collections\",\"item\":\"https:\/\/yvesfouquet.com\/fr\/collections\/\"},{\"@type\":\"ListItem\",\"position\":3,\"name\":\"Table \u00e0 manger Regence TR621\"}]},{\"@type\":\"WebSite\",\"@id\":\"https:\/\/yvesfouquet.com\/#website\",\"url\":\"https:\/\/yvesfouquet.com\/\",\"name\":\"Yves Fouquet\",\"description\":\"\u0424\u0440\u0430\u043d\u0446\u0443\u0437\u0441\u043a\u0430\u044f \u043c\u0435\u0431\u0435\u043b\u044c\",\"potentialAction\":[{\"@type\":\"SearchAction\",\"target\":{\"@type\":\"EntryPoint\",\"urlTemplate\":\"https:\/\/yvesfouquet.com\/?s={search_term_string}\"},\"query-input\":\"required name=search_term_string\"}],\"inLanguage\":\"fr-FR\"}]}<\/script>\n<meta property=\"product:price:amount\" content=\"0\" \/>\n<meta property=\"product:price:currency\" content=\"EUR\" \/>\n<meta property=\"og:availability\" content=\"instock\" \/>\n<meta property=\"product:availability\" content=\"instock\" \/>\n<meta property=\"product:retailer_item_id\" content=\"TR621\" \/>\n<meta property=\"product:condition\" content=\"new\" \/>\n<!-- \/ Yoast SEO Premium plugin. -->","yoast_head_json":{"title":"Table \u00e0 manger en bois naturel sous antiquit\u00e9s - Yves Fouquet","description":"Meubles d\u2019int\u00e9rieur \u00e0 commander en Ukraine. Achetez une grande table coulissante en bois dans la cuisine. Plateau de table \u00e0 cadran, montage manuel, sculpture. Usine de meubles de production Yves Fouquet","robots":{"index":"index","follow":"follow","max-snippet":"max-snippet:-1","max-image-preview":"max-image-preview:large","max-video-preview":"max-video-preview:-1"},"canonical":"https:\/\/yvesfouquet.com\/fr\/produit\/stol-obedennyj-regence-tr621-2\/","og_locale":"fr_FR","og_type":"article","og_title":"Table \u00e0 manger Regence TR621","og_description":"Meubles d\u2019int\u00e9rieur \u00e0 commander en Ukraine. Achetez une grande table coulissante en bois dans la cuisine. Plateau de table \u00e0 cadran, montage manuel, sculpture. Usine de meubles de production Yves Fouquet","og_url":"https:\/\/yvesfouquet.com\/fr\/produit\/stol-obedennyj-regence-tr621-2\/","og_site_name":"Yves Fouquet","article_publisher":"https:\/\/www.facebook.com\/boutiueyvesfouquet","og_image":[{"width":1600,"height":1600,"url":"https:\/\/yvesfouquet.com\/wp-content\/uploads\/2020\/10\/tr621.png","type":"image\/png"}],"twitter_card":"summary_large_image","twitter_misc":{"Prix":"","Disponibilit\u00e9":"En stock"},"schema":{"@context":"https:\/\/schema.org","@graph":[{"@type":["WebPage","ItemPage"],"@id":"https:\/\/yvesfouquet.com\/fr\/produit\/stol-obedennyj-regence-tr621-2\/","url":"https:\/\/yvesfouquet.com\/fr\/produit\/stol-obedennyj-regence-tr621-2\/","name":"Table \u00e0 manger en bois naturel sous antiquit\u00e9s - Yves Fouquet","isPartOf":{"@id":"https:\/\/yvesfouquet.com\/#website"},"datePublished":"2022-04-29T21:18:01+00:00","dateModified":"2022-04-29T21:18:01+00:00","description":"Meubles d\u2019int\u00e9rieur \u00e0 commander en Ukraine. Achetez une grande table coulissante en bois dans la cuisine. Plateau de table \u00e0 cadran, montage manuel, sculpture. Usine de meubles de production Yves Fouquet","breadcrumb":{"@id":"https:\/\/yvesfouquet.com\/fr\/produit\/stol-obedennyj-regence-tr621-2\/#breadcrumb"},"inLanguage":"fr-FR","potentialAction":[{"@type":"ReadAction","target":["https:\/\/yvesfouquet.com\/fr\/produit\/stol-obedennyj-regence-tr621-2\/"]}]},{"@type":"BreadcrumbList","@id":"https:\/\/yvesfouquet.com\/fr\/produit\/stol-obedennyj-regence-tr621-2\/#breadcrumb","itemListElement":[{"@type":"ListItem","position":1,"name":"\u0413\u043b\u0430\u0432\u043d\u0430\u044f","item":"https:\/\/yvesfouquet.com\/fr\/"},{"@type":"ListItem","position":2,"name":"Collections","item":"https:\/\/yvesfouquet.com\/fr\/collections\/"},{"@type":"ListItem","position":3,"name":"Table \u00e0 manger Regence TR621"}]},{"@type":"WebSite","@id":"https:\/\/yvesfouquet.com\/#website","url":"https:\/\/yvesfouquet.com\/","name":"Yves Fouquet","description":"\u0424\u0440\u0430\u043d\u0446\u0443\u0437\u0441\u043a\u0430\u044f \u043c\u0435\u0431\u0435\u043b\u044c","potentialAction":[{"@type":"SearchAction","target":{"@type":"EntryPoint","urlTemplate":"https:\/\/yvesfouquet.com\/?s={search_term_string}"},"query-input":"required name=search_term_string"}],"inLanguage":"fr-FR"}]},"product_price_currency":"EUR","og_availability":"instock","product_availability":"instock","product_retailer_item_id":"TR621","product_condition":"new"},"_links":{"self":[{"href":"https:\/\/yvesfouquet.com\/fr\/wp-json\/wp\/v2\/product\/18326"}],"collection":[{"href":"https:\/\/yvesfouquet.com\/fr\/wp-json\/wp\/v2\/product"}],"about":[{"href":"https:\/\/yvesfouquet.com\/fr\/wp-json\/wp\/v2\/types\/product"}],"version-history":[{"count":0,"href":"https:\/\/yvesfouquet.com\/fr\/wp-json\/wp\/v2\/product\/18326\/revisions"}],"wp:featuredmedia":[{"embeddable":true,"href":"https:\/\/yvesfouquet.com\/fr\/wp-json\/wp\/v2\/media\/16812"}],"wp:attachment":[{"href":"https:\/\/yvesfouquet.com\/fr\/wp-json\/wp\/v2\/media?parent=18326"}],"wp:term":[{"taxonomy":"product_cat","embeddable":true,"href":"https:\/\/yvesfouquet.com\/fr\/wp-json\/wp\/v2\/product_cat?post=18326"},{"taxonomy":"product_tag","embeddable":true,"href":"https:\/\/yvesfouquet.com\/fr\/wp-json\/wp\/v2\/product_tag?post=18326"}],"curies":[{"name":"wp","href":"https:\/\/api.w.org\/{rel}","templated":true}]}}