{"id":18328,"date":"2020-10-26T13:46:34","date_gmt":"2022-04-29T21:18:02","guid":{"rendered":"https:\/\/yvesfouquet.com\/product\/directoire-de-bureau\/"},"modified":"2022-04-30T00:18:02","modified_gmt":"2022-04-29T21:18:02","slug":"pismennyj-stol-directoire-5","status":"publish","type":"product","link":"https:\/\/yvesfouquet.com\/fr\/produit\/pismennyj-stol-directoire-5\/","title":{"rendered":"Directoire de bureau"},"content":{"rendered":"<p>Le style strict de l\u2019annuaire est le mieux adapt\u00e9 \u00e0 un environnement de bureau d\u2019affaires. Le bureau design en bois naturel des ma\u00eetres Yves Fouquet en est une confirmation \u00e9clatante. Aristocratique et repr\u00e9sentatif, il aura l\u2019air id\u00e9al \u00e0 la fois \u00e0 la maison et au bureau.<\/p>\n<p>Mont\u00e9e sur de hautes colonnes de pieds antiques, une grande table en bois inspire la r\u00e9v\u00e9rence. Il est \u00e9quip\u00e9 de cinq tiroirs, qui peuvent accueillir facilement des papiers, de la papeterie, ainsi qu\u2019un ordinateur portable ou une tablette. Aux extr\u00e9mit\u00e9s, il y a des planches r\u00e9tractables qui vous permettent d\u2019agrandir facilement l\u2019espace de travail. Toute la surface du comptoir est recouverte d\u2019un insert en cuir.<\/p>\n<p>Le bureau exclusif a l\u2019air luxueux. Les bo\u00eetes avec bordure dor\u00e9e sont d\u00e9cor\u00e9es de magnifiques accessoires de Fran\u00e7ais. Les pieds ont des sculptures originales. La saveur authentique des si\u00e8cles pass\u00e9s est habilement cr\u00e9\u00e9e par les effets du vieillissement. Les \u00e9raflures inflig\u00e9es \u00e0 la main, les \u00e9gratignures, les \u00e9clats et les traces de dames ont l\u2019air color\u00e9s et naturels.<\/p>\n<p>Les meubles en bois haut de gamme pour antiquit\u00e9s sont assembl\u00e9s selon les technologies traditionnelles sur commande. \u00c0 votre go\u00fbt, vous pouvez choisir la couleur, les accessoires et les \u00e9l\u00e9ments d\u00e9coratifs. Le mod\u00e8le de bureau r\u00e9pondra \u00e0 vos exigences et s\u2019int\u00e9grera parfaitement dans l\u2019int\u00e9rieur design.<\/p>\n","protected":false},"excerpt":{"rendered":"<p><strong>Article:<\/strong> Br133<\/p>\n<p><strong>Dimensions:<\/strong> <span class=\"s1\">L1750 x B910 X D760<\/span><\/p>\n<p><strong>Description :<\/strong> 5 tiroirs et 2 planches r\u00e9tractables<\/p>\n","protected":false},"featured_media":15462,"template":"","meta":[],"product_cat":[177],"product_tag":[],"yoast_head":"<!-- This site is optimized with the Yoast SEO Premium plugin v20.7 (Yoast SEO v20.8) - https:\/\/yoast.com\/wordpress\/plugins\/seo\/ -->\n<title>Bureau en bois dans l\u2019ancien style Fran\u00e7ais - Yves Fouquet<\/title>\n<meta name=\"description\" content=\"Meubles en bois haut de gamme faits \u00e0 la main sur commande. Design exclusif, montage manuel, accessoires bronze France, antiquit\u00e9s. Table dans le bureau dans le style vintage. Acheter des meubles anciens en Ukraine. Produit par Yves Fouquet\" \/>\n<meta name=\"robots\" content=\"index, follow, max-snippet:-1, max-image-preview:large, max-video-preview:-1\" \/>\n<link rel=\"canonical\" href=\"https:\/\/yvesfouquet.com\/fr\/produit\/pismennyj-stol-directoire-5\/\" \/>\n<meta property=\"og:locale\" content=\"fr_FR\" \/>\n<meta property=\"og:type\" content=\"article\" \/>\n<meta property=\"og:title\" content=\"Directoire de bureau\" \/>\n<meta property=\"og:description\" content=\"Meubles en bois haut de gamme faits \u00e0 la main sur commande. Design exclusif, montage manuel, accessoires bronze France, antiquit\u00e9s. Table dans le bureau dans le style vintage. Acheter des meubles anciens en Ukraine. Produit par Yves Fouquet\" \/>\n<meta property=\"og:url\" content=\"https:\/\/yvesfouquet.com\/fr\/produit\/pismennyj-stol-directoire-5\/\" \/>\n<meta property=\"og:site_name\" content=\"Yves Fouquet\" \/>\n<meta property=\"article:publisher\" content=\"https:\/\/www.facebook.com\/boutiueyvesfouquet\" \/>\n<meta property=\"og:image\" content=\"https:\/\/yvesfouquet.com\/wp-content\/uploads\/2020\/10\/br137.png\" \/>\n\t<meta property=\"og:image:width\" content=\"1000\" \/>\n\t<meta property=\"og:image:height\" content=\"1000\" \/>\n\t<meta property=\"og:image:type\" content=\"image\/png\" \/>\n<meta name=\"twitter:card\" content=\"summary_large_image\" \/>\n<meta name=\"twitter:label1\" content=\"Prix\" \/>\n\t<meta name=\"twitter:data1\" content=\"\" \/>\n\t<meta name=\"twitter:label2\" content=\"Disponibilit\u00e9\" \/>\n\t<meta name=\"twitter:data2\" content=\"En stock\" \/>\n<script type=\"application\/ld+json\" class=\"yoast-schema-graph\">{\"@context\":\"https:\/\/schema.org\",\"@graph\":[{\"@type\":[\"WebPage\",\"ItemPage\"],\"@id\":\"https:\/\/yvesfouquet.com\/fr\/produit\/pismennyj-stol-directoire-5\/\",\"url\":\"https:\/\/yvesfouquet.com\/fr\/produit\/pismennyj-stol-directoire-5\/\",\"name\":\"Bureau en bois dans l\u2019ancien style Fran\u00e7ais - Yves Fouquet\",\"isPartOf\":{\"@id\":\"https:\/\/yvesfouquet.com\/#website\"},\"datePublished\":\"2022-04-29T21:18:02+00:00\",\"dateModified\":\"2022-04-29T21:18:02+00:00\",\"description\":\"Meubles en bois haut de gamme faits \u00e0 la main sur commande. Design exclusif, montage manuel, accessoires bronze France, antiquit\u00e9s. Table dans le bureau dans le style vintage. Acheter des meubles anciens en Ukraine. Produit par Yves Fouquet\",\"breadcrumb\":{\"@id\":\"https:\/\/yvesfouquet.com\/fr\/produit\/pismennyj-stol-directoire-5\/#breadcrumb\"},\"inLanguage\":\"fr-FR\",\"potentialAction\":[{\"@type\":\"ReadAction\",\"target\":[\"https:\/\/yvesfouquet.com\/fr\/produit\/pismennyj-stol-directoire-5\/\"]}]},{\"@type\":\"BreadcrumbList\",\"@id\":\"https:\/\/yvesfouquet.com\/fr\/produit\/pismennyj-stol-directoire-5\/#breadcrumb\",\"itemListElement\":[{\"@type\":\"ListItem\",\"position\":1,\"name\":\"\u0413\u043b\u0430\u0432\u043d\u0430\u044f\",\"item\":\"https:\/\/yvesfouquet.com\/fr\/\"},{\"@type\":\"ListItem\",\"position\":2,\"name\":\"Collections\",\"item\":\"https:\/\/yvesfouquet.com\/fr\/collections\/\"},{\"@type\":\"ListItem\",\"position\":3,\"name\":\"Directoire de bureau\"}]},{\"@type\":\"WebSite\",\"@id\":\"https:\/\/yvesfouquet.com\/#website\",\"url\":\"https:\/\/yvesfouquet.com\/\",\"name\":\"Yves Fouquet\",\"description\":\"\u0424\u0440\u0430\u043d\u0446\u0443\u0437\u0441\u043a\u0430\u044f \u043c\u0435\u0431\u0435\u043b\u044c\",\"potentialAction\":[{\"@type\":\"SearchAction\",\"target\":{\"@type\":\"EntryPoint\",\"urlTemplate\":\"https:\/\/yvesfouquet.com\/?s={search_term_string}\"},\"query-input\":\"required name=search_term_string\"}],\"inLanguage\":\"fr-FR\"}]}<\/script>\n<meta property=\"product:price:amount\" content=\"0\" \/>\n<meta property=\"product:price:currency\" content=\"EUR\" \/>\n<meta property=\"og:availability\" content=\"instock\" \/>\n<meta property=\"product:availability\" content=\"instock\" \/>\n<meta property=\"product:retailer_item_id\" content=\"BR133\" \/>\n<meta property=\"product:condition\" content=\"new\" \/>\n<!-- \/ Yoast SEO Premium plugin. -->","yoast_head_json":{"title":"Bureau en bois dans l\u2019ancien style Fran\u00e7ais - Yves Fouquet","description":"Meubles en bois haut de gamme faits \u00e0 la main sur commande. Design exclusif, montage manuel, accessoires bronze France, antiquit\u00e9s. Table dans le bureau dans le style vintage. Acheter des meubles anciens en Ukraine. Produit par Yves Fouquet","robots":{"index":"index","follow":"follow","max-snippet":"max-snippet:-1","max-image-preview":"max-image-preview:large","max-video-preview":"max-video-preview:-1"},"canonical":"https:\/\/yvesfouquet.com\/fr\/produit\/pismennyj-stol-directoire-5\/","og_locale":"fr_FR","og_type":"article","og_title":"Directoire de bureau","og_description":"Meubles en bois haut de gamme faits \u00e0 la main sur commande. Design exclusif, montage manuel, accessoires bronze France, antiquit\u00e9s. Table dans le bureau dans le style vintage. Acheter des meubles anciens en Ukraine. Produit par Yves Fouquet","og_url":"https:\/\/yvesfouquet.com\/fr\/produit\/pismennyj-stol-directoire-5\/","og_site_name":"Yves Fouquet","article_publisher":"https:\/\/www.facebook.com\/boutiueyvesfouquet","og_image":[{"width":1000,"height":1000,"url":"https:\/\/yvesfouquet.com\/wp-content\/uploads\/2020\/10\/br137.png","type":"image\/png"}],"twitter_card":"summary_large_image","twitter_misc":{"Prix":"","Disponibilit\u00e9":"En stock"},"schema":{"@context":"https:\/\/schema.org","@graph":[{"@type":["WebPage","ItemPage"],"@id":"https:\/\/yvesfouquet.com\/fr\/produit\/pismennyj-stol-directoire-5\/","url":"https:\/\/yvesfouquet.com\/fr\/produit\/pismennyj-stol-directoire-5\/","name":"Bureau en bois dans l\u2019ancien style Fran\u00e7ais - Yves Fouquet","isPartOf":{"@id":"https:\/\/yvesfouquet.com\/#website"},"datePublished":"2022-04-29T21:18:02+00:00","dateModified":"2022-04-29T21:18:02+00:00","description":"Meubles en bois haut de gamme faits \u00e0 la main sur commande. Design exclusif, montage manuel, accessoires bronze France, antiquit\u00e9s. Table dans le bureau dans le style vintage. Acheter des meubles anciens en Ukraine. Produit par Yves Fouquet","breadcrumb":{"@id":"https:\/\/yvesfouquet.com\/fr\/produit\/pismennyj-stol-directoire-5\/#breadcrumb"},"inLanguage":"fr-FR","potentialAction":[{"@type":"ReadAction","target":["https:\/\/yvesfouquet.com\/fr\/produit\/pismennyj-stol-directoire-5\/"]}]},{"@type":"BreadcrumbList","@id":"https:\/\/yvesfouquet.com\/fr\/produit\/pismennyj-stol-directoire-5\/#breadcrumb","itemListElement":[{"@type":"ListItem","position":1,"name":"\u0413\u043b\u0430\u0432\u043d\u0430\u044f","item":"https:\/\/yvesfouquet.com\/fr\/"},{"@type":"ListItem","position":2,"name":"Collections","item":"https:\/\/yvesfouquet.com\/fr\/collections\/"},{"@type":"ListItem","position":3,"name":"Directoire de bureau"}]},{"@type":"WebSite","@id":"https:\/\/yvesfouquet.com\/#website","url":"https:\/\/yvesfouquet.com\/","name":"Yves Fouquet","description":"\u0424\u0440\u0430\u043d\u0446\u0443\u0437\u0441\u043a\u0430\u044f \u043c\u0435\u0431\u0435\u043b\u044c","potentialAction":[{"@type":"SearchAction","target":{"@type":"EntryPoint","urlTemplate":"https:\/\/yvesfouquet.com\/?s={search_term_string}"},"query-input":"required name=search_term_string"}],"inLanguage":"fr-FR"}]},"product_price_currency":"EUR","og_availability":"instock","product_availability":"instock","product_retailer_item_id":"BR133","product_condition":"new"},"_links":{"self":[{"href":"https:\/\/yvesfouquet.com\/fr\/wp-json\/wp\/v2\/product\/18328"}],"collection":[{"href":"https:\/\/yvesfouquet.com\/fr\/wp-json\/wp\/v2\/product"}],"about":[{"href":"https:\/\/yvesfouquet.com\/fr\/wp-json\/wp\/v2\/types\/product"}],"version-history":[{"count":0,"href":"https:\/\/yvesfouquet.com\/fr\/wp-json\/wp\/v2\/product\/18328\/revisions"}],"wp:featuredmedia":[{"embeddable":true,"href":"https:\/\/yvesfouquet.com\/fr\/wp-json\/wp\/v2\/media\/15462"}],"wp:attachment":[{"href":"https:\/\/yvesfouquet.com\/fr\/wp-json\/wp\/v2\/media?parent=18328"}],"wp:term":[{"taxonomy":"product_cat","embeddable":true,"href":"https:\/\/yvesfouquet.com\/fr\/wp-json\/wp\/v2\/product_cat?post=18328"},{"taxonomy":"product_tag","embeddable":true,"href":"https:\/\/yvesfouquet.com\/fr\/wp-json\/wp\/v2\/product_tag?post=18328"}],"curies":[{"name":"wp","href":"https:\/\/api.w.org\/{rel}","templated":true}]}}