{"id":18340,"date":"2020-10-26T21:07:20","date_gmt":"2022-04-29T21:18:05","guid":{"rendered":"https:\/\/yvesfouquet.com\/product\/meuble-tv-directoire-mt175\/"},"modified":"2022-04-30T00:18:05","modified_gmt":"2022-04-29T21:18:05","slug":"tumba-pod-televizor-directoire-mt175-2","status":"publish","type":"product","link":"https:\/\/yvesfouquet.com\/fr\/produit\/tumba-pod-televizor-directoire-mt175-2\/","title":{"rendered":"Meuble TV Directoire MT175"},"content":{"rendered":"<p>Les meubles vintage \u00e0 l\u2019int\u00e9rieur ont l\u2019air lumineux et original. Il a l\u2019air particuli\u00e8rement original en combinaison avec la technologie moderne, comme dans le cas d\u2019un meuble TV en bois exclusif, fabriqu\u00e9 dans l\u2019ancien r\u00e9pertoire de style Fran\u00e7ais. De tels meubles pour antiquit\u00e9s, bien s\u00fbr, ajouteront une saveur unique \u00e0 votre mobilier.<\/p>\n<p>Une armoire int\u00e9rieure grande et spacieuse pour un t\u00e9l\u00e9viseur s\u2019int\u00e9grera parfaitement dans le salon, o\u00f9 elle deviendra un d\u00e9tail pratique du design individuel. Assembl\u00e9 selon les technologies de meubles anciens \u00e0 partir de bois naturel de haute qualit\u00e9, il a l\u2019air \u00e9l\u00e9gant et aristocratique. Le d\u00e9cor utilise des accessoires de Fran\u00e7ais parfaitement assortis et d\u2019\u00e9l\u00e9gantes sculptures faites \u00e0 la main.<\/p>\n<p>La conception de l\u2019armoire est pratique et fonctionnelle. Visuellement, il est divis\u00e9 en moiti\u00e9s sym\u00e9triques, chacune ayant un grand tiroir et deux petits tiroirs de forme carr\u00e9e. Un grand comptoir \u00e0 cadran vous permettra de placer non seulement un t\u00e9l\u00e9viseur avec une large diagonale, mais aussi beaucoup d\u2019autres choses int\u00e9rieures.<\/p>\n<p>Tous les meubles de l\u2019usine ukrainienne Yves Fouquet sont cr\u00e9\u00e9s manuellement sous la commande, en tenant compte des souhaits individuels du client. Les anciennes technologies d\u2019assemblage et les effets lumineux du vieillissement artificiel lui conf\u00e8rent une authenticit\u00e9 unique.<\/p>\n","protected":false},"excerpt":{"rendered":"<p><strong>Dimensions:<\/strong> L2000 x H400 x P500<\/p>\n<p><strong>Description:<\/strong> 6 tiroirs<\/p>\n","protected":false},"featured_media":16624,"template":"","meta":[],"product_cat":[158,178],"product_tag":[],"yoast_head":"<!-- This site is optimized with the Yoast SEO Premium plugin v20.7 (Yoast SEO v20.8) - https:\/\/yoast.com\/wordpress\/plugins\/seo\/ -->\n<title>Meuble TV en bois naturel - Yves Fouquet<\/title>\n<meta name=\"description\" content=\"Meubles vintage exclusifs \u00e0 commander en Ukraine. Usine de meubles de production Yves Fouquet. Assemblage manuel, technologies anciennes, raccords de Fran\u00e7ais d\u2019\u00e9lite, design de l\u2019auteur, qualit\u00e9 parfaite.\" \/>\n<meta name=\"robots\" content=\"index, follow, max-snippet:-1, max-image-preview:large, max-video-preview:-1\" \/>\n<link rel=\"canonical\" href=\"https:\/\/yvesfouquet.com\/fr\/produit\/tumba-pod-televizor-directoire-mt175-2\/\" \/>\n<meta property=\"og:locale\" content=\"fr_FR\" \/>\n<meta property=\"og:type\" content=\"article\" \/>\n<meta property=\"og:title\" content=\"Meuble TV Directoire MT175\" \/>\n<meta property=\"og:description\" content=\"Meubles vintage exclusifs \u00e0 commander en Ukraine. Usine de meubles de production Yves Fouquet. Assemblage manuel, technologies anciennes, raccords de Fran\u00e7ais d\u2019\u00e9lite, design de l\u2019auteur, qualit\u00e9 parfaite.\" \/>\n<meta property=\"og:url\" content=\"https:\/\/yvesfouquet.com\/fr\/produit\/tumba-pod-televizor-directoire-mt175-2\/\" \/>\n<meta property=\"og:site_name\" content=\"Yves Fouquet\" \/>\n<meta property=\"article:publisher\" content=\"https:\/\/www.facebook.com\/boutiueyvesfouquet\" \/>\n<meta property=\"og:image\" content=\"https:\/\/yvesfouquet.com\/wp-content\/uploads\/2020\/10\/37-2.png\" \/>\n\t<meta property=\"og:image:width\" content=\"1080\" \/>\n\t<meta property=\"og:image:height\" content=\"1080\" \/>\n\t<meta property=\"og:image:type\" content=\"image\/png\" \/>\n<meta name=\"twitter:card\" content=\"summary_large_image\" \/>\n<meta name=\"twitter:label1\" content=\"Prix\" \/>\n\t<meta name=\"twitter:data1\" content=\"\" \/>\n\t<meta name=\"twitter:label2\" content=\"Disponibilit\u00e9\" \/>\n\t<meta name=\"twitter:data2\" content=\"En stock\" \/>\n<script type=\"application\/ld+json\" class=\"yoast-schema-graph\">{\"@context\":\"https:\/\/schema.org\",\"@graph\":[{\"@type\":[\"WebPage\",\"ItemPage\"],\"@id\":\"https:\/\/yvesfouquet.com\/fr\/produit\/tumba-pod-televizor-directoire-mt175-2\/\",\"url\":\"https:\/\/yvesfouquet.com\/fr\/produit\/tumba-pod-televizor-directoire-mt175-2\/\",\"name\":\"Meuble TV en bois naturel - Yves Fouquet\",\"isPartOf\":{\"@id\":\"https:\/\/yvesfouquet.com\/#website\"},\"datePublished\":\"2022-04-29T21:18:05+00:00\",\"dateModified\":\"2022-04-29T21:18:05+00:00\",\"description\":\"Meubles vintage exclusifs \u00e0 commander en Ukraine. Usine de meubles de production Yves Fouquet. Assemblage manuel, technologies anciennes, raccords de Fran\u00e7ais d\u2019\u00e9lite, design de l\u2019auteur, qualit\u00e9 parfaite.\",\"breadcrumb\":{\"@id\":\"https:\/\/yvesfouquet.com\/fr\/produit\/tumba-pod-televizor-directoire-mt175-2\/#breadcrumb\"},\"inLanguage\":\"fr-FR\",\"potentialAction\":[{\"@type\":\"ReadAction\",\"target\":[\"https:\/\/yvesfouquet.com\/fr\/produit\/tumba-pod-televizor-directoire-mt175-2\/\"]}]},{\"@type\":\"BreadcrumbList\",\"@id\":\"https:\/\/yvesfouquet.com\/fr\/produit\/tumba-pod-televizor-directoire-mt175-2\/#breadcrumb\",\"itemListElement\":[{\"@type\":\"ListItem\",\"position\":1,\"name\":\"\u0413\u043b\u0430\u0432\u043d\u0430\u044f\",\"item\":\"https:\/\/yvesfouquet.com\/fr\/\"},{\"@type\":\"ListItem\",\"position\":2,\"name\":\"Collections\",\"item\":\"https:\/\/yvesfouquet.com\/fr\/collections\/\"},{\"@type\":\"ListItem\",\"position\":3,\"name\":\"Meuble TV Directoire MT175\"}]},{\"@type\":\"WebSite\",\"@id\":\"https:\/\/yvesfouquet.com\/#website\",\"url\":\"https:\/\/yvesfouquet.com\/\",\"name\":\"Yves Fouquet\",\"description\":\"\u0424\u0440\u0430\u043d\u0446\u0443\u0437\u0441\u043a\u0430\u044f \u043c\u0435\u0431\u0435\u043b\u044c\",\"potentialAction\":[{\"@type\":\"SearchAction\",\"target\":{\"@type\":\"EntryPoint\",\"urlTemplate\":\"https:\/\/yvesfouquet.com\/?s={search_term_string}\"},\"query-input\":\"required name=search_term_string\"}],\"inLanguage\":\"fr-FR\"}]}<\/script>\n<meta property=\"product:price:amount\" content=\"0\" \/>\n<meta property=\"product:price:currency\" content=\"EUR\" \/>\n<meta property=\"og:availability\" content=\"instock\" \/>\n<meta property=\"product:availability\" content=\"instock\" \/>\n<meta property=\"product:retailer_item_id\" content=\"MT175\" \/>\n<meta property=\"product:condition\" content=\"new\" \/>\n<!-- \/ Yoast SEO Premium plugin. -->","yoast_head_json":{"title":"Meuble TV en bois naturel - Yves Fouquet","description":"Meubles vintage exclusifs \u00e0 commander en Ukraine. Usine de meubles de production Yves Fouquet. Assemblage manuel, technologies anciennes, raccords de Fran\u00e7ais d\u2019\u00e9lite, design de l\u2019auteur, qualit\u00e9 parfaite.","robots":{"index":"index","follow":"follow","max-snippet":"max-snippet:-1","max-image-preview":"max-image-preview:large","max-video-preview":"max-video-preview:-1"},"canonical":"https:\/\/yvesfouquet.com\/fr\/produit\/tumba-pod-televizor-directoire-mt175-2\/","og_locale":"fr_FR","og_type":"article","og_title":"Meuble TV Directoire MT175","og_description":"Meubles vintage exclusifs \u00e0 commander en Ukraine. Usine de meubles de production Yves Fouquet. Assemblage manuel, technologies anciennes, raccords de Fran\u00e7ais d\u2019\u00e9lite, design de l\u2019auteur, qualit\u00e9 parfaite.","og_url":"https:\/\/yvesfouquet.com\/fr\/produit\/tumba-pod-televizor-directoire-mt175-2\/","og_site_name":"Yves Fouquet","article_publisher":"https:\/\/www.facebook.com\/boutiueyvesfouquet","og_image":[{"width":1080,"height":1080,"url":"https:\/\/yvesfouquet.com\/wp-content\/uploads\/2020\/10\/37-2.png","type":"image\/png"}],"twitter_card":"summary_large_image","twitter_misc":{"Prix":"","Disponibilit\u00e9":"En stock"},"schema":{"@context":"https:\/\/schema.org","@graph":[{"@type":["WebPage","ItemPage"],"@id":"https:\/\/yvesfouquet.com\/fr\/produit\/tumba-pod-televizor-directoire-mt175-2\/","url":"https:\/\/yvesfouquet.com\/fr\/produit\/tumba-pod-televizor-directoire-mt175-2\/","name":"Meuble TV en bois naturel - Yves Fouquet","isPartOf":{"@id":"https:\/\/yvesfouquet.com\/#website"},"datePublished":"2022-04-29T21:18:05+00:00","dateModified":"2022-04-29T21:18:05+00:00","description":"Meubles vintage exclusifs \u00e0 commander en Ukraine. Usine de meubles de production Yves Fouquet. Assemblage manuel, technologies anciennes, raccords de Fran\u00e7ais d\u2019\u00e9lite, design de l\u2019auteur, qualit\u00e9 parfaite.","breadcrumb":{"@id":"https:\/\/yvesfouquet.com\/fr\/produit\/tumba-pod-televizor-directoire-mt175-2\/#breadcrumb"},"inLanguage":"fr-FR","potentialAction":[{"@type":"ReadAction","target":["https:\/\/yvesfouquet.com\/fr\/produit\/tumba-pod-televizor-directoire-mt175-2\/"]}]},{"@type":"BreadcrumbList","@id":"https:\/\/yvesfouquet.com\/fr\/produit\/tumba-pod-televizor-directoire-mt175-2\/#breadcrumb","itemListElement":[{"@type":"ListItem","position":1,"name":"\u0413\u043b\u0430\u0432\u043d\u0430\u044f","item":"https:\/\/yvesfouquet.com\/fr\/"},{"@type":"ListItem","position":2,"name":"Collections","item":"https:\/\/yvesfouquet.com\/fr\/collections\/"},{"@type":"ListItem","position":3,"name":"Meuble TV Directoire MT175"}]},{"@type":"WebSite","@id":"https:\/\/yvesfouquet.com\/#website","url":"https:\/\/yvesfouquet.com\/","name":"Yves Fouquet","description":"\u0424\u0440\u0430\u043d\u0446\u0443\u0437\u0441\u043a\u0430\u044f \u043c\u0435\u0431\u0435\u043b\u044c","potentialAction":[{"@type":"SearchAction","target":{"@type":"EntryPoint","urlTemplate":"https:\/\/yvesfouquet.com\/?s={search_term_string}"},"query-input":"required name=search_term_string"}],"inLanguage":"fr-FR"}]},"product_price_currency":"EUR","og_availability":"instock","product_availability":"instock","product_retailer_item_id":"MT175","product_condition":"new"},"_links":{"self":[{"href":"https:\/\/yvesfouquet.com\/fr\/wp-json\/wp\/v2\/product\/18340"}],"collection":[{"href":"https:\/\/yvesfouquet.com\/fr\/wp-json\/wp\/v2\/product"}],"about":[{"href":"https:\/\/yvesfouquet.com\/fr\/wp-json\/wp\/v2\/types\/product"}],"version-history":[{"count":0,"href":"https:\/\/yvesfouquet.com\/fr\/wp-json\/wp\/v2\/product\/18340\/revisions"}],"wp:featuredmedia":[{"embeddable":true,"href":"https:\/\/yvesfouquet.com\/fr\/wp-json\/wp\/v2\/media\/16624"}],"wp:attachment":[{"href":"https:\/\/yvesfouquet.com\/fr\/wp-json\/wp\/v2\/media?parent=18340"}],"wp:term":[{"taxonomy":"product_cat","embeddable":true,"href":"https:\/\/yvesfouquet.com\/fr\/wp-json\/wp\/v2\/product_cat?post=18340"},{"taxonomy":"product_tag","embeddable":true,"href":"https:\/\/yvesfouquet.com\/fr\/wp-json\/wp\/v2\/product_tag?post=18340"}],"curies":[{"name":"wp","href":"https:\/\/api.w.org\/{rel}","templated":true}]}}