{"id":18344,"date":"2020-10-26T21:10:02","date_gmt":"2022-04-29T21:18:09","guid":{"rendered":"https:\/\/yvesfouquet.com\/product\/table-a-manger-pliante-tr300\/"},"modified":"2022-04-30T00:18:09","modified_gmt":"2022-04-29T21:18:09","slug":"obedennyj-stol-raskladnoj-tr300-2","status":"publish","type":"product","link":"https:\/\/yvesfouquet.com\/fr\/produit\/obedennyj-stol-raskladnoj-tr300-2\/","title":{"rendered":"Table \u00e0 manger pliante TR300"},"content":{"rendered":"<p>Il est difficile de surestimer l\u2019importance des meubles de salle \u00e0 manger dans la vie d\u2019une famille nombreuse. Unissez et unissez tous les m\u00e9nages table \u00e0 manger pliante dans le style Fran\u00e7ais ancien. Fabriqu\u00e9 en bois naturel de haute qualit\u00e9, il a une praticit\u00e9 fiable et a fi\u00e8re allure dans un int\u00e9rieur design.<\/p>\n<p>\u00c9l\u00e9gante et aristocratique, la grande table en bois massif est vraiment magnifique. Une vague de bordures sculpt\u00e9es longe gracieusement les lignes courbes du tsarga rectangulaire et des jambes, soulignant leur sophistication et leur gr\u00e2ce. Un plateau laqu\u00e9 &#8211; un v\u00e9ritable miracle de l\u2019art du meuble &#8211; fait \u00e9cho aux lignes lisses des flancs sur les bords.<\/p>\n<p>Et bien que la belle table en bois soit d\u00e9j\u00e0 grande, elle peut toujours \u00eatre augment\u00e9e avec un insert d\u2019un demi-m\u00e8tre. \u00c0 une telle table \u00e0 manger, il sera facile d\u2019accueillir confortablement m\u00eame lors de vacances en famille nombreuses.<\/p>\n<p>Des meubles anciens exclusifs sont assembl\u00e9s \u00e0 la main \u00e0 l\u2019usine Yves Fouquet sur commande individuelle. L\u2019utilisation de technologies de mobilier traditionnelles et de techniques de vieillissement originales permet aux artisans de cr\u00e9er des produits authentiques \u00e9tonnamment lumineux.<\/p>\n<p>Compl\u00e9tant harmonieusement l\u2019int\u00e9rieur, les meubles design dans le style ancien deviendront une question de fiert\u00e9 particuli\u00e8re pour votre maison.<\/p>\n","protected":false},"excerpt":{"rendered":"<p><strong>Dimensions:<\/strong> L2000 x H760 x P1180 (L2500)<\/p>\n<p><strong>Insert<\/strong> de 500 mm<\/p>\n","protected":false},"featured_media":16790,"template":"","meta":[],"product_cat":[160],"product_tag":[],"yoast_head":"<!-- This site is optimized with the Yoast SEO Premium plugin v20.7 (Yoast SEO v20.8) - https:\/\/yoast.com\/wordpress\/plugins\/seo\/ -->\n<title>Table \u00e0 manger pliante TR300 - Yves Fouquet<\/title>\n<meta name=\"robots\" content=\"index, follow, max-snippet:-1, max-image-preview:large, max-video-preview:-1\" \/>\n<link rel=\"canonical\" href=\"https:\/\/yvesfouquet.com\/fr\/produit\/obedennyj-stol-raskladnoj-tr300-2\/\" \/>\n<meta property=\"og:locale\" content=\"fr_FR\" \/>\n<meta property=\"og:type\" content=\"article\" \/>\n<meta property=\"og:title\" content=\"Table \u00e0 manger pliante TR300\" \/>\n<meta property=\"og:description\" content=\"Dimensions: L2000 x H760 x P1180 (L2500) Insert de 500 mm\" \/>\n<meta property=\"og:url\" content=\"https:\/\/yvesfouquet.com\/fr\/produit\/obedennyj-stol-raskladnoj-tr300-2\/\" \/>\n<meta property=\"og:site_name\" content=\"Yves Fouquet\" \/>\n<meta property=\"article:publisher\" content=\"https:\/\/www.facebook.com\/boutiueyvesfouquet\" \/>\n<meta property=\"og:image\" content=\"https:\/\/yvesfouquet.com\/wp-content\/uploads\/2020\/10\/54.png\" \/>\n\t<meta property=\"og:image:width\" content=\"1080\" \/>\n\t<meta property=\"og:image:height\" content=\"1080\" \/>\n\t<meta property=\"og:image:type\" content=\"image\/png\" \/>\n<meta name=\"twitter:card\" content=\"summary_large_image\" \/>\n<meta name=\"twitter:label1\" content=\"Prix\" \/>\n\t<meta name=\"twitter:data1\" content=\"\" \/>\n\t<meta name=\"twitter:label2\" content=\"Disponibilit\u00e9\" \/>\n\t<meta name=\"twitter:data2\" content=\"En stock\" \/>\n<script type=\"application\/ld+json\" class=\"yoast-schema-graph\">{\"@context\":\"https:\/\/schema.org\",\"@graph\":[{\"@type\":[\"WebPage\",\"ItemPage\"],\"@id\":\"https:\/\/yvesfouquet.com\/fr\/produit\/obedennyj-stol-raskladnoj-tr300-2\/\",\"url\":\"https:\/\/yvesfouquet.com\/fr\/produit\/obedennyj-stol-raskladnoj-tr300-2\/\",\"name\":\"Table \u00e0 manger pliante TR300 - Yves Fouquet\",\"isPartOf\":{\"@id\":\"https:\/\/yvesfouquet.com\/#website\"},\"datePublished\":\"2022-04-29T21:18:09+00:00\",\"dateModified\":\"2022-04-29T21:18:09+00:00\",\"breadcrumb\":{\"@id\":\"https:\/\/yvesfouquet.com\/fr\/produit\/obedennyj-stol-raskladnoj-tr300-2\/#breadcrumb\"},\"inLanguage\":\"fr-FR\",\"potentialAction\":[{\"@type\":\"ReadAction\",\"target\":[\"https:\/\/yvesfouquet.com\/fr\/produit\/obedennyj-stol-raskladnoj-tr300-2\/\"]}]},{\"@type\":\"BreadcrumbList\",\"@id\":\"https:\/\/yvesfouquet.com\/fr\/produit\/obedennyj-stol-raskladnoj-tr300-2\/#breadcrumb\",\"itemListElement\":[{\"@type\":\"ListItem\",\"position\":1,\"name\":\"\u0413\u043b\u0430\u0432\u043d\u0430\u044f\",\"item\":\"https:\/\/yvesfouquet.com\/fr\/\"},{\"@type\":\"ListItem\",\"position\":2,\"name\":\"Collections\",\"item\":\"https:\/\/yvesfouquet.com\/fr\/collections\/\"},{\"@type\":\"ListItem\",\"position\":3,\"name\":\"Table \u00e0 manger pliante TR300\"}]},{\"@type\":\"WebSite\",\"@id\":\"https:\/\/yvesfouquet.com\/#website\",\"url\":\"https:\/\/yvesfouquet.com\/\",\"name\":\"Yves Fouquet\",\"description\":\"\u0424\u0440\u0430\u043d\u0446\u0443\u0437\u0441\u043a\u0430\u044f \u043c\u0435\u0431\u0435\u043b\u044c\",\"potentialAction\":[{\"@type\":\"SearchAction\",\"target\":{\"@type\":\"EntryPoint\",\"urlTemplate\":\"https:\/\/yvesfouquet.com\/?s={search_term_string}\"},\"query-input\":\"required name=search_term_string\"}],\"inLanguage\":\"fr-FR\"}]}<\/script>\n<meta property=\"product:price:amount\" content=\"0\" \/>\n<meta property=\"product:price:currency\" content=\"EUR\" \/>\n<meta property=\"og:availability\" content=\"instock\" \/>\n<meta property=\"product:availability\" content=\"instock\" \/>\n<meta property=\"product:retailer_item_id\" content=\"TR300\" \/>\n<meta property=\"product:condition\" content=\"new\" \/>\n<!-- \/ Yoast SEO Premium plugin. -->","yoast_head_json":{"title":"Table \u00e0 manger pliante TR300 - Yves Fouquet","robots":{"index":"index","follow":"follow","max-snippet":"max-snippet:-1","max-image-preview":"max-image-preview:large","max-video-preview":"max-video-preview:-1"},"canonical":"https:\/\/yvesfouquet.com\/fr\/produit\/obedennyj-stol-raskladnoj-tr300-2\/","og_locale":"fr_FR","og_type":"article","og_title":"Table \u00e0 manger pliante TR300","og_description":"Dimensions: L2000 x H760 x P1180 (L2500) Insert de 500 mm","og_url":"https:\/\/yvesfouquet.com\/fr\/produit\/obedennyj-stol-raskladnoj-tr300-2\/","og_site_name":"Yves Fouquet","article_publisher":"https:\/\/www.facebook.com\/boutiueyvesfouquet","og_image":[{"width":1080,"height":1080,"url":"https:\/\/yvesfouquet.com\/wp-content\/uploads\/2020\/10\/54.png","type":"image\/png"}],"twitter_card":"summary_large_image","twitter_misc":{"Prix":"","Disponibilit\u00e9":"En stock"},"schema":{"@context":"https:\/\/schema.org","@graph":[{"@type":["WebPage","ItemPage"],"@id":"https:\/\/yvesfouquet.com\/fr\/produit\/obedennyj-stol-raskladnoj-tr300-2\/","url":"https:\/\/yvesfouquet.com\/fr\/produit\/obedennyj-stol-raskladnoj-tr300-2\/","name":"Table \u00e0 manger pliante TR300 - Yves Fouquet","isPartOf":{"@id":"https:\/\/yvesfouquet.com\/#website"},"datePublished":"2022-04-29T21:18:09+00:00","dateModified":"2022-04-29T21:18:09+00:00","breadcrumb":{"@id":"https:\/\/yvesfouquet.com\/fr\/produit\/obedennyj-stol-raskladnoj-tr300-2\/#breadcrumb"},"inLanguage":"fr-FR","potentialAction":[{"@type":"ReadAction","target":["https:\/\/yvesfouquet.com\/fr\/produit\/obedennyj-stol-raskladnoj-tr300-2\/"]}]},{"@type":"BreadcrumbList","@id":"https:\/\/yvesfouquet.com\/fr\/produit\/obedennyj-stol-raskladnoj-tr300-2\/#breadcrumb","itemListElement":[{"@type":"ListItem","position":1,"name":"\u0413\u043b\u0430\u0432\u043d\u0430\u044f","item":"https:\/\/yvesfouquet.com\/fr\/"},{"@type":"ListItem","position":2,"name":"Collections","item":"https:\/\/yvesfouquet.com\/fr\/collections\/"},{"@type":"ListItem","position":3,"name":"Table \u00e0 manger pliante TR300"}]},{"@type":"WebSite","@id":"https:\/\/yvesfouquet.com\/#website","url":"https:\/\/yvesfouquet.com\/","name":"Yves Fouquet","description":"\u0424\u0440\u0430\u043d\u0446\u0443\u0437\u0441\u043a\u0430\u044f \u043c\u0435\u0431\u0435\u043b\u044c","potentialAction":[{"@type":"SearchAction","target":{"@type":"EntryPoint","urlTemplate":"https:\/\/yvesfouquet.com\/?s={search_term_string}"},"query-input":"required name=search_term_string"}],"inLanguage":"fr-FR"}]},"product_price_currency":"EUR","og_availability":"instock","product_availability":"instock","product_retailer_item_id":"TR300","product_condition":"new"},"_links":{"self":[{"href":"https:\/\/yvesfouquet.com\/fr\/wp-json\/wp\/v2\/product\/18344"}],"collection":[{"href":"https:\/\/yvesfouquet.com\/fr\/wp-json\/wp\/v2\/product"}],"about":[{"href":"https:\/\/yvesfouquet.com\/fr\/wp-json\/wp\/v2\/types\/product"}],"version-history":[{"count":0,"href":"https:\/\/yvesfouquet.com\/fr\/wp-json\/wp\/v2\/product\/18344\/revisions"}],"wp:featuredmedia":[{"embeddable":true,"href":"https:\/\/yvesfouquet.com\/fr\/wp-json\/wp\/v2\/media\/16790"}],"wp:attachment":[{"href":"https:\/\/yvesfouquet.com\/fr\/wp-json\/wp\/v2\/media?parent=18344"}],"wp:term":[{"taxonomy":"product_cat","embeddable":true,"href":"https:\/\/yvesfouquet.com\/fr\/wp-json\/wp\/v2\/product_cat?post=18344"},{"taxonomy":"product_tag","embeddable":true,"href":"https:\/\/yvesfouquet.com\/fr\/wp-json\/wp\/v2\/product_tag?post=18344"}],"curies":[{"name":"wp","href":"https:\/\/api.w.org\/{rel}","templated":true}]}}