{"id":18346,"date":"2020-10-26T21:07:45","date_gmt":"2022-04-29T21:18:26","guid":{"rendered":"https:\/\/yvesfouquet.com\/product\/meuble-tv-directoire-mt177\/"},"modified":"2022-04-30T00:18:26","modified_gmt":"2022-04-29T21:18:26","slug":"tumba-pod-tv-directoire-mt177-2","status":"publish","type":"product","link":"https:\/\/yvesfouquet.com\/fr\/produit\/tumba-pod-tv-directoire-mt177-2\/","title":{"rendered":"Meuble TV Directoire MT177"},"content":{"rendered":"<p>Les meubles pour la maison en bois naturel de haute qualit\u00e9 sont fiables et pratiques. Compl\u00e9tez avec succ\u00e8s votre int\u00e9rieur design avec un support TV solide fabriqu\u00e9 \u00e0 la main par les ma\u00eetres de l\u2019usine de meubles Yves Fouquet. Fabriqu\u00e9 dans le style ancien selon les technologies traditionnelles, il d\u00e9corera certainement vos int\u00e9rieurs.<\/p>\n<p>Armoire en bois laconique et fiable a des dimensions assez grandes et aura fi\u00e8re allure dans un salon spacieux. Sur un comptoir massif, vous pouvez installer non seulement un t\u00e9l\u00e9viseur, mais aussi un d\u00e9cor int\u00e9rieur \u00e9l\u00e9gant, des horloges, des cadres photo, ainsi que de nombreux autres gadgets de bureau.<\/p>\n<p>\u00c0 l\u2019int\u00e9rieur, l\u2019armoire design en bois massif est divis\u00e9e en quatre compartiments ouverts. Ils abritent commod\u00e9ment des appareils \u00e9lectroniques domestiques, des livres, une collection de cassettes ou de disques rares. Une telle armoire int\u00e9rieure color\u00e9e sous le t\u00e9l\u00e9viseur s\u2019int\u00e8gre harmonieusement non seulement dans le vintage, mais aussi dans l\u2019int\u00e9rieur moderne.<\/p>\n<p>Des meubles en bois exclusifs sont assembl\u00e9s sur commande individuellement, en tenant compte de la taille, de la couleur et des caract\u00e9ristiques de conception n\u00e9cessaires au client. Tous les travaux de production sont effectu\u00e9s exclusivement manuellement. Le style antique est obtenu en utilisant les effets du vieillissement artificiel, en dotant les meubles en bois d\u2019une saveur sp\u00e9ciale et d\u2019un caract\u00e8re unique.<\/p>\n","protected":false},"excerpt":{"rendered":"<p><strong>Dimensions:<\/strong> L2340 x H430 x P600<\/p>\n<p><strong>Description:<\/strong> 4 niches pour la technologie<\/p>\n","protected":false},"featured_media":16634,"template":"","meta":[],"product_cat":[178],"product_tag":[],"yoast_head":"<!-- This site is optimized with the Yoast SEO Premium plugin v20.7 (Yoast SEO v20.8) - https:\/\/yoast.com\/wordpress\/plugins\/seo\/ -->\n<title>Meuble TV vintage en bois naturel - Yves Fouquet<\/title>\n<meta name=\"description\" content=\"Mobilier design pour la maison \u00e0 l\u2019ancienne. Meuble TV en bois sur commande. Assemblage manuel, technologies de mobilier traditionnelles. Production de meubles exclusifs en Ukraine usine Yves Fouquet\" \/>\n<meta name=\"robots\" content=\"index, follow, max-snippet:-1, max-image-preview:large, max-video-preview:-1\" \/>\n<link rel=\"canonical\" href=\"https:\/\/yvesfouquet.com\/fr\/produit\/tumba-pod-tv-directoire-mt177-2\/\" \/>\n<meta property=\"og:locale\" content=\"fr_FR\" \/>\n<meta property=\"og:type\" content=\"article\" \/>\n<meta property=\"og:title\" content=\"Meuble TV Directoire MT177\" \/>\n<meta property=\"og:description\" content=\"Mobilier design pour la maison \u00e0 l\u2019ancienne. Meuble TV en bois sur commande. Assemblage manuel, technologies de mobilier traditionnelles. Production de meubles exclusifs en Ukraine usine Yves Fouquet\" \/>\n<meta property=\"og:url\" content=\"https:\/\/yvesfouquet.com\/fr\/produit\/tumba-pod-tv-directoire-mt177-2\/\" \/>\n<meta property=\"og:site_name\" content=\"Yves Fouquet\" \/>\n<meta property=\"article:publisher\" content=\"https:\/\/www.facebook.com\/boutiueyvesfouquet\" \/>\n<meta property=\"og:image\" content=\"https:\/\/yvesfouquet.com\/wp-content\/uploads\/2020\/10\/1.png\" \/>\n\t<meta property=\"og:image:width\" content=\"1080\" \/>\n\t<meta property=\"og:image:height\" content=\"1080\" \/>\n\t<meta property=\"og:image:type\" content=\"image\/png\" \/>\n<meta name=\"twitter:card\" content=\"summary_large_image\" \/>\n<meta name=\"twitter:label1\" content=\"Prix\" \/>\n\t<meta name=\"twitter:data1\" content=\"\" \/>\n\t<meta name=\"twitter:label2\" content=\"Disponibilit\u00e9\" \/>\n\t<meta name=\"twitter:data2\" content=\"En stock\" \/>\n<script type=\"application\/ld+json\" class=\"yoast-schema-graph\">{\"@context\":\"https:\/\/schema.org\",\"@graph\":[{\"@type\":[\"WebPage\",\"ItemPage\"],\"@id\":\"https:\/\/yvesfouquet.com\/fr\/produit\/tumba-pod-tv-directoire-mt177-2\/\",\"url\":\"https:\/\/yvesfouquet.com\/fr\/produit\/tumba-pod-tv-directoire-mt177-2\/\",\"name\":\"Meuble TV vintage en bois naturel - Yves Fouquet\",\"isPartOf\":{\"@id\":\"https:\/\/yvesfouquet.com\/#website\"},\"datePublished\":\"2022-04-29T21:18:26+00:00\",\"dateModified\":\"2022-04-29T21:18:26+00:00\",\"description\":\"Mobilier design pour la maison \u00e0 l\u2019ancienne. Meuble TV en bois sur commande. Assemblage manuel, technologies de mobilier traditionnelles. Production de meubles exclusifs en Ukraine usine Yves Fouquet\",\"breadcrumb\":{\"@id\":\"https:\/\/yvesfouquet.com\/fr\/produit\/tumba-pod-tv-directoire-mt177-2\/#breadcrumb\"},\"inLanguage\":\"fr-FR\",\"potentialAction\":[{\"@type\":\"ReadAction\",\"target\":[\"https:\/\/yvesfouquet.com\/fr\/produit\/tumba-pod-tv-directoire-mt177-2\/\"]}]},{\"@type\":\"BreadcrumbList\",\"@id\":\"https:\/\/yvesfouquet.com\/fr\/produit\/tumba-pod-tv-directoire-mt177-2\/#breadcrumb\",\"itemListElement\":[{\"@type\":\"ListItem\",\"position\":1,\"name\":\"\u0413\u043b\u0430\u0432\u043d\u0430\u044f\",\"item\":\"https:\/\/yvesfouquet.com\/fr\/\"},{\"@type\":\"ListItem\",\"position\":2,\"name\":\"Collections\",\"item\":\"https:\/\/yvesfouquet.com\/fr\/collections\/\"},{\"@type\":\"ListItem\",\"position\":3,\"name\":\"Meuble TV Directoire MT177\"}]},{\"@type\":\"WebSite\",\"@id\":\"https:\/\/yvesfouquet.com\/#website\",\"url\":\"https:\/\/yvesfouquet.com\/\",\"name\":\"Yves Fouquet\",\"description\":\"\u0424\u0440\u0430\u043d\u0446\u0443\u0437\u0441\u043a\u0430\u044f \u043c\u0435\u0431\u0435\u043b\u044c\",\"potentialAction\":[{\"@type\":\"SearchAction\",\"target\":{\"@type\":\"EntryPoint\",\"urlTemplate\":\"https:\/\/yvesfouquet.com\/?s={search_term_string}\"},\"query-input\":\"required name=search_term_string\"}],\"inLanguage\":\"fr-FR\"}]}<\/script>\n<meta property=\"product:price:amount\" content=\"0\" \/>\n<meta property=\"product:price:currency\" content=\"EUR\" \/>\n<meta property=\"og:availability\" content=\"instock\" \/>\n<meta property=\"product:availability\" content=\"instock\" \/>\n<meta property=\"product:retailer_item_id\" content=\"MT177\" \/>\n<meta property=\"product:condition\" content=\"new\" \/>\n<!-- \/ Yoast SEO Premium plugin. -->","yoast_head_json":{"title":"Meuble TV vintage en bois naturel - Yves Fouquet","description":"Mobilier design pour la maison \u00e0 l\u2019ancienne. Meuble TV en bois sur commande. Assemblage manuel, technologies de mobilier traditionnelles. Production de meubles exclusifs en Ukraine usine Yves Fouquet","robots":{"index":"index","follow":"follow","max-snippet":"max-snippet:-1","max-image-preview":"max-image-preview:large","max-video-preview":"max-video-preview:-1"},"canonical":"https:\/\/yvesfouquet.com\/fr\/produit\/tumba-pod-tv-directoire-mt177-2\/","og_locale":"fr_FR","og_type":"article","og_title":"Meuble TV Directoire MT177","og_description":"Mobilier design pour la maison \u00e0 l\u2019ancienne. Meuble TV en bois sur commande. Assemblage manuel, technologies de mobilier traditionnelles. Production de meubles exclusifs en Ukraine usine Yves Fouquet","og_url":"https:\/\/yvesfouquet.com\/fr\/produit\/tumba-pod-tv-directoire-mt177-2\/","og_site_name":"Yves Fouquet","article_publisher":"https:\/\/www.facebook.com\/boutiueyvesfouquet","og_image":[{"width":1080,"height":1080,"url":"https:\/\/yvesfouquet.com\/wp-content\/uploads\/2020\/10\/1.png","type":"image\/png"}],"twitter_card":"summary_large_image","twitter_misc":{"Prix":"","Disponibilit\u00e9":"En stock"},"schema":{"@context":"https:\/\/schema.org","@graph":[{"@type":["WebPage","ItemPage"],"@id":"https:\/\/yvesfouquet.com\/fr\/produit\/tumba-pod-tv-directoire-mt177-2\/","url":"https:\/\/yvesfouquet.com\/fr\/produit\/tumba-pod-tv-directoire-mt177-2\/","name":"Meuble TV vintage en bois naturel - Yves Fouquet","isPartOf":{"@id":"https:\/\/yvesfouquet.com\/#website"},"datePublished":"2022-04-29T21:18:26+00:00","dateModified":"2022-04-29T21:18:26+00:00","description":"Mobilier design pour la maison \u00e0 l\u2019ancienne. Meuble TV en bois sur commande. Assemblage manuel, technologies de mobilier traditionnelles. Production de meubles exclusifs en Ukraine usine Yves Fouquet","breadcrumb":{"@id":"https:\/\/yvesfouquet.com\/fr\/produit\/tumba-pod-tv-directoire-mt177-2\/#breadcrumb"},"inLanguage":"fr-FR","potentialAction":[{"@type":"ReadAction","target":["https:\/\/yvesfouquet.com\/fr\/produit\/tumba-pod-tv-directoire-mt177-2\/"]}]},{"@type":"BreadcrumbList","@id":"https:\/\/yvesfouquet.com\/fr\/produit\/tumba-pod-tv-directoire-mt177-2\/#breadcrumb","itemListElement":[{"@type":"ListItem","position":1,"name":"\u0413\u043b\u0430\u0432\u043d\u0430\u044f","item":"https:\/\/yvesfouquet.com\/fr\/"},{"@type":"ListItem","position":2,"name":"Collections","item":"https:\/\/yvesfouquet.com\/fr\/collections\/"},{"@type":"ListItem","position":3,"name":"Meuble TV Directoire MT177"}]},{"@type":"WebSite","@id":"https:\/\/yvesfouquet.com\/#website","url":"https:\/\/yvesfouquet.com\/","name":"Yves Fouquet","description":"\u0424\u0440\u0430\u043d\u0446\u0443\u0437\u0441\u043a\u0430\u044f \u043c\u0435\u0431\u0435\u043b\u044c","potentialAction":[{"@type":"SearchAction","target":{"@type":"EntryPoint","urlTemplate":"https:\/\/yvesfouquet.com\/?s={search_term_string}"},"query-input":"required name=search_term_string"}],"inLanguage":"fr-FR"}]},"product_price_currency":"EUR","og_availability":"instock","product_availability":"instock","product_retailer_item_id":"MT177","product_condition":"new"},"_links":{"self":[{"href":"https:\/\/yvesfouquet.com\/fr\/wp-json\/wp\/v2\/product\/18346"}],"collection":[{"href":"https:\/\/yvesfouquet.com\/fr\/wp-json\/wp\/v2\/product"}],"about":[{"href":"https:\/\/yvesfouquet.com\/fr\/wp-json\/wp\/v2\/types\/product"}],"version-history":[{"count":0,"href":"https:\/\/yvesfouquet.com\/fr\/wp-json\/wp\/v2\/product\/18346\/revisions"}],"wp:featuredmedia":[{"embeddable":true,"href":"https:\/\/yvesfouquet.com\/fr\/wp-json\/wp\/v2\/media\/16634"}],"wp:attachment":[{"href":"https:\/\/yvesfouquet.com\/fr\/wp-json\/wp\/v2\/media?parent=18346"}],"wp:term":[{"taxonomy":"product_cat","embeddable":true,"href":"https:\/\/yvesfouquet.com\/fr\/wp-json\/wp\/v2\/product_cat?post=18346"},{"taxonomy":"product_tag","embeddable":true,"href":"https:\/\/yvesfouquet.com\/fr\/wp-json\/wp\/v2\/product_tag?post=18346"}],"curies":[{"name":"wp","href":"https:\/\/api.w.org\/{rel}","templated":true}]}}