{"id":18349,"date":"2020-10-26T21:07:20","date_gmt":"2022-04-29T21:18:29","guid":{"rendered":"https:\/\/yvesfouquet.com\/product\/meuble-tv-regence-mt176\/"},"modified":"2022-04-30T00:18:29","modified_gmt":"2022-04-29T21:18:29","slug":"tumba-pod-televizor-regence-mt176-2","status":"publish","type":"product","link":"https:\/\/yvesfouquet.com\/fr\/produit\/tumba-pod-televizor-regence-mt176-2\/","title":{"rendered":"Meuble TV Regence MT176"},"content":{"rendered":"<p>Les fans du style r\u00e9tro color\u00e9, bien s\u00fbr, seront heureux de placer dans leurs appartements des meubles en bois exclusifs faits \u00e0 la main par les ma\u00eetres de l\u2019usine Yves Fouquet. Cet \u00e9l\u00e9gant meuble TV dans le style old Fran\u00e7ais est parfait pour le salon. Ce sera un endroit id\u00e9al pour placer de l\u2019\u00e9lectronique moderne, ou de la d\u00e9coration int\u00e9rieure.<\/p>\n<p>L\u2019armoire en bois naturel a trois niches spacieuses ouvertes. Les courbes de ses petites jambes gracieuses passent doucement dans une vague sculpt\u00e9e du fond avec une simple bordure sculpt\u00e9e. Un comptoir laqu\u00e9 fait \u00e9cho \u00e0 la fa\u00e7ade et est \u00e9galement divis\u00e9 en trois sections rectangulaires.<\/p>\n<p>Le style authentique des meubles en bois est habilement cr\u00e9\u00e9 par une combinaison harmonieuse de technologies d\u2019assemblage anciennes et de techniques de vieillissement sp\u00e9ciales. Sur la fa\u00e7ade, vous verrez les bouchons de clous en bois, les \u00e9l\u00e9ments du cadre sont interconnect\u00e9s par le syst\u00e8me traditionnel de rainures \u00e0 pointes. Sur la surface peinte de l\u2019armoire DE T\u00c9L\u00c9VISION, des \u00e9raflures, des \u00e9clats de lumi\u00e8re et des rayures, des traces de dames sont visibles &#8211; effets appliqu\u00e9s \u00e0 la main.<\/p>\n<p>Les meubles en bois de classe premium sont assembl\u00e9s selon les commandes individuelles, en tenant compte de tous les souhaits des clients. Vous pouvez choisir la couleur, les \u00e9l\u00e9ments de d\u00e9coration, les accessoires, ainsi que d\u2019autres changements afin que le mod\u00e8le s\u2019int\u00e8gre parfaitement dans votre int\u00e9rieur.<\/p>\n","protected":false},"excerpt":{"rendered":"<p><strong>Dimensions:<\/strong> L1820 x H570 x P600<\/p>\n<p><strong>Description:<\/strong> 3 niches pour la technologie<\/p>\n","protected":false},"featured_media":16630,"template":"","meta":[],"product_cat":[178],"product_tag":[],"yoast_head":"<!-- This site is optimized with the Yoast SEO Premium plugin v20.7 (Yoast SEO v20.8) - https:\/\/yoast.com\/wordpress\/plugins\/seo\/ -->\n<title>Meuble TV en bois de - Yves Fouquet<\/title>\n<meta name=\"description\" content=\"Meubles de maison anciens. Mod\u00e8les d\u2019auteur exclusifs dans le style de l\u2019ancien Fran\u00e7ais. Assemblage manuel, design unique, raccords d\u2019\u00e9lite. Meubles haut de gamme sur commande produits par Yves Fouquet\" \/>\n<meta name=\"robots\" content=\"index, follow, max-snippet:-1, max-image-preview:large, max-video-preview:-1\" \/>\n<link rel=\"canonical\" href=\"https:\/\/yvesfouquet.com\/fr\/produit\/tumba-pod-televizor-regence-mt176-2\/\" \/>\n<meta property=\"og:locale\" content=\"fr_FR\" \/>\n<meta property=\"og:type\" content=\"article\" \/>\n<meta property=\"og:title\" content=\"Meuble TV Regence MT176\" \/>\n<meta property=\"og:description\" content=\"Meubles de maison anciens. Mod\u00e8les d\u2019auteur exclusifs dans le style de l\u2019ancien Fran\u00e7ais. Assemblage manuel, design unique, raccords d\u2019\u00e9lite. Meubles haut de gamme sur commande produits par Yves Fouquet\" \/>\n<meta property=\"og:url\" content=\"https:\/\/yvesfouquet.com\/fr\/produit\/tumba-pod-televizor-regence-mt176-2\/\" \/>\n<meta property=\"og:site_name\" content=\"Yves Fouquet\" \/>\n<meta property=\"article:publisher\" content=\"https:\/\/www.facebook.com\/boutiueyvesfouquet\" \/>\n<meta property=\"og:image\" content=\"https:\/\/yvesfouquet.com\/wp-content\/uploads\/2020\/10\/47-1.png\" \/>\n\t<meta property=\"og:image:width\" content=\"1080\" \/>\n\t<meta property=\"og:image:height\" content=\"1080\" \/>\n\t<meta property=\"og:image:type\" content=\"image\/png\" \/>\n<meta name=\"twitter:card\" content=\"summary_large_image\" \/>\n<meta name=\"twitter:label1\" content=\"Prix\" \/>\n\t<meta name=\"twitter:data1\" content=\"\" \/>\n\t<meta name=\"twitter:label2\" content=\"Disponibilit\u00e9\" \/>\n\t<meta name=\"twitter:data2\" content=\"En stock\" \/>\n<script type=\"application\/ld+json\" class=\"yoast-schema-graph\">{\"@context\":\"https:\/\/schema.org\",\"@graph\":[{\"@type\":[\"WebPage\",\"ItemPage\"],\"@id\":\"https:\/\/yvesfouquet.com\/fr\/produit\/tumba-pod-televizor-regence-mt176-2\/\",\"url\":\"https:\/\/yvesfouquet.com\/fr\/produit\/tumba-pod-televizor-regence-mt176-2\/\",\"name\":\"Meuble TV en bois de - Yves Fouquet\",\"isPartOf\":{\"@id\":\"https:\/\/yvesfouquet.com\/#website\"},\"datePublished\":\"2022-04-29T21:18:29+00:00\",\"dateModified\":\"2022-04-29T21:18:29+00:00\",\"description\":\"Meubles de maison anciens. Mod\u00e8les d\u2019auteur exclusifs dans le style de l\u2019ancien Fran\u00e7ais. Assemblage manuel, design unique, raccords d\u2019\u00e9lite. Meubles haut de gamme sur commande produits par Yves Fouquet\",\"breadcrumb\":{\"@id\":\"https:\/\/yvesfouquet.com\/fr\/produit\/tumba-pod-televizor-regence-mt176-2\/#breadcrumb\"},\"inLanguage\":\"fr-FR\",\"potentialAction\":[{\"@type\":\"ReadAction\",\"target\":[\"https:\/\/yvesfouquet.com\/fr\/produit\/tumba-pod-televizor-regence-mt176-2\/\"]}]},{\"@type\":\"BreadcrumbList\",\"@id\":\"https:\/\/yvesfouquet.com\/fr\/produit\/tumba-pod-televizor-regence-mt176-2\/#breadcrumb\",\"itemListElement\":[{\"@type\":\"ListItem\",\"position\":1,\"name\":\"\u0413\u043b\u0430\u0432\u043d\u0430\u044f\",\"item\":\"https:\/\/yvesfouquet.com\/fr\/\"},{\"@type\":\"ListItem\",\"position\":2,\"name\":\"Collections\",\"item\":\"https:\/\/yvesfouquet.com\/fr\/collections\/\"},{\"@type\":\"ListItem\",\"position\":3,\"name\":\"Meuble TV Regence MT176\"}]},{\"@type\":\"WebSite\",\"@id\":\"https:\/\/yvesfouquet.com\/#website\",\"url\":\"https:\/\/yvesfouquet.com\/\",\"name\":\"Yves Fouquet\",\"description\":\"\u0424\u0440\u0430\u043d\u0446\u0443\u0437\u0441\u043a\u0430\u044f \u043c\u0435\u0431\u0435\u043b\u044c\",\"potentialAction\":[{\"@type\":\"SearchAction\",\"target\":{\"@type\":\"EntryPoint\",\"urlTemplate\":\"https:\/\/yvesfouquet.com\/?s={search_term_string}\"},\"query-input\":\"required name=search_term_string\"}],\"inLanguage\":\"fr-FR\"}]}<\/script>\n<meta property=\"product:price:amount\" content=\"0\" \/>\n<meta property=\"product:price:currency\" content=\"EUR\" \/>\n<meta property=\"og:availability\" content=\"instock\" \/>\n<meta property=\"product:availability\" content=\"instock\" \/>\n<meta property=\"product:retailer_item_id\" content=\"MT176\" \/>\n<meta property=\"product:condition\" content=\"new\" \/>\n<!-- \/ Yoast SEO Premium plugin. -->","yoast_head_json":{"title":"Meuble TV en bois de - Yves Fouquet","description":"Meubles de maison anciens. Mod\u00e8les d\u2019auteur exclusifs dans le style de l\u2019ancien Fran\u00e7ais. Assemblage manuel, design unique, raccords d\u2019\u00e9lite. Meubles haut de gamme sur commande produits par Yves Fouquet","robots":{"index":"index","follow":"follow","max-snippet":"max-snippet:-1","max-image-preview":"max-image-preview:large","max-video-preview":"max-video-preview:-1"},"canonical":"https:\/\/yvesfouquet.com\/fr\/produit\/tumba-pod-televizor-regence-mt176-2\/","og_locale":"fr_FR","og_type":"article","og_title":"Meuble TV Regence MT176","og_description":"Meubles de maison anciens. Mod\u00e8les d\u2019auteur exclusifs dans le style de l\u2019ancien Fran\u00e7ais. Assemblage manuel, design unique, raccords d\u2019\u00e9lite. Meubles haut de gamme sur commande produits par Yves Fouquet","og_url":"https:\/\/yvesfouquet.com\/fr\/produit\/tumba-pod-televizor-regence-mt176-2\/","og_site_name":"Yves Fouquet","article_publisher":"https:\/\/www.facebook.com\/boutiueyvesfouquet","og_image":[{"width":1080,"height":1080,"url":"https:\/\/yvesfouquet.com\/wp-content\/uploads\/2020\/10\/47-1.png","type":"image\/png"}],"twitter_card":"summary_large_image","twitter_misc":{"Prix":"","Disponibilit\u00e9":"En stock"},"schema":{"@context":"https:\/\/schema.org","@graph":[{"@type":["WebPage","ItemPage"],"@id":"https:\/\/yvesfouquet.com\/fr\/produit\/tumba-pod-televizor-regence-mt176-2\/","url":"https:\/\/yvesfouquet.com\/fr\/produit\/tumba-pod-televizor-regence-mt176-2\/","name":"Meuble TV en bois de - Yves Fouquet","isPartOf":{"@id":"https:\/\/yvesfouquet.com\/#website"},"datePublished":"2022-04-29T21:18:29+00:00","dateModified":"2022-04-29T21:18:29+00:00","description":"Meubles de maison anciens. Mod\u00e8les d\u2019auteur exclusifs dans le style de l\u2019ancien Fran\u00e7ais. Assemblage manuel, design unique, raccords d\u2019\u00e9lite. Meubles haut de gamme sur commande produits par Yves Fouquet","breadcrumb":{"@id":"https:\/\/yvesfouquet.com\/fr\/produit\/tumba-pod-televizor-regence-mt176-2\/#breadcrumb"},"inLanguage":"fr-FR","potentialAction":[{"@type":"ReadAction","target":["https:\/\/yvesfouquet.com\/fr\/produit\/tumba-pod-televizor-regence-mt176-2\/"]}]},{"@type":"BreadcrumbList","@id":"https:\/\/yvesfouquet.com\/fr\/produit\/tumba-pod-televizor-regence-mt176-2\/#breadcrumb","itemListElement":[{"@type":"ListItem","position":1,"name":"\u0413\u043b\u0430\u0432\u043d\u0430\u044f","item":"https:\/\/yvesfouquet.com\/fr\/"},{"@type":"ListItem","position":2,"name":"Collections","item":"https:\/\/yvesfouquet.com\/fr\/collections\/"},{"@type":"ListItem","position":3,"name":"Meuble TV Regence MT176"}]},{"@type":"WebSite","@id":"https:\/\/yvesfouquet.com\/#website","url":"https:\/\/yvesfouquet.com\/","name":"Yves Fouquet","description":"\u0424\u0440\u0430\u043d\u0446\u0443\u0437\u0441\u043a\u0430\u044f \u043c\u0435\u0431\u0435\u043b\u044c","potentialAction":[{"@type":"SearchAction","target":{"@type":"EntryPoint","urlTemplate":"https:\/\/yvesfouquet.com\/?s={search_term_string}"},"query-input":"required name=search_term_string"}],"inLanguage":"fr-FR"}]},"product_price_currency":"EUR","og_availability":"instock","product_availability":"instock","product_retailer_item_id":"MT176","product_condition":"new"},"_links":{"self":[{"href":"https:\/\/yvesfouquet.com\/fr\/wp-json\/wp\/v2\/product\/18349"}],"collection":[{"href":"https:\/\/yvesfouquet.com\/fr\/wp-json\/wp\/v2\/product"}],"about":[{"href":"https:\/\/yvesfouquet.com\/fr\/wp-json\/wp\/v2\/types\/product"}],"version-history":[{"count":0,"href":"https:\/\/yvesfouquet.com\/fr\/wp-json\/wp\/v2\/product\/18349\/revisions"}],"wp:featuredmedia":[{"embeddable":true,"href":"https:\/\/yvesfouquet.com\/fr\/wp-json\/wp\/v2\/media\/16630"}],"wp:attachment":[{"href":"https:\/\/yvesfouquet.com\/fr\/wp-json\/wp\/v2\/media?parent=18349"}],"wp:term":[{"taxonomy":"product_cat","embeddable":true,"href":"https:\/\/yvesfouquet.com\/fr\/wp-json\/wp\/v2\/product_cat?post=18349"},{"taxonomy":"product_tag","embeddable":true,"href":"https:\/\/yvesfouquet.com\/fr\/wp-json\/wp\/v2\/product_tag?post=18349"}],"curies":[{"name":"wp","href":"https:\/\/api.w.org\/{rel}","templated":true}]}}