{"id":18354,"date":"2020-10-26T21:08:07","date_gmt":"2022-04-29T21:18:32","guid":{"rendered":"https:\/\/yvesfouquet.com\/product\/ecran-she01\/"},"modified":"2022-04-30T00:18:32","modified_gmt":"2022-04-29T21:18:32","slug":"shirma-she01-2","status":"publish","type":"product","link":"https:\/\/yvesfouquet.com\/fr\/produit\/shirma-she01-2\/","title":{"rendered":"\u00c9cran SHE01"},"content":{"rendered":"<p>Les \u00e9crans d\u00e9coratifs sont l\u2019une des options int\u00e9ressantes pour le zonage de l\u2019espace. Autrefois leur utilisation \u00e9tait principalement fonctionnelle, mais dans le monde moderne, les \u00e9crans sont \u00e9galement devenus une solution de design lumineuse. Vous pouvez commander un \u00e9cran coulissant exclusif en bois naturel avec miroirs sur le site de l\u2019usine de meubles Yves Fouquet.<\/p>\n<p>Ma\u00eetrisant parfaitement les anciennes techniques d\u2019assemblage manuel de meubles en bois, nos ma\u00eetres cr\u00e9ent des produits uniques pour les int\u00e9rieurs classiques et modernes. Les \u00e9crans en bois assembl\u00e9s par eux ont un design individuel original, s\u2019adaptent parfaitement \u00e0 la situation et conviennent au placement dans presque toutes les pi\u00e8ces.<\/p>\n<p>L\u2019histoire des \u00e9crans a commenc\u00e9 dans les temps anciens et se poursuit avec succ\u00e8s de nos jours. Vous pouvez installer un \u00e9cran \u00e9l\u00e9gant en bois naturel dans le salon, la chambre, la biblioth\u00e8que ou le bureau. Cela cr\u00e9era non seulement une sensation de confort, mais diversifiera \u00e9galement la situation avec une solution de conception extraordinaire.<\/p>\n<p>Les \u00e9crans d\u00e9coratifs dans le style ancien sont assembl\u00e9s \u00e0 la main \u00e0 partir des meilleures vari\u00e9t\u00e9s de bois naturel. Lors de la commande d\u2019un produit, vous pouvez choisir la couleur et la taille adapt\u00e9es \u00e0 votre int\u00e9rieur, d\u00e9terminer le design et le d\u00e9cor correspondant \u00e0 ses caract\u00e9ristiques.<\/p>\n","protected":false},"excerpt":{"rendered":"<p>Largeur: 2500<\/p>\n<p>Hauteur: 2500<\/p>\n<p>Profondeur: 50<\/p>\n","protected":false},"featured_media":20305,"template":"","meta":[],"product_cat":[191],"product_tag":[],"yoast_head":"<!-- This site is optimized with the Yoast SEO Premium plugin v20.7 (Yoast SEO v20.8) - https:\/\/yoast.com\/wordpress\/plugins\/seo\/ -->\n<title>Ecran int\u00e9rieur en bois naturel avec - Yves Fouquet<\/title>\n<meta name=\"description\" content=\"Meubles design faits \u00e0 la main. Cloisons en bois pour l\u2019int\u00e9rieur dans un style ancien et moderne. Achetez des meubles en bois massif en Ukraine. Usine de production Yves Fouquet\" \/>\n<meta name=\"robots\" content=\"index, follow, max-snippet:-1, max-image-preview:large, max-video-preview:-1\" \/>\n<link rel=\"canonical\" href=\"https:\/\/yvesfouquet.com\/fr\/produit\/shirma-she01-2\/\" \/>\n<meta property=\"og:locale\" content=\"fr_FR\" \/>\n<meta property=\"og:type\" content=\"article\" \/>\n<meta property=\"og:title\" content=\"\u00c9cran SHE01\" \/>\n<meta property=\"og:description\" content=\"Meubles design faits \u00e0 la main. Cloisons en bois pour l\u2019int\u00e9rieur dans un style ancien et moderne. Achetez des meubles en bois massif en Ukraine. Usine de production Yves Fouquet\" \/>\n<meta property=\"og:url\" content=\"https:\/\/yvesfouquet.com\/fr\/produit\/shirma-she01-2\/\" \/>\n<meta property=\"og:site_name\" content=\"Yves Fouquet\" \/>\n<meta property=\"article:publisher\" content=\"https:\/\/www.facebook.com\/boutiueyvesfouquet\" \/>\n<meta property=\"og:image\" content=\"https:\/\/yvesfouquet.com\/wp-content\/uploads\/2020\/10\/de50f9_f56b36400d854300b49bd23b663d1ac8mv2_d_1617_1657_s_2-1.jpg\" \/>\n\t<meta property=\"og:image:width\" content=\"1561\" \/>\n\t<meta property=\"og:image:height\" content=\"1600\" \/>\n\t<meta property=\"og:image:type\" content=\"image\/jpeg\" \/>\n<meta name=\"twitter:card\" content=\"summary_large_image\" \/>\n<meta name=\"twitter:label1\" content=\"Prix\" \/>\n\t<meta name=\"twitter:data1\" content=\"\" \/>\n\t<meta name=\"twitter:label2\" content=\"Disponibilit\u00e9\" \/>\n\t<meta name=\"twitter:data2\" content=\"En stock\" \/>\n<script type=\"application\/ld+json\" class=\"yoast-schema-graph\">{\"@context\":\"https:\/\/schema.org\",\"@graph\":[{\"@type\":[\"WebPage\",\"ItemPage\"],\"@id\":\"https:\/\/yvesfouquet.com\/fr\/produit\/shirma-she01-2\/\",\"url\":\"https:\/\/yvesfouquet.com\/fr\/produit\/shirma-she01-2\/\",\"name\":\"Ecran int\u00e9rieur en bois naturel avec - Yves Fouquet\",\"isPartOf\":{\"@id\":\"https:\/\/yvesfouquet.com\/#website\"},\"datePublished\":\"2022-04-29T21:18:32+00:00\",\"dateModified\":\"2022-04-29T21:18:32+00:00\",\"description\":\"Meubles design faits \u00e0 la main. Cloisons en bois pour l\u2019int\u00e9rieur dans un style ancien et moderne. Achetez des meubles en bois massif en Ukraine. Usine de production Yves Fouquet\",\"breadcrumb\":{\"@id\":\"https:\/\/yvesfouquet.com\/fr\/produit\/shirma-she01-2\/#breadcrumb\"},\"inLanguage\":\"fr-FR\",\"potentialAction\":[{\"@type\":\"ReadAction\",\"target\":[\"https:\/\/yvesfouquet.com\/fr\/produit\/shirma-she01-2\/\"]}]},{\"@type\":\"BreadcrumbList\",\"@id\":\"https:\/\/yvesfouquet.com\/fr\/produit\/shirma-she01-2\/#breadcrumb\",\"itemListElement\":[{\"@type\":\"ListItem\",\"position\":1,\"name\":\"\u0413\u043b\u0430\u0432\u043d\u0430\u044f\",\"item\":\"https:\/\/yvesfouquet.com\/fr\/\"},{\"@type\":\"ListItem\",\"position\":2,\"name\":\"Collections\",\"item\":\"https:\/\/yvesfouquet.com\/fr\/collections\/\"},{\"@type\":\"ListItem\",\"position\":3,\"name\":\"\u00c9cran SHE01\"}]},{\"@type\":\"WebSite\",\"@id\":\"https:\/\/yvesfouquet.com\/#website\",\"url\":\"https:\/\/yvesfouquet.com\/\",\"name\":\"Yves Fouquet\",\"description\":\"\u0424\u0440\u0430\u043d\u0446\u0443\u0437\u0441\u043a\u0430\u044f \u043c\u0435\u0431\u0435\u043b\u044c\",\"potentialAction\":[{\"@type\":\"SearchAction\",\"target\":{\"@type\":\"EntryPoint\",\"urlTemplate\":\"https:\/\/yvesfouquet.com\/?s={search_term_string}\"},\"query-input\":\"required name=search_term_string\"}],\"inLanguage\":\"fr-FR\"}]}<\/script>\n<meta property=\"product:price:amount\" content=\"0\" \/>\n<meta property=\"product:price:currency\" content=\"EUR\" \/>\n<meta property=\"og:availability\" content=\"instock\" \/>\n<meta property=\"product:availability\" content=\"instock\" \/>\n<meta property=\"product:retailer_item_id\" content=\"SHE01\" \/>\n<meta property=\"product:condition\" content=\"new\" \/>\n<!-- \/ Yoast SEO Premium plugin. -->","yoast_head_json":{"title":"Ecran int\u00e9rieur en bois naturel avec - Yves Fouquet","description":"Meubles design faits \u00e0 la main. Cloisons en bois pour l\u2019int\u00e9rieur dans un style ancien et moderne. Achetez des meubles en bois massif en Ukraine. Usine de production Yves Fouquet","robots":{"index":"index","follow":"follow","max-snippet":"max-snippet:-1","max-image-preview":"max-image-preview:large","max-video-preview":"max-video-preview:-1"},"canonical":"https:\/\/yvesfouquet.com\/fr\/produit\/shirma-she01-2\/","og_locale":"fr_FR","og_type":"article","og_title":"\u00c9cran SHE01","og_description":"Meubles design faits \u00e0 la main. Cloisons en bois pour l\u2019int\u00e9rieur dans un style ancien et moderne. Achetez des meubles en bois massif en Ukraine. Usine de production Yves Fouquet","og_url":"https:\/\/yvesfouquet.com\/fr\/produit\/shirma-she01-2\/","og_site_name":"Yves Fouquet","article_publisher":"https:\/\/www.facebook.com\/boutiueyvesfouquet","og_image":[{"width":1561,"height":1600,"url":"https:\/\/yvesfouquet.com\/wp-content\/uploads\/2020\/10\/de50f9_f56b36400d854300b49bd23b663d1ac8mv2_d_1617_1657_s_2-1.jpg","type":"image\/jpeg"}],"twitter_card":"summary_large_image","twitter_misc":{"Prix":"","Disponibilit\u00e9":"En stock"},"schema":{"@context":"https:\/\/schema.org","@graph":[{"@type":["WebPage","ItemPage"],"@id":"https:\/\/yvesfouquet.com\/fr\/produit\/shirma-she01-2\/","url":"https:\/\/yvesfouquet.com\/fr\/produit\/shirma-she01-2\/","name":"Ecran int\u00e9rieur en bois naturel avec - Yves Fouquet","isPartOf":{"@id":"https:\/\/yvesfouquet.com\/#website"},"datePublished":"2022-04-29T21:18:32+00:00","dateModified":"2022-04-29T21:18:32+00:00","description":"Meubles design faits \u00e0 la main. Cloisons en bois pour l\u2019int\u00e9rieur dans un style ancien et moderne. Achetez des meubles en bois massif en Ukraine. Usine de production Yves Fouquet","breadcrumb":{"@id":"https:\/\/yvesfouquet.com\/fr\/produit\/shirma-she01-2\/#breadcrumb"},"inLanguage":"fr-FR","potentialAction":[{"@type":"ReadAction","target":["https:\/\/yvesfouquet.com\/fr\/produit\/shirma-she01-2\/"]}]},{"@type":"BreadcrumbList","@id":"https:\/\/yvesfouquet.com\/fr\/produit\/shirma-she01-2\/#breadcrumb","itemListElement":[{"@type":"ListItem","position":1,"name":"\u0413\u043b\u0430\u0432\u043d\u0430\u044f","item":"https:\/\/yvesfouquet.com\/fr\/"},{"@type":"ListItem","position":2,"name":"Collections","item":"https:\/\/yvesfouquet.com\/fr\/collections\/"},{"@type":"ListItem","position":3,"name":"\u00c9cran SHE01"}]},{"@type":"WebSite","@id":"https:\/\/yvesfouquet.com\/#website","url":"https:\/\/yvesfouquet.com\/","name":"Yves Fouquet","description":"\u0424\u0440\u0430\u043d\u0446\u0443\u0437\u0441\u043a\u0430\u044f \u043c\u0435\u0431\u0435\u043b\u044c","potentialAction":[{"@type":"SearchAction","target":{"@type":"EntryPoint","urlTemplate":"https:\/\/yvesfouquet.com\/?s={search_term_string}"},"query-input":"required name=search_term_string"}],"inLanguage":"fr-FR"}]},"product_price_currency":"EUR","og_availability":"instock","product_availability":"instock","product_retailer_item_id":"SHE01","product_condition":"new"},"_links":{"self":[{"href":"https:\/\/yvesfouquet.com\/fr\/wp-json\/wp\/v2\/product\/18354"}],"collection":[{"href":"https:\/\/yvesfouquet.com\/fr\/wp-json\/wp\/v2\/product"}],"about":[{"href":"https:\/\/yvesfouquet.com\/fr\/wp-json\/wp\/v2\/types\/product"}],"version-history":[{"count":0,"href":"https:\/\/yvesfouquet.com\/fr\/wp-json\/wp\/v2\/product\/18354\/revisions"}],"wp:featuredmedia":[{"embeddable":true,"href":"https:\/\/yvesfouquet.com\/fr\/wp-json\/wp\/v2\/media\/20305"}],"wp:attachment":[{"href":"https:\/\/yvesfouquet.com\/fr\/wp-json\/wp\/v2\/media?parent=18354"}],"wp:term":[{"taxonomy":"product_cat","embeddable":true,"href":"https:\/\/yvesfouquet.com\/fr\/wp-json\/wp\/v2\/product_cat?post=18354"},{"taxonomy":"product_tag","embeddable":true,"href":"https:\/\/yvesfouquet.com\/fr\/wp-json\/wp\/v2\/product_tag?post=18354"}],"curies":[{"name":"wp","href":"https:\/\/api.w.org\/{rel}","templated":true}]}}