{"id":18355,"date":"2020-10-26T18:09:42","date_gmt":"2022-04-29T21:18:32","guid":{"rendered":"https:\/\/yvesfouquet.com\/product\/table-de-chevet-attenante-regence-bc006\/"},"modified":"2022-04-30T00:18:32","modified_gmt":"2022-04-29T21:18:32","slug":"pristavnaya-tumba-k-krovati-regence-bc006-2","status":"publish","type":"product","link":"https:\/\/yvesfouquet.com\/fr\/produit\/pristavnaya-tumba-k-krovati-regence-bc006-2\/","title":{"rendered":"Table de chevet attenante Regence BC006"},"content":{"rendered":"<p>L\u2019int\u00e9rieur dans le style Fran\u00e7ais ancien est id\u00e9al pour la chambre \u00e0 coucher. Il ne peut pas \u00eatre mieux compl\u00e9t\u00e9 par une \u00e9l\u00e9gante table de chevet en bois naturel &#8211; belle faite \u00e0 la main par les ma\u00eetres de l\u2019usine de meubles Yves Fouquet. Il s\u2019int\u00e9grera harmonieusement dans un cadre vintage, y ajoutera de la couleur, de la gr\u00e2ce et du confort.<\/p>\n<p>Le pi\u00e9destal en bois est fabriqu\u00e9 dans le style de l\u2019\u00e9poque de la R\u00e9gence. Les courbes de ses jambes minces s\u2019\u00e9coulent doucement dans une vague de fond sculpt\u00e9. Le tiroir spacieux est d\u00e9cor\u00e9 de verticilles faites \u00e0 la main de sculptures v\u00e9g\u00e9tales. La chaleur et le confort sont ajout\u00e9s \u00e0 l\u2019image par un petit comptoir serti, dont la surface laqu\u00e9e souligne \u00e0 merveille la structure naturelle du bois des meilleures esp\u00e8ces.<\/p>\n<p>L\u2019armoire attenante a l\u2019air \u00e9l\u00e9gante et aristocratique. Fabriqu\u00e9 dans des couleurs pastel apaisantes, il apportera encore plus de d\u00e9tente et de tranquillit\u00e9 \u00e0 l\u2019atmosph\u00e8re de la chambre \u00e0 coucher. Sur son \u00e9l\u00e9gant comptoir, vous pouvez facilement placer un petit lampadaire et un r\u00e9veil. Ici, vous pouvez \u00e9galement mettre une tablette, un mobile et votre livre pr\u00e9f\u00e9r\u00e9.<\/p>\n<p>Des meubles en bois exclusifs de classe premium sont assembl\u00e9s sur commande en fonction des tailles individuelles du client. Pour que le mod\u00e8le s\u2019adapte parfaitement \u00e0 la situation, vous pouvez choisir la couleur, le design et les \u00e9l\u00e9ments de d\u00e9coration adapt\u00e9s \u00e0 vos int\u00e9rieurs.<\/p>\n","protected":false},"excerpt":{"rendered":"<p><strong>Dimensions:<\/strong> <span class=\"s1\">L500 x H500 x P400<\/span><\/p>\n<p><strong>Description:<\/strong> 1 tiroir<\/p>\n","protected":false},"featured_media":20321,"template":"","meta":[],"product_cat":[166],"product_tag":[],"yoast_head":"<!-- This site is optimized with the Yoast SEO Premium plugin v20.7 (Yoast SEO v20.8) - https:\/\/yoast.com\/wordpress\/plugins\/seo\/ -->\n<title>Tables de chevet en bois en - Yves Fouquet<\/title>\n<meta name=\"description\" content=\"Meubles anciens assembl\u00e9s \u00e0 la main en Ukraine. Armoire attenante au lit. Sculptures \u00e9l\u00e9gantes, accessoires Fran\u00e7ais, bois de haute qualit\u00e9. Usine de meubles Yves Fouquet\" \/>\n<meta name=\"robots\" content=\"index, follow, max-snippet:-1, max-image-preview:large, max-video-preview:-1\" \/>\n<link rel=\"canonical\" href=\"https:\/\/yvesfouquet.com\/fr\/produit\/pristavnaya-tumba-k-krovati-regence-bc006-2\/\" \/>\n<meta property=\"og:locale\" content=\"fr_FR\" \/>\n<meta property=\"og:type\" content=\"article\" \/>\n<meta property=\"og:title\" content=\"Table de chevet attenante Regence BC006\" \/>\n<meta property=\"og:description\" content=\"Meubles anciens assembl\u00e9s \u00e0 la main en Ukraine. Armoire attenante au lit. Sculptures \u00e9l\u00e9gantes, accessoires Fran\u00e7ais, bois de haute qualit\u00e9. Usine de meubles Yves Fouquet\" \/>\n<meta property=\"og:url\" content=\"https:\/\/yvesfouquet.com\/fr\/produit\/pristavnaya-tumba-k-krovati-regence-bc006-2\/\" \/>\n<meta property=\"og:site_name\" content=\"Yves Fouquet\" \/>\n<meta property=\"article:publisher\" content=\"https:\/\/www.facebook.com\/boutiueyvesfouquet\" \/>\n<meta property=\"og:image\" content=\"https:\/\/yvesfouquet.com\/wp-content\/uploads\/2020\/10\/de50f9_b764b968cf6144c6881a94a0dfde727emv2_d_5504_8256_s_4_2-scaled-2.jpg\" \/>\n\t<meta property=\"og:image:width\" content=\"1067\" \/>\n\t<meta property=\"og:image:height\" content=\"1600\" \/>\n\t<meta property=\"og:image:type\" content=\"image\/jpeg\" \/>\n<meta name=\"twitter:card\" content=\"summary_large_image\" \/>\n<meta name=\"twitter:label1\" content=\"Prix\" \/>\n\t<meta name=\"twitter:data1\" content=\"\" \/>\n\t<meta name=\"twitter:label2\" content=\"Disponibilit\u00e9\" \/>\n\t<meta name=\"twitter:data2\" content=\"En stock\" \/>\n<script type=\"application\/ld+json\" class=\"yoast-schema-graph\">{\"@context\":\"https:\/\/schema.org\",\"@graph\":[{\"@type\":[\"WebPage\",\"ItemPage\"],\"@id\":\"https:\/\/yvesfouquet.com\/fr\/produit\/pristavnaya-tumba-k-krovati-regence-bc006-2\/\",\"url\":\"https:\/\/yvesfouquet.com\/fr\/produit\/pristavnaya-tumba-k-krovati-regence-bc006-2\/\",\"name\":\"Tables de chevet en bois en - Yves Fouquet\",\"isPartOf\":{\"@id\":\"https:\/\/yvesfouquet.com\/#website\"},\"datePublished\":\"2022-04-29T21:18:32+00:00\",\"dateModified\":\"2022-04-29T21:18:32+00:00\",\"description\":\"Meubles anciens assembl\u00e9s \u00e0 la main en Ukraine. Armoire attenante au lit. Sculptures \u00e9l\u00e9gantes, accessoires Fran\u00e7ais, bois de haute qualit\u00e9. Usine de meubles Yves Fouquet\",\"breadcrumb\":{\"@id\":\"https:\/\/yvesfouquet.com\/fr\/produit\/pristavnaya-tumba-k-krovati-regence-bc006-2\/#breadcrumb\"},\"inLanguage\":\"fr-FR\",\"potentialAction\":[{\"@type\":\"ReadAction\",\"target\":[\"https:\/\/yvesfouquet.com\/fr\/produit\/pristavnaya-tumba-k-krovati-regence-bc006-2\/\"]}]},{\"@type\":\"BreadcrumbList\",\"@id\":\"https:\/\/yvesfouquet.com\/fr\/produit\/pristavnaya-tumba-k-krovati-regence-bc006-2\/#breadcrumb\",\"itemListElement\":[{\"@type\":\"ListItem\",\"position\":1,\"name\":\"\u0413\u043b\u0430\u0432\u043d\u0430\u044f\",\"item\":\"https:\/\/yvesfouquet.com\/fr\/\"},{\"@type\":\"ListItem\",\"position\":2,\"name\":\"Collections\",\"item\":\"https:\/\/yvesfouquet.com\/fr\/collections\/\"},{\"@type\":\"ListItem\",\"position\":3,\"name\":\"Table de chevet attenante Regence BC006\"}]},{\"@type\":\"WebSite\",\"@id\":\"https:\/\/yvesfouquet.com\/#website\",\"url\":\"https:\/\/yvesfouquet.com\/\",\"name\":\"Yves Fouquet\",\"description\":\"\u0424\u0440\u0430\u043d\u0446\u0443\u0437\u0441\u043a\u0430\u044f \u043c\u0435\u0431\u0435\u043b\u044c\",\"potentialAction\":[{\"@type\":\"SearchAction\",\"target\":{\"@type\":\"EntryPoint\",\"urlTemplate\":\"https:\/\/yvesfouquet.com\/?s={search_term_string}\"},\"query-input\":\"required name=search_term_string\"}],\"inLanguage\":\"fr-FR\"}]}<\/script>\n<meta property=\"product:price:amount\" content=\"0\" \/>\n<meta property=\"product:price:currency\" content=\"EUR\" \/>\n<meta property=\"og:availability\" content=\"instock\" \/>\n<meta property=\"product:availability\" content=\"instock\" \/>\n<meta property=\"product:retailer_item_id\" content=\"BC006\" \/>\n<meta property=\"product:condition\" content=\"new\" \/>\n<!-- \/ Yoast SEO Premium plugin. -->","yoast_head_json":{"title":"Tables de chevet en bois en - Yves Fouquet","description":"Meubles anciens assembl\u00e9s \u00e0 la main en Ukraine. Armoire attenante au lit. Sculptures \u00e9l\u00e9gantes, accessoires Fran\u00e7ais, bois de haute qualit\u00e9. Usine de meubles Yves Fouquet","robots":{"index":"index","follow":"follow","max-snippet":"max-snippet:-1","max-image-preview":"max-image-preview:large","max-video-preview":"max-video-preview:-1"},"canonical":"https:\/\/yvesfouquet.com\/fr\/produit\/pristavnaya-tumba-k-krovati-regence-bc006-2\/","og_locale":"fr_FR","og_type":"article","og_title":"Table de chevet attenante Regence BC006","og_description":"Meubles anciens assembl\u00e9s \u00e0 la main en Ukraine. Armoire attenante au lit. Sculptures \u00e9l\u00e9gantes, accessoires Fran\u00e7ais, bois de haute qualit\u00e9. Usine de meubles Yves Fouquet","og_url":"https:\/\/yvesfouquet.com\/fr\/produit\/pristavnaya-tumba-k-krovati-regence-bc006-2\/","og_site_name":"Yves Fouquet","article_publisher":"https:\/\/www.facebook.com\/boutiueyvesfouquet","og_image":[{"width":1067,"height":1600,"url":"https:\/\/yvesfouquet.com\/wp-content\/uploads\/2020\/10\/de50f9_b764b968cf6144c6881a94a0dfde727emv2_d_5504_8256_s_4_2-scaled-2.jpg","type":"image\/jpeg"}],"twitter_card":"summary_large_image","twitter_misc":{"Prix":"","Disponibilit\u00e9":"En stock"},"schema":{"@context":"https:\/\/schema.org","@graph":[{"@type":["WebPage","ItemPage"],"@id":"https:\/\/yvesfouquet.com\/fr\/produit\/pristavnaya-tumba-k-krovati-regence-bc006-2\/","url":"https:\/\/yvesfouquet.com\/fr\/produit\/pristavnaya-tumba-k-krovati-regence-bc006-2\/","name":"Tables de chevet en bois en - Yves Fouquet","isPartOf":{"@id":"https:\/\/yvesfouquet.com\/#website"},"datePublished":"2022-04-29T21:18:32+00:00","dateModified":"2022-04-29T21:18:32+00:00","description":"Meubles anciens assembl\u00e9s \u00e0 la main en Ukraine. Armoire attenante au lit. Sculptures \u00e9l\u00e9gantes, accessoires Fran\u00e7ais, bois de haute qualit\u00e9. Usine de meubles Yves Fouquet","breadcrumb":{"@id":"https:\/\/yvesfouquet.com\/fr\/produit\/pristavnaya-tumba-k-krovati-regence-bc006-2\/#breadcrumb"},"inLanguage":"fr-FR","potentialAction":[{"@type":"ReadAction","target":["https:\/\/yvesfouquet.com\/fr\/produit\/pristavnaya-tumba-k-krovati-regence-bc006-2\/"]}]},{"@type":"BreadcrumbList","@id":"https:\/\/yvesfouquet.com\/fr\/produit\/pristavnaya-tumba-k-krovati-regence-bc006-2\/#breadcrumb","itemListElement":[{"@type":"ListItem","position":1,"name":"\u0413\u043b\u0430\u0432\u043d\u0430\u044f","item":"https:\/\/yvesfouquet.com\/fr\/"},{"@type":"ListItem","position":2,"name":"Collections","item":"https:\/\/yvesfouquet.com\/fr\/collections\/"},{"@type":"ListItem","position":3,"name":"Table de chevet attenante Regence BC006"}]},{"@type":"WebSite","@id":"https:\/\/yvesfouquet.com\/#website","url":"https:\/\/yvesfouquet.com\/","name":"Yves Fouquet","description":"\u0424\u0440\u0430\u043d\u0446\u0443\u0437\u0441\u043a\u0430\u044f \u043c\u0435\u0431\u0435\u043b\u044c","potentialAction":[{"@type":"SearchAction","target":{"@type":"EntryPoint","urlTemplate":"https:\/\/yvesfouquet.com\/?s={search_term_string}"},"query-input":"required name=search_term_string"}],"inLanguage":"fr-FR"}]},"product_price_currency":"EUR","og_availability":"instock","product_availability":"instock","product_retailer_item_id":"BC006","product_condition":"new"},"_links":{"self":[{"href":"https:\/\/yvesfouquet.com\/fr\/wp-json\/wp\/v2\/product\/18355"}],"collection":[{"href":"https:\/\/yvesfouquet.com\/fr\/wp-json\/wp\/v2\/product"}],"about":[{"href":"https:\/\/yvesfouquet.com\/fr\/wp-json\/wp\/v2\/types\/product"}],"version-history":[{"count":0,"href":"https:\/\/yvesfouquet.com\/fr\/wp-json\/wp\/v2\/product\/18355\/revisions"}],"wp:featuredmedia":[{"embeddable":true,"href":"https:\/\/yvesfouquet.com\/fr\/wp-json\/wp\/v2\/media\/20321"}],"wp:attachment":[{"href":"https:\/\/yvesfouquet.com\/fr\/wp-json\/wp\/v2\/media?parent=18355"}],"wp:term":[{"taxonomy":"product_cat","embeddable":true,"href":"https:\/\/yvesfouquet.com\/fr\/wp-json\/wp\/v2\/product_cat?post=18355"},{"taxonomy":"product_tag","embeddable":true,"href":"https:\/\/yvesfouquet.com\/fr\/wp-json\/wp\/v2\/product_tag?post=18355"}],"curies":[{"name":"wp","href":"https:\/\/api.w.org\/{rel}","templated":true}]}}