{"id":18362,"date":"2020-10-26T21:07:45","date_gmt":"2022-04-29T21:18:36","guid":{"rendered":"https:\/\/yvesfouquet.com\/product\/meuble-tv-directoire-mt177e\/"},"modified":"2022-04-30T00:18:36","modified_gmt":"2022-04-29T21:18:36","slug":"tumba-pod-televizor-directoire-mt177e-2","status":"publish","type":"product","link":"https:\/\/yvesfouquet.com\/fr\/produit\/tumba-pod-televizor-directoire-mt177e-2\/","title":{"rendered":"Meuble TV Directoire MT177e"},"content":{"rendered":"<p>Au 21\u00e8me si\u00e8cle, il est impossible d\u2019imaginer une maison confortable sans une grande t\u00e9l\u00e9vision. Et comme l\u2019int\u00e9rieur vintage n\u00e9cessite une approche particuli\u00e8re, les designers Yves Fouquet ont d\u00e9velopp\u00e9 un mod\u00e8le original de meuble TV \u00e0 l\u2019ancienne. Le mod\u00e8le massif a des lignes claires strictes inh\u00e9rentes \u00e0 l\u2019\u00e8re du r\u00e9pertoire Fran\u00e7ais et r\u00e9siste parfaitement au poids du gros plasma.<\/p>\n<p>Les meubles exclusifs produits par la manufacture ukrainienne Yves Fouquet correspondent \u00e0 l\u2019\u00e9poque historique et r\u00e9pondent pleinement aux normes de la vie confortable d\u2019une personne moderne. Fabriqu\u00e9 en bois naturel, le meuble TV dans le style du R\u00e9pertoire aidera \u00e0 int\u00e9grer harmonieusement les appareils m\u00e9nagers modernes dans l\u2019atmosph\u00e8re ancienne de la maison.<\/p>\n<p>Le mod\u00e8le dispose d\u2019un cadran robuste et de trois compartiments ouverts pour les choses. Comme tous les meubles de la manufacture, il est fabriqu\u00e9 \u00e0 partir des meilleurs types de bois naturel en utilisant des technologies originales construites \u00e0 la main. Il utilise des clous en bois et l\u2019ancienne technologie de spike-groove.<\/p>\n<p>Dans la conception du produit, des techniques de vieillissement sp\u00e9ciales ont \u00e9t\u00e9 utilis\u00e9es. La peinture sur les bords et les coins a des \u00e9raflures, des traces artificielles de dames, de petits \u00e9clats et des rayures sont visibles sur le bois. Les meubles assembl\u00e9s \u00e0 la main sont fabriqu\u00e9s sur commande, de sorte que vous pouvez changer leur couleur, leur taille et leur design.<\/p>\n","protected":false},"excerpt":{"rendered":"<p><strong>Dimensions:<\/strong> L2340 x H430 x P600<\/p>\n<p><strong>Description:<\/strong> 4 niches pour la technologie<\/p>\n","protected":false},"featured_media":21849,"template":"","meta":[],"product_cat":[150,178],"product_tag":[],"yoast_head":"<!-- This site is optimized with the Yoast SEO Premium plugin v20.7 (Yoast SEO v20.8) - https:\/\/yoast.com\/wordpress\/plugins\/seo\/ -->\n<title>Table de t\u00e9l\u00e9vision en bois dans l\u2019ancien style - Yves Fouquet<\/title>\n<meta name=\"description\" content=\"Mobilier design exclusif dans un style antique \u00e0 commander en Ukraine. Grand meuble TV en bois naturel. Usine de meubles Yves Fouquet\" \/>\n<meta name=\"robots\" content=\"index, follow, max-snippet:-1, max-image-preview:large, max-video-preview:-1\" \/>\n<link rel=\"canonical\" href=\"https:\/\/yvesfouquet.com\/fr\/produit\/tumba-pod-televizor-directoire-mt177e-2\/\" \/>\n<meta property=\"og:locale\" content=\"fr_FR\" \/>\n<meta property=\"og:type\" content=\"article\" \/>\n<meta property=\"og:title\" content=\"Meuble TV Directoire MT177e\" \/>\n<meta property=\"og:description\" content=\"Mobilier design exclusif dans un style antique \u00e0 commander en Ukraine. Grand meuble TV en bois naturel. Usine de meubles Yves Fouquet\" \/>\n<meta property=\"og:url\" content=\"https:\/\/yvesfouquet.com\/fr\/produit\/tumba-pod-televizor-directoire-mt177e-2\/\" \/>\n<meta property=\"og:site_name\" content=\"Yves Fouquet\" \/>\n<meta property=\"article:publisher\" content=\"https:\/\/www.facebook.com\/boutiueyvesfouquet\" \/>\n<meta property=\"og:image\" content=\"https:\/\/yvesfouquet.com\/wp-content\/uploads\/2020\/10\/yf-tvset-3-scaled-1.jpg\" \/>\n\t<meta property=\"og:image:width\" content=\"1707\" \/>\n\t<meta property=\"og:image:height\" content=\"2560\" \/>\n\t<meta property=\"og:image:type\" content=\"image\/jpeg\" \/>\n<meta name=\"twitter:card\" content=\"summary_large_image\" \/>\n<meta name=\"twitter:label1\" content=\"Prix\" \/>\n\t<meta name=\"twitter:data1\" content=\"\" \/>\n\t<meta name=\"twitter:label2\" content=\"Disponibilit\u00e9\" \/>\n\t<meta name=\"twitter:data2\" content=\"En stock\" \/>\n<script type=\"application\/ld+json\" class=\"yoast-schema-graph\">{\"@context\":\"https:\/\/schema.org\",\"@graph\":[{\"@type\":[\"WebPage\",\"ItemPage\"],\"@id\":\"https:\/\/yvesfouquet.com\/fr\/produit\/tumba-pod-televizor-directoire-mt177e-2\/\",\"url\":\"https:\/\/yvesfouquet.com\/fr\/produit\/tumba-pod-televizor-directoire-mt177e-2\/\",\"name\":\"Table de t\u00e9l\u00e9vision en bois dans l\u2019ancien style - Yves Fouquet\",\"isPartOf\":{\"@id\":\"https:\/\/yvesfouquet.com\/#website\"},\"datePublished\":\"2022-04-29T21:18:36+00:00\",\"dateModified\":\"2022-04-29T21:18:36+00:00\",\"description\":\"Mobilier design exclusif dans un style antique \u00e0 commander en Ukraine. Grand meuble TV en bois naturel. Usine de meubles Yves Fouquet\",\"breadcrumb\":{\"@id\":\"https:\/\/yvesfouquet.com\/fr\/produit\/tumba-pod-televizor-directoire-mt177e-2\/#breadcrumb\"},\"inLanguage\":\"fr-FR\",\"potentialAction\":[{\"@type\":\"ReadAction\",\"target\":[\"https:\/\/yvesfouquet.com\/fr\/produit\/tumba-pod-televizor-directoire-mt177e-2\/\"]}]},{\"@type\":\"BreadcrumbList\",\"@id\":\"https:\/\/yvesfouquet.com\/fr\/produit\/tumba-pod-televizor-directoire-mt177e-2\/#breadcrumb\",\"itemListElement\":[{\"@type\":\"ListItem\",\"position\":1,\"name\":\"\u0413\u043b\u0430\u0432\u043d\u0430\u044f\",\"item\":\"https:\/\/yvesfouquet.com\/fr\/\"},{\"@type\":\"ListItem\",\"position\":2,\"name\":\"Collections\",\"item\":\"https:\/\/yvesfouquet.com\/fr\/collections\/\"},{\"@type\":\"ListItem\",\"position\":3,\"name\":\"Meuble TV Directoire MT177e\"}]},{\"@type\":\"WebSite\",\"@id\":\"https:\/\/yvesfouquet.com\/#website\",\"url\":\"https:\/\/yvesfouquet.com\/\",\"name\":\"Yves Fouquet\",\"description\":\"\u0424\u0440\u0430\u043d\u0446\u0443\u0437\u0441\u043a\u0430\u044f \u043c\u0435\u0431\u0435\u043b\u044c\",\"potentialAction\":[{\"@type\":\"SearchAction\",\"target\":{\"@type\":\"EntryPoint\",\"urlTemplate\":\"https:\/\/yvesfouquet.com\/?s={search_term_string}\"},\"query-input\":\"required name=search_term_string\"}],\"inLanguage\":\"fr-FR\"}]}<\/script>\n<meta property=\"product:price:amount\" content=\"0\" \/>\n<meta property=\"product:price:currency\" content=\"EUR\" \/>\n<meta property=\"og:availability\" content=\"instock\" \/>\n<meta property=\"product:availability\" content=\"instock\" \/>\n<meta property=\"product:retailer_item_id\" content=\"MT177-1\" \/>\n<meta property=\"product:condition\" content=\"new\" \/>\n<!-- \/ Yoast SEO Premium plugin. -->","yoast_head_json":{"title":"Table de t\u00e9l\u00e9vision en bois dans l\u2019ancien style - Yves Fouquet","description":"Mobilier design exclusif dans un style antique \u00e0 commander en Ukraine. Grand meuble TV en bois naturel. Usine de meubles Yves Fouquet","robots":{"index":"index","follow":"follow","max-snippet":"max-snippet:-1","max-image-preview":"max-image-preview:large","max-video-preview":"max-video-preview:-1"},"canonical":"https:\/\/yvesfouquet.com\/fr\/produit\/tumba-pod-televizor-directoire-mt177e-2\/","og_locale":"fr_FR","og_type":"article","og_title":"Meuble TV Directoire MT177e","og_description":"Mobilier design exclusif dans un style antique \u00e0 commander en Ukraine. Grand meuble TV en bois naturel. Usine de meubles Yves Fouquet","og_url":"https:\/\/yvesfouquet.com\/fr\/produit\/tumba-pod-televizor-directoire-mt177e-2\/","og_site_name":"Yves Fouquet","article_publisher":"https:\/\/www.facebook.com\/boutiueyvesfouquet","og_image":[{"width":1707,"height":2560,"url":"https:\/\/yvesfouquet.com\/wp-content\/uploads\/2020\/10\/yf-tvset-3-scaled-1.jpg","type":"image\/jpeg"}],"twitter_card":"summary_large_image","twitter_misc":{"Prix":"","Disponibilit\u00e9":"En stock"},"schema":{"@context":"https:\/\/schema.org","@graph":[{"@type":["WebPage","ItemPage"],"@id":"https:\/\/yvesfouquet.com\/fr\/produit\/tumba-pod-televizor-directoire-mt177e-2\/","url":"https:\/\/yvesfouquet.com\/fr\/produit\/tumba-pod-televizor-directoire-mt177e-2\/","name":"Table de t\u00e9l\u00e9vision en bois dans l\u2019ancien style - Yves Fouquet","isPartOf":{"@id":"https:\/\/yvesfouquet.com\/#website"},"datePublished":"2022-04-29T21:18:36+00:00","dateModified":"2022-04-29T21:18:36+00:00","description":"Mobilier design exclusif dans un style antique \u00e0 commander en Ukraine. Grand meuble TV en bois naturel. Usine de meubles Yves Fouquet","breadcrumb":{"@id":"https:\/\/yvesfouquet.com\/fr\/produit\/tumba-pod-televizor-directoire-mt177e-2\/#breadcrumb"},"inLanguage":"fr-FR","potentialAction":[{"@type":"ReadAction","target":["https:\/\/yvesfouquet.com\/fr\/produit\/tumba-pod-televizor-directoire-mt177e-2\/"]}]},{"@type":"BreadcrumbList","@id":"https:\/\/yvesfouquet.com\/fr\/produit\/tumba-pod-televizor-directoire-mt177e-2\/#breadcrumb","itemListElement":[{"@type":"ListItem","position":1,"name":"\u0413\u043b\u0430\u0432\u043d\u0430\u044f","item":"https:\/\/yvesfouquet.com\/fr\/"},{"@type":"ListItem","position":2,"name":"Collections","item":"https:\/\/yvesfouquet.com\/fr\/collections\/"},{"@type":"ListItem","position":3,"name":"Meuble TV Directoire MT177e"}]},{"@type":"WebSite","@id":"https:\/\/yvesfouquet.com\/#website","url":"https:\/\/yvesfouquet.com\/","name":"Yves Fouquet","description":"\u0424\u0440\u0430\u043d\u0446\u0443\u0437\u0441\u043a\u0430\u044f \u043c\u0435\u0431\u0435\u043b\u044c","potentialAction":[{"@type":"SearchAction","target":{"@type":"EntryPoint","urlTemplate":"https:\/\/yvesfouquet.com\/?s={search_term_string}"},"query-input":"required name=search_term_string"}],"inLanguage":"fr-FR"}]},"product_price_currency":"EUR","og_availability":"instock","product_availability":"instock","product_retailer_item_id":"MT177-1","product_condition":"new"},"_links":{"self":[{"href":"https:\/\/yvesfouquet.com\/fr\/wp-json\/wp\/v2\/product\/18362"}],"collection":[{"href":"https:\/\/yvesfouquet.com\/fr\/wp-json\/wp\/v2\/product"}],"about":[{"href":"https:\/\/yvesfouquet.com\/fr\/wp-json\/wp\/v2\/types\/product"}],"version-history":[{"count":0,"href":"https:\/\/yvesfouquet.com\/fr\/wp-json\/wp\/v2\/product\/18362\/revisions"}],"wp:featuredmedia":[{"embeddable":true,"href":"https:\/\/yvesfouquet.com\/fr\/wp-json\/wp\/v2\/media\/21849"}],"wp:attachment":[{"href":"https:\/\/yvesfouquet.com\/fr\/wp-json\/wp\/v2\/media?parent=18362"}],"wp:term":[{"taxonomy":"product_cat","embeddable":true,"href":"https:\/\/yvesfouquet.com\/fr\/wp-json\/wp\/v2\/product_cat?post=18362"},{"taxonomy":"product_tag","embeddable":true,"href":"https:\/\/yvesfouquet.com\/fr\/wp-json\/wp\/v2\/product_tag?post=18362"}],"curies":[{"name":"wp","href":"https:\/\/api.w.org\/{rel}","templated":true}]}}