{"id":18363,"date":"2020-10-26T18:12:01","date_gmt":"2022-04-29T21:18:37","guid":{"rendered":"https:\/\/yvesfouquet.com\/product\/armoire-paravent-bf526d\/"},"modified":"2022-04-30T00:18:37","modified_gmt":"2022-04-29T21:18:37","slug":"tumba-paravent-bf526d-2","status":"publish","type":"product","link":"https:\/\/yvesfouquet.com\/fr\/produit\/tumba-paravent-bf526d-2\/","title":{"rendered":"Armoire Paravent BF526d"},"content":{"rendered":"<p>Les meubles design ne sont pas seulement une d\u00e9coration int\u00e9rieure \u00e9l\u00e9gante, mais aussi une partie importante de l\u2019environnement de la maison. Le meuble TV en bois naturel des ma\u00eetres de l\u2019usine de meubles Yves Fouquet se distingue \u00e0 la fois par un design antique original et une praticit\u00e9. Fabriqu\u00e9 sur commande, il s\u2019int\u00e9grera parfaitement dans l\u2019int\u00e9rieur unique de l\u2019auteur.<\/p>\n<p>L\u2019armoire en bois paravent aura fi\u00e8re allure dans le salon. C\u2019est l\u2019endroit id\u00e9al pour accueillir une grande t\u00e9l\u00e9vision moderne. De plus, sur son comptoir spacieux, vous pouvez installer une horloge vintage, un cand\u00e9labre, des cadres photo de famille et d\u2019autres \u00e9l\u00e9ments de d\u00e9coration int\u00e9rieure.<\/p>\n<p>Le meuble TV \u00e9l\u00e9gant et spacieux pour les antiquit\u00e9s est \u00e9quip\u00e9 de quatre portes d\u2019origine sous la forme d\u2019\u00e9crans. Une conception aussi inhabituelle rend facile et pratique de les utiliser, \u00e9conomisant de l\u2019espace. Des looks lumineux et exclusifs frais\u00e9s avec des diamants, d\u00e9cor\u00e9s de petits \u0153illets d\u00e9coratifs. L\u2019aristocratie et l\u2019\u00e9l\u00e9gance sont ajout\u00e9es au produit par de petits pieds incurv\u00e9s et un fond sculpt\u00e9.<\/p>\n<p>Le mobilier d\u2019int\u00e9rieur est assembl\u00e9 selon d\u2019anciennes technologies manuelles. Une atmosph\u00e8re particuli\u00e8re est cr\u00e9\u00e9e en appliquant les effets du vieillissement &#8211; les rayures l\u00e9g\u00e8res, les \u00e9raflures et les traces artificielles du damier sont r\u00e9alistes et tr\u00e8s color\u00e9es.<\/p>\n","protected":false},"excerpt":{"rendered":"<p><strong>Dimensions:<\/strong> L2000 x H600 x P530<\/p>\n<p><strong>Description:<\/strong> 4 portes (moustiquaires)<\/p>\n","protected":false},"featured_media":21853,"template":"","meta":[],"product_cat":[155,178],"product_tag":[],"yoast_head":"<!-- This site is optimized with the Yoast SEO Premium plugin v20.7 (Yoast SEO v20.8) - https:\/\/yoast.com\/wordpress\/plugins\/seo\/ -->\n<title>Meuble TV en bois naturel - Yves Fouquet<\/title>\n<meta name=\"description\" content=\"Mobilier d\u2019int\u00e9rieur de classe premium. Meuble TV en bois \u00e0 l\u2019ancienne sur commande. Fran\u00e7ais raccords, montage manuel, conception de l\u2019auteur. Production en Ukraine Yves Fouquet\" \/>\n<meta name=\"robots\" content=\"index, follow, max-snippet:-1, max-image-preview:large, max-video-preview:-1\" \/>\n<link rel=\"canonical\" href=\"https:\/\/yvesfouquet.com\/fr\/produit\/tumba-paravent-bf526d-2\/\" \/>\n<meta property=\"og:locale\" content=\"fr_FR\" \/>\n<meta property=\"og:type\" content=\"article\" \/>\n<meta property=\"og:title\" content=\"Armoire Paravent BF526d\" \/>\n<meta property=\"og:description\" content=\"Mobilier d\u2019int\u00e9rieur de classe premium. Meuble TV en bois \u00e0 l\u2019ancienne sur commande. Fran\u00e7ais raccords, montage manuel, conception de l\u2019auteur. Production en Ukraine Yves Fouquet\" \/>\n<meta property=\"og:url\" content=\"https:\/\/yvesfouquet.com\/fr\/produit\/tumba-paravent-bf526d-2\/\" \/>\n<meta property=\"og:site_name\" content=\"Yves Fouquet\" \/>\n<meta property=\"article:publisher\" content=\"https:\/\/www.facebook.com\/boutiueyvesfouquet\" \/>\n<meta property=\"og:image\" content=\"https:\/\/yvesfouquet.com\/wp-content\/uploads\/2020\/10\/1-1.png\" \/>\n\t<meta property=\"og:image:width\" content=\"1080\" \/>\n\t<meta property=\"og:image:height\" content=\"1080\" \/>\n\t<meta property=\"og:image:type\" content=\"image\/png\" \/>\n<meta name=\"twitter:card\" content=\"summary_large_image\" \/>\n<meta name=\"twitter:label1\" content=\"Prix\" \/>\n\t<meta name=\"twitter:data1\" content=\"\" \/>\n\t<meta name=\"twitter:label2\" content=\"Disponibilit\u00e9\" \/>\n\t<meta name=\"twitter:data2\" content=\"En stock\" \/>\n<script type=\"application\/ld+json\" class=\"yoast-schema-graph\">{\"@context\":\"https:\/\/schema.org\",\"@graph\":[{\"@type\":[\"WebPage\",\"ItemPage\"],\"@id\":\"https:\/\/yvesfouquet.com\/fr\/produit\/tumba-paravent-bf526d-2\/\",\"url\":\"https:\/\/yvesfouquet.com\/fr\/produit\/tumba-paravent-bf526d-2\/\",\"name\":\"Meuble TV en bois naturel - Yves Fouquet\",\"isPartOf\":{\"@id\":\"https:\/\/yvesfouquet.com\/#website\"},\"datePublished\":\"2022-04-29T21:18:37+00:00\",\"dateModified\":\"2022-04-29T21:18:37+00:00\",\"description\":\"Mobilier d\u2019int\u00e9rieur de classe premium. Meuble TV en bois \u00e0 l\u2019ancienne sur commande. Fran\u00e7ais raccords, montage manuel, conception de l\u2019auteur. Production en Ukraine Yves Fouquet\",\"breadcrumb\":{\"@id\":\"https:\/\/yvesfouquet.com\/fr\/produit\/tumba-paravent-bf526d-2\/#breadcrumb\"},\"inLanguage\":\"fr-FR\",\"potentialAction\":[{\"@type\":\"ReadAction\",\"target\":[\"https:\/\/yvesfouquet.com\/fr\/produit\/tumba-paravent-bf526d-2\/\"]}]},{\"@type\":\"BreadcrumbList\",\"@id\":\"https:\/\/yvesfouquet.com\/fr\/produit\/tumba-paravent-bf526d-2\/#breadcrumb\",\"itemListElement\":[{\"@type\":\"ListItem\",\"position\":1,\"name\":\"\u0413\u043b\u0430\u0432\u043d\u0430\u044f\",\"item\":\"https:\/\/yvesfouquet.com\/fr\/\"},{\"@type\":\"ListItem\",\"position\":2,\"name\":\"Collections\",\"item\":\"https:\/\/yvesfouquet.com\/fr\/collections\/\"},{\"@type\":\"ListItem\",\"position\":3,\"name\":\"Armoire Paravent BF526d\"}]},{\"@type\":\"WebSite\",\"@id\":\"https:\/\/yvesfouquet.com\/#website\",\"url\":\"https:\/\/yvesfouquet.com\/\",\"name\":\"Yves Fouquet\",\"description\":\"\u0424\u0440\u0430\u043d\u0446\u0443\u0437\u0441\u043a\u0430\u044f \u043c\u0435\u0431\u0435\u043b\u044c\",\"potentialAction\":[{\"@type\":\"SearchAction\",\"target\":{\"@type\":\"EntryPoint\",\"urlTemplate\":\"https:\/\/yvesfouquet.com\/?s={search_term_string}\"},\"query-input\":\"required name=search_term_string\"}],\"inLanguage\":\"fr-FR\"}]}<\/script>\n<meta property=\"product:price:amount\" content=\"0\" \/>\n<meta property=\"product:price:currency\" content=\"EUR\" \/>\n<meta property=\"og:availability\" content=\"instock\" \/>\n<meta property=\"product:availability\" content=\"instock\" \/>\n<meta property=\"product:retailer_item_id\" content=\"BF526D\" \/>\n<meta property=\"product:condition\" content=\"new\" \/>\n<!-- \/ Yoast SEO Premium plugin. -->","yoast_head_json":{"title":"Meuble TV en bois naturel - Yves Fouquet","description":"Mobilier d\u2019int\u00e9rieur de classe premium. Meuble TV en bois \u00e0 l\u2019ancienne sur commande. Fran\u00e7ais raccords, montage manuel, conception de l\u2019auteur. Production en Ukraine Yves Fouquet","robots":{"index":"index","follow":"follow","max-snippet":"max-snippet:-1","max-image-preview":"max-image-preview:large","max-video-preview":"max-video-preview:-1"},"canonical":"https:\/\/yvesfouquet.com\/fr\/produit\/tumba-paravent-bf526d-2\/","og_locale":"fr_FR","og_type":"article","og_title":"Armoire Paravent BF526d","og_description":"Mobilier d\u2019int\u00e9rieur de classe premium. Meuble TV en bois \u00e0 l\u2019ancienne sur commande. Fran\u00e7ais raccords, montage manuel, conception de l\u2019auteur. Production en Ukraine Yves Fouquet","og_url":"https:\/\/yvesfouquet.com\/fr\/produit\/tumba-paravent-bf526d-2\/","og_site_name":"Yves Fouquet","article_publisher":"https:\/\/www.facebook.com\/boutiueyvesfouquet","og_image":[{"width":1080,"height":1080,"url":"https:\/\/yvesfouquet.com\/wp-content\/uploads\/2020\/10\/1-1.png","type":"image\/png"}],"twitter_card":"summary_large_image","twitter_misc":{"Prix":"","Disponibilit\u00e9":"En stock"},"schema":{"@context":"https:\/\/schema.org","@graph":[{"@type":["WebPage","ItemPage"],"@id":"https:\/\/yvesfouquet.com\/fr\/produit\/tumba-paravent-bf526d-2\/","url":"https:\/\/yvesfouquet.com\/fr\/produit\/tumba-paravent-bf526d-2\/","name":"Meuble TV en bois naturel - Yves Fouquet","isPartOf":{"@id":"https:\/\/yvesfouquet.com\/#website"},"datePublished":"2022-04-29T21:18:37+00:00","dateModified":"2022-04-29T21:18:37+00:00","description":"Mobilier d\u2019int\u00e9rieur de classe premium. Meuble TV en bois \u00e0 l\u2019ancienne sur commande. Fran\u00e7ais raccords, montage manuel, conception de l\u2019auteur. Production en Ukraine Yves Fouquet","breadcrumb":{"@id":"https:\/\/yvesfouquet.com\/fr\/produit\/tumba-paravent-bf526d-2\/#breadcrumb"},"inLanguage":"fr-FR","potentialAction":[{"@type":"ReadAction","target":["https:\/\/yvesfouquet.com\/fr\/produit\/tumba-paravent-bf526d-2\/"]}]},{"@type":"BreadcrumbList","@id":"https:\/\/yvesfouquet.com\/fr\/produit\/tumba-paravent-bf526d-2\/#breadcrumb","itemListElement":[{"@type":"ListItem","position":1,"name":"\u0413\u043b\u0430\u0432\u043d\u0430\u044f","item":"https:\/\/yvesfouquet.com\/fr\/"},{"@type":"ListItem","position":2,"name":"Collections","item":"https:\/\/yvesfouquet.com\/fr\/collections\/"},{"@type":"ListItem","position":3,"name":"Armoire Paravent BF526d"}]},{"@type":"WebSite","@id":"https:\/\/yvesfouquet.com\/#website","url":"https:\/\/yvesfouquet.com\/","name":"Yves Fouquet","description":"\u0424\u0440\u0430\u043d\u0446\u0443\u0437\u0441\u043a\u0430\u044f \u043c\u0435\u0431\u0435\u043b\u044c","potentialAction":[{"@type":"SearchAction","target":{"@type":"EntryPoint","urlTemplate":"https:\/\/yvesfouquet.com\/?s={search_term_string}"},"query-input":"required name=search_term_string"}],"inLanguage":"fr-FR"}]},"product_price_currency":"EUR","og_availability":"instock","product_availability":"instock","product_retailer_item_id":"BF526D","product_condition":"new"},"_links":{"self":[{"href":"https:\/\/yvesfouquet.com\/fr\/wp-json\/wp\/v2\/product\/18363"}],"collection":[{"href":"https:\/\/yvesfouquet.com\/fr\/wp-json\/wp\/v2\/product"}],"about":[{"href":"https:\/\/yvesfouquet.com\/fr\/wp-json\/wp\/v2\/types\/product"}],"version-history":[{"count":0,"href":"https:\/\/yvesfouquet.com\/fr\/wp-json\/wp\/v2\/product\/18363\/revisions"}],"wp:featuredmedia":[{"embeddable":true,"href":"https:\/\/yvesfouquet.com\/fr\/wp-json\/wp\/v2\/media\/21853"}],"wp:attachment":[{"href":"https:\/\/yvesfouquet.com\/fr\/wp-json\/wp\/v2\/media?parent=18363"}],"wp:term":[{"taxonomy":"product_cat","embeddable":true,"href":"https:\/\/yvesfouquet.com\/fr\/wp-json\/wp\/v2\/product_cat?post=18363"},{"taxonomy":"product_tag","embeddable":true,"href":"https:\/\/yvesfouquet.com\/fr\/wp-json\/wp\/v2\/product_tag?post=18363"}],"curies":[{"name":"wp","href":"https:\/\/api.w.org\/{rel}","templated":true}]}}