{"id":18367,"date":"2022-04-30T00:19:07","date_gmt":"2022-04-29T21:19:07","guid":{"rendered":"https:\/\/yvesfouquet.com\/product\/ecran-she02\/"},"modified":"2022-04-30T00:19:07","modified_gmt":"2022-04-29T21:19:07","slug":"ecran-she02","status":"publish","type":"product","link":"https:\/\/yvesfouquet.com\/fr\/ecran-she02\/","title":{"rendered":"\u00c9cran SHE02"},"content":{"rendered":"<p>Les \u00e9crans d\u00e9coratifs en bois naturel sont l\u2019un des \u00e9l\u00e9ments les plus lumineux et les plus inhabituels du design d\u2019int\u00e9rieur. Apparaissant dans la Chine ancienne, ils \u00e9taient utilis\u00e9s comme une lumi\u00e8re, divisant l\u2019espace de la partition et avaient un but purement pratique. Ayant acquis une grande popularit\u00e9 en Europe au fil du temps, les \u00e9crans sont devenus une d\u00e9coration originale et une composante lumineuse de l\u2019int\u00e9rieur design.<\/p>\n<p>Les ma\u00eetres de l\u2019usine de meubles Yves Fouquet cr\u00e9ent des \u00e9crans coulissants exclusifs en bois dans un style classique. Ils sont facilement d\u00e9pli\u00e9s, se transformant en une belle cloison d\u00e9corative, et sont commod\u00e9ment pli\u00e9s, occupant un minimum d\u2019espace libre.<\/p>\n<p>L\u2019\u00e9cran d\u00e9coratif peut \u00eatre install\u00e9 dans n\u2019importe quelle pi\u00e8ce. Avec son aide, vous pouvez s\u00e9parer une partie du salon, le transformant en un petit boudoir confortable. Cr\u00e9ez un endroit isol\u00e9 pour une table de maquillage dans la chambre \u00e0 coucher ou une armoire improvis\u00e9e dans le couloir. L\u2019\u00e9cran non seulement zone parfaitement l\u2019espace, mais devient son d\u00e9tail unique et lumineux.<\/p>\n<p>Les \u00e9crans en bois naturel sont fabriqu\u00e9s sur commande conform\u00e9ment \u00e0 tous les souhaits du client. Vous pouvez choisir la couleur et la d\u00e9coration qui s\u2019adapteront parfaitement au concept global de l\u2019ameublement de votre maison.<\/p>\n","protected":false},"excerpt":{"rendered":"<p>Les \u00e9crans d\u00e9coratifs en bois naturel sont l\u2019un des \u00e9l\u00e9ments les plus lumineux et les plus inhabituels du design d\u2019int\u00e9rieur.<\/p>\n","protected":false},"featured_media":0,"template":"","meta":[],"product_cat":[],"product_tag":[],"yoast_head":"<!-- This site is optimized with the Yoast SEO Premium plugin v20.7 (Yoast SEO v20.8) - https:\/\/yoast.com\/wordpress\/plugins\/seo\/ -->\n<title>\u00c9cran SHE02 - Yves Fouquet<\/title>\n<meta name=\"robots\" content=\"index, follow, max-snippet:-1, max-image-preview:large, max-video-preview:-1\" \/>\n<link rel=\"canonical\" href=\"https:\/\/yvesfouquet.com\/fr\/ecran-she02\/\" \/>\n<meta property=\"og:locale\" content=\"fr_FR\" \/>\n<meta property=\"og:type\" content=\"article\" \/>\n<meta property=\"og:title\" content=\"\u00c9cran SHE02\" \/>\n<meta property=\"og:description\" content=\"Les \u00e9crans d\u00e9coratifs en bois naturel sont l\u2019un des \u00e9l\u00e9ments les plus lumineux et les plus inhabituels du design d\u2019int\u00e9rieur.\" \/>\n<meta property=\"og:url\" content=\"https:\/\/yvesfouquet.com\/fr\/ecran-she02\/\" \/>\n<meta property=\"og:site_name\" content=\"Yves Fouquet\" \/>\n<meta property=\"article:publisher\" content=\"https:\/\/www.facebook.com\/boutiueyvesfouquet\" \/>\n<meta name=\"twitter:card\" content=\"summary_large_image\" \/>\n<meta name=\"twitter:label1\" content=\"Prix\" \/>\n\t<meta name=\"twitter:data1\" content=\"\" \/>\n\t<meta name=\"twitter:label2\" content=\"Disponibilit\u00e9\" \/>\n\t<meta name=\"twitter:data2\" content=\"En stock\" \/>\n<script type=\"application\/ld+json\" class=\"yoast-schema-graph\">{\"@context\":\"https:\/\/schema.org\",\"@graph\":[{\"@type\":[\"WebPage\",\"ItemPage\"],\"@id\":\"https:\/\/yvesfouquet.com\/fr\/ecran-she02\/\",\"url\":\"https:\/\/yvesfouquet.com\/fr\/ecran-she02\/\",\"name\":\"\u00c9cran SHE02 - Yves Fouquet\",\"isPartOf\":{\"@id\":\"https:\/\/yvesfouquet.com\/#website\"},\"datePublished\":\"2022-04-29T21:19:07+00:00\",\"dateModified\":\"2022-04-29T21:19:07+00:00\",\"breadcrumb\":{\"@id\":\"https:\/\/yvesfouquet.com\/fr\/ecran-she02\/#breadcrumb\"},\"inLanguage\":\"fr-FR\",\"potentialAction\":[{\"@type\":\"ReadAction\",\"target\":[\"https:\/\/yvesfouquet.com\/fr\/ecran-she02\/\"]}]},{\"@type\":\"BreadcrumbList\",\"@id\":\"https:\/\/yvesfouquet.com\/fr\/ecran-she02\/#breadcrumb\",\"itemListElement\":[{\"@type\":\"ListItem\",\"position\":1,\"name\":\"\u0413\u043b\u0430\u0432\u043d\u0430\u044f\",\"item\":\"https:\/\/yvesfouquet.com\/fr\/\"},{\"@type\":\"ListItem\",\"position\":2,\"name\":\"Collections\",\"item\":\"https:\/\/yvesfouquet.com\/fr\/collections\/\"},{\"@type\":\"ListItem\",\"position\":3,\"name\":\"\u00c9cran SHE02\"}]},{\"@type\":\"WebSite\",\"@id\":\"https:\/\/yvesfouquet.com\/#website\",\"url\":\"https:\/\/yvesfouquet.com\/\",\"name\":\"Yves Fouquet\",\"description\":\"\u0424\u0440\u0430\u043d\u0446\u0443\u0437\u0441\u043a\u0430\u044f \u043c\u0435\u0431\u0435\u043b\u044c\",\"potentialAction\":[{\"@type\":\"SearchAction\",\"target\":{\"@type\":\"EntryPoint\",\"urlTemplate\":\"https:\/\/yvesfouquet.com\/?s={search_term_string}\"},\"query-input\":\"required name=search_term_string\"}],\"inLanguage\":\"fr-FR\"}]}<\/script>\n<meta property=\"product:price:amount\" content=\"0\" \/>\n<meta property=\"product:price:currency\" content=\"EUR\" \/>\n<meta property=\"og:availability\" content=\"instock\" \/>\n<meta property=\"product:availability\" content=\"instock\" \/>\n<meta property=\"product:condition\" content=\"new\" \/>\n<!-- \/ Yoast SEO Premium plugin. -->","yoast_head_json":{"title":"\u00c9cran SHE02 - Yves Fouquet","robots":{"index":"index","follow":"follow","max-snippet":"max-snippet:-1","max-image-preview":"max-image-preview:large","max-video-preview":"max-video-preview:-1"},"canonical":"https:\/\/yvesfouquet.com\/fr\/ecran-she02\/","og_locale":"fr_FR","og_type":"article","og_title":"\u00c9cran SHE02","og_description":"Les \u00e9crans d\u00e9coratifs en bois naturel sont l\u2019un des \u00e9l\u00e9ments les plus lumineux et les plus inhabituels du design d\u2019int\u00e9rieur.","og_url":"https:\/\/yvesfouquet.com\/fr\/ecran-she02\/","og_site_name":"Yves Fouquet","article_publisher":"https:\/\/www.facebook.com\/boutiueyvesfouquet","twitter_card":"summary_large_image","twitter_misc":{"Prix":"","Disponibilit\u00e9":"En stock"},"schema":{"@context":"https:\/\/schema.org","@graph":[{"@type":["WebPage","ItemPage"],"@id":"https:\/\/yvesfouquet.com\/fr\/ecran-she02\/","url":"https:\/\/yvesfouquet.com\/fr\/ecran-she02\/","name":"\u00c9cran SHE02 - Yves Fouquet","isPartOf":{"@id":"https:\/\/yvesfouquet.com\/#website"},"datePublished":"2022-04-29T21:19:07+00:00","dateModified":"2022-04-29T21:19:07+00:00","breadcrumb":{"@id":"https:\/\/yvesfouquet.com\/fr\/ecran-she02\/#breadcrumb"},"inLanguage":"fr-FR","potentialAction":[{"@type":"ReadAction","target":["https:\/\/yvesfouquet.com\/fr\/ecran-she02\/"]}]},{"@type":"BreadcrumbList","@id":"https:\/\/yvesfouquet.com\/fr\/ecran-she02\/#breadcrumb","itemListElement":[{"@type":"ListItem","position":1,"name":"\u0413\u043b\u0430\u0432\u043d\u0430\u044f","item":"https:\/\/yvesfouquet.com\/fr\/"},{"@type":"ListItem","position":2,"name":"Collections","item":"https:\/\/yvesfouquet.com\/fr\/collections\/"},{"@type":"ListItem","position":3,"name":"\u00c9cran SHE02"}]},{"@type":"WebSite","@id":"https:\/\/yvesfouquet.com\/#website","url":"https:\/\/yvesfouquet.com\/","name":"Yves Fouquet","description":"\u0424\u0440\u0430\u043d\u0446\u0443\u0437\u0441\u043a\u0430\u044f \u043c\u0435\u0431\u0435\u043b\u044c","potentialAction":[{"@type":"SearchAction","target":{"@type":"EntryPoint","urlTemplate":"https:\/\/yvesfouquet.com\/?s={search_term_string}"},"query-input":"required name=search_term_string"}],"inLanguage":"fr-FR"}]},"product_price_currency":"EUR","og_availability":"instock","product_availability":"instock","product_condition":"new"},"_links":{"self":[{"href":"https:\/\/yvesfouquet.com\/fr\/wp-json\/wp\/v2\/product\/18367"}],"collection":[{"href":"https:\/\/yvesfouquet.com\/fr\/wp-json\/wp\/v2\/product"}],"about":[{"href":"https:\/\/yvesfouquet.com\/fr\/wp-json\/wp\/v2\/types\/product"}],"version-history":[{"count":0,"href":"https:\/\/yvesfouquet.com\/fr\/wp-json\/wp\/v2\/product\/18367\/revisions"}],"wp:attachment":[{"href":"https:\/\/yvesfouquet.com\/fr\/wp-json\/wp\/v2\/media?parent=18367"}],"wp:term":[{"taxonomy":"product_cat","embeddable":true,"href":"https:\/\/yvesfouquet.com\/fr\/wp-json\/wp\/v2\/product_cat?post=18367"},{"taxonomy":"product_tag","embeddable":true,"href":"https:\/\/yvesfouquet.com\/fr\/wp-json\/wp\/v2\/product_tag?post=18367"}],"curies":[{"name":"wp","href":"https:\/\/api.w.org\/{rel}","templated":true}]}}