{"id":18377,"date":"2020-10-26T21:10:34","date_gmt":"2022-04-29T21:19:56","guid":{"rendered":"https:\/\/yvesfouquet.com\/product\/vitrine-ilussion\/"},"modified":"2022-09-24T13:57:54","modified_gmt":"2022-09-24T10:57:54","slug":"vitrina-ilussion","status":"publish","type":"product","link":"https:\/\/yvesfouquet.com\/fr\/produit\/vitrina-ilussion\/","title":{"rendered":"Vitrine Ilussion"},"content":{"rendered":"<p>Une magnifique d\u00e9coration de votre mobilier sera une \u00e9l\u00e9gante vitrine Ilussion en verre et bois naturel. Le travail exclusif des ma\u00eetres de l\u2019usine de meubles ukrainienne Yves Fouquet surprend \u00e0 nouveau par sa beaut\u00e9 et sa haute qualit\u00e9 d\u2019assemblage manuel.<\/p>\n<p>Le corps de la vitrine en bois est en noir. Un contraste spectaculaire avec elle est l\u2019ombre de la chaux et le papier peint d\u00e9coratif original de la partie int\u00e9rieure. L\u00e9g\u00e8ret\u00e9 et \u00e9l\u00e9gance sont ajout\u00e9es par des \u00e9tag\u00e8res en verre. Pour jouer toutes les couleurs vives rend la magie est dans l\u2019\u00e9clairage de l\u2019air install\u00e9 dans la vitrine.<\/p>\n<p>Les portes de fa\u00e7ade de la vitrine sont s\u00e9par\u00e9es par quatre inserts en verre. Les c\u00f4t\u00e9s sont en verre massif. Souligne le style ancien des accessoires de Fran\u00e7ais luxueux et l\u2019utilisation subtile des effets de vieillissement.<\/p>\n<p>Une \u00e9l\u00e9gante vitrine d\u2019antiquit\u00e9s aura fi\u00e8re allure dans le salon, la salle \u00e0 manger, le bureau et la biblioth\u00e8que. Sur ses \u00e9tag\u00e8res en verre, vous pouvez placer un ancien service familial, une collection d\u2019\u00e9l\u00e9gantes figurines en porcelaine, des prix honorifiques et des folios anciens de grand-p\u00e8re. La conception de meubles anciens soulignera favorablement l\u2019importance de toutes les choses de statut.<\/p>\n<p>Les vitrines en bois sont assembl\u00e9es sur commande, par cons\u00e9quent, pour une ad\u00e9quation harmonieuse \u00e0 vos int\u00e9rieurs, vous pouvez toujours apporter les modifications n\u00e9cessaires dans le design, la taille, le d\u00e9cor et la couleur du mod\u00e8le s\u00e9lectionn\u00e9.<\/p>\n","protected":false},"excerpt":{"rendered":"<p><strong>Dimensions:<\/strong> <span class=\"s1\">L1300 x H1700 x P320<\/span><\/p>\n<p><strong>Description:<\/strong> 3 \u00e9tag\u00e8res fixes en verre, r\u00e9tro-\u00e9clairage<br \/>\n<strong>Disponible: <\/strong>comme sur la photo et sans peinture<\/p>\n","protected":false},"featured_media":17458,"template":"","meta":[],"product_cat":[194,150],"product_tag":[],"yoast_head":"<!-- This site is optimized with the Yoast SEO Premium plugin v20.7 (Yoast SEO v20.8) - https:\/\/yoast.com\/wordpress\/plugins\/seo\/ -->\n<title>Mobilier design de luxe dans le style vintage \u00e0 commander - Yves Fouquet<\/title>\n<meta name=\"description\" content=\"Une vitrine \u00e9l\u00e9gante \u00e0 l\u2019ancienne. \u00c9clairage, d\u00e9coration, am\u00e9nagements France. Montage manuel exclusif sur commande aupr\u00e8s des ma\u00eetres de l\u2019usine de meubles Yves Fouquet en Ukraine\" \/>\n<meta name=\"robots\" content=\"index, follow, max-snippet:-1, max-image-preview:large, max-video-preview:-1\" \/>\n<link rel=\"canonical\" href=\"https:\/\/yvesfouquet.com\/fr\/produit\/vitrina-ilussion\/\" \/>\n<meta property=\"og:locale\" content=\"fr_FR\" \/>\n<meta property=\"og:type\" content=\"article\" \/>\n<meta property=\"og:title\" content=\"Vitrine Ilussion\" \/>\n<meta property=\"og:description\" content=\"Une vitrine \u00e9l\u00e9gante \u00e0 l\u2019ancienne. \u00c9clairage, d\u00e9coration, am\u00e9nagements France. Montage manuel exclusif sur commande aupr\u00e8s des ma\u00eetres de l\u2019usine de meubles Yves Fouquet en Ukraine\" \/>\n<meta property=\"og:url\" content=\"https:\/\/yvesfouquet.com\/fr\/produit\/vitrina-ilussion\/\" \/>\n<meta property=\"og:site_name\" content=\"Yves Fouquet\" \/>\n<meta property=\"article:publisher\" content=\"https:\/\/www.facebook.com\/boutiueyvesfouquet\" \/>\n<meta property=\"article:modified_time\" content=\"2022-09-24T10:57:54+00:00\" \/>\n<meta property=\"og:image\" content=\"https:\/\/yvesfouquet.com\/wp-content\/uploads\/2020\/10\/illusion.png\" \/>\n\t<meta property=\"og:image:width\" content=\"1920\" \/>\n\t<meta property=\"og:image:height\" content=\"1920\" \/>\n\t<meta property=\"og:image:type\" content=\"image\/png\" \/>\n<meta name=\"twitter:card\" content=\"summary_large_image\" \/>\n<meta name=\"twitter:label1\" content=\"Prix\" \/>\n\t<meta name=\"twitter:data1\" content=\"\" \/>\n\t<meta name=\"twitter:label2\" content=\"Disponibilit\u00e9\" \/>\n\t<meta name=\"twitter:data2\" content=\"En r\u00e9assort\" \/>\n<script type=\"application\/ld+json\" class=\"yoast-schema-graph\">{\"@context\":\"https:\/\/schema.org\",\"@graph\":[{\"@type\":[\"WebPage\",\"ItemPage\"],\"@id\":\"https:\/\/yvesfouquet.com\/fr\/produit\/vitrina-ilussion\/\",\"url\":\"https:\/\/yvesfouquet.com\/fr\/produit\/vitrina-ilussion\/\",\"name\":\"Mobilier design de luxe dans le style vintage \u00e0 commander - Yves Fouquet\",\"isPartOf\":{\"@id\":\"https:\/\/yvesfouquet.com\/#website\"},\"datePublished\":\"2022-04-29T21:19:56+00:00\",\"dateModified\":\"2022-09-24T10:57:54+00:00\",\"description\":\"Une vitrine \u00e9l\u00e9gante \u00e0 l\u2019ancienne. \u00c9clairage, d\u00e9coration, am\u00e9nagements France. Montage manuel exclusif sur commande aupr\u00e8s des ma\u00eetres de l\u2019usine de meubles Yves Fouquet en Ukraine\",\"breadcrumb\":{\"@id\":\"https:\/\/yvesfouquet.com\/fr\/produit\/vitrina-ilussion\/#breadcrumb\"},\"inLanguage\":\"fr-FR\",\"potentialAction\":[{\"@type\":\"ReadAction\",\"target\":[\"https:\/\/yvesfouquet.com\/fr\/produit\/vitrina-ilussion\/\"]}]},{\"@type\":\"BreadcrumbList\",\"@id\":\"https:\/\/yvesfouquet.com\/fr\/produit\/vitrina-ilussion\/#breadcrumb\",\"itemListElement\":[{\"@type\":\"ListItem\",\"position\":1,\"name\":\"\u0413\u043b\u0430\u0432\u043d\u0430\u044f\",\"item\":\"https:\/\/yvesfouquet.com\/fr\/\"},{\"@type\":\"ListItem\",\"position\":2,\"name\":\"Collections\",\"item\":\"https:\/\/yvesfouquet.com\/fr\/collections\/\"},{\"@type\":\"ListItem\",\"position\":3,\"name\":\"Vitrine Ilussion\"}]},{\"@type\":\"WebSite\",\"@id\":\"https:\/\/yvesfouquet.com\/#website\",\"url\":\"https:\/\/yvesfouquet.com\/\",\"name\":\"Yves Fouquet\",\"description\":\"\u0424\u0440\u0430\u043d\u0446\u0443\u0437\u0441\u043a\u0430\u044f \u043c\u0435\u0431\u0435\u043b\u044c\",\"potentialAction\":[{\"@type\":\"SearchAction\",\"target\":{\"@type\":\"EntryPoint\",\"urlTemplate\":\"https:\/\/yvesfouquet.com\/?s={search_term_string}\"},\"query-input\":\"required name=search_term_string\"}],\"inLanguage\":\"fr-FR\"}]}<\/script>\n<meta property=\"product:price:amount\" content=\"0\" \/>\n<meta property=\"product:price:currency\" content=\"EUR\" \/>\n<meta property=\"og:availability\" content=\"backorder\" \/>\n<meta property=\"product:availability\" content=\"available for order\" \/>\n<meta property=\"product:retailer_item_id\" content=\"VSM024\" \/>\n<meta property=\"product:condition\" content=\"new\" \/>\n<!-- \/ Yoast SEO Premium plugin. -->","yoast_head_json":{"title":"Mobilier design de luxe dans le style vintage \u00e0 commander - Yves Fouquet","description":"Une vitrine \u00e9l\u00e9gante \u00e0 l\u2019ancienne. \u00c9clairage, d\u00e9coration, am\u00e9nagements France. Montage manuel exclusif sur commande aupr\u00e8s des ma\u00eetres de l\u2019usine de meubles Yves Fouquet en Ukraine","robots":{"index":"index","follow":"follow","max-snippet":"max-snippet:-1","max-image-preview":"max-image-preview:large","max-video-preview":"max-video-preview:-1"},"canonical":"https:\/\/yvesfouquet.com\/fr\/produit\/vitrina-ilussion\/","og_locale":"fr_FR","og_type":"article","og_title":"Vitrine Ilussion","og_description":"Une vitrine \u00e9l\u00e9gante \u00e0 l\u2019ancienne. \u00c9clairage, d\u00e9coration, am\u00e9nagements France. Montage manuel exclusif sur commande aupr\u00e8s des ma\u00eetres de l\u2019usine de meubles Yves Fouquet en Ukraine","og_url":"https:\/\/yvesfouquet.com\/fr\/produit\/vitrina-ilussion\/","og_site_name":"Yves Fouquet","article_publisher":"https:\/\/www.facebook.com\/boutiueyvesfouquet","article_modified_time":"2022-09-24T10:57:54+00:00","og_image":[{"width":1920,"height":1920,"url":"https:\/\/yvesfouquet.com\/wp-content\/uploads\/2020\/10\/illusion.png","type":"image\/png"}],"twitter_card":"summary_large_image","twitter_misc":{"Prix":"","Disponibilit\u00e9":"En r\u00e9assort"},"schema":{"@context":"https:\/\/schema.org","@graph":[{"@type":["WebPage","ItemPage"],"@id":"https:\/\/yvesfouquet.com\/fr\/produit\/vitrina-ilussion\/","url":"https:\/\/yvesfouquet.com\/fr\/produit\/vitrina-ilussion\/","name":"Mobilier design de luxe dans le style vintage \u00e0 commander - Yves Fouquet","isPartOf":{"@id":"https:\/\/yvesfouquet.com\/#website"},"datePublished":"2022-04-29T21:19:56+00:00","dateModified":"2022-09-24T10:57:54+00:00","description":"Une vitrine \u00e9l\u00e9gante \u00e0 l\u2019ancienne. \u00c9clairage, d\u00e9coration, am\u00e9nagements France. Montage manuel exclusif sur commande aupr\u00e8s des ma\u00eetres de l\u2019usine de meubles Yves Fouquet en Ukraine","breadcrumb":{"@id":"https:\/\/yvesfouquet.com\/fr\/produit\/vitrina-ilussion\/#breadcrumb"},"inLanguage":"fr-FR","potentialAction":[{"@type":"ReadAction","target":["https:\/\/yvesfouquet.com\/fr\/produit\/vitrina-ilussion\/"]}]},{"@type":"BreadcrumbList","@id":"https:\/\/yvesfouquet.com\/fr\/produit\/vitrina-ilussion\/#breadcrumb","itemListElement":[{"@type":"ListItem","position":1,"name":"\u0413\u043b\u0430\u0432\u043d\u0430\u044f","item":"https:\/\/yvesfouquet.com\/fr\/"},{"@type":"ListItem","position":2,"name":"Collections","item":"https:\/\/yvesfouquet.com\/fr\/collections\/"},{"@type":"ListItem","position":3,"name":"Vitrine Ilussion"}]},{"@type":"WebSite","@id":"https:\/\/yvesfouquet.com\/#website","url":"https:\/\/yvesfouquet.com\/","name":"Yves Fouquet","description":"\u0424\u0440\u0430\u043d\u0446\u0443\u0437\u0441\u043a\u0430\u044f \u043c\u0435\u0431\u0435\u043b\u044c","potentialAction":[{"@type":"SearchAction","target":{"@type":"EntryPoint","urlTemplate":"https:\/\/yvesfouquet.com\/?s={search_term_string}"},"query-input":"required name=search_term_string"}],"inLanguage":"fr-FR"}]},"product_price_currency":"EUR","og_availability":"backorder","product_availability":"available for order","product_retailer_item_id":"VSM024","product_condition":"new"},"_links":{"self":[{"href":"https:\/\/yvesfouquet.com\/fr\/wp-json\/wp\/v2\/product\/18377"}],"collection":[{"href":"https:\/\/yvesfouquet.com\/fr\/wp-json\/wp\/v2\/product"}],"about":[{"href":"https:\/\/yvesfouquet.com\/fr\/wp-json\/wp\/v2\/types\/product"}],"version-history":[{"count":1,"href":"https:\/\/yvesfouquet.com\/fr\/wp-json\/wp\/v2\/product\/18377\/revisions"}],"predecessor-version":[{"id":19187,"href":"https:\/\/yvesfouquet.com\/fr\/wp-json\/wp\/v2\/product\/18377\/revisions\/19187"}],"wp:featuredmedia":[{"embeddable":true,"href":"https:\/\/yvesfouquet.com\/fr\/wp-json\/wp\/v2\/media\/17458"}],"wp:attachment":[{"href":"https:\/\/yvesfouquet.com\/fr\/wp-json\/wp\/v2\/media?parent=18377"}],"wp:term":[{"taxonomy":"product_cat","embeddable":true,"href":"https:\/\/yvesfouquet.com\/fr\/wp-json\/wp\/v2\/product_cat?post=18377"},{"taxonomy":"product_tag","embeddable":true,"href":"https:\/\/yvesfouquet.com\/fr\/wp-json\/wp\/v2\/product_tag?post=18377"}],"curies":[{"name":"wp","href":"https:\/\/api.w.org\/{rel}","templated":true}]}}