{"id":18382,"date":"2020-10-26T18:06:09","date_gmt":"2022-04-29T21:21:38","guid":{"rendered":"https:\/\/yvesfouquet.com\/product\/garde-robe-marly-ar382\/"},"modified":"2022-04-30T00:21:38","modified_gmt":"2022-04-29T21:21:38","slug":"shkaf-marly-ar382-2","status":"publish","type":"product","link":"https:\/\/yvesfouquet.com\/fr\/produit\/shkaf-marly-ar382-2\/","title":{"rendered":"Garde-robe Marly AR382"},"content":{"rendered":"<p>Vous pouvez ajouter une atmosph\u00e8re romantique \u00e0 l\u2019int\u00e9rieur de la chambre \u00e0 l\u2019aide de meubles en bois exclusifs dans le style old Fran\u00e7ais. Une garde-robe vintage rafra\u00eechira et compl\u00e9tera harmonieusement l\u2019int\u00e9rieur de votre mobilier. Gr\u00e2ce \u00e0 un design bien pens\u00e9, ce ne sera pas seulement une belle pi\u00e8ce de d\u00e9cor, mais aussi un mobilier pratique qui remplit pleinement ses fonctions.<\/p>\n<p>Une grande armoire est fabriqu\u00e9e dans un style classique \u00e0 partir des meilleures vari\u00e9t\u00e9s de bois naturel. Chacune de ses portes a deux panneaux vierges avec bordure sculpt\u00e9e. Sur le lieu de labourer sur toute la longueur, ils sont s\u00e9par\u00e9s par une barre sculpt\u00e9e ressemblant \u00e0 une colonne antique.<\/p>\n<p>En haut et en bas, la fa\u00e7ade est d\u00e9cor\u00e9e de sculptures florales faites \u00e0 la main. La courbe gracieuse des petites jambes se transforme en douceur en une vague flexible. Le d\u00e9cor vintage de l\u2019armoire antique \u00e0 deux portes est compl\u00e9t\u00e9 par d\u2019\u00e9l\u00e9gants accessoires Fran\u00e7ais.<\/p>\n<p>Pour un rangement pratique des choses \u00e0 l\u2019int\u00e9rieur, il y a quatre \u00e9tag\u00e8res r\u00e9glables en hauteur et une tige pour les cintres. Une armoire en bois grande et spacieuse vous permet de placer facilement beaucoup de choses.<\/p>\n<p>Des meubles exclusifs dans le style ancien sont produits manuellement \u00e0 l\u2019usine Yves Fouquet selon les technologies anciennes. Chaque mod\u00e8le est fabriqu\u00e9 sur commande, vous pouvez donc choisir la taille, la couleur et le d\u00e9cor appropri\u00e9s du futur produit pour votre situation.<\/p>\n","protected":false},"excerpt":{"rendered":"<p><strong>Dimensions:<\/strong> <span class=\"s1\">L1700 x H2120 x P560<\/span><\/p>\n<p><strong>Description:<\/strong> 2 portes<br \/>\n<strong>Couleur:<\/strong> Sans peinture, peut choisir.<\/p>\n","protected":false},"featured_media":15568,"template":"","meta":[],"product_cat":[198],"product_tag":[],"yoast_head":"<!-- This site is optimized with the Yoast SEO Premium plugin v20.7 (Yoast SEO v20.8) - https:\/\/yoast.com\/wordpress\/plugins\/seo\/ -->\n<title>Armoire en bois de style vintage - Yves Fouquet<\/title>\n<meta name=\"description\" content=\"Mobilier design pour la maison \u00e0 commander. Grande armoire en bois vintage dans la chambre. Acheter des meubles anciens en Ukraine usine de production Yves Fouquet\" \/>\n<meta name=\"robots\" content=\"index, follow, max-snippet:-1, max-image-preview:large, max-video-preview:-1\" \/>\n<link rel=\"canonical\" href=\"https:\/\/yvesfouquet.com\/fr\/produit\/shkaf-marly-ar382-2\/\" \/>\n<meta property=\"og:locale\" content=\"fr_FR\" \/>\n<meta property=\"og:type\" content=\"article\" \/>\n<meta property=\"og:title\" content=\"Garde-robe Marly AR382\" \/>\n<meta property=\"og:description\" content=\"Mobilier design pour la maison \u00e0 commander. Grande armoire en bois vintage dans la chambre. Acheter des meubles anciens en Ukraine usine de production Yves Fouquet\" \/>\n<meta property=\"og:url\" content=\"https:\/\/yvesfouquet.com\/fr\/produit\/shkaf-marly-ar382-2\/\" \/>\n<meta property=\"og:site_name\" content=\"Yves Fouquet\" \/>\n<meta property=\"article:publisher\" content=\"https:\/\/www.facebook.com\/boutiueyvesfouquet\" \/>\n<meta property=\"og:image\" content=\"https:\/\/yvesfouquet.com\/wp-content\/uploads\/2020\/10\/47-2.png\" \/>\n\t<meta property=\"og:image:width\" content=\"1080\" \/>\n\t<meta property=\"og:image:height\" content=\"1080\" \/>\n\t<meta property=\"og:image:type\" content=\"image\/png\" \/>\n<meta name=\"twitter:card\" content=\"summary_large_image\" \/>\n<meta name=\"twitter:label1\" content=\"Prix\" \/>\n\t<meta name=\"twitter:data1\" content=\"\" \/>\n\t<meta name=\"twitter:label2\" content=\"Disponibilit\u00e9\" \/>\n\t<meta name=\"twitter:data2\" content=\"En r\u00e9assort\" \/>\n<script type=\"application\/ld+json\" class=\"yoast-schema-graph\">{\"@context\":\"https:\/\/schema.org\",\"@graph\":[{\"@type\":[\"WebPage\",\"ItemPage\"],\"@id\":\"https:\/\/yvesfouquet.com\/fr\/produit\/shkaf-marly-ar382-2\/\",\"url\":\"https:\/\/yvesfouquet.com\/fr\/produit\/shkaf-marly-ar382-2\/\",\"name\":\"Armoire en bois de style vintage - Yves Fouquet\",\"isPartOf\":{\"@id\":\"https:\/\/yvesfouquet.com\/#website\"},\"datePublished\":\"2022-04-29T21:21:38+00:00\",\"dateModified\":\"2022-04-29T21:21:38+00:00\",\"description\":\"Mobilier design pour la maison \u00e0 commander. Grande armoire en bois vintage dans la chambre. Acheter des meubles anciens en Ukraine usine de production Yves Fouquet\",\"breadcrumb\":{\"@id\":\"https:\/\/yvesfouquet.com\/fr\/produit\/shkaf-marly-ar382-2\/#breadcrumb\"},\"inLanguage\":\"fr-FR\",\"potentialAction\":[{\"@type\":\"ReadAction\",\"target\":[\"https:\/\/yvesfouquet.com\/fr\/produit\/shkaf-marly-ar382-2\/\"]}]},{\"@type\":\"BreadcrumbList\",\"@id\":\"https:\/\/yvesfouquet.com\/fr\/produit\/shkaf-marly-ar382-2\/#breadcrumb\",\"itemListElement\":[{\"@type\":\"ListItem\",\"position\":1,\"name\":\"\u0413\u043b\u0430\u0432\u043d\u0430\u044f\",\"item\":\"https:\/\/yvesfouquet.com\/fr\/\"},{\"@type\":\"ListItem\",\"position\":2,\"name\":\"Collections\",\"item\":\"https:\/\/yvesfouquet.com\/fr\/collections\/\"},{\"@type\":\"ListItem\",\"position\":3,\"name\":\"Garde-robe Marly AR382\"}]},{\"@type\":\"WebSite\",\"@id\":\"https:\/\/yvesfouquet.com\/#website\",\"url\":\"https:\/\/yvesfouquet.com\/\",\"name\":\"Yves Fouquet\",\"description\":\"\u0424\u0440\u0430\u043d\u0446\u0443\u0437\u0441\u043a\u0430\u044f \u043c\u0435\u0431\u0435\u043b\u044c\",\"potentialAction\":[{\"@type\":\"SearchAction\",\"target\":{\"@type\":\"EntryPoint\",\"urlTemplate\":\"https:\/\/yvesfouquet.com\/?s={search_term_string}\"},\"query-input\":\"required name=search_term_string\"}],\"inLanguage\":\"fr-FR\"}]}<\/script>\n<meta property=\"product:price:amount\" content=\"0\" \/>\n<meta property=\"product:price:currency\" content=\"EUR\" \/>\n<meta property=\"og:availability\" content=\"backorder\" \/>\n<meta property=\"product:availability\" content=\"available for order\" \/>\n<meta property=\"product:retailer_item_id\" content=\"AR382\" \/>\n<meta property=\"product:condition\" content=\"new\" \/>\n<!-- \/ Yoast SEO Premium plugin. -->","yoast_head_json":{"title":"Armoire en bois de style vintage - Yves Fouquet","description":"Mobilier design pour la maison \u00e0 commander. Grande armoire en bois vintage dans la chambre. Acheter des meubles anciens en Ukraine usine de production Yves Fouquet","robots":{"index":"index","follow":"follow","max-snippet":"max-snippet:-1","max-image-preview":"max-image-preview:large","max-video-preview":"max-video-preview:-1"},"canonical":"https:\/\/yvesfouquet.com\/fr\/produit\/shkaf-marly-ar382-2\/","og_locale":"fr_FR","og_type":"article","og_title":"Garde-robe Marly AR382","og_description":"Mobilier design pour la maison \u00e0 commander. Grande armoire en bois vintage dans la chambre. Acheter des meubles anciens en Ukraine usine de production Yves Fouquet","og_url":"https:\/\/yvesfouquet.com\/fr\/produit\/shkaf-marly-ar382-2\/","og_site_name":"Yves Fouquet","article_publisher":"https:\/\/www.facebook.com\/boutiueyvesfouquet","og_image":[{"width":1080,"height":1080,"url":"https:\/\/yvesfouquet.com\/wp-content\/uploads\/2020\/10\/47-2.png","type":"image\/png"}],"twitter_card":"summary_large_image","twitter_misc":{"Prix":"","Disponibilit\u00e9":"En r\u00e9assort"},"schema":{"@context":"https:\/\/schema.org","@graph":[{"@type":["WebPage","ItemPage"],"@id":"https:\/\/yvesfouquet.com\/fr\/produit\/shkaf-marly-ar382-2\/","url":"https:\/\/yvesfouquet.com\/fr\/produit\/shkaf-marly-ar382-2\/","name":"Armoire en bois de style vintage - Yves Fouquet","isPartOf":{"@id":"https:\/\/yvesfouquet.com\/#website"},"datePublished":"2022-04-29T21:21:38+00:00","dateModified":"2022-04-29T21:21:38+00:00","description":"Mobilier design pour la maison \u00e0 commander. Grande armoire en bois vintage dans la chambre. Acheter des meubles anciens en Ukraine usine de production Yves Fouquet","breadcrumb":{"@id":"https:\/\/yvesfouquet.com\/fr\/produit\/shkaf-marly-ar382-2\/#breadcrumb"},"inLanguage":"fr-FR","potentialAction":[{"@type":"ReadAction","target":["https:\/\/yvesfouquet.com\/fr\/produit\/shkaf-marly-ar382-2\/"]}]},{"@type":"BreadcrumbList","@id":"https:\/\/yvesfouquet.com\/fr\/produit\/shkaf-marly-ar382-2\/#breadcrumb","itemListElement":[{"@type":"ListItem","position":1,"name":"\u0413\u043b\u0430\u0432\u043d\u0430\u044f","item":"https:\/\/yvesfouquet.com\/fr\/"},{"@type":"ListItem","position":2,"name":"Collections","item":"https:\/\/yvesfouquet.com\/fr\/collections\/"},{"@type":"ListItem","position":3,"name":"Garde-robe Marly AR382"}]},{"@type":"WebSite","@id":"https:\/\/yvesfouquet.com\/#website","url":"https:\/\/yvesfouquet.com\/","name":"Yves Fouquet","description":"\u0424\u0440\u0430\u043d\u0446\u0443\u0437\u0441\u043a\u0430\u044f \u043c\u0435\u0431\u0435\u043b\u044c","potentialAction":[{"@type":"SearchAction","target":{"@type":"EntryPoint","urlTemplate":"https:\/\/yvesfouquet.com\/?s={search_term_string}"},"query-input":"required name=search_term_string"}],"inLanguage":"fr-FR"}]},"product_price_currency":"EUR","og_availability":"backorder","product_availability":"available for order","product_retailer_item_id":"AR382","product_condition":"new"},"_links":{"self":[{"href":"https:\/\/yvesfouquet.com\/fr\/wp-json\/wp\/v2\/product\/18382"}],"collection":[{"href":"https:\/\/yvesfouquet.com\/fr\/wp-json\/wp\/v2\/product"}],"about":[{"href":"https:\/\/yvesfouquet.com\/fr\/wp-json\/wp\/v2\/types\/product"}],"version-history":[{"count":0,"href":"https:\/\/yvesfouquet.com\/fr\/wp-json\/wp\/v2\/product\/18382\/revisions"}],"wp:featuredmedia":[{"embeddable":true,"href":"https:\/\/yvesfouquet.com\/fr\/wp-json\/wp\/v2\/media\/15568"}],"wp:attachment":[{"href":"https:\/\/yvesfouquet.com\/fr\/wp-json\/wp\/v2\/media?parent=18382"}],"wp:term":[{"taxonomy":"product_cat","embeddable":true,"href":"https:\/\/yvesfouquet.com\/fr\/wp-json\/wp\/v2\/product_cat?post=18382"},{"taxonomy":"product_tag","embeddable":true,"href":"https:\/\/yvesfouquet.com\/fr\/wp-json\/wp\/v2\/product_tag?post=18382"}],"curies":[{"name":"wp","href":"https:\/\/api.w.org\/{rel}","templated":true}]}}