{"id":18390,"date":"2020-10-26T18:06:09","date_gmt":"2022-04-29T21:21:44","guid":{"rendered":"https:\/\/yvesfouquet.com\/product\/cabinet-regence-ar390\/"},"modified":"2022-04-30T00:21:44","modified_gmt":"2022-04-29T21:21:44","slug":"shkaf-regence-ar390-2","status":"publish","type":"product","link":"https:\/\/yvesfouquet.com\/fr\/produit\/shkaf-regence-ar390-2\/","title":{"rendered":"Cabinet Regence AR390"},"content":{"rendered":"<p>Gr\u00e2ce et luxe dans Fran\u00e7ais sans faste inutile et faux \u00e9clat &#8211; tout cela s\u2019incarne dans ce mod\u00e8le du cabinet Regence. Un meuble dans le style de la Fran\u00e7ais Regency allie fonctionnalit\u00e9, d\u00e9cor sophistiqu\u00e9 et compacit\u00e9. Une telle armoire aura fi\u00e8re allure dans n\u2019importe quelle pi\u00e8ce et peut devenir un \u00e9l\u00e9ment important de l\u2019int\u00e9rieur boh\u00e8me.<br \/>\nArmoire exquise avec pieds incurv\u00e9s et sculpt\u00e9s \u00e0 la main est fabriqu\u00e9 par:<br \/>\n\u00e0 partir de 100% de cerises sauvages;<br \/>\nen utilisant des raccords en bronze de haute qualit\u00e9;<br \/>\nen conformit\u00e9 avec les technologies Fran\u00e7ais anciennes.<br \/>\nNous offrons \u00e0 nos clients trois options pour le vieillissement de la surface, cinq types de patine, une vari\u00e9t\u00e9 de couleurs. Chez Yves Fouquet, vous rencontrez toujours vos clients \u00e0 mi-chemin et cr\u00e9ez le mobilier exclusif de vos r\u00eaves.<\/p>\n","protected":false},"excerpt":{"rendered":"<p><strong>Dimensions:<\/strong> <span class=\"s1\">L850 x H2000 x P550<\/span><\/p>\n<p><strong>Description:<\/strong> 1 porte<\/p>\n","protected":false},"featured_media":15572,"template":"","meta":[],"product_cat":[198],"product_tag":[],"yoast_head":"<!-- This site is optimized with the Yoast SEO Premium plugin v20.7 (Yoast SEO v20.8) - https:\/\/yoast.com\/wordpress\/plugins\/seo\/ -->\n<title>Cabinet Regence AR390 - Yves Fouquet<\/title>\n<meta name=\"robots\" content=\"index, follow, max-snippet:-1, max-image-preview:large, max-video-preview:-1\" \/>\n<link rel=\"canonical\" href=\"https:\/\/yvesfouquet.com\/fr\/produit\/shkaf-regence-ar390-2\/\" \/>\n<meta property=\"og:locale\" content=\"fr_FR\" \/>\n<meta property=\"og:type\" content=\"article\" \/>\n<meta property=\"og:title\" content=\"Cabinet Regence AR390\" \/>\n<meta property=\"og:description\" content=\"Dimensions: L850 x H2000 x P550  Description: 1 porte\" \/>\n<meta property=\"og:url\" content=\"https:\/\/yvesfouquet.com\/fr\/produit\/shkaf-regence-ar390-2\/\" \/>\n<meta property=\"og:site_name\" content=\"Yves Fouquet\" \/>\n<meta property=\"article:publisher\" content=\"https:\/\/www.facebook.com\/boutiueyvesfouquet\" \/>\n<meta name=\"twitter:card\" content=\"summary_large_image\" \/>\n<meta name=\"twitter:label1\" content=\"Prix\" \/>\n\t<meta name=\"twitter:data1\" content=\"\" \/>\n\t<meta name=\"twitter:label2\" content=\"Disponibilit\u00e9\" \/>\n\t<meta name=\"twitter:data2\" content=\"En stock\" \/>\n<script type=\"application\/ld+json\" class=\"yoast-schema-graph\">{\"@context\":\"https:\/\/schema.org\",\"@graph\":[{\"@type\":[\"WebPage\",\"ItemPage\"],\"@id\":\"https:\/\/yvesfouquet.com\/fr\/produit\/shkaf-regence-ar390-2\/\",\"url\":\"https:\/\/yvesfouquet.com\/fr\/produit\/shkaf-regence-ar390-2\/\",\"name\":\"Cabinet Regence AR390 - Yves Fouquet\",\"isPartOf\":{\"@id\":\"https:\/\/yvesfouquet.com\/#website\"},\"datePublished\":\"2022-04-29T21:21:44+00:00\",\"dateModified\":\"2022-04-29T21:21:44+00:00\",\"breadcrumb\":{\"@id\":\"https:\/\/yvesfouquet.com\/fr\/produit\/shkaf-regence-ar390-2\/#breadcrumb\"},\"inLanguage\":\"fr-FR\",\"potentialAction\":[{\"@type\":\"ReadAction\",\"target\":[\"https:\/\/yvesfouquet.com\/fr\/produit\/shkaf-regence-ar390-2\/\"]}]},{\"@type\":\"BreadcrumbList\",\"@id\":\"https:\/\/yvesfouquet.com\/fr\/produit\/shkaf-regence-ar390-2\/#breadcrumb\",\"itemListElement\":[{\"@type\":\"ListItem\",\"position\":1,\"name\":\"\u0413\u043b\u0430\u0432\u043d\u0430\u044f\",\"item\":\"https:\/\/yvesfouquet.com\/fr\/\"},{\"@type\":\"ListItem\",\"position\":2,\"name\":\"Collections\",\"item\":\"https:\/\/yvesfouquet.com\/fr\/collections\/\"},{\"@type\":\"ListItem\",\"position\":3,\"name\":\"Cabinet Regence AR390\"}]},{\"@type\":\"WebSite\",\"@id\":\"https:\/\/yvesfouquet.com\/#website\",\"url\":\"https:\/\/yvesfouquet.com\/\",\"name\":\"Yves Fouquet\",\"description\":\"\u0424\u0440\u0430\u043d\u0446\u0443\u0437\u0441\u043a\u0430\u044f \u043c\u0435\u0431\u0435\u043b\u044c\",\"potentialAction\":[{\"@type\":\"SearchAction\",\"target\":{\"@type\":\"EntryPoint\",\"urlTemplate\":\"https:\/\/yvesfouquet.com\/?s={search_term_string}\"},\"query-input\":\"required name=search_term_string\"}],\"inLanguage\":\"fr-FR\"}]}<\/script>\n<meta property=\"product:price:amount\" content=\"0\" \/>\n<meta property=\"product:price:currency\" content=\"EUR\" \/>\n<meta property=\"og:availability\" content=\"instock\" \/>\n<meta property=\"product:availability\" content=\"instock\" \/>\n<meta property=\"product:retailer_item_id\" content=\"AR390\" \/>\n<meta property=\"product:condition\" content=\"new\" \/>\n<!-- \/ Yoast SEO Premium plugin. -->","yoast_head_json":{"title":"Cabinet Regence AR390 - Yves Fouquet","robots":{"index":"index","follow":"follow","max-snippet":"max-snippet:-1","max-image-preview":"max-image-preview:large","max-video-preview":"max-video-preview:-1"},"canonical":"https:\/\/yvesfouquet.com\/fr\/produit\/shkaf-regence-ar390-2\/","og_locale":"fr_FR","og_type":"article","og_title":"Cabinet Regence AR390","og_description":"Dimensions: L850 x H2000 x P550  Description: 1 porte","og_url":"https:\/\/yvesfouquet.com\/fr\/produit\/shkaf-regence-ar390-2\/","og_site_name":"Yves Fouquet","article_publisher":"https:\/\/www.facebook.com\/boutiueyvesfouquet","twitter_card":"summary_large_image","twitter_misc":{"Prix":"","Disponibilit\u00e9":"En stock"},"schema":{"@context":"https:\/\/schema.org","@graph":[{"@type":["WebPage","ItemPage"],"@id":"https:\/\/yvesfouquet.com\/fr\/produit\/shkaf-regence-ar390-2\/","url":"https:\/\/yvesfouquet.com\/fr\/produit\/shkaf-regence-ar390-2\/","name":"Cabinet Regence AR390 - Yves Fouquet","isPartOf":{"@id":"https:\/\/yvesfouquet.com\/#website"},"datePublished":"2022-04-29T21:21:44+00:00","dateModified":"2022-04-29T21:21:44+00:00","breadcrumb":{"@id":"https:\/\/yvesfouquet.com\/fr\/produit\/shkaf-regence-ar390-2\/#breadcrumb"},"inLanguage":"fr-FR","potentialAction":[{"@type":"ReadAction","target":["https:\/\/yvesfouquet.com\/fr\/produit\/shkaf-regence-ar390-2\/"]}]},{"@type":"BreadcrumbList","@id":"https:\/\/yvesfouquet.com\/fr\/produit\/shkaf-regence-ar390-2\/#breadcrumb","itemListElement":[{"@type":"ListItem","position":1,"name":"\u0413\u043b\u0430\u0432\u043d\u0430\u044f","item":"https:\/\/yvesfouquet.com\/fr\/"},{"@type":"ListItem","position":2,"name":"Collections","item":"https:\/\/yvesfouquet.com\/fr\/collections\/"},{"@type":"ListItem","position":3,"name":"Cabinet Regence AR390"}]},{"@type":"WebSite","@id":"https:\/\/yvesfouquet.com\/#website","url":"https:\/\/yvesfouquet.com\/","name":"Yves Fouquet","description":"\u0424\u0440\u0430\u043d\u0446\u0443\u0437\u0441\u043a\u0430\u044f \u043c\u0435\u0431\u0435\u043b\u044c","potentialAction":[{"@type":"SearchAction","target":{"@type":"EntryPoint","urlTemplate":"https:\/\/yvesfouquet.com\/?s={search_term_string}"},"query-input":"required name=search_term_string"}],"inLanguage":"fr-FR"}]},"product_price_currency":"EUR","og_availability":"instock","product_availability":"instock","product_retailer_item_id":"AR390","product_condition":"new"},"_links":{"self":[{"href":"https:\/\/yvesfouquet.com\/fr\/wp-json\/wp\/v2\/product\/18390"}],"collection":[{"href":"https:\/\/yvesfouquet.com\/fr\/wp-json\/wp\/v2\/product"}],"about":[{"href":"https:\/\/yvesfouquet.com\/fr\/wp-json\/wp\/v2\/types\/product"}],"version-history":[{"count":0,"href":"https:\/\/yvesfouquet.com\/fr\/wp-json\/wp\/v2\/product\/18390\/revisions"}],"wp:featuredmedia":[{"embeddable":true,"href":"https:\/\/yvesfouquet.com\/fr\/wp-json\/wp\/v2\/media\/15572"}],"wp:attachment":[{"href":"https:\/\/yvesfouquet.com\/fr\/wp-json\/wp\/v2\/media?parent=18390"}],"wp:term":[{"taxonomy":"product_cat","embeddable":true,"href":"https:\/\/yvesfouquet.com\/fr\/wp-json\/wp\/v2\/product_cat?post=18390"},{"taxonomy":"product_tag","embeddable":true,"href":"https:\/\/yvesfouquet.com\/fr\/wp-json\/wp\/v2\/product_tag?post=18390"}],"curies":[{"name":"wp","href":"https:\/\/api.w.org\/{rel}","templated":true}]}}