{"id":18399,"date":"2020-10-26T18:06:09","date_gmt":"2022-04-29T21:21:54","guid":{"rendered":"https:\/\/yvesfouquet.com\/product\/garde-robe-empire-ar1176\/"},"modified":"2022-04-30T00:21:54","modified_gmt":"2022-04-29T21:21:54","slug":"shkaf-empire-ar1176-2","status":"publish","type":"product","link":"https:\/\/yvesfouquet.com\/fr\/produit\/shkaf-empire-ar1176-2\/","title":{"rendered":"Garde-robe Empire AR1176"},"content":{"rendered":"<p>Si, en plus de l\u2019espace et de la durabilit\u00e9, vous attendez un design strict et spectaculaire dans le style Empire de l\u2019armoire, vous aimerez ce mod\u00e8le. L\u2019armoire de forme rectangulaire classique est universelle pour tout int\u00e9rieur. Un meuble apportera un chic particulier \u00e0 l\u2019ameublement, rappelant l\u2019\u00e9poque de Napol\u00e9on avec des branches de laurier et des lignes droites \u00e9l\u00e9gantes. La beaut\u00e9 et la noblesse du bois de cerisier sauvage sont ombrag\u00e9es par des raccords en bronze Fran\u00e7ais.<br \/>\nLa conception de l\u2019armoire comprend:<br \/>\nquatre portes, des \u00e9tag\u00e8res r\u00e9glables en hauteur et une tige de cintre;<br \/>\ncorps, mur arri\u00e8re, socle, \u00e9tag\u00e8res et cloisons en bois de haute qualit\u00e9;<br \/>\nsculptures faites \u00e0 la main et Fran\u00e7ais raccords en bronze.<br \/>\nPour ceux qui veulent changer le design du produit \u00e0 leur go\u00fbt, il y a la possibilit\u00e9 de commande individuelle. Le client peut choisir le type de vieillissement artificiel de la surface, la couleur de l\u2019armoire, les doublures et les estropi\u00e9s, ainsi que l\u2019une des cinq options de patine<\/p>\n","protected":false},"excerpt":{"rendered":"<p><strong>Dimensions:<\/strong> <span class=\"s1\">L1400 x H2600 x P600<\/span><\/p>\n<p><strong>Description:<\/strong> 4 portes<\/p>\n","protected":false},"featured_media":15554,"template":"","meta":[],"product_cat":[198],"product_tag":[],"yoast_head":"<!-- This site is optimized with the Yoast SEO Premium plugin v20.7 (Yoast SEO v20.8) - https:\/\/yoast.com\/wordpress\/plugins\/seo\/ -->\n<title>Garde-robe Empire AR1176 - Yves Fouquet<\/title>\n<meta name=\"robots\" content=\"index, follow, max-snippet:-1, max-image-preview:large, max-video-preview:-1\" \/>\n<link rel=\"canonical\" href=\"https:\/\/yvesfouquet.com\/fr\/produit\/shkaf-empire-ar1176-2\/\" \/>\n<meta property=\"og:locale\" content=\"fr_FR\" \/>\n<meta property=\"og:type\" content=\"article\" \/>\n<meta property=\"og:title\" content=\"Garde-robe Empire AR1176\" \/>\n<meta property=\"og:description\" content=\"Dimensions: L1400 x H2600 x P600  Description: 4 portes\" \/>\n<meta property=\"og:url\" content=\"https:\/\/yvesfouquet.com\/fr\/produit\/shkaf-empire-ar1176-2\/\" \/>\n<meta property=\"og:site_name\" content=\"Yves Fouquet\" \/>\n<meta property=\"article:publisher\" content=\"https:\/\/www.facebook.com\/boutiueyvesfouquet\" \/>\n<meta name=\"twitter:card\" content=\"summary_large_image\" \/>\n<meta name=\"twitter:label1\" content=\"Prix\" \/>\n\t<meta name=\"twitter:data1\" content=\"\" \/>\n\t<meta name=\"twitter:label2\" content=\"Disponibilit\u00e9\" \/>\n\t<meta name=\"twitter:data2\" content=\"En stock\" \/>\n<script type=\"application\/ld+json\" class=\"yoast-schema-graph\">{\"@context\":\"https:\/\/schema.org\",\"@graph\":[{\"@type\":[\"WebPage\",\"ItemPage\"],\"@id\":\"https:\/\/yvesfouquet.com\/fr\/produit\/shkaf-empire-ar1176-2\/\",\"url\":\"https:\/\/yvesfouquet.com\/fr\/produit\/shkaf-empire-ar1176-2\/\",\"name\":\"Garde-robe Empire AR1176 - Yves Fouquet\",\"isPartOf\":{\"@id\":\"https:\/\/yvesfouquet.com\/#website\"},\"datePublished\":\"2022-04-29T21:21:54+00:00\",\"dateModified\":\"2022-04-29T21:21:54+00:00\",\"breadcrumb\":{\"@id\":\"https:\/\/yvesfouquet.com\/fr\/produit\/shkaf-empire-ar1176-2\/#breadcrumb\"},\"inLanguage\":\"fr-FR\",\"potentialAction\":[{\"@type\":\"ReadAction\",\"target\":[\"https:\/\/yvesfouquet.com\/fr\/produit\/shkaf-empire-ar1176-2\/\"]}]},{\"@type\":\"BreadcrumbList\",\"@id\":\"https:\/\/yvesfouquet.com\/fr\/produit\/shkaf-empire-ar1176-2\/#breadcrumb\",\"itemListElement\":[{\"@type\":\"ListItem\",\"position\":1,\"name\":\"\u0413\u043b\u0430\u0432\u043d\u0430\u044f\",\"item\":\"https:\/\/yvesfouquet.com\/fr\/\"},{\"@type\":\"ListItem\",\"position\":2,\"name\":\"Collections\",\"item\":\"https:\/\/yvesfouquet.com\/fr\/collections\/\"},{\"@type\":\"ListItem\",\"position\":3,\"name\":\"Garde-robe Empire AR1176\"}]},{\"@type\":\"WebSite\",\"@id\":\"https:\/\/yvesfouquet.com\/#website\",\"url\":\"https:\/\/yvesfouquet.com\/\",\"name\":\"Yves Fouquet\",\"description\":\"\u0424\u0440\u0430\u043d\u0446\u0443\u0437\u0441\u043a\u0430\u044f \u043c\u0435\u0431\u0435\u043b\u044c\",\"potentialAction\":[{\"@type\":\"SearchAction\",\"target\":{\"@type\":\"EntryPoint\",\"urlTemplate\":\"https:\/\/yvesfouquet.com\/?s={search_term_string}\"},\"query-input\":\"required name=search_term_string\"}],\"inLanguage\":\"fr-FR\"}]}<\/script>\n<meta property=\"product:price:amount\" content=\"0\" \/>\n<meta property=\"product:price:currency\" content=\"EUR\" \/>\n<meta property=\"og:availability\" content=\"instock\" \/>\n<meta property=\"product:availability\" content=\"instock\" \/>\n<meta property=\"product:retailer_item_id\" content=\"AR1176\" \/>\n<meta property=\"product:condition\" content=\"new\" \/>\n<!-- \/ Yoast SEO Premium plugin. -->","yoast_head_json":{"title":"Garde-robe Empire AR1176 - Yves Fouquet","robots":{"index":"index","follow":"follow","max-snippet":"max-snippet:-1","max-image-preview":"max-image-preview:large","max-video-preview":"max-video-preview:-1"},"canonical":"https:\/\/yvesfouquet.com\/fr\/produit\/shkaf-empire-ar1176-2\/","og_locale":"fr_FR","og_type":"article","og_title":"Garde-robe Empire AR1176","og_description":"Dimensions: L1400 x H2600 x P600  Description: 4 portes","og_url":"https:\/\/yvesfouquet.com\/fr\/produit\/shkaf-empire-ar1176-2\/","og_site_name":"Yves Fouquet","article_publisher":"https:\/\/www.facebook.com\/boutiueyvesfouquet","twitter_card":"summary_large_image","twitter_misc":{"Prix":"","Disponibilit\u00e9":"En stock"},"schema":{"@context":"https:\/\/schema.org","@graph":[{"@type":["WebPage","ItemPage"],"@id":"https:\/\/yvesfouquet.com\/fr\/produit\/shkaf-empire-ar1176-2\/","url":"https:\/\/yvesfouquet.com\/fr\/produit\/shkaf-empire-ar1176-2\/","name":"Garde-robe Empire AR1176 - Yves Fouquet","isPartOf":{"@id":"https:\/\/yvesfouquet.com\/#website"},"datePublished":"2022-04-29T21:21:54+00:00","dateModified":"2022-04-29T21:21:54+00:00","breadcrumb":{"@id":"https:\/\/yvesfouquet.com\/fr\/produit\/shkaf-empire-ar1176-2\/#breadcrumb"},"inLanguage":"fr-FR","potentialAction":[{"@type":"ReadAction","target":["https:\/\/yvesfouquet.com\/fr\/produit\/shkaf-empire-ar1176-2\/"]}]},{"@type":"BreadcrumbList","@id":"https:\/\/yvesfouquet.com\/fr\/produit\/shkaf-empire-ar1176-2\/#breadcrumb","itemListElement":[{"@type":"ListItem","position":1,"name":"\u0413\u043b\u0430\u0432\u043d\u0430\u044f","item":"https:\/\/yvesfouquet.com\/fr\/"},{"@type":"ListItem","position":2,"name":"Collections","item":"https:\/\/yvesfouquet.com\/fr\/collections\/"},{"@type":"ListItem","position":3,"name":"Garde-robe Empire AR1176"}]},{"@type":"WebSite","@id":"https:\/\/yvesfouquet.com\/#website","url":"https:\/\/yvesfouquet.com\/","name":"Yves Fouquet","description":"\u0424\u0440\u0430\u043d\u0446\u0443\u0437\u0441\u043a\u0430\u044f \u043c\u0435\u0431\u0435\u043b\u044c","potentialAction":[{"@type":"SearchAction","target":{"@type":"EntryPoint","urlTemplate":"https:\/\/yvesfouquet.com\/?s={search_term_string}"},"query-input":"required name=search_term_string"}],"inLanguage":"fr-FR"}]},"product_price_currency":"EUR","og_availability":"instock","product_availability":"instock","product_retailer_item_id":"AR1176","product_condition":"new"},"_links":{"self":[{"href":"https:\/\/yvesfouquet.com\/fr\/wp-json\/wp\/v2\/product\/18399"}],"collection":[{"href":"https:\/\/yvesfouquet.com\/fr\/wp-json\/wp\/v2\/product"}],"about":[{"href":"https:\/\/yvesfouquet.com\/fr\/wp-json\/wp\/v2\/types\/product"}],"version-history":[{"count":0,"href":"https:\/\/yvesfouquet.com\/fr\/wp-json\/wp\/v2\/product\/18399\/revisions"}],"wp:featuredmedia":[{"embeddable":true,"href":"https:\/\/yvesfouquet.com\/fr\/wp-json\/wp\/v2\/media\/15554"}],"wp:attachment":[{"href":"https:\/\/yvesfouquet.com\/fr\/wp-json\/wp\/v2\/media?parent=18399"}],"wp:term":[{"taxonomy":"product_cat","embeddable":true,"href":"https:\/\/yvesfouquet.com\/fr\/wp-json\/wp\/v2\/product_cat?post=18399"},{"taxonomy":"product_tag","embeddable":true,"href":"https:\/\/yvesfouquet.com\/fr\/wp-json\/wp\/v2\/product_tag?post=18399"}],"curies":[{"name":"wp","href":"https:\/\/api.w.org\/{rel}","templated":true}]}}