{"id":18405,"date":"2020-10-26T18:06:08","date_gmt":"2022-04-29T21:23:35","guid":{"rendered":"https:\/\/yvesfouquet.com\/product\/garde-robe-regence-ar1175\/"},"modified":"2022-04-30T00:23:35","modified_gmt":"2022-04-29T21:23:35","slug":"shkaf-regence-ar1175-2","status":"publish","type":"product","link":"https:\/\/yvesfouquet.com\/fr\/produit\/shkaf-regence-ar1175-2\/","title":{"rendered":"Garde-robe Regence AR1175"},"content":{"rendered":"<p>Une garde-robe de style r\u00e9gence peut cr\u00e9er une atmosph\u00e8re aristocratique dans n\u2019importe quelle pi\u00e8ce. La courbure du socle et des pieds de l\u2019armoire, les motifs floraux et les accessoires en bronze exquis rappellent la France de la premi\u00e8re moiti\u00e9 du XVIIIe si\u00e8cle. Mais le succ\u00e8s exact dans le style Fran\u00e7ais et l\u2019\u00e9l\u00e9gance ne sont pas les seuls avantages de ce meuble.<br \/>\nParmi les caract\u00e9ristiques avantageuses de l\u2019armoire:<br \/>\nDurabilit\u00e9 et haute qualit\u00e9 (gr\u00e2ce \u00e0 l\u2019utilisation de bois naturels et au respect des technologies anciennes).<br \/>\nDeux compartiments de rangement avec \u00e9tag\u00e8res et une tige pour cintres.<br \/>\nDeux tiroirs avec poign\u00e9es en bronze boucl\u00e9.<br \/>\nTous les \u00e9l\u00e9ments sculpt\u00e9s de l\u2019armoire sont fabriqu\u00e9s \u00e0 la main et la finition est compl\u00e9t\u00e9e par de la cire naturelle. Voulez-vous r\u00e9aliser vos id\u00e9es de design et modifier le mod\u00e8le \u00e0 votre go\u00fbt? Nous accepterons volontiers une commande individuelle.<\/p>\n","protected":false},"excerpt":{"rendered":"<p><strong>Dimensions:<\/strong> <span class=\"s1\">L1500 x H2000 x P600<\/span><\/p>\n<p><strong>Description :<\/strong> 2 portes et 2 tiroirs<\/p>\n<p><strong>C\u00f4t\u00e9 gauche:<\/strong> 1 tige de cintre<\/p>\n<p><strong>C\u00f4t\u00e9 droit :<\/strong> 4 \u00e9tag\u00e8res r\u00e9glables en hauteur<\/p>\n","protected":false},"featured_media":15544,"template":"","meta":[],"product_cat":[198],"product_tag":[],"yoast_head":"<!-- This site is optimized with the Yoast SEO Premium plugin v20.7 (Yoast SEO v20.8) - https:\/\/yoast.com\/wordpress\/plugins\/seo\/ -->\n<title>Garde-robe Regence AR1175 - Yves Fouquet<\/title>\n<meta name=\"robots\" content=\"index, follow, max-snippet:-1, max-image-preview:large, max-video-preview:-1\" \/>\n<link rel=\"canonical\" href=\"https:\/\/yvesfouquet.com\/fr\/produit\/shkaf-regence-ar1175-2\/\" \/>\n<meta property=\"og:locale\" content=\"fr_FR\" \/>\n<meta property=\"og:type\" content=\"article\" \/>\n<meta property=\"og:title\" content=\"Garde-robe Regence AR1175\" \/>\n<meta property=\"og:description\" content=\"Dimensions: L1500 x H2000 x P600 Description : 2 portes et 2 tiroirs C\u00f4t\u00e9 gauche: 1 tige de cintre C\u00f4t\u00e9 droit : 4 \u00e9tag\u00e8res r\u00e9glables en hauteur\" \/>\n<meta property=\"og:url\" content=\"https:\/\/yvesfouquet.com\/fr\/produit\/shkaf-regence-ar1175-2\/\" \/>\n<meta property=\"og:site_name\" content=\"Yves Fouquet\" \/>\n<meta property=\"article:publisher\" content=\"https:\/\/www.facebook.com\/boutiueyvesfouquet\" \/>\n<meta property=\"og:image\" content=\"https:\/\/yvesfouquet.com\/wp-content\/uploads\/2020\/10\/8-1.png\" \/>\n\t<meta property=\"og:image:width\" content=\"1080\" \/>\n\t<meta property=\"og:image:height\" content=\"1080\" \/>\n\t<meta property=\"og:image:type\" content=\"image\/png\" \/>\n<meta name=\"twitter:card\" content=\"summary_large_image\" \/>\n<meta name=\"twitter:label1\" content=\"Prix\" \/>\n\t<meta name=\"twitter:data1\" content=\"\" \/>\n\t<meta name=\"twitter:label2\" content=\"Disponibilit\u00e9\" \/>\n\t<meta name=\"twitter:data2\" content=\"En stock\" \/>\n<script type=\"application\/ld+json\" class=\"yoast-schema-graph\">{\"@context\":\"https:\/\/schema.org\",\"@graph\":[{\"@type\":[\"WebPage\",\"ItemPage\"],\"@id\":\"https:\/\/yvesfouquet.com\/fr\/produit\/shkaf-regence-ar1175-2\/\",\"url\":\"https:\/\/yvesfouquet.com\/fr\/produit\/shkaf-regence-ar1175-2\/\",\"name\":\"Garde-robe Regence AR1175 - Yves Fouquet\",\"isPartOf\":{\"@id\":\"https:\/\/yvesfouquet.com\/#website\"},\"datePublished\":\"2022-04-29T21:23:35+00:00\",\"dateModified\":\"2022-04-29T21:23:35+00:00\",\"breadcrumb\":{\"@id\":\"https:\/\/yvesfouquet.com\/fr\/produit\/shkaf-regence-ar1175-2\/#breadcrumb\"},\"inLanguage\":\"fr-FR\",\"potentialAction\":[{\"@type\":\"ReadAction\",\"target\":[\"https:\/\/yvesfouquet.com\/fr\/produit\/shkaf-regence-ar1175-2\/\"]}]},{\"@type\":\"BreadcrumbList\",\"@id\":\"https:\/\/yvesfouquet.com\/fr\/produit\/shkaf-regence-ar1175-2\/#breadcrumb\",\"itemListElement\":[{\"@type\":\"ListItem\",\"position\":1,\"name\":\"\u0413\u043b\u0430\u0432\u043d\u0430\u044f\",\"item\":\"https:\/\/yvesfouquet.com\/fr\/\"},{\"@type\":\"ListItem\",\"position\":2,\"name\":\"Collections\",\"item\":\"https:\/\/yvesfouquet.com\/fr\/collections\/\"},{\"@type\":\"ListItem\",\"position\":3,\"name\":\"Garde-robe Regence AR1175\"}]},{\"@type\":\"WebSite\",\"@id\":\"https:\/\/yvesfouquet.com\/#website\",\"url\":\"https:\/\/yvesfouquet.com\/\",\"name\":\"Yves Fouquet\",\"description\":\"\u0424\u0440\u0430\u043d\u0446\u0443\u0437\u0441\u043a\u0430\u044f \u043c\u0435\u0431\u0435\u043b\u044c\",\"potentialAction\":[{\"@type\":\"SearchAction\",\"target\":{\"@type\":\"EntryPoint\",\"urlTemplate\":\"https:\/\/yvesfouquet.com\/?s={search_term_string}\"},\"query-input\":\"required name=search_term_string\"}],\"inLanguage\":\"fr-FR\"}]}<\/script>\n<meta property=\"product:price:amount\" content=\"0\" \/>\n<meta property=\"product:price:currency\" content=\"EUR\" \/>\n<meta property=\"og:availability\" content=\"instock\" \/>\n<meta property=\"product:availability\" content=\"instock\" \/>\n<meta property=\"product:retailer_item_id\" content=\"AR1175\" \/>\n<meta property=\"product:condition\" content=\"new\" \/>\n<!-- \/ Yoast SEO Premium plugin. -->","yoast_head_json":{"title":"Garde-robe Regence AR1175 - Yves Fouquet","robots":{"index":"index","follow":"follow","max-snippet":"max-snippet:-1","max-image-preview":"max-image-preview:large","max-video-preview":"max-video-preview:-1"},"canonical":"https:\/\/yvesfouquet.com\/fr\/produit\/shkaf-regence-ar1175-2\/","og_locale":"fr_FR","og_type":"article","og_title":"Garde-robe Regence AR1175","og_description":"Dimensions: L1500 x H2000 x P600 Description : 2 portes et 2 tiroirs C\u00f4t\u00e9 gauche: 1 tige de cintre C\u00f4t\u00e9 droit : 4 \u00e9tag\u00e8res r\u00e9glables en hauteur","og_url":"https:\/\/yvesfouquet.com\/fr\/produit\/shkaf-regence-ar1175-2\/","og_site_name":"Yves Fouquet","article_publisher":"https:\/\/www.facebook.com\/boutiueyvesfouquet","og_image":[{"width":1080,"height":1080,"url":"https:\/\/yvesfouquet.com\/wp-content\/uploads\/2020\/10\/8-1.png","type":"image\/png"}],"twitter_card":"summary_large_image","twitter_misc":{"Prix":"","Disponibilit\u00e9":"En stock"},"schema":{"@context":"https:\/\/schema.org","@graph":[{"@type":["WebPage","ItemPage"],"@id":"https:\/\/yvesfouquet.com\/fr\/produit\/shkaf-regence-ar1175-2\/","url":"https:\/\/yvesfouquet.com\/fr\/produit\/shkaf-regence-ar1175-2\/","name":"Garde-robe Regence AR1175 - Yves Fouquet","isPartOf":{"@id":"https:\/\/yvesfouquet.com\/#website"},"datePublished":"2022-04-29T21:23:35+00:00","dateModified":"2022-04-29T21:23:35+00:00","breadcrumb":{"@id":"https:\/\/yvesfouquet.com\/fr\/produit\/shkaf-regence-ar1175-2\/#breadcrumb"},"inLanguage":"fr-FR","potentialAction":[{"@type":"ReadAction","target":["https:\/\/yvesfouquet.com\/fr\/produit\/shkaf-regence-ar1175-2\/"]}]},{"@type":"BreadcrumbList","@id":"https:\/\/yvesfouquet.com\/fr\/produit\/shkaf-regence-ar1175-2\/#breadcrumb","itemListElement":[{"@type":"ListItem","position":1,"name":"\u0413\u043b\u0430\u0432\u043d\u0430\u044f","item":"https:\/\/yvesfouquet.com\/fr\/"},{"@type":"ListItem","position":2,"name":"Collections","item":"https:\/\/yvesfouquet.com\/fr\/collections\/"},{"@type":"ListItem","position":3,"name":"Garde-robe Regence AR1175"}]},{"@type":"WebSite","@id":"https:\/\/yvesfouquet.com\/#website","url":"https:\/\/yvesfouquet.com\/","name":"Yves Fouquet","description":"\u0424\u0440\u0430\u043d\u0446\u0443\u0437\u0441\u043a\u0430\u044f \u043c\u0435\u0431\u0435\u043b\u044c","potentialAction":[{"@type":"SearchAction","target":{"@type":"EntryPoint","urlTemplate":"https:\/\/yvesfouquet.com\/?s={search_term_string}"},"query-input":"required name=search_term_string"}],"inLanguage":"fr-FR"}]},"product_price_currency":"EUR","og_availability":"instock","product_availability":"instock","product_retailer_item_id":"AR1175","product_condition":"new"},"_links":{"self":[{"href":"https:\/\/yvesfouquet.com\/fr\/wp-json\/wp\/v2\/product\/18405"}],"collection":[{"href":"https:\/\/yvesfouquet.com\/fr\/wp-json\/wp\/v2\/product"}],"about":[{"href":"https:\/\/yvesfouquet.com\/fr\/wp-json\/wp\/v2\/types\/product"}],"version-history":[{"count":0,"href":"https:\/\/yvesfouquet.com\/fr\/wp-json\/wp\/v2\/product\/18405\/revisions"}],"wp:featuredmedia":[{"embeddable":true,"href":"https:\/\/yvesfouquet.com\/fr\/wp-json\/wp\/v2\/media\/15544"}],"wp:attachment":[{"href":"https:\/\/yvesfouquet.com\/fr\/wp-json\/wp\/v2\/media?parent=18405"}],"wp:term":[{"taxonomy":"product_cat","embeddable":true,"href":"https:\/\/yvesfouquet.com\/fr\/wp-json\/wp\/v2\/product_cat?post=18405"},{"taxonomy":"product_tag","embeddable":true,"href":"https:\/\/yvesfouquet.com\/fr\/wp-json\/wp\/v2\/product_tag?post=18405"}],"curies":[{"name":"wp","href":"https:\/\/api.w.org\/{rel}","templated":true}]}}