{"id":18706,"date":"2022-08-15T12:18:28","date_gmt":"2022-08-15T09:18:28","guid":{"rendered":"https:\/\/yvesfouquet.com\/?post_type=product&#038;p=18706"},"modified":"2023-01-19T14:16:13","modified_gmt":"2023-01-19T11:16:13","slug":"miroir-avec-decor-mr310e-kopirovat-kopirovat","status":"publish","type":"product","link":"https:\/\/yvesfouquet.com\/fr\/produit\/miroir-avec-decor-mr310e-kopirovat-kopirovat\/","title":{"rendered":"Miroir avec d\u00e9cor MR310e"},"content":{"rendered":"<p>Les miroirs antiques appartiennent \u00e0 ces choses uniques qui sont \u00e9tonnamment capables d\u2019influencer l\u2019int\u00e9rieur. Un grand miroir rond dans un magnifique cadre en bois avec un d\u00e9cor est juste cela. Quelle que soit la partie de la maison o\u00f9 vous le placez, partout, il deviendra le centre d\u2019attention et l\u2019accent principal du design.<\/p>\n<p>Le miroir original dans le style ancien est une autre \u0153uvre talentueuse des ma\u00eetres de l\u2019usine de meubles ukrainienne Yves Fouquet. Le cadre assembl\u00e9 \u00e0 la main en bois de haute qualit\u00e9 fait l\u2019objet de r\u00eaves d\u2019amateurs de choses vintage \u00e9l\u00e9gantes. Son rev\u00eatement laqu\u00e9 l\u00e9ger souligne avec succ\u00e8s la beaut\u00e9 naturelle et la chaleur de la texture du bois.<\/p>\n<p>L\u2019\u00e9l\u00e9gance et la sophistication du miroir sont ajout\u00e9es par Fran\u00e7ais raccords &#8211; des superpositions luxueuses avec des motifs floraux et antiques. Le sentiment de l\u2019antiquit\u00e9 est habilement cr\u00e9\u00e9 par les effets du vieillissement appliqu\u00e9s \u00e0 la main. Gr\u00e2ce \u00e0 des \u00e9gratignures artificielles, des \u00e9raflures et des traces de dames, le miroir ressemble \u00e0 une relique antique conserv\u00e9e dans la famille pendant des si\u00e8cles et soigneusement transmise par h\u00e9ritage.<\/p>\n<p>Des meubles vintage exclusifs sont assembl\u00e9s sur commande \u00e0 l\u2019aide de technologies traditionnelles. De telles choses uniques dans le style ancien souligneront votre go\u00fbt exquis et deviendront une grande d\u00e9coration de l\u2019int\u00e9rieur.<\/p>\n","protected":false},"excerpt":{"rendered":"<p><strong>Dimensions:<\/strong> W1000\u0445H1000\u0445D70<\/p>\n","protected":false},"featured_media":20989,"template":"","meta":[],"product_cat":[194],"product_tag":[],"yoast_head":"<!-- This site is optimized with the Yoast SEO Premium plugin v20.7 (Yoast SEO v20.8) - https:\/\/yoast.com\/wordpress\/plugins\/seo\/ -->\n<title>Miroir rond dans un cadre en bois avec d\u00e9cor - Yves Fouquet<\/title>\n<meta name=\"description\" content=\"Miroir int\u00e9rieur \u00e0 l\u2019ancienne. Cadre en bois naturel fait \u00e0 la main, Fran\u00e7ais raccords. Production de meubles d\u2019\u00e9lite sur commande dans l\u2019usine de meubles ukrainienne Yves Fouquet\" \/>\n<meta name=\"robots\" content=\"index, follow, max-snippet:-1, max-image-preview:large, max-video-preview:-1\" \/>\n<link rel=\"canonical\" href=\"https:\/\/yvesfouquet.com\/fr\/produit\/miroir-avec-decor-mr310e-kopirovat-kopirovat\/\" \/>\n<meta property=\"og:locale\" content=\"fr_FR\" \/>\n<meta property=\"og:type\" content=\"article\" \/>\n<meta property=\"og:title\" content=\"Miroir avec d\u00e9cor MR310e\" \/>\n<meta property=\"og:description\" content=\"Miroir int\u00e9rieur \u00e0 l\u2019ancienne. Cadre en bois naturel fait \u00e0 la main, Fran\u00e7ais raccords. Production de meubles d\u2019\u00e9lite sur commande dans l\u2019usine de meubles ukrainienne Yves Fouquet\" \/>\n<meta property=\"og:url\" content=\"https:\/\/yvesfouquet.com\/fr\/produit\/miroir-avec-decor-mr310e-kopirovat-kopirovat\/\" \/>\n<meta property=\"og:site_name\" content=\"Yves Fouquet\" \/>\n<meta property=\"article:publisher\" content=\"https:\/\/www.facebook.com\/boutiueyvesfouquet\" \/>\n<meta property=\"article:modified_time\" content=\"2023-01-19T11:16:13+00:00\" \/>\n<meta property=\"og:image\" content=\"https:\/\/yvesfouquet.com\/wp-content\/uploads\/2022\/08\/VSM026-3.jpg\" \/>\n\t<meta property=\"og:image:width\" content=\"410\" \/>\n\t<meta property=\"og:image:height\" content=\"615\" \/>\n\t<meta property=\"og:image:type\" content=\"image\/jpeg\" \/>\n<meta name=\"twitter:card\" content=\"summary_large_image\" \/>\n<meta name=\"twitter:label1\" content=\"Prix\" \/>\n\t<meta name=\"twitter:data1\" content=\"\" \/>\n\t<meta name=\"twitter:label2\" content=\"Disponibilit\u00e9\" \/>\n\t<meta name=\"twitter:data2\" content=\"En stock\" \/>\n<script type=\"application\/ld+json\" class=\"yoast-schema-graph\">{\"@context\":\"https:\/\/schema.org\",\"@graph\":[{\"@type\":[\"WebPage\",\"ItemPage\"],\"@id\":\"https:\/\/yvesfouquet.com\/fr\/produit\/miroir-avec-decor-mr310e-kopirovat-kopirovat\/\",\"url\":\"https:\/\/yvesfouquet.com\/fr\/produit\/miroir-avec-decor-mr310e-kopirovat-kopirovat\/\",\"name\":\"Miroir rond dans un cadre en bois avec d\u00e9cor - Yves Fouquet\",\"isPartOf\":{\"@id\":\"https:\/\/yvesfouquet.com\/#website\"},\"datePublished\":\"2022-08-15T09:18:28+00:00\",\"dateModified\":\"2023-01-19T11:16:13+00:00\",\"description\":\"Miroir int\u00e9rieur \u00e0 l\u2019ancienne. Cadre en bois naturel fait \u00e0 la main, Fran\u00e7ais raccords. Production de meubles d\u2019\u00e9lite sur commande dans l\u2019usine de meubles ukrainienne Yves Fouquet\",\"breadcrumb\":{\"@id\":\"https:\/\/yvesfouquet.com\/fr\/produit\/miroir-avec-decor-mr310e-kopirovat-kopirovat\/#breadcrumb\"},\"inLanguage\":\"fr-FR\",\"potentialAction\":[{\"@type\":\"ReadAction\",\"target\":[\"https:\/\/yvesfouquet.com\/fr\/produit\/miroir-avec-decor-mr310e-kopirovat-kopirovat\/\"]}]},{\"@type\":\"BreadcrumbList\",\"@id\":\"https:\/\/yvesfouquet.com\/fr\/produit\/miroir-avec-decor-mr310e-kopirovat-kopirovat\/#breadcrumb\",\"itemListElement\":[{\"@type\":\"ListItem\",\"position\":1,\"name\":\"\u0413\u043b\u0430\u0432\u043d\u0430\u044f\",\"item\":\"https:\/\/yvesfouquet.com\/fr\/\"},{\"@type\":\"ListItem\",\"position\":2,\"name\":\"Collections\",\"item\":\"https:\/\/yvesfouquet.com\/fr\/collections\/\"},{\"@type\":\"ListItem\",\"position\":3,\"name\":\"Miroir avec d\u00e9cor MR310e\"}]},{\"@type\":\"WebSite\",\"@id\":\"https:\/\/yvesfouquet.com\/#website\",\"url\":\"https:\/\/yvesfouquet.com\/\",\"name\":\"Yves Fouquet\",\"description\":\"\u0424\u0440\u0430\u043d\u0446\u0443\u0437\u0441\u043a\u0430\u044f \u043c\u0435\u0431\u0435\u043b\u044c\",\"potentialAction\":[{\"@type\":\"SearchAction\",\"target\":{\"@type\":\"EntryPoint\",\"urlTemplate\":\"https:\/\/yvesfouquet.com\/?s={search_term_string}\"},\"query-input\":\"required name=search_term_string\"}],\"inLanguage\":\"fr-FR\"}]}<\/script>\n<meta property=\"product:price:amount\" content=\"0\" \/>\n<meta property=\"product:price:currency\" content=\"EUR\" \/>\n<meta property=\"og:availability\" content=\"instock\" \/>\n<meta property=\"product:availability\" content=\"instock\" \/>\n<meta property=\"product:retailer_item_id\" content=\"VSM026\" \/>\n<meta property=\"product:condition\" content=\"new\" \/>\n<!-- \/ Yoast SEO Premium plugin. -->","yoast_head_json":{"title":"Miroir rond dans un cadre en bois avec d\u00e9cor - Yves Fouquet","description":"Miroir int\u00e9rieur \u00e0 l\u2019ancienne. Cadre en bois naturel fait \u00e0 la main, Fran\u00e7ais raccords. Production de meubles d\u2019\u00e9lite sur commande dans l\u2019usine de meubles ukrainienne Yves Fouquet","robots":{"index":"index","follow":"follow","max-snippet":"max-snippet:-1","max-image-preview":"max-image-preview:large","max-video-preview":"max-video-preview:-1"},"canonical":"https:\/\/yvesfouquet.com\/fr\/produit\/miroir-avec-decor-mr310e-kopirovat-kopirovat\/","og_locale":"fr_FR","og_type":"article","og_title":"Miroir avec d\u00e9cor MR310e","og_description":"Miroir int\u00e9rieur \u00e0 l\u2019ancienne. Cadre en bois naturel fait \u00e0 la main, Fran\u00e7ais raccords. Production de meubles d\u2019\u00e9lite sur commande dans l\u2019usine de meubles ukrainienne Yves Fouquet","og_url":"https:\/\/yvesfouquet.com\/fr\/produit\/miroir-avec-decor-mr310e-kopirovat-kopirovat\/","og_site_name":"Yves Fouquet","article_publisher":"https:\/\/www.facebook.com\/boutiueyvesfouquet","article_modified_time":"2023-01-19T11:16:13+00:00","og_image":[{"width":410,"height":615,"url":"https:\/\/yvesfouquet.com\/wp-content\/uploads\/2022\/08\/VSM026-3.jpg","type":"image\/jpeg"}],"twitter_card":"summary_large_image","twitter_misc":{"Prix":"","Disponibilit\u00e9":"En stock"},"schema":{"@context":"https:\/\/schema.org","@graph":[{"@type":["WebPage","ItemPage"],"@id":"https:\/\/yvesfouquet.com\/fr\/produit\/miroir-avec-decor-mr310e-kopirovat-kopirovat\/","url":"https:\/\/yvesfouquet.com\/fr\/produit\/miroir-avec-decor-mr310e-kopirovat-kopirovat\/","name":"Miroir rond dans un cadre en bois avec d\u00e9cor - Yves Fouquet","isPartOf":{"@id":"https:\/\/yvesfouquet.com\/#website"},"datePublished":"2022-08-15T09:18:28+00:00","dateModified":"2023-01-19T11:16:13+00:00","description":"Miroir int\u00e9rieur \u00e0 l\u2019ancienne. Cadre en bois naturel fait \u00e0 la main, Fran\u00e7ais raccords. Production de meubles d\u2019\u00e9lite sur commande dans l\u2019usine de meubles ukrainienne Yves Fouquet","breadcrumb":{"@id":"https:\/\/yvesfouquet.com\/fr\/produit\/miroir-avec-decor-mr310e-kopirovat-kopirovat\/#breadcrumb"},"inLanguage":"fr-FR","potentialAction":[{"@type":"ReadAction","target":["https:\/\/yvesfouquet.com\/fr\/produit\/miroir-avec-decor-mr310e-kopirovat-kopirovat\/"]}]},{"@type":"BreadcrumbList","@id":"https:\/\/yvesfouquet.com\/fr\/produit\/miroir-avec-decor-mr310e-kopirovat-kopirovat\/#breadcrumb","itemListElement":[{"@type":"ListItem","position":1,"name":"\u0413\u043b\u0430\u0432\u043d\u0430\u044f","item":"https:\/\/yvesfouquet.com\/fr\/"},{"@type":"ListItem","position":2,"name":"Collections","item":"https:\/\/yvesfouquet.com\/fr\/collections\/"},{"@type":"ListItem","position":3,"name":"Miroir avec d\u00e9cor MR310e"}]},{"@type":"WebSite","@id":"https:\/\/yvesfouquet.com\/#website","url":"https:\/\/yvesfouquet.com\/","name":"Yves Fouquet","description":"\u0424\u0440\u0430\u043d\u0446\u0443\u0437\u0441\u043a\u0430\u044f \u043c\u0435\u0431\u0435\u043b\u044c","potentialAction":[{"@type":"SearchAction","target":{"@type":"EntryPoint","urlTemplate":"https:\/\/yvesfouquet.com\/?s={search_term_string}"},"query-input":"required name=search_term_string"}],"inLanguage":"fr-FR"}]},"product_price_currency":"EUR","og_availability":"instock","product_availability":"instock","product_retailer_item_id":"VSM026","product_condition":"new"},"_links":{"self":[{"href":"https:\/\/yvesfouquet.com\/fr\/wp-json\/wp\/v2\/product\/18706"}],"collection":[{"href":"https:\/\/yvesfouquet.com\/fr\/wp-json\/wp\/v2\/product"}],"about":[{"href":"https:\/\/yvesfouquet.com\/fr\/wp-json\/wp\/v2\/types\/product"}],"version-history":[{"count":1,"href":"https:\/\/yvesfouquet.com\/fr\/wp-json\/wp\/v2\/product\/18706\/revisions"}],"predecessor-version":[{"id":20624,"href":"https:\/\/yvesfouquet.com\/fr\/wp-json\/wp\/v2\/product\/18706\/revisions\/20624"}],"wp:featuredmedia":[{"embeddable":true,"href":"https:\/\/yvesfouquet.com\/fr\/wp-json\/wp\/v2\/media\/20989"}],"wp:attachment":[{"href":"https:\/\/yvesfouquet.com\/fr\/wp-json\/wp\/v2\/media?parent=18706"}],"wp:term":[{"taxonomy":"product_cat","embeddable":true,"href":"https:\/\/yvesfouquet.com\/fr\/wp-json\/wp\/v2\/product_cat?post=18706"},{"taxonomy":"product_tag","embeddable":true,"href":"https:\/\/yvesfouquet.com\/fr\/wp-json\/wp\/v2\/product_tag?post=18706"}],"curies":[{"name":"wp","href":"https:\/\/api.w.org\/{rel}","templated":true}]}}