{"id":19171,"date":"2021-07-29T16:28:22","date_gmt":"2022-09-24T10:57:44","guid":{"rendered":"https:\/\/yvesfouquet.com\/stylophora-pistillata-corail\/"},"modified":"2022-09-24T13:57:44","modified_gmt":"2022-09-24T10:57:44","slug":"stylophora-pistillata-corail","status":"publish","type":"product","link":"https:\/\/yvesfouquet.com\/fr\/produit\/stylophora-pistillata-corail\/","title":{"rendered":"Stylophora Pistillata Corail"},"content":{"rendered":"<p>Reproduction du lagon corallien d\u2019Oc\u00e9anie. Un corail est en fait un animal qui vit dans des colonies s\u00e9par\u00e9es appel\u00e9es \u00ab&nbsp;polypes&nbsp;\u00bb, ce qui signifie \u00ab&nbsp;superorganismes&nbsp;\u00bb. Chaque polype a son propre exosquelette; Selon les esp\u00e8ces, cet exosquelette est dur ou mou. Notre collection de coraux en mati\u00e8re synth\u00e9tique est faite \u00e0 la main, reproduisant \u00e0 l\u2019identique la structure de ces cr\u00e9atures vivantes, dont la plupart sont prot\u00e9g\u00e9es aujourd\u2019hui. Ici dans une belle version bleu fonc\u00e9.<\/p>\n","protected":false},"excerpt":{"rendered":"<p>Reproduction du lagon corallien d\u2019Oc\u00e9anie. Un corail est en fait un animal qui vit dans des colonies s\u00e9par\u00e9es appel\u00e9es \u00ab&nbsp;polypes&nbsp;\u00bb,<\/p>\n","protected":false},"featured_media":17446,"template":"","meta":[],"product_cat":[202],"product_tag":[],"yoast_head":"<!-- This site is optimized with the Yoast SEO Premium plugin v20.7 (Yoast SEO v20.8) - https:\/\/yoast.com\/wordpress\/plugins\/seo\/ -->\n<title>Stylophora Pistillata Corail - Yves Fouquet<\/title>\n<meta name=\"robots\" content=\"index, follow, max-snippet:-1, max-image-preview:large, max-video-preview:-1\" \/>\n<link rel=\"canonical\" href=\"https:\/\/yvesfouquet.com\/fr\/produit\/stylophora-pistillata-corail\/\" \/>\n<meta property=\"og:locale\" content=\"fr_FR\" \/>\n<meta property=\"og:type\" content=\"article\" \/>\n<meta property=\"og:title\" content=\"Stylophora Pistillata Corail\" \/>\n<meta property=\"og:description\" content=\"Reproduction du lagon corallien d\u2019Oc\u00e9anie. Un corail est en fait un animal qui vit dans des colonies s\u00e9par\u00e9es appel\u00e9es \u00ab&nbsp;polypes&nbsp;\u00bb,\" \/>\n<meta property=\"og:url\" content=\"https:\/\/yvesfouquet.com\/fr\/produit\/stylophora-pistillata-corail\/\" \/>\n<meta property=\"og:site_name\" content=\"Yves Fouquet\" \/>\n<meta property=\"article:publisher\" content=\"https:\/\/www.facebook.com\/boutiueyvesfouquet\" \/>\n<meta name=\"twitter:card\" content=\"summary_large_image\" \/>\n<meta name=\"twitter:label1\" content=\"Prix\" \/>\n\t<meta name=\"twitter:data1\" content=\"\" \/>\n\t<meta name=\"twitter:label2\" content=\"Disponibilit\u00e9\" \/>\n\t<meta name=\"twitter:data2\" content=\"En stock\" \/>\n<script type=\"application\/ld+json\" class=\"yoast-schema-graph\">{\"@context\":\"https:\/\/schema.org\",\"@graph\":[{\"@type\":[\"WebPage\",\"ItemPage\"],\"@id\":\"https:\/\/yvesfouquet.com\/fr\/produit\/stylophora-pistillata-corail\/\",\"url\":\"https:\/\/yvesfouquet.com\/fr\/produit\/stylophora-pistillata-corail\/\",\"name\":\"Stylophora Pistillata Corail - Yves Fouquet\",\"isPartOf\":{\"@id\":\"https:\/\/yvesfouquet.com\/#website\"},\"datePublished\":\"2022-09-24T10:57:44+00:00\",\"dateModified\":\"2022-09-24T10:57:44+00:00\",\"breadcrumb\":{\"@id\":\"https:\/\/yvesfouquet.com\/fr\/produit\/stylophora-pistillata-corail\/#breadcrumb\"},\"inLanguage\":\"fr-FR\",\"potentialAction\":[{\"@type\":\"ReadAction\",\"target\":[\"https:\/\/yvesfouquet.com\/fr\/produit\/stylophora-pistillata-corail\/\"]}]},{\"@type\":\"BreadcrumbList\",\"@id\":\"https:\/\/yvesfouquet.com\/fr\/produit\/stylophora-pistillata-corail\/#breadcrumb\",\"itemListElement\":[{\"@type\":\"ListItem\",\"position\":1,\"name\":\"\u0413\u043b\u0430\u0432\u043d\u0430\u044f\",\"item\":\"https:\/\/yvesfouquet.com\/fr\/\"},{\"@type\":\"ListItem\",\"position\":2,\"name\":\"Collections\",\"item\":\"https:\/\/yvesfouquet.com\/fr\/collections\/\"},{\"@type\":\"ListItem\",\"position\":3,\"name\":\"Stylophora Pistillata Corail\"}]},{\"@type\":\"WebSite\",\"@id\":\"https:\/\/yvesfouquet.com\/#website\",\"url\":\"https:\/\/yvesfouquet.com\/\",\"name\":\"Yves Fouquet\",\"description\":\"\u0424\u0440\u0430\u043d\u0446\u0443\u0437\u0441\u043a\u0430\u044f \u043c\u0435\u0431\u0435\u043b\u044c\",\"potentialAction\":[{\"@type\":\"SearchAction\",\"target\":{\"@type\":\"EntryPoint\",\"urlTemplate\":\"https:\/\/yvesfouquet.com\/?s={search_term_string}\"},\"query-input\":\"required name=search_term_string\"}],\"inLanguage\":\"fr-FR\"}]}<\/script>\n<meta property=\"product:price:amount\" content=\"0\" \/>\n<meta property=\"product:price:currency\" content=\"EUR\" \/>\n<meta property=\"og:availability\" content=\"instock\" \/>\n<meta property=\"product:availability\" content=\"instock\" \/>\n<meta property=\"product:retailer_item_id\" content=\"OD1005\" \/>\n<meta property=\"product:condition\" content=\"new\" \/>\n<!-- \/ Yoast SEO Premium plugin. -->","yoast_head_json":{"title":"Stylophora Pistillata Corail - Yves Fouquet","robots":{"index":"index","follow":"follow","max-snippet":"max-snippet:-1","max-image-preview":"max-image-preview:large","max-video-preview":"max-video-preview:-1"},"canonical":"https:\/\/yvesfouquet.com\/fr\/produit\/stylophora-pistillata-corail\/","og_locale":"fr_FR","og_type":"article","og_title":"Stylophora Pistillata Corail","og_description":"Reproduction du lagon corallien d\u2019Oc\u00e9anie. Un corail est en fait un animal qui vit dans des colonies s\u00e9par\u00e9es appel\u00e9es \u00ab&nbsp;polypes&nbsp;\u00bb,","og_url":"https:\/\/yvesfouquet.com\/fr\/produit\/stylophora-pistillata-corail\/","og_site_name":"Yves Fouquet","article_publisher":"https:\/\/www.facebook.com\/boutiueyvesfouquet","twitter_card":"summary_large_image","twitter_misc":{"Prix":"","Disponibilit\u00e9":"En stock"},"schema":{"@context":"https:\/\/schema.org","@graph":[{"@type":["WebPage","ItemPage"],"@id":"https:\/\/yvesfouquet.com\/fr\/produit\/stylophora-pistillata-corail\/","url":"https:\/\/yvesfouquet.com\/fr\/produit\/stylophora-pistillata-corail\/","name":"Stylophora Pistillata Corail - Yves Fouquet","isPartOf":{"@id":"https:\/\/yvesfouquet.com\/#website"},"datePublished":"2022-09-24T10:57:44+00:00","dateModified":"2022-09-24T10:57:44+00:00","breadcrumb":{"@id":"https:\/\/yvesfouquet.com\/fr\/produit\/stylophora-pistillata-corail\/#breadcrumb"},"inLanguage":"fr-FR","potentialAction":[{"@type":"ReadAction","target":["https:\/\/yvesfouquet.com\/fr\/produit\/stylophora-pistillata-corail\/"]}]},{"@type":"BreadcrumbList","@id":"https:\/\/yvesfouquet.com\/fr\/produit\/stylophora-pistillata-corail\/#breadcrumb","itemListElement":[{"@type":"ListItem","position":1,"name":"\u0413\u043b\u0430\u0432\u043d\u0430\u044f","item":"https:\/\/yvesfouquet.com\/fr\/"},{"@type":"ListItem","position":2,"name":"Collections","item":"https:\/\/yvesfouquet.com\/fr\/collections\/"},{"@type":"ListItem","position":3,"name":"Stylophora Pistillata Corail"}]},{"@type":"WebSite","@id":"https:\/\/yvesfouquet.com\/#website","url":"https:\/\/yvesfouquet.com\/","name":"Yves Fouquet","description":"\u0424\u0440\u0430\u043d\u0446\u0443\u0437\u0441\u043a\u0430\u044f \u043c\u0435\u0431\u0435\u043b\u044c","potentialAction":[{"@type":"SearchAction","target":{"@type":"EntryPoint","urlTemplate":"https:\/\/yvesfouquet.com\/?s={search_term_string}"},"query-input":"required name=search_term_string"}],"inLanguage":"fr-FR"}]},"product_price_currency":"EUR","og_availability":"instock","product_availability":"instock","product_retailer_item_id":"OD1005","product_condition":"new"},"_links":{"self":[{"href":"https:\/\/yvesfouquet.com\/fr\/wp-json\/wp\/v2\/product\/19171"}],"collection":[{"href":"https:\/\/yvesfouquet.com\/fr\/wp-json\/wp\/v2\/product"}],"about":[{"href":"https:\/\/yvesfouquet.com\/fr\/wp-json\/wp\/v2\/types\/product"}],"version-history":[{"count":0,"href":"https:\/\/yvesfouquet.com\/fr\/wp-json\/wp\/v2\/product\/19171\/revisions"}],"wp:featuredmedia":[{"embeddable":true,"href":"https:\/\/yvesfouquet.com\/fr\/wp-json\/wp\/v2\/media\/17446"}],"wp:attachment":[{"href":"https:\/\/yvesfouquet.com\/fr\/wp-json\/wp\/v2\/media?parent=19171"}],"wp:term":[{"taxonomy":"product_cat","embeddable":true,"href":"https:\/\/yvesfouquet.com\/fr\/wp-json\/wp\/v2\/product_cat?post=19171"},{"taxonomy":"product_tag","embeddable":true,"href":"https:\/\/yvesfouquet.com\/fr\/wp-json\/wp\/v2\/product_tag?post=19171"}],"curies":[{"name":"wp","href":"https:\/\/api.w.org\/{rel}","templated":true}]}}