{"id":19179,"date":"2021-07-29T16:44:32","date_gmt":"2022-09-24T10:57:47","guid":{"rendered":"https:\/\/yvesfouquet.com\/ensemble-de-3-bronzes-de-gan\/"},"modified":"2022-09-24T13:57:47","modified_gmt":"2022-09-24T10:57:47","slug":"ensemble-de-3-gan-bronzes","status":"publish","type":"product","link":"https:\/\/yvesfouquet.com\/fr\/produit\/ensemble-de-3-gan-bronzes\/","title":{"rendered":"Ensemble de 3 bronzes de Gan"},"content":{"rendered":"<p>Le peuple Gan au Burkina Faso, toujours fid\u00e8le \u00e0 son mode de vie traditionnel et \u00e0 ses croyances, a un style sculptural unique, riche en rituels et en symbolisme.<br \/>\nCes pendentifs ou tourbes, en effet, sont dot\u00e9s d\u2019un pouvoir protecteur. N\u00e9anmoins, les artistes \u00e9taient particuli\u00e8rement attentifs aux d\u00e9tails et \u00e0 la sophistication. Les spirales sont des symboles de l\u2019\u00e9ternit\u00e9 et probablement un signe de statut royal.<\/p>\n<p>&gt;  Snake Torfan : Les serpents sont le th\u00e8me central de la fiction ghan\u00e9enne. Torfana peut avoir jusqu\u2019\u00e0 10 t\u00eates, ce qui symbolise le degr\u00e9 de sa puissance. Ces tourbes prot\u00e8gent la famille et la culture.<\/p>\n<p>&gt;  Crocodile Torfan: Les plus grandes parties appartenaient au roi, souvent d\u00e9cor\u00e9es d\u2019un crocodile, symbole de force et de patience, et de la pens\u00e9e qu\u2019elles cachent la connaissance des anc\u00eatres. Ainsi, les crocodiles prot\u00e8gent \u00e9galement les \u00e2mes des morts.<\/p>\n<p>&gt;  Le cam\u00e9l\u00e9on est moins souvent trouv\u00e9 dans les pendentifs sculpturaux car il repr\u00e9sente la connaissance et la sagesse et est donc destin\u00e9 aux sages ou aux gu\u00e9risseurs communautaires.<\/p>\n<p>Mat\u00e9riaux: Fer<\/p>\n","protected":false},"excerpt":{"rendered":"<p>Le peuple Gan au Burkina Faso, toujours fid\u00e8le \u00e0 son mode de vie traditionnel et \u00e0 ses croyances, a un<\/p>\n","protected":false},"featured_media":17456,"template":"","meta":[],"product_cat":[202],"product_tag":[],"yoast_head":"<!-- This site is optimized with the Yoast SEO Premium plugin v20.7 (Yoast SEO v20.8) - https:\/\/yoast.com\/wordpress\/plugins\/seo\/ -->\n<title>Ensemble de 3 bronzes de Gan - Yves Fouquet<\/title>\n<meta name=\"description\" content=\"Le peuple Gan au Burkina Faso, toujours fid\u00e8le \u00e0 son mode de vie traditionnel et \u00e0 ses croyances, a un style sculptural unique, riche en rituels et en symbolisme. N\u00e9anmoins, les artistes \u00e9taient particuli\u00e8rement attentifs aux d\u00e9tails et \u00e0 la sophistication. Les spirales sont des symboles de l\u2019\u00e9ternit\u00e9 et probablement un signe de statut royal.\" \/>\n<meta name=\"robots\" content=\"index, follow, max-snippet:-1, max-image-preview:large, max-video-preview:-1\" \/>\n<link rel=\"canonical\" href=\"https:\/\/yvesfouquet.com\/fr\/produit\/ensemble-de-3-gan-bronzes\/\" \/>\n<meta property=\"og:locale\" content=\"fr_FR\" \/>\n<meta property=\"og:type\" content=\"article\" \/>\n<meta property=\"og:title\" content=\"Ensemble de 3 bronzes de Gan\" \/>\n<meta property=\"og:description\" content=\"Le peuple Gan au Burkina Faso, toujours fid\u00e8le \u00e0 son mode de vie traditionnel et \u00e0 ses croyances, a un style sculptural unique, riche en rituels et en symbolisme. N\u00e9anmoins, les artistes \u00e9taient particuli\u00e8rement attentifs aux d\u00e9tails et \u00e0 la sophistication. Les spirales sont des symboles de l\u2019\u00e9ternit\u00e9 et probablement un signe de statut royal.\" \/>\n<meta property=\"og:url\" content=\"https:\/\/yvesfouquet.com\/fr\/produit\/ensemble-de-3-gan-bronzes\/\" \/>\n<meta property=\"og:site_name\" content=\"Yves Fouquet\" \/>\n<meta property=\"article:publisher\" content=\"https:\/\/www.facebook.com\/boutiueyvesfouquet\" \/>\n<meta property=\"og:image\" content=\"https:\/\/yvesfouquet.com\/wp-content\/uploads\/2021\/07\/DSCF4995-scaled.jpg\" \/>\n\t<meta property=\"og:image:width\" content=\"2560\" \/>\n\t<meta property=\"og:image:height\" content=\"1707\" \/>\n\t<meta property=\"og:image:type\" content=\"image\/jpeg\" \/>\n<meta name=\"twitter:card\" content=\"summary_large_image\" \/>\n<meta name=\"twitter:label1\" content=\"Prix\" \/>\n\t<meta name=\"twitter:data1\" content=\"\" \/>\n\t<meta name=\"twitter:label2\" content=\"Disponibilit\u00e9\" \/>\n\t<meta name=\"twitter:data2\" content=\"En stock\" \/>\n<script type=\"application\/ld+json\" class=\"yoast-schema-graph\">{\"@context\":\"https:\/\/schema.org\",\"@graph\":[{\"@type\":[\"WebPage\",\"ItemPage\"],\"@id\":\"https:\/\/yvesfouquet.com\/fr\/produit\/ensemble-de-3-gan-bronzes\/\",\"url\":\"https:\/\/yvesfouquet.com\/fr\/produit\/ensemble-de-3-gan-bronzes\/\",\"name\":\"Ensemble de 3 bronzes de Gan - Yves Fouquet\",\"isPartOf\":{\"@id\":\"https:\/\/yvesfouquet.com\/#website\"},\"datePublished\":\"2022-09-24T10:57:47+00:00\",\"dateModified\":\"2022-09-24T10:57:47+00:00\",\"description\":\"Le peuple Gan au Burkina Faso, toujours fid\u00e8le \u00e0 son mode de vie traditionnel et \u00e0 ses croyances, a un style sculptural unique, riche en rituels et en symbolisme. N\u00e9anmoins, les artistes \u00e9taient particuli\u00e8rement attentifs aux d\u00e9tails et \u00e0 la sophistication. Les spirales sont des symboles de l\u2019\u00e9ternit\u00e9 et probablement un signe de statut royal.\",\"breadcrumb\":{\"@id\":\"https:\/\/yvesfouquet.com\/fr\/produit\/ensemble-de-3-gan-bronzes\/#breadcrumb\"},\"inLanguage\":\"fr-FR\",\"potentialAction\":[{\"@type\":\"ReadAction\",\"target\":[\"https:\/\/yvesfouquet.com\/fr\/produit\/ensemble-de-3-gan-bronzes\/\"]}]},{\"@type\":\"BreadcrumbList\",\"@id\":\"https:\/\/yvesfouquet.com\/fr\/produit\/ensemble-de-3-gan-bronzes\/#breadcrumb\",\"itemListElement\":[{\"@type\":\"ListItem\",\"position\":1,\"name\":\"\u0413\u043b\u0430\u0432\u043d\u0430\u044f\",\"item\":\"https:\/\/yvesfouquet.com\/fr\/\"},{\"@type\":\"ListItem\",\"position\":2,\"name\":\"Collections\",\"item\":\"https:\/\/yvesfouquet.com\/fr\/collections\/\"},{\"@type\":\"ListItem\",\"position\":3,\"name\":\"Ensemble de 3 bronzes de Gan\"}]},{\"@type\":\"WebSite\",\"@id\":\"https:\/\/yvesfouquet.com\/#website\",\"url\":\"https:\/\/yvesfouquet.com\/\",\"name\":\"Yves Fouquet\",\"description\":\"\u0424\u0440\u0430\u043d\u0446\u0443\u0437\u0441\u043a\u0430\u044f \u043c\u0435\u0431\u0435\u043b\u044c\",\"potentialAction\":[{\"@type\":\"SearchAction\",\"target\":{\"@type\":\"EntryPoint\",\"urlTemplate\":\"https:\/\/yvesfouquet.com\/?s={search_term_string}\"},\"query-input\":\"required name=search_term_string\"}],\"inLanguage\":\"fr-FR\"}]}<\/script>\n<meta property=\"product:price:amount\" content=\"0\" \/>\n<meta property=\"product:price:currency\" content=\"EUR\" \/>\n<meta property=\"og:availability\" content=\"instock\" \/>\n<meta property=\"product:availability\" content=\"instock\" \/>\n<meta property=\"product:retailer_item_id\" content=\"OD1106\" \/>\n<meta property=\"product:condition\" content=\"new\" \/>\n<!-- \/ Yoast SEO Premium plugin. -->","yoast_head_json":{"title":"Ensemble de 3 bronzes de Gan - Yves Fouquet","description":"Le peuple Gan au Burkina Faso, toujours fid\u00e8le \u00e0 son mode de vie traditionnel et \u00e0 ses croyances, a un style sculptural unique, riche en rituels et en symbolisme. N\u00e9anmoins, les artistes \u00e9taient particuli\u00e8rement attentifs aux d\u00e9tails et \u00e0 la sophistication. Les spirales sont des symboles de l\u2019\u00e9ternit\u00e9 et probablement un signe de statut royal.","robots":{"index":"index","follow":"follow","max-snippet":"max-snippet:-1","max-image-preview":"max-image-preview:large","max-video-preview":"max-video-preview:-1"},"canonical":"https:\/\/yvesfouquet.com\/fr\/produit\/ensemble-de-3-gan-bronzes\/","og_locale":"fr_FR","og_type":"article","og_title":"Ensemble de 3 bronzes de Gan","og_description":"Le peuple Gan au Burkina Faso, toujours fid\u00e8le \u00e0 son mode de vie traditionnel et \u00e0 ses croyances, a un style sculptural unique, riche en rituels et en symbolisme. N\u00e9anmoins, les artistes \u00e9taient particuli\u00e8rement attentifs aux d\u00e9tails et \u00e0 la sophistication. Les spirales sont des symboles de l\u2019\u00e9ternit\u00e9 et probablement un signe de statut royal.","og_url":"https:\/\/yvesfouquet.com\/fr\/produit\/ensemble-de-3-gan-bronzes\/","og_site_name":"Yves Fouquet","article_publisher":"https:\/\/www.facebook.com\/boutiueyvesfouquet","og_image":[{"width":2560,"height":1707,"url":"https:\/\/yvesfouquet.com\/wp-content\/uploads\/2021\/07\/DSCF4995-scaled.jpg","type":"image\/jpeg"}],"twitter_card":"summary_large_image","twitter_misc":{"Prix":"","Disponibilit\u00e9":"En stock"},"schema":{"@context":"https:\/\/schema.org","@graph":[{"@type":["WebPage","ItemPage"],"@id":"https:\/\/yvesfouquet.com\/fr\/produit\/ensemble-de-3-gan-bronzes\/","url":"https:\/\/yvesfouquet.com\/fr\/produit\/ensemble-de-3-gan-bronzes\/","name":"Ensemble de 3 bronzes de Gan - Yves Fouquet","isPartOf":{"@id":"https:\/\/yvesfouquet.com\/#website"},"datePublished":"2022-09-24T10:57:47+00:00","dateModified":"2022-09-24T10:57:47+00:00","description":"Le peuple Gan au Burkina Faso, toujours fid\u00e8le \u00e0 son mode de vie traditionnel et \u00e0 ses croyances, a un style sculptural unique, riche en rituels et en symbolisme. N\u00e9anmoins, les artistes \u00e9taient particuli\u00e8rement attentifs aux d\u00e9tails et \u00e0 la sophistication. Les spirales sont des symboles de l\u2019\u00e9ternit\u00e9 et probablement un signe de statut royal.","breadcrumb":{"@id":"https:\/\/yvesfouquet.com\/fr\/produit\/ensemble-de-3-gan-bronzes\/#breadcrumb"},"inLanguage":"fr-FR","potentialAction":[{"@type":"ReadAction","target":["https:\/\/yvesfouquet.com\/fr\/produit\/ensemble-de-3-gan-bronzes\/"]}]},{"@type":"BreadcrumbList","@id":"https:\/\/yvesfouquet.com\/fr\/produit\/ensemble-de-3-gan-bronzes\/#breadcrumb","itemListElement":[{"@type":"ListItem","position":1,"name":"\u0413\u043b\u0430\u0432\u043d\u0430\u044f","item":"https:\/\/yvesfouquet.com\/fr\/"},{"@type":"ListItem","position":2,"name":"Collections","item":"https:\/\/yvesfouquet.com\/fr\/collections\/"},{"@type":"ListItem","position":3,"name":"Ensemble de 3 bronzes de Gan"}]},{"@type":"WebSite","@id":"https:\/\/yvesfouquet.com\/#website","url":"https:\/\/yvesfouquet.com\/","name":"Yves Fouquet","description":"\u0424\u0440\u0430\u043d\u0446\u0443\u0437\u0441\u043a\u0430\u044f \u043c\u0435\u0431\u0435\u043b\u044c","potentialAction":[{"@type":"SearchAction","target":{"@type":"EntryPoint","urlTemplate":"https:\/\/yvesfouquet.com\/?s={search_term_string}"},"query-input":"required name=search_term_string"}],"inLanguage":"fr-FR"}]},"product_price_currency":"EUR","og_availability":"instock","product_availability":"instock","product_retailer_item_id":"OD1106","product_condition":"new"},"_links":{"self":[{"href":"https:\/\/yvesfouquet.com\/fr\/wp-json\/wp\/v2\/product\/19179"}],"collection":[{"href":"https:\/\/yvesfouquet.com\/fr\/wp-json\/wp\/v2\/product"}],"about":[{"href":"https:\/\/yvesfouquet.com\/fr\/wp-json\/wp\/v2\/types\/product"}],"version-history":[{"count":0,"href":"https:\/\/yvesfouquet.com\/fr\/wp-json\/wp\/v2\/product\/19179\/revisions"}],"wp:featuredmedia":[{"embeddable":true,"href":"https:\/\/yvesfouquet.com\/fr\/wp-json\/wp\/v2\/media\/17456"}],"wp:attachment":[{"href":"https:\/\/yvesfouquet.com\/fr\/wp-json\/wp\/v2\/media?parent=19179"}],"wp:term":[{"taxonomy":"product_cat","embeddable":true,"href":"https:\/\/yvesfouquet.com\/fr\/wp-json\/wp\/v2\/product_cat?post=19179"},{"taxonomy":"product_tag","embeddable":true,"href":"https:\/\/yvesfouquet.com\/fr\/wp-json\/wp\/v2\/product_tag?post=19179"}],"curies":[{"name":"wp","href":"https:\/\/api.w.org\/{rel}","templated":true}]}}