{"id":19180,"date":"2021-07-29T16:34:51","date_gmt":"2022-09-24T10:57:48","guid":{"rendered":"https:\/\/yvesfouquet.com\/oeuf-en-verre-emaille-vert\/"},"modified":"2022-09-24T13:57:48","modified_gmt":"2022-09-24T10:57:48","slug":"emaille-verre-oeuf-vert","status":"publish","type":"product","link":"https:\/\/yvesfouquet.com\/fr\/produit\/emaille-verre-oeuf-vert\/","title":{"rendered":"Oeuf en verre \u00e9maill\u00e9 &#8211; Vert"},"content":{"rendered":"<p>Reproduction d\u2019un \u0153uf en verre \u00e9maill\u00e9 du XIXe si\u00e8cle sur un socle en bois noir dans le style de Napol\u00e9on III. Bel effet, gr\u00e2ce \u00e0 la taille inhabituelle!<\/p>\n","protected":false},"excerpt":{"rendered":"<p>Reproduction d\u2019un \u0153uf en verre \u00e9maill\u00e9 du XIXe si\u00e8cle sur un socle en bois noir dans le style de Napol\u00e9on<\/p>\n","protected":false},"featured_media":17450,"template":"","meta":[],"product_cat":[202],"product_tag":[],"yoast_head":"<!-- This site is optimized with the Yoast SEO Premium plugin v20.7 (Yoast SEO v20.8) - https:\/\/yoast.com\/wordpress\/plugins\/seo\/ -->\n<title>Oeuf en verre \u00e9maill\u00e9 - Vert - Yves Fouquet<\/title>\n<meta name=\"description\" content=\"Reproduction d\u2019un \u0153uf en verre \u00e9maill\u00e9 du XIXe si\u00e8cle sur un socle en bois noir dans le style de Napol\u00e9on III. Bel effet, gr\u00e2ce \u00e0 la taille inhabituelle!\" \/>\n<meta name=\"robots\" content=\"index, follow, max-snippet:-1, max-image-preview:large, max-video-preview:-1\" \/>\n<link rel=\"canonical\" href=\"https:\/\/yvesfouquet.com\/fr\/produit\/emaille-verre-oeuf-vert\/\" \/>\n<meta property=\"og:locale\" content=\"fr_FR\" \/>\n<meta property=\"og:type\" content=\"article\" \/>\n<meta property=\"og:title\" content=\"Oeuf en verre \u00e9maill\u00e9 - Vert\" \/>\n<meta property=\"og:description\" content=\"Reproduction d\u2019un \u0153uf en verre \u00e9maill\u00e9 du XIXe si\u00e8cle sur un socle en bois noir dans le style de Napol\u00e9on III. Bel effet, gr\u00e2ce \u00e0 la taille inhabituelle!\" \/>\n<meta property=\"og:url\" content=\"https:\/\/yvesfouquet.com\/fr\/produit\/emaille-verre-oeuf-vert\/\" \/>\n<meta property=\"og:site_name\" content=\"Yves Fouquet\" \/>\n<meta property=\"article:publisher\" content=\"https:\/\/www.facebook.com\/boutiueyvesfouquet\" \/>\n<meta property=\"og:image\" content=\"https:\/\/yvesfouquet.com\/wp-content\/uploads\/2021\/07\/DSCF4981-scaled.jpg\" \/>\n\t<meta property=\"og:image:width\" content=\"1707\" \/>\n\t<meta property=\"og:image:height\" content=\"2560\" \/>\n\t<meta property=\"og:image:type\" content=\"image\/jpeg\" \/>\n<meta name=\"twitter:card\" content=\"summary_large_image\" \/>\n<meta name=\"twitter:label1\" content=\"Prix\" \/>\n\t<meta name=\"twitter:data1\" content=\"\" \/>\n\t<meta name=\"twitter:label2\" content=\"Disponibilit\u00e9\" \/>\n\t<meta name=\"twitter:data2\" content=\"En stock\" \/>\n<script type=\"application\/ld+json\" class=\"yoast-schema-graph\">{\"@context\":\"https:\/\/schema.org\",\"@graph\":[{\"@type\":[\"WebPage\",\"ItemPage\"],\"@id\":\"https:\/\/yvesfouquet.com\/fr\/produit\/emaille-verre-oeuf-vert\/\",\"url\":\"https:\/\/yvesfouquet.com\/fr\/produit\/emaille-verre-oeuf-vert\/\",\"name\":\"Oeuf en verre \u00e9maill\u00e9 - Vert - Yves Fouquet\",\"isPartOf\":{\"@id\":\"https:\/\/yvesfouquet.com\/#website\"},\"datePublished\":\"2022-09-24T10:57:48+00:00\",\"dateModified\":\"2022-09-24T10:57:48+00:00\",\"description\":\"Reproduction d\u2019un \u0153uf en verre \u00e9maill\u00e9 du XIXe si\u00e8cle sur un socle en bois noir dans le style de Napol\u00e9on III. Bel effet, gr\u00e2ce \u00e0 la taille inhabituelle!\",\"breadcrumb\":{\"@id\":\"https:\/\/yvesfouquet.com\/fr\/produit\/emaille-verre-oeuf-vert\/#breadcrumb\"},\"inLanguage\":\"fr-FR\",\"potentialAction\":[{\"@type\":\"ReadAction\",\"target\":[\"https:\/\/yvesfouquet.com\/fr\/produit\/emaille-verre-oeuf-vert\/\"]}]},{\"@type\":\"BreadcrumbList\",\"@id\":\"https:\/\/yvesfouquet.com\/fr\/produit\/emaille-verre-oeuf-vert\/#breadcrumb\",\"itemListElement\":[{\"@type\":\"ListItem\",\"position\":1,\"name\":\"\u0413\u043b\u0430\u0432\u043d\u0430\u044f\",\"item\":\"https:\/\/yvesfouquet.com\/fr\/\"},{\"@type\":\"ListItem\",\"position\":2,\"name\":\"Collections\",\"item\":\"https:\/\/yvesfouquet.com\/fr\/collections\/\"},{\"@type\":\"ListItem\",\"position\":3,\"name\":\"Oeuf en verre \u00e9maill\u00e9 &#8211; Vert\"}]},{\"@type\":\"WebSite\",\"@id\":\"https:\/\/yvesfouquet.com\/#website\",\"url\":\"https:\/\/yvesfouquet.com\/\",\"name\":\"Yves Fouquet\",\"description\":\"\u0424\u0440\u0430\u043d\u0446\u0443\u0437\u0441\u043a\u0430\u044f \u043c\u0435\u0431\u0435\u043b\u044c\",\"potentialAction\":[{\"@type\":\"SearchAction\",\"target\":{\"@type\":\"EntryPoint\",\"urlTemplate\":\"https:\/\/yvesfouquet.com\/?s={search_term_string}\"},\"query-input\":\"required name=search_term_string\"}],\"inLanguage\":\"fr-FR\"}]}<\/script>\n<meta property=\"product:price:amount\" content=\"0\" \/>\n<meta property=\"product:price:currency\" content=\"EUR\" \/>\n<meta property=\"og:availability\" content=\"instock\" \/>\n<meta property=\"product:availability\" content=\"instock\" \/>\n<meta property=\"product:retailer_item_id\" content=\"OD1052\/GR\" \/>\n<meta property=\"product:condition\" content=\"new\" \/>\n<!-- \/ Yoast SEO Premium plugin. -->","yoast_head_json":{"title":"Oeuf en verre \u00e9maill\u00e9 - Vert - Yves Fouquet","description":"Reproduction d\u2019un \u0153uf en verre \u00e9maill\u00e9 du XIXe si\u00e8cle sur un socle en bois noir dans le style de Napol\u00e9on III. Bel effet, gr\u00e2ce \u00e0 la taille inhabituelle!","robots":{"index":"index","follow":"follow","max-snippet":"max-snippet:-1","max-image-preview":"max-image-preview:large","max-video-preview":"max-video-preview:-1"},"canonical":"https:\/\/yvesfouquet.com\/fr\/produit\/emaille-verre-oeuf-vert\/","og_locale":"fr_FR","og_type":"article","og_title":"Oeuf en verre \u00e9maill\u00e9 - Vert","og_description":"Reproduction d\u2019un \u0153uf en verre \u00e9maill\u00e9 du XIXe si\u00e8cle sur un socle en bois noir dans le style de Napol\u00e9on III. Bel effet, gr\u00e2ce \u00e0 la taille inhabituelle!","og_url":"https:\/\/yvesfouquet.com\/fr\/produit\/emaille-verre-oeuf-vert\/","og_site_name":"Yves Fouquet","article_publisher":"https:\/\/www.facebook.com\/boutiueyvesfouquet","og_image":[{"width":1707,"height":2560,"url":"https:\/\/yvesfouquet.com\/wp-content\/uploads\/2021\/07\/DSCF4981-scaled.jpg","type":"image\/jpeg"}],"twitter_card":"summary_large_image","twitter_misc":{"Prix":"","Disponibilit\u00e9":"En stock"},"schema":{"@context":"https:\/\/schema.org","@graph":[{"@type":["WebPage","ItemPage"],"@id":"https:\/\/yvesfouquet.com\/fr\/produit\/emaille-verre-oeuf-vert\/","url":"https:\/\/yvesfouquet.com\/fr\/produit\/emaille-verre-oeuf-vert\/","name":"Oeuf en verre \u00e9maill\u00e9 - Vert - Yves Fouquet","isPartOf":{"@id":"https:\/\/yvesfouquet.com\/#website"},"datePublished":"2022-09-24T10:57:48+00:00","dateModified":"2022-09-24T10:57:48+00:00","description":"Reproduction d\u2019un \u0153uf en verre \u00e9maill\u00e9 du XIXe si\u00e8cle sur un socle en bois noir dans le style de Napol\u00e9on III. Bel effet, gr\u00e2ce \u00e0 la taille inhabituelle!","breadcrumb":{"@id":"https:\/\/yvesfouquet.com\/fr\/produit\/emaille-verre-oeuf-vert\/#breadcrumb"},"inLanguage":"fr-FR","potentialAction":[{"@type":"ReadAction","target":["https:\/\/yvesfouquet.com\/fr\/produit\/emaille-verre-oeuf-vert\/"]}]},{"@type":"BreadcrumbList","@id":"https:\/\/yvesfouquet.com\/fr\/produit\/emaille-verre-oeuf-vert\/#breadcrumb","itemListElement":[{"@type":"ListItem","position":1,"name":"\u0413\u043b\u0430\u0432\u043d\u0430\u044f","item":"https:\/\/yvesfouquet.com\/fr\/"},{"@type":"ListItem","position":2,"name":"Collections","item":"https:\/\/yvesfouquet.com\/fr\/collections\/"},{"@type":"ListItem","position":3,"name":"Oeuf en verre \u00e9maill\u00e9 &#8211; Vert"}]},{"@type":"WebSite","@id":"https:\/\/yvesfouquet.com\/#website","url":"https:\/\/yvesfouquet.com\/","name":"Yves Fouquet","description":"\u0424\u0440\u0430\u043d\u0446\u0443\u0437\u0441\u043a\u0430\u044f \u043c\u0435\u0431\u0435\u043b\u044c","potentialAction":[{"@type":"SearchAction","target":{"@type":"EntryPoint","urlTemplate":"https:\/\/yvesfouquet.com\/?s={search_term_string}"},"query-input":"required name=search_term_string"}],"inLanguage":"fr-FR"}]},"product_price_currency":"EUR","og_availability":"instock","product_availability":"instock","product_retailer_item_id":"OD1052\/GR","product_condition":"new"},"_links":{"self":[{"href":"https:\/\/yvesfouquet.com\/fr\/wp-json\/wp\/v2\/product\/19180"}],"collection":[{"href":"https:\/\/yvesfouquet.com\/fr\/wp-json\/wp\/v2\/product"}],"about":[{"href":"https:\/\/yvesfouquet.com\/fr\/wp-json\/wp\/v2\/types\/product"}],"version-history":[{"count":0,"href":"https:\/\/yvesfouquet.com\/fr\/wp-json\/wp\/v2\/product\/19180\/revisions"}],"wp:featuredmedia":[{"embeddable":true,"href":"https:\/\/yvesfouquet.com\/fr\/wp-json\/wp\/v2\/media\/17450"}],"wp:attachment":[{"href":"https:\/\/yvesfouquet.com\/fr\/wp-json\/wp\/v2\/media?parent=19180"}],"wp:term":[{"taxonomy":"product_cat","embeddable":true,"href":"https:\/\/yvesfouquet.com\/fr\/wp-json\/wp\/v2\/product_cat?post=19180"},{"taxonomy":"product_tag","embeddable":true,"href":"https:\/\/yvesfouquet.com\/fr\/wp-json\/wp\/v2\/product_tag?post=19180"}],"curies":[{"name":"wp","href":"https:\/\/api.w.org\/{rel}","templated":true}]}}