{"id":19197,"date":"2021-07-29T16:18:27","date_gmt":"2022-09-24T10:58:35","guid":{"rendered":"https:\/\/yvesfouquet.com\/ensemble-de-5-disques-brown-etnic\/"},"modified":"2022-09-24T13:58:35","modified_gmt":"2022-09-24T10:58:35","slug":"jeu-de-5-disques-etniques-bruns","status":"publish","type":"product","link":"https:\/\/yvesfouquet.com\/fr\/produit\/jeu-de-5-disques-etniques-bruns\/","title":{"rendered":"Ensemble de 5 disques Brown Etnic"},"content":{"rendered":"<p>De d\u00e9licieux petits disques d\u2019os d\u2019Indon\u00e9sie, \u00e9l\u00e9gamment sculpt\u00e9s avec des formes g\u00e9om\u00e9triques inspir\u00e9es du style de la lune timoraise, qui est particuli\u00e8rement appr\u00e9ci\u00e9 par les artistes de cette r\u00e9gion. Disponible sur une base en m\u00e9tal mat noir.<\/p>\n","protected":false},"excerpt":{"rendered":"<p>De d\u00e9licieux petits disques d\u2019os d\u2019Indon\u00e9sie, \u00e9l\u00e9gamment sculpt\u00e9s avec des formes g\u00e9om\u00e9triques inspir\u00e9es du style de la lune timoraise, qui<\/p>\n","protected":false},"featured_media":17438,"template":"","meta":[],"product_cat":[202],"product_tag":[],"yoast_head":"<!-- This site is optimized with the Yoast SEO Premium plugin v20.7 (Yoast SEO v20.8) - https:\/\/yoast.com\/wordpress\/plugins\/seo\/ -->\n<title>Ensemble de 5 disques Brown Etnic - Yves Fouquet<\/title>\n<meta name=\"description\" content=\"De d\u00e9licieux petits disques d\u2019os d\u2019Indon\u00e9sie, \u00e9l\u00e9gamment sculpt\u00e9s avec des formes g\u00e9om\u00e9triques inspir\u00e9es du style de la lune timoraise, qui est particuli\u00e8rement appr\u00e9ci\u00e9 par les artistes de cette r\u00e9gion. Disponible sur une base en m\u00e9tal mat noir.\" \/>\n<meta name=\"robots\" content=\"index, follow, max-snippet:-1, max-image-preview:large, max-video-preview:-1\" \/>\n<link rel=\"canonical\" href=\"https:\/\/yvesfouquet.com\/fr\/produit\/jeu-de-5-disques-etniques-bruns\/\" \/>\n<meta property=\"og:locale\" content=\"fr_FR\" \/>\n<meta property=\"og:type\" content=\"article\" \/>\n<meta property=\"og:title\" content=\"Ensemble de 5 disques Brown Etnic\" \/>\n<meta property=\"og:description\" content=\"De d\u00e9licieux petits disques d\u2019os d\u2019Indon\u00e9sie, \u00e9l\u00e9gamment sculpt\u00e9s avec des formes g\u00e9om\u00e9triques inspir\u00e9es du style de la lune timoraise, qui est particuli\u00e8rement appr\u00e9ci\u00e9 par les artistes de cette r\u00e9gion. Disponible sur une base en m\u00e9tal mat noir.\" \/>\n<meta property=\"og:url\" content=\"https:\/\/yvesfouquet.com\/fr\/produit\/jeu-de-5-disques-etniques-bruns\/\" \/>\n<meta property=\"og:site_name\" content=\"Yves Fouquet\" \/>\n<meta property=\"article:publisher\" content=\"https:\/\/www.facebook.com\/boutiueyvesfouquet\" \/>\n<meta property=\"og:image\" content=\"https:\/\/yvesfouquet.com\/wp-content\/uploads\/2021\/07\/DSCF4963-scaled.jpg\" \/>\n\t<meta property=\"og:image:width\" content=\"2560\" \/>\n\t<meta property=\"og:image:height\" content=\"1707\" \/>\n\t<meta property=\"og:image:type\" content=\"image\/jpeg\" \/>\n<meta name=\"twitter:card\" content=\"summary_large_image\" \/>\n<meta name=\"twitter:label1\" content=\"Prix\" \/>\n\t<meta name=\"twitter:data1\" content=\"\" \/>\n\t<meta name=\"twitter:label2\" content=\"Disponibilit\u00e9\" \/>\n\t<meta name=\"twitter:data2\" content=\"En stock\" \/>\n<script type=\"application\/ld+json\" class=\"yoast-schema-graph\">{\"@context\":\"https:\/\/schema.org\",\"@graph\":[{\"@type\":[\"WebPage\",\"ItemPage\"],\"@id\":\"https:\/\/yvesfouquet.com\/fr\/produit\/jeu-de-5-disques-etniques-bruns\/\",\"url\":\"https:\/\/yvesfouquet.com\/fr\/produit\/jeu-de-5-disques-etniques-bruns\/\",\"name\":\"Ensemble de 5 disques Brown Etnic - Yves Fouquet\",\"isPartOf\":{\"@id\":\"https:\/\/yvesfouquet.com\/#website\"},\"datePublished\":\"2022-09-24T10:58:35+00:00\",\"dateModified\":\"2022-09-24T10:58:35+00:00\",\"description\":\"De d\u00e9licieux petits disques d\u2019os d\u2019Indon\u00e9sie, \u00e9l\u00e9gamment sculpt\u00e9s avec des formes g\u00e9om\u00e9triques inspir\u00e9es du style de la lune timoraise, qui est particuli\u00e8rement appr\u00e9ci\u00e9 par les artistes de cette r\u00e9gion. Disponible sur une base en m\u00e9tal mat noir.\",\"breadcrumb\":{\"@id\":\"https:\/\/yvesfouquet.com\/fr\/produit\/jeu-de-5-disques-etniques-bruns\/#breadcrumb\"},\"inLanguage\":\"fr-FR\",\"potentialAction\":[{\"@type\":\"ReadAction\",\"target\":[\"https:\/\/yvesfouquet.com\/fr\/produit\/jeu-de-5-disques-etniques-bruns\/\"]}]},{\"@type\":\"BreadcrumbList\",\"@id\":\"https:\/\/yvesfouquet.com\/fr\/produit\/jeu-de-5-disques-etniques-bruns\/#breadcrumb\",\"itemListElement\":[{\"@type\":\"ListItem\",\"position\":1,\"name\":\"\u0413\u043b\u0430\u0432\u043d\u0430\u044f\",\"item\":\"https:\/\/yvesfouquet.com\/fr\/\"},{\"@type\":\"ListItem\",\"position\":2,\"name\":\"Collections\",\"item\":\"https:\/\/yvesfouquet.com\/fr\/collections\/\"},{\"@type\":\"ListItem\",\"position\":3,\"name\":\"Ensemble de 5 disques Brown Etnic\"}]},{\"@type\":\"WebSite\",\"@id\":\"https:\/\/yvesfouquet.com\/#website\",\"url\":\"https:\/\/yvesfouquet.com\/\",\"name\":\"Yves Fouquet\",\"description\":\"\u0424\u0440\u0430\u043d\u0446\u0443\u0437\u0441\u043a\u0430\u044f \u043c\u0435\u0431\u0435\u043b\u044c\",\"potentialAction\":[{\"@type\":\"SearchAction\",\"target\":{\"@type\":\"EntryPoint\",\"urlTemplate\":\"https:\/\/yvesfouquet.com\/?s={search_term_string}\"},\"query-input\":\"required name=search_term_string\"}],\"inLanguage\":\"fr-FR\"}]}<\/script>\n<meta property=\"product:price:amount\" content=\"0\" \/>\n<meta property=\"product:price:currency\" content=\"EUR\" \/>\n<meta property=\"og:availability\" content=\"instock\" \/>\n<meta property=\"product:availability\" content=\"instock\" \/>\n<meta property=\"product:retailer_item_id\" content=\"BDIV185\" \/>\n<meta property=\"product:condition\" content=\"new\" \/>\n<!-- \/ Yoast SEO Premium plugin. -->","yoast_head_json":{"title":"Ensemble de 5 disques Brown Etnic - Yves Fouquet","description":"De d\u00e9licieux petits disques d\u2019os d\u2019Indon\u00e9sie, \u00e9l\u00e9gamment sculpt\u00e9s avec des formes g\u00e9om\u00e9triques inspir\u00e9es du style de la lune timoraise, qui est particuli\u00e8rement appr\u00e9ci\u00e9 par les artistes de cette r\u00e9gion. Disponible sur une base en m\u00e9tal mat noir.","robots":{"index":"index","follow":"follow","max-snippet":"max-snippet:-1","max-image-preview":"max-image-preview:large","max-video-preview":"max-video-preview:-1"},"canonical":"https:\/\/yvesfouquet.com\/fr\/produit\/jeu-de-5-disques-etniques-bruns\/","og_locale":"fr_FR","og_type":"article","og_title":"Ensemble de 5 disques Brown Etnic","og_description":"De d\u00e9licieux petits disques d\u2019os d\u2019Indon\u00e9sie, \u00e9l\u00e9gamment sculpt\u00e9s avec des formes g\u00e9om\u00e9triques inspir\u00e9es du style de la lune timoraise, qui est particuli\u00e8rement appr\u00e9ci\u00e9 par les artistes de cette r\u00e9gion. Disponible sur une base en m\u00e9tal mat noir.","og_url":"https:\/\/yvesfouquet.com\/fr\/produit\/jeu-de-5-disques-etniques-bruns\/","og_site_name":"Yves Fouquet","article_publisher":"https:\/\/www.facebook.com\/boutiueyvesfouquet","og_image":[{"width":2560,"height":1707,"url":"https:\/\/yvesfouquet.com\/wp-content\/uploads\/2021\/07\/DSCF4963-scaled.jpg","type":"image\/jpeg"}],"twitter_card":"summary_large_image","twitter_misc":{"Prix":"","Disponibilit\u00e9":"En stock"},"schema":{"@context":"https:\/\/schema.org","@graph":[{"@type":["WebPage","ItemPage"],"@id":"https:\/\/yvesfouquet.com\/fr\/produit\/jeu-de-5-disques-etniques-bruns\/","url":"https:\/\/yvesfouquet.com\/fr\/produit\/jeu-de-5-disques-etniques-bruns\/","name":"Ensemble de 5 disques Brown Etnic - Yves Fouquet","isPartOf":{"@id":"https:\/\/yvesfouquet.com\/#website"},"datePublished":"2022-09-24T10:58:35+00:00","dateModified":"2022-09-24T10:58:35+00:00","description":"De d\u00e9licieux petits disques d\u2019os d\u2019Indon\u00e9sie, \u00e9l\u00e9gamment sculpt\u00e9s avec des formes g\u00e9om\u00e9triques inspir\u00e9es du style de la lune timoraise, qui est particuli\u00e8rement appr\u00e9ci\u00e9 par les artistes de cette r\u00e9gion. Disponible sur une base en m\u00e9tal mat noir.","breadcrumb":{"@id":"https:\/\/yvesfouquet.com\/fr\/produit\/jeu-de-5-disques-etniques-bruns\/#breadcrumb"},"inLanguage":"fr-FR","potentialAction":[{"@type":"ReadAction","target":["https:\/\/yvesfouquet.com\/fr\/produit\/jeu-de-5-disques-etniques-bruns\/"]}]},{"@type":"BreadcrumbList","@id":"https:\/\/yvesfouquet.com\/fr\/produit\/jeu-de-5-disques-etniques-bruns\/#breadcrumb","itemListElement":[{"@type":"ListItem","position":1,"name":"\u0413\u043b\u0430\u0432\u043d\u0430\u044f","item":"https:\/\/yvesfouquet.com\/fr\/"},{"@type":"ListItem","position":2,"name":"Collections","item":"https:\/\/yvesfouquet.com\/fr\/collections\/"},{"@type":"ListItem","position":3,"name":"Ensemble de 5 disques Brown Etnic"}]},{"@type":"WebSite","@id":"https:\/\/yvesfouquet.com\/#website","url":"https:\/\/yvesfouquet.com\/","name":"Yves Fouquet","description":"\u0424\u0440\u0430\u043d\u0446\u0443\u0437\u0441\u043a\u0430\u044f \u043c\u0435\u0431\u0435\u043b\u044c","potentialAction":[{"@type":"SearchAction","target":{"@type":"EntryPoint","urlTemplate":"https:\/\/yvesfouquet.com\/?s={search_term_string}"},"query-input":"required name=search_term_string"}],"inLanguage":"fr-FR"}]},"product_price_currency":"EUR","og_availability":"instock","product_availability":"instock","product_retailer_item_id":"BDIV185","product_condition":"new"},"_links":{"self":[{"href":"https:\/\/yvesfouquet.com\/fr\/wp-json\/wp\/v2\/product\/19197"}],"collection":[{"href":"https:\/\/yvesfouquet.com\/fr\/wp-json\/wp\/v2\/product"}],"about":[{"href":"https:\/\/yvesfouquet.com\/fr\/wp-json\/wp\/v2\/types\/product"}],"version-history":[{"count":0,"href":"https:\/\/yvesfouquet.com\/fr\/wp-json\/wp\/v2\/product\/19197\/revisions"}],"wp:featuredmedia":[{"embeddable":true,"href":"https:\/\/yvesfouquet.com\/fr\/wp-json\/wp\/v2\/media\/17438"}],"wp:attachment":[{"href":"https:\/\/yvesfouquet.com\/fr\/wp-json\/wp\/v2\/media?parent=19197"}],"wp:term":[{"taxonomy":"product_cat","embeddable":true,"href":"https:\/\/yvesfouquet.com\/fr\/wp-json\/wp\/v2\/product_cat?post=19197"},{"taxonomy":"product_tag","embeddable":true,"href":"https:\/\/yvesfouquet.com\/fr\/wp-json\/wp\/v2\/product_tag?post=19197"}],"curies":[{"name":"wp","href":"https:\/\/api.w.org\/{rel}","templated":true}]}}