{"id":19204,"date":"2020-10-26T21:10:34","date_gmt":"2022-09-24T10:58:37","guid":{"rendered":"https:\/\/yvesfouquet.com\/bibliotheque-directore-a-double-boitier-bb157\/"},"modified":"2022-09-24T13:58:37","modified_gmt":"2022-09-24T10:58:37","slug":"biblioteka-directore-dvuhkorpusnaya-bb157","status":"publish","type":"product","link":"https:\/\/yvesfouquet.com\/fr\/produit\/biblioteka-directore-dvuhkorpusnaya-bb157\/","title":{"rendered":"Biblioth\u00e8que Directore \u00e0 double bo\u00eetier BB157"},"content":{"rendered":"<p><span lang=\"ru-RU\">Dans le monde num\u00e9rique d\u2019aujourd\u2019hui, la biblioth\u00e8que de livres papier n\u2019est pas seulement un hommage aux traditions intellectuelles, mais aussi une valeur r\u00e9elle pour toute la famille. Rien ne se compare \u00e0 respirer le parfum de l\u2019aventure avant de lire dans une chaise confortable, ainsi que cette s\u00e9lection de livres sur les nombreuses \u00e9tag\u00e8res de la collection maison. L\u2019endroit id\u00e9al pour une telle chose est la biblioth\u00e8que \u00e0 double coque Directore BB157. Les formes \u00e9l\u00e9gantes et la couleur naturelle du bo\u00eetier compl\u00e9teront et embelliront votre int\u00e9rieur.<\/span><\/p>\n<p><span lang=\"ru-RU\">Les \u00e9tag\u00e8res de la biblioth\u00e8que sont r\u00e9glables en hauteur, ce qui permet, en plus des volumes de livres de diff\u00e9rentes tailles, de stocker des figurines comm\u00e9moratives, des vases avec des fleurs ou des photographies m\u00e9morables dans de beaux cadres derri\u00e8re des portes vitr\u00e9es.  <\/span><\/p>\n<p><span lang=\"ru-RU\">La biblioth\u00e8que spacieuse est commod\u00e9ment divis\u00e9e en 2 sections avec des compartiments de diff\u00e9rents formats pour faciliter le tri et la distribution des livres et autres objets de valeur.<\/span><\/p>\n<p><span lang=\"ru-RU\">Les meubles produits par \u00ab&nbsp;Yves Fouquet&nbsp;\u00bb sont habilement fabriqu\u00e9s en bois massif de haute qualit\u00e9. Tous les \u00e9l\u00e9ments sont fabriqu\u00e9s \u00e0 la main, ils peuvent \u00eatre command\u00e9s dans une large gamme de couleurs. En outre, nos ma\u00eetres sont heureux de rencontrer de petits changements dans le design ou la d\u00e9coration.<\/span><\/p>\n","protected":false},"excerpt":{"rendered":"<p><strong>Dimensions:<\/strong> <span class=\"s1\">L2390 x H2330 x P 530 <\/span> <\/p>\n<p><strong>Description:<\/strong> 4 portes vitr\u00e9es, 4 tiroirs, 4 portes vierges, 9 \u00e9tag\u00e8res en haut et 3 \u00e9tag\u00e8res en bas<\/p>\n","protected":false},"featured_media":16872,"template":"","meta":[],"product_cat":[194],"product_tag":[],"yoast_head":"<!-- This site is optimized with the Yoast SEO Premium plugin v20.7 (Yoast SEO v20.8) - https:\/\/yoast.com\/wordpress\/plugins\/seo\/ -->\n<title>Biblioth\u00e8que Directore \u00e0 double bo\u00eetier BB157 - Yves Fouquet<\/title>\n<meta name=\"robots\" content=\"index, follow, max-snippet:-1, max-image-preview:large, max-video-preview:-1\" \/>\n<link rel=\"canonical\" href=\"https:\/\/yvesfouquet.com\/fr\/produit\/biblioteka-directore-dvuhkorpusnaya-bb157\/\" \/>\n<meta property=\"og:locale\" content=\"fr_FR\" \/>\n<meta property=\"og:type\" content=\"article\" \/>\n<meta property=\"og:title\" content=\"Biblioth\u00e8que Directore \u00e0 double bo\u00eetier BB157\" \/>\n<meta property=\"og:description\" content=\"Dimensions: L2390 x H2330 x P 530  Description: 4 portes vitr\u00e9es, 4 tiroirs, 4 portes vierges, 9 \u00e9tag\u00e8res en haut et 3 \u00e9tag\u00e8res en bas\" \/>\n<meta property=\"og:url\" content=\"https:\/\/yvesfouquet.com\/fr\/produit\/biblioteka-directore-dvuhkorpusnaya-bb157\/\" \/>\n<meta property=\"og:site_name\" content=\"Yves Fouquet\" \/>\n<meta property=\"article:publisher\" content=\"https:\/\/www.facebook.com\/boutiueyvesfouquet\" \/>\n<meta property=\"og:image\" content=\"https:\/\/yvesfouquet.com\/wp-content\/uploads\/2020\/10\/1-40.png\" \/>\n\t<meta property=\"og:image:width\" content=\"1280\" \/>\n\t<meta property=\"og:image:height\" content=\"1280\" \/>\n\t<meta property=\"og:image:type\" content=\"image\/png\" \/>\n<meta name=\"twitter:card\" content=\"summary_large_image\" \/>\n<meta name=\"twitter:label1\" content=\"Prix\" \/>\n\t<meta name=\"twitter:data1\" content=\"\" \/>\n\t<meta name=\"twitter:label2\" content=\"Disponibilit\u00e9\" \/>\n\t<meta name=\"twitter:data2\" content=\"En stock\" \/>\n<script type=\"application\/ld+json\" class=\"yoast-schema-graph\">{\"@context\":\"https:\/\/schema.org\",\"@graph\":[{\"@type\":[\"WebPage\",\"ItemPage\"],\"@id\":\"https:\/\/yvesfouquet.com\/fr\/produit\/biblioteka-directore-dvuhkorpusnaya-bb157\/\",\"url\":\"https:\/\/yvesfouquet.com\/fr\/produit\/biblioteka-directore-dvuhkorpusnaya-bb157\/\",\"name\":\"Biblioth\u00e8que Directore \u00e0 double bo\u00eetier BB157 - Yves Fouquet\",\"isPartOf\":{\"@id\":\"https:\/\/yvesfouquet.com\/#website\"},\"datePublished\":\"2022-09-24T10:58:37+00:00\",\"dateModified\":\"2022-09-24T10:58:37+00:00\",\"breadcrumb\":{\"@id\":\"https:\/\/yvesfouquet.com\/fr\/produit\/biblioteka-directore-dvuhkorpusnaya-bb157\/#breadcrumb\"},\"inLanguage\":\"fr-FR\",\"potentialAction\":[{\"@type\":\"ReadAction\",\"target\":[\"https:\/\/yvesfouquet.com\/fr\/produit\/biblioteka-directore-dvuhkorpusnaya-bb157\/\"]}]},{\"@type\":\"BreadcrumbList\",\"@id\":\"https:\/\/yvesfouquet.com\/fr\/produit\/biblioteka-directore-dvuhkorpusnaya-bb157\/#breadcrumb\",\"itemListElement\":[{\"@type\":\"ListItem\",\"position\":1,\"name\":\"\u0413\u043b\u0430\u0432\u043d\u0430\u044f\",\"item\":\"https:\/\/yvesfouquet.com\/fr\/\"},{\"@type\":\"ListItem\",\"position\":2,\"name\":\"Collections\",\"item\":\"https:\/\/yvesfouquet.com\/fr\/collections\/\"},{\"@type\":\"ListItem\",\"position\":3,\"name\":\"Biblioth\u00e8que Directore \u00e0 double bo\u00eetier BB157\"}]},{\"@type\":\"WebSite\",\"@id\":\"https:\/\/yvesfouquet.com\/#website\",\"url\":\"https:\/\/yvesfouquet.com\/\",\"name\":\"Yves Fouquet\",\"description\":\"\u0424\u0440\u0430\u043d\u0446\u0443\u0437\u0441\u043a\u0430\u044f \u043c\u0435\u0431\u0435\u043b\u044c\",\"potentialAction\":[{\"@type\":\"SearchAction\",\"target\":{\"@type\":\"EntryPoint\",\"urlTemplate\":\"https:\/\/yvesfouquet.com\/?s={search_term_string}\"},\"query-input\":\"required name=search_term_string\"}],\"inLanguage\":\"fr-FR\"}]}<\/script>\n<meta property=\"product:price:amount\" content=\"0\" \/>\n<meta property=\"product:price:currency\" content=\"EUR\" \/>\n<meta property=\"og:availability\" content=\"instock\" \/>\n<meta property=\"product:availability\" content=\"instock\" \/>\n<meta property=\"product:retailer_item_id\" content=\"\u0412\u0412157\" \/>\n<meta property=\"product:condition\" content=\"new\" \/>\n<!-- \/ Yoast SEO Premium plugin. -->","yoast_head_json":{"title":"Biblioth\u00e8que Directore \u00e0 double bo\u00eetier BB157 - Yves Fouquet","robots":{"index":"index","follow":"follow","max-snippet":"max-snippet:-1","max-image-preview":"max-image-preview:large","max-video-preview":"max-video-preview:-1"},"canonical":"https:\/\/yvesfouquet.com\/fr\/produit\/biblioteka-directore-dvuhkorpusnaya-bb157\/","og_locale":"fr_FR","og_type":"article","og_title":"Biblioth\u00e8que Directore \u00e0 double bo\u00eetier BB157","og_description":"Dimensions: L2390 x H2330 x P 530  Description: 4 portes vitr\u00e9es, 4 tiroirs, 4 portes vierges, 9 \u00e9tag\u00e8res en haut et 3 \u00e9tag\u00e8res en bas","og_url":"https:\/\/yvesfouquet.com\/fr\/produit\/biblioteka-directore-dvuhkorpusnaya-bb157\/","og_site_name":"Yves Fouquet","article_publisher":"https:\/\/www.facebook.com\/boutiueyvesfouquet","og_image":[{"width":1280,"height":1280,"url":"https:\/\/yvesfouquet.com\/wp-content\/uploads\/2020\/10\/1-40.png","type":"image\/png"}],"twitter_card":"summary_large_image","twitter_misc":{"Prix":"","Disponibilit\u00e9":"En stock"},"schema":{"@context":"https:\/\/schema.org","@graph":[{"@type":["WebPage","ItemPage"],"@id":"https:\/\/yvesfouquet.com\/fr\/produit\/biblioteka-directore-dvuhkorpusnaya-bb157\/","url":"https:\/\/yvesfouquet.com\/fr\/produit\/biblioteka-directore-dvuhkorpusnaya-bb157\/","name":"Biblioth\u00e8que Directore \u00e0 double bo\u00eetier BB157 - Yves Fouquet","isPartOf":{"@id":"https:\/\/yvesfouquet.com\/#website"},"datePublished":"2022-09-24T10:58:37+00:00","dateModified":"2022-09-24T10:58:37+00:00","breadcrumb":{"@id":"https:\/\/yvesfouquet.com\/fr\/produit\/biblioteka-directore-dvuhkorpusnaya-bb157\/#breadcrumb"},"inLanguage":"fr-FR","potentialAction":[{"@type":"ReadAction","target":["https:\/\/yvesfouquet.com\/fr\/produit\/biblioteka-directore-dvuhkorpusnaya-bb157\/"]}]},{"@type":"BreadcrumbList","@id":"https:\/\/yvesfouquet.com\/fr\/produit\/biblioteka-directore-dvuhkorpusnaya-bb157\/#breadcrumb","itemListElement":[{"@type":"ListItem","position":1,"name":"\u0413\u043b\u0430\u0432\u043d\u0430\u044f","item":"https:\/\/yvesfouquet.com\/fr\/"},{"@type":"ListItem","position":2,"name":"Collections","item":"https:\/\/yvesfouquet.com\/fr\/collections\/"},{"@type":"ListItem","position":3,"name":"Biblioth\u00e8que Directore \u00e0 double bo\u00eetier BB157"}]},{"@type":"WebSite","@id":"https:\/\/yvesfouquet.com\/#website","url":"https:\/\/yvesfouquet.com\/","name":"Yves Fouquet","description":"\u0424\u0440\u0430\u043d\u0446\u0443\u0437\u0441\u043a\u0430\u044f \u043c\u0435\u0431\u0435\u043b\u044c","potentialAction":[{"@type":"SearchAction","target":{"@type":"EntryPoint","urlTemplate":"https:\/\/yvesfouquet.com\/?s={search_term_string}"},"query-input":"required name=search_term_string"}],"inLanguage":"fr-FR"}]},"product_price_currency":"EUR","og_availability":"instock","product_availability":"instock","product_retailer_item_id":"\u0412\u0412157","product_condition":"new"},"_links":{"self":[{"href":"https:\/\/yvesfouquet.com\/fr\/wp-json\/wp\/v2\/product\/19204"}],"collection":[{"href":"https:\/\/yvesfouquet.com\/fr\/wp-json\/wp\/v2\/product"}],"about":[{"href":"https:\/\/yvesfouquet.com\/fr\/wp-json\/wp\/v2\/types\/product"}],"version-history":[{"count":0,"href":"https:\/\/yvesfouquet.com\/fr\/wp-json\/wp\/v2\/product\/19204\/revisions"}],"wp:featuredmedia":[{"embeddable":true,"href":"https:\/\/yvesfouquet.com\/fr\/wp-json\/wp\/v2\/media\/16872"}],"wp:attachment":[{"href":"https:\/\/yvesfouquet.com\/fr\/wp-json\/wp\/v2\/media?parent=19204"}],"wp:term":[{"taxonomy":"product_cat","embeddable":true,"href":"https:\/\/yvesfouquet.com\/fr\/wp-json\/wp\/v2\/product_cat?post=19204"},{"taxonomy":"product_tag","embeddable":true,"href":"https:\/\/yvesfouquet.com\/fr\/wp-json\/wp\/v2\/product_tag?post=19204"}],"curies":[{"name":"wp","href":"https:\/\/api.w.org\/{rel}","templated":true}]}}