{"id":19214,"date":"2020-10-26T18:06:09","date_gmt":"2022-09-24T11:12:58","guid":{"rendered":"https:\/\/yvesfouquet.com\/directoire-dual-case-library-bb132\/"},"modified":"2022-09-24T14:12:58","modified_gmt":"2022-09-24T11:12:58","slug":"biblioteka-directoire-dvuhkorpusnaya-bb132","status":"publish","type":"product","link":"https:\/\/yvesfouquet.com\/fr\/produit\/biblioteka-directoire-dvuhkorpusnaya-bb132\/","title":{"rendered":"Directoire Dual Case Library BB132"},"content":{"rendered":"<p>La biblioth\u00e8que BB132 est intelligemment con\u00e7ue pour stocker les pens\u00e9es \u00e9ternelles dans des volumes anciens et<br \/>\nid\u00e9es novatrices dans la litt\u00e9rature moderne. Style directoire avec son n\u00e9oclassique<br \/>\nles motifs s\u2019int\u00e8grent d\u00e9licatement dans n\u2019importe quel int\u00e9rieur. La biblioth\u00e8que est faite en<br \/>\nfleurs naturelles neutres en bois massif avec des \u00e9l\u00e9ments de \u00ab&nbsp;l\u2019antiquit\u00e9&nbsp;\u00bb, qui<br \/>\najoute des notes nobles classiques \u00e0 la composition globale.<br \/>\nLes biblioth\u00e8ques et biblioth\u00e8ques produites par Yves Fouquet sont impressionnantes non seulement<br \/>\nbeaut\u00e9 ext\u00e9rieure, mais aussi facilit\u00e9 d\u2019utilisation. Les \u00e9tag\u00e8res r\u00e9glables permettent<br \/>\nOrganisez des livres de n\u2019importe quelle taille. Et dans les tiroirs, vous pouvez stocker de la valeur<br \/>\npour les d\u00e9corations de famille, les manuscrits ou les lettres d\u2019\u00e2me. En outre, la section inf\u00e9rieure avec<br \/>\ndes compartiments ferm\u00e9s vous permettront d\u2019organiser confortablement votre biblioth\u00e8que personnelle en<br \/>\n\u00e0 votre propre discr\u00e9tion.<br \/>\nLes ma\u00eetres d\u2019Yves Fouquet ont h\u00e9rit\u00e9 des secrets des fondateurs de la production. Chaque<br \/>\nl\u2019\u00e9l\u00e9ment int\u00e9rieur est fabriqu\u00e9 \u00e0 la main, en tenant compte de toutes les subtilit\u00e9s du style et du d\u00e9tail<br \/>\ndes sch\u00e9mas bien pens\u00e9s. De plus, chaque \u00e9l\u00e9ment de mobilier peut \u00eatre modifi\u00e9 pour<br \/>\nle style de votre int\u00e9rieur ou vos pr\u00e9f\u00e9rences personnelles.<\/p>\n","protected":false},"excerpt":{"rendered":"<p><strong>Dimensions:<\/strong> <span class=\"s1\">L1800 x H2200 x P460<\/span><\/p>\n<p><strong>Top case\/Open :<\/strong> 3 \u00e9tag\u00e8res r\u00e9glables en hauteur et 3 tiroirs<\/p>\n<p><strong>Bo\u00eetier inf\u00e9rieur \/ 2 portes:<\/strong> 2 \u00e9tag\u00e8res r\u00e9glables en hauteur et 2 planches r\u00e9tractables<\/p>\n","protected":false},"featured_media":15578,"template":"","meta":[],"product_cat":[194],"product_tag":[],"yoast_head":"<!-- This site is optimized with the Yoast SEO Premium plugin v20.7 (Yoast SEO v20.8) - https:\/\/yoast.com\/wordpress\/plugins\/seo\/ -->\n<title>Directoire Dual Case Library BB132 - Yves Fouquet<\/title>\n<meta name=\"robots\" content=\"index, follow, max-snippet:-1, max-image-preview:large, max-video-preview:-1\" \/>\n<link rel=\"canonical\" href=\"https:\/\/yvesfouquet.com\/fr\/produit\/biblioteka-directoire-dvuhkorpusnaya-bb132\/\" \/>\n<meta property=\"og:locale\" content=\"fr_FR\" \/>\n<meta property=\"og:type\" content=\"article\" \/>\n<meta property=\"og:title\" content=\"Directoire Dual Case Library BB132\" \/>\n<meta property=\"og:description\" content=\"Dimensions: L1800 x H2200 x P460 Top case\/Open : 3 \u00e9tag\u00e8res r\u00e9glables en hauteur et 3 tiroirs Bo\u00eetier inf\u00e9rieur \/ 2 portes: 2 \u00e9tag\u00e8res r\u00e9glables en hauteur et 2 planches r\u00e9tractables\" \/>\n<meta property=\"og:url\" content=\"https:\/\/yvesfouquet.com\/fr\/produit\/biblioteka-directoire-dvuhkorpusnaya-bb132\/\" \/>\n<meta property=\"og:site_name\" content=\"Yves Fouquet\" \/>\n<meta property=\"article:publisher\" content=\"https:\/\/www.facebook.com\/boutiueyvesfouquet\" \/>\n<meta name=\"twitter:card\" content=\"summary_large_image\" \/>\n<meta name=\"twitter:label1\" content=\"Prix\" \/>\n\t<meta name=\"twitter:data1\" content=\"\" \/>\n\t<meta name=\"twitter:label2\" content=\"Disponibilit\u00e9\" \/>\n\t<meta name=\"twitter:data2\" content=\"En stock\" \/>\n<script type=\"application\/ld+json\" class=\"yoast-schema-graph\">{\"@context\":\"https:\/\/schema.org\",\"@graph\":[{\"@type\":[\"WebPage\",\"ItemPage\"],\"@id\":\"https:\/\/yvesfouquet.com\/fr\/produit\/biblioteka-directoire-dvuhkorpusnaya-bb132\/\",\"url\":\"https:\/\/yvesfouquet.com\/fr\/produit\/biblioteka-directoire-dvuhkorpusnaya-bb132\/\",\"name\":\"Directoire Dual Case Library BB132 - Yves Fouquet\",\"isPartOf\":{\"@id\":\"https:\/\/yvesfouquet.com\/#website\"},\"datePublished\":\"2022-09-24T11:12:58+00:00\",\"dateModified\":\"2022-09-24T11:12:58+00:00\",\"breadcrumb\":{\"@id\":\"https:\/\/yvesfouquet.com\/fr\/produit\/biblioteka-directoire-dvuhkorpusnaya-bb132\/#breadcrumb\"},\"inLanguage\":\"fr-FR\",\"potentialAction\":[{\"@type\":\"ReadAction\",\"target\":[\"https:\/\/yvesfouquet.com\/fr\/produit\/biblioteka-directoire-dvuhkorpusnaya-bb132\/\"]}]},{\"@type\":\"BreadcrumbList\",\"@id\":\"https:\/\/yvesfouquet.com\/fr\/produit\/biblioteka-directoire-dvuhkorpusnaya-bb132\/#breadcrumb\",\"itemListElement\":[{\"@type\":\"ListItem\",\"position\":1,\"name\":\"\u0413\u043b\u0430\u0432\u043d\u0430\u044f\",\"item\":\"https:\/\/yvesfouquet.com\/fr\/\"},{\"@type\":\"ListItem\",\"position\":2,\"name\":\"Collections\",\"item\":\"https:\/\/yvesfouquet.com\/fr\/collections\/\"},{\"@type\":\"ListItem\",\"position\":3,\"name\":\"Directoire Dual Case Library BB132\"}]},{\"@type\":\"WebSite\",\"@id\":\"https:\/\/yvesfouquet.com\/#website\",\"url\":\"https:\/\/yvesfouquet.com\/\",\"name\":\"Yves Fouquet\",\"description\":\"\u0424\u0440\u0430\u043d\u0446\u0443\u0437\u0441\u043a\u0430\u044f \u043c\u0435\u0431\u0435\u043b\u044c\",\"potentialAction\":[{\"@type\":\"SearchAction\",\"target\":{\"@type\":\"EntryPoint\",\"urlTemplate\":\"https:\/\/yvesfouquet.com\/?s={search_term_string}\"},\"query-input\":\"required name=search_term_string\"}],\"inLanguage\":\"fr-FR\"}]}<\/script>\n<meta property=\"product:price:amount\" content=\"0\" \/>\n<meta property=\"product:price:currency\" content=\"EUR\" \/>\n<meta property=\"og:availability\" content=\"instock\" \/>\n<meta property=\"product:availability\" content=\"instock\" \/>\n<meta property=\"product:retailer_item_id\" content=\"BB132\" \/>\n<meta property=\"product:condition\" content=\"new\" \/>\n<!-- \/ Yoast SEO Premium plugin. -->","yoast_head_json":{"title":"Directoire Dual Case Library BB132 - Yves Fouquet","robots":{"index":"index","follow":"follow","max-snippet":"max-snippet:-1","max-image-preview":"max-image-preview:large","max-video-preview":"max-video-preview:-1"},"canonical":"https:\/\/yvesfouquet.com\/fr\/produit\/biblioteka-directoire-dvuhkorpusnaya-bb132\/","og_locale":"fr_FR","og_type":"article","og_title":"Directoire Dual Case Library BB132","og_description":"Dimensions: L1800 x H2200 x P460 Top case\/Open : 3 \u00e9tag\u00e8res r\u00e9glables en hauteur et 3 tiroirs Bo\u00eetier inf\u00e9rieur \/ 2 portes: 2 \u00e9tag\u00e8res r\u00e9glables en hauteur et 2 planches r\u00e9tractables","og_url":"https:\/\/yvesfouquet.com\/fr\/produit\/biblioteka-directoire-dvuhkorpusnaya-bb132\/","og_site_name":"Yves Fouquet","article_publisher":"https:\/\/www.facebook.com\/boutiueyvesfouquet","twitter_card":"summary_large_image","twitter_misc":{"Prix":"","Disponibilit\u00e9":"En stock"},"schema":{"@context":"https:\/\/schema.org","@graph":[{"@type":["WebPage","ItemPage"],"@id":"https:\/\/yvesfouquet.com\/fr\/produit\/biblioteka-directoire-dvuhkorpusnaya-bb132\/","url":"https:\/\/yvesfouquet.com\/fr\/produit\/biblioteka-directoire-dvuhkorpusnaya-bb132\/","name":"Directoire Dual Case Library BB132 - Yves Fouquet","isPartOf":{"@id":"https:\/\/yvesfouquet.com\/#website"},"datePublished":"2022-09-24T11:12:58+00:00","dateModified":"2022-09-24T11:12:58+00:00","breadcrumb":{"@id":"https:\/\/yvesfouquet.com\/fr\/produit\/biblioteka-directoire-dvuhkorpusnaya-bb132\/#breadcrumb"},"inLanguage":"fr-FR","potentialAction":[{"@type":"ReadAction","target":["https:\/\/yvesfouquet.com\/fr\/produit\/biblioteka-directoire-dvuhkorpusnaya-bb132\/"]}]},{"@type":"BreadcrumbList","@id":"https:\/\/yvesfouquet.com\/fr\/produit\/biblioteka-directoire-dvuhkorpusnaya-bb132\/#breadcrumb","itemListElement":[{"@type":"ListItem","position":1,"name":"\u0413\u043b\u0430\u0432\u043d\u0430\u044f","item":"https:\/\/yvesfouquet.com\/fr\/"},{"@type":"ListItem","position":2,"name":"Collections","item":"https:\/\/yvesfouquet.com\/fr\/collections\/"},{"@type":"ListItem","position":3,"name":"Directoire Dual Case Library BB132"}]},{"@type":"WebSite","@id":"https:\/\/yvesfouquet.com\/#website","url":"https:\/\/yvesfouquet.com\/","name":"Yves Fouquet","description":"\u0424\u0440\u0430\u043d\u0446\u0443\u0437\u0441\u043a\u0430\u044f \u043c\u0435\u0431\u0435\u043b\u044c","potentialAction":[{"@type":"SearchAction","target":{"@type":"EntryPoint","urlTemplate":"https:\/\/yvesfouquet.com\/?s={search_term_string}"},"query-input":"required name=search_term_string"}],"inLanguage":"fr-FR"}]},"product_price_currency":"EUR","og_availability":"instock","product_availability":"instock","product_retailer_item_id":"BB132","product_condition":"new"},"_links":{"self":[{"href":"https:\/\/yvesfouquet.com\/fr\/wp-json\/wp\/v2\/product\/19214"}],"collection":[{"href":"https:\/\/yvesfouquet.com\/fr\/wp-json\/wp\/v2\/product"}],"about":[{"href":"https:\/\/yvesfouquet.com\/fr\/wp-json\/wp\/v2\/types\/product"}],"version-history":[{"count":0,"href":"https:\/\/yvesfouquet.com\/fr\/wp-json\/wp\/v2\/product\/19214\/revisions"}],"wp:featuredmedia":[{"embeddable":true,"href":"https:\/\/yvesfouquet.com\/fr\/wp-json\/wp\/v2\/media\/15578"}],"wp:attachment":[{"href":"https:\/\/yvesfouquet.com\/fr\/wp-json\/wp\/v2\/media?parent=19214"}],"wp:term":[{"taxonomy":"product_cat","embeddable":true,"href":"https:\/\/yvesfouquet.com\/fr\/wp-json\/wp\/v2\/product_cat?post=19214"},{"taxonomy":"product_tag","embeddable":true,"href":"https:\/\/yvesfouquet.com\/fr\/wp-json\/wp\/v2\/product_tag?post=19214"}],"curies":[{"name":"wp","href":"https:\/\/api.w.org\/{rel}","templated":true}]}}