{"id":19215,"date":"2020-10-26T18:06:09","date_gmt":"2022-09-24T11:13:00","guid":{"rendered":"https:\/\/yvesfouquet.com\/bibliotheque-directoire-bb139\/"},"modified":"2022-09-24T14:13:00","modified_gmt":"2022-09-24T11:13:00","slug":"biblioteka-directoire-bb139","status":"publish","type":"product","link":"https:\/\/yvesfouquet.com\/fr\/produit\/biblioteka-directoire-bb139\/","title":{"rendered":"Biblioth\u00e8que Directoire BB139"},"content":{"rendered":"<p>Arthur Schopenhauer a d\u00e9clar\u00e9: \u00ab&nbsp;Il n\u2019y a pas de meilleur moyen de rafra\u00eechir l\u2019esprit que la lecture<br \/>\nclassiques anciens; il vaut la peine de prendre l\u2019un d\u2019entre eux dans vos mains, bien que pendant une demi-heure, &#8211; maintenant<br \/>\nmais vous vous sentez rafra\u00eechi, soulag\u00e9 et purifi\u00e9, soulev\u00e9 et<br \/>\nfortifi\u00e9, comme rafra\u00eechi en se baignant dans une source pure.<br \/>\nEt toute source, bien s\u00fbr, a besoin de rivages forts et d\u2019un environnement pittoresque.<br \/>\nLa biblioth\u00e8que Directoire BB139 semble avoir \u00e9t\u00e9 cr\u00e9\u00e9e pour les classiques : formes strictes,<br \/>\ncouleur marron traditionnelle du bois, laconique et emplacement pratique des \u00e9tag\u00e8res.<br \/>\nPendant la p\u00e9riode de transition du Directoire, la France a fortement censur\u00e9 les \u0153uvres<br \/>\narts et litt\u00e9rature. Et c\u2019est dans des biblioth\u00e8ques si discr\u00e8tes que des biblioth\u00e8ques secr\u00e8tes ont \u00e9t\u00e9 conserv\u00e9es.<br \/>\nla connaissance et la v\u00e9rit\u00e9 historique dans les sources primaires.<br \/>\nLa biblioth\u00e8que Directoire BB139 est en bois massif dans un cadre traditionnel<br \/>\ncouleur brune, avec rev\u00eatement de cire d\u2019\u00e9l\u00e9ments. Cette option est universelle pour<br \/>\nn\u2019importe quel int\u00e9rieur, mais il est possible de fabriquer des meubles dans d\u2019autres couleurs,<br \/>\nagr\u00e9able \u00e0 votre go\u00fbt. Les \u00e9tag\u00e8res sont r\u00e9glables en hauteur, l\u2019unit\u00e9 centrale est \u00e9galement pratique<br \/>\npour des figurines d\u00e9coratives, des r\u00e9compenses ou des cand\u00e9labres.<\/p>\n","protected":false},"excerpt":{"rendered":"<p><strong>Dimensions:<\/strong> <span class=\"s1\">L2800 x H2350 x P380<\/span><\/p>\n<p><strong>Description:<\/strong> 15 \u00e9tag\u00e8res r\u00e9glables en hauteur<\/p>\n","protected":false},"featured_media":15598,"template":"","meta":[],"product_cat":[194],"product_tag":[],"yoast_head":"<!-- This site is optimized with the Yoast SEO Premium plugin v20.7 (Yoast SEO v20.8) - https:\/\/yoast.com\/wordpress\/plugins\/seo\/ -->\n<title>Biblioth\u00e8que Directoire BB139 - Yves Fouquet<\/title>\n<meta name=\"robots\" content=\"index, follow, max-snippet:-1, max-image-preview:large, max-video-preview:-1\" \/>\n<link rel=\"canonical\" href=\"https:\/\/yvesfouquet.com\/fr\/produit\/biblioteka-directoire-bb139\/\" \/>\n<meta property=\"og:locale\" content=\"fr_FR\" \/>\n<meta property=\"og:type\" content=\"article\" \/>\n<meta property=\"og:title\" content=\"Biblioth\u00e8que Directoire BB139\" \/>\n<meta property=\"og:description\" content=\"Dimensions: L2800 x H2350 x P380 Description: 15 \u00e9tag\u00e8res r\u00e9glables en hauteur\" \/>\n<meta property=\"og:url\" content=\"https:\/\/yvesfouquet.com\/fr\/produit\/biblioteka-directoire-bb139\/\" \/>\n<meta property=\"og:site_name\" content=\"Yves Fouquet\" \/>\n<meta property=\"article:publisher\" content=\"https:\/\/www.facebook.com\/boutiueyvesfouquet\" \/>\n<meta name=\"twitter:card\" content=\"summary_large_image\" \/>\n<meta name=\"twitter:label1\" content=\"Prix\" \/>\n\t<meta name=\"twitter:data1\" content=\"\" \/>\n\t<meta name=\"twitter:label2\" content=\"Disponibilit\u00e9\" \/>\n\t<meta name=\"twitter:data2\" content=\"En stock\" \/>\n<script type=\"application\/ld+json\" class=\"yoast-schema-graph\">{\"@context\":\"https:\/\/schema.org\",\"@graph\":[{\"@type\":[\"WebPage\",\"ItemPage\"],\"@id\":\"https:\/\/yvesfouquet.com\/fr\/produit\/biblioteka-directoire-bb139\/\",\"url\":\"https:\/\/yvesfouquet.com\/fr\/produit\/biblioteka-directoire-bb139\/\",\"name\":\"Biblioth\u00e8que Directoire BB139 - Yves Fouquet\",\"isPartOf\":{\"@id\":\"https:\/\/yvesfouquet.com\/#website\"},\"datePublished\":\"2022-09-24T11:13:00+00:00\",\"dateModified\":\"2022-09-24T11:13:00+00:00\",\"breadcrumb\":{\"@id\":\"https:\/\/yvesfouquet.com\/fr\/produit\/biblioteka-directoire-bb139\/#breadcrumb\"},\"inLanguage\":\"fr-FR\",\"potentialAction\":[{\"@type\":\"ReadAction\",\"target\":[\"https:\/\/yvesfouquet.com\/fr\/produit\/biblioteka-directoire-bb139\/\"]}]},{\"@type\":\"BreadcrumbList\",\"@id\":\"https:\/\/yvesfouquet.com\/fr\/produit\/biblioteka-directoire-bb139\/#breadcrumb\",\"itemListElement\":[{\"@type\":\"ListItem\",\"position\":1,\"name\":\"\u0413\u043b\u0430\u0432\u043d\u0430\u044f\",\"item\":\"https:\/\/yvesfouquet.com\/fr\/\"},{\"@type\":\"ListItem\",\"position\":2,\"name\":\"Collections\",\"item\":\"https:\/\/yvesfouquet.com\/fr\/collections\/\"},{\"@type\":\"ListItem\",\"position\":3,\"name\":\"Biblioth\u00e8que Directoire BB139\"}]},{\"@type\":\"WebSite\",\"@id\":\"https:\/\/yvesfouquet.com\/#website\",\"url\":\"https:\/\/yvesfouquet.com\/\",\"name\":\"Yves Fouquet\",\"description\":\"\u0424\u0440\u0430\u043d\u0446\u0443\u0437\u0441\u043a\u0430\u044f \u043c\u0435\u0431\u0435\u043b\u044c\",\"potentialAction\":[{\"@type\":\"SearchAction\",\"target\":{\"@type\":\"EntryPoint\",\"urlTemplate\":\"https:\/\/yvesfouquet.com\/?s={search_term_string}\"},\"query-input\":\"required name=search_term_string\"}],\"inLanguage\":\"fr-FR\"}]}<\/script>\n<meta property=\"product:price:amount\" content=\"0\" \/>\n<meta property=\"product:price:currency\" content=\"EUR\" \/>\n<meta property=\"og:availability\" content=\"instock\" \/>\n<meta property=\"product:availability\" content=\"instock\" \/>\n<meta property=\"product:retailer_item_id\" content=\"BB139\" \/>\n<meta property=\"product:condition\" content=\"new\" \/>\n<!-- \/ Yoast SEO Premium plugin. -->","yoast_head_json":{"title":"Biblioth\u00e8que Directoire BB139 - Yves Fouquet","robots":{"index":"index","follow":"follow","max-snippet":"max-snippet:-1","max-image-preview":"max-image-preview:large","max-video-preview":"max-video-preview:-1"},"canonical":"https:\/\/yvesfouquet.com\/fr\/produit\/biblioteka-directoire-bb139\/","og_locale":"fr_FR","og_type":"article","og_title":"Biblioth\u00e8que Directoire BB139","og_description":"Dimensions: L2800 x H2350 x P380 Description: 15 \u00e9tag\u00e8res r\u00e9glables en hauteur","og_url":"https:\/\/yvesfouquet.com\/fr\/produit\/biblioteka-directoire-bb139\/","og_site_name":"Yves Fouquet","article_publisher":"https:\/\/www.facebook.com\/boutiueyvesfouquet","twitter_card":"summary_large_image","twitter_misc":{"Prix":"","Disponibilit\u00e9":"En stock"},"schema":{"@context":"https:\/\/schema.org","@graph":[{"@type":["WebPage","ItemPage"],"@id":"https:\/\/yvesfouquet.com\/fr\/produit\/biblioteka-directoire-bb139\/","url":"https:\/\/yvesfouquet.com\/fr\/produit\/biblioteka-directoire-bb139\/","name":"Biblioth\u00e8que Directoire BB139 - Yves Fouquet","isPartOf":{"@id":"https:\/\/yvesfouquet.com\/#website"},"datePublished":"2022-09-24T11:13:00+00:00","dateModified":"2022-09-24T11:13:00+00:00","breadcrumb":{"@id":"https:\/\/yvesfouquet.com\/fr\/produit\/biblioteka-directoire-bb139\/#breadcrumb"},"inLanguage":"fr-FR","potentialAction":[{"@type":"ReadAction","target":["https:\/\/yvesfouquet.com\/fr\/produit\/biblioteka-directoire-bb139\/"]}]},{"@type":"BreadcrumbList","@id":"https:\/\/yvesfouquet.com\/fr\/produit\/biblioteka-directoire-bb139\/#breadcrumb","itemListElement":[{"@type":"ListItem","position":1,"name":"\u0413\u043b\u0430\u0432\u043d\u0430\u044f","item":"https:\/\/yvesfouquet.com\/fr\/"},{"@type":"ListItem","position":2,"name":"Collections","item":"https:\/\/yvesfouquet.com\/fr\/collections\/"},{"@type":"ListItem","position":3,"name":"Biblioth\u00e8que Directoire BB139"}]},{"@type":"WebSite","@id":"https:\/\/yvesfouquet.com\/#website","url":"https:\/\/yvesfouquet.com\/","name":"Yves Fouquet","description":"\u0424\u0440\u0430\u043d\u0446\u0443\u0437\u0441\u043a\u0430\u044f \u043c\u0435\u0431\u0435\u043b\u044c","potentialAction":[{"@type":"SearchAction","target":{"@type":"EntryPoint","urlTemplate":"https:\/\/yvesfouquet.com\/?s={search_term_string}"},"query-input":"required name=search_term_string"}],"inLanguage":"fr-FR"}]},"product_price_currency":"EUR","og_availability":"instock","product_availability":"instock","product_retailer_item_id":"BB139","product_condition":"new"},"_links":{"self":[{"href":"https:\/\/yvesfouquet.com\/fr\/wp-json\/wp\/v2\/product\/19215"}],"collection":[{"href":"https:\/\/yvesfouquet.com\/fr\/wp-json\/wp\/v2\/product"}],"about":[{"href":"https:\/\/yvesfouquet.com\/fr\/wp-json\/wp\/v2\/types\/product"}],"version-history":[{"count":0,"href":"https:\/\/yvesfouquet.com\/fr\/wp-json\/wp\/v2\/product\/19215\/revisions"}],"wp:featuredmedia":[{"embeddable":true,"href":"https:\/\/yvesfouquet.com\/fr\/wp-json\/wp\/v2\/media\/15598"}],"wp:attachment":[{"href":"https:\/\/yvesfouquet.com\/fr\/wp-json\/wp\/v2\/media?parent=19215"}],"wp:term":[{"taxonomy":"product_cat","embeddable":true,"href":"https:\/\/yvesfouquet.com\/fr\/wp-json\/wp\/v2\/product_cat?post=19215"},{"taxonomy":"product_tag","embeddable":true,"href":"https:\/\/yvesfouquet.com\/fr\/wp-json\/wp\/v2\/product_tag?post=19215"}],"curies":[{"name":"wp","href":"https:\/\/api.w.org\/{rel}","templated":true}]}}