{"id":19229,"date":"2020-10-26T18:06:10","date_gmt":"2022-09-24T11:13:45","guid":{"rendered":"https:\/\/yvesfouquet.com\/regence-small-library-avec-fil-bb143\/"},"modified":"2022-09-24T14:13:45","modified_gmt":"2022-09-24T11:13:45","slug":"biblioteka-regence-malenkaya-s-rezboj-bb143","status":"publish","type":"product","link":"https:\/\/yvesfouquet.com\/fr\/produit\/biblioteka-regence-malenkaya-s-rezboj-bb143\/","title":{"rendered":"Regence Small Library avec fil BB143"},"content":{"rendered":"<p>La biblioth\u00e8que de Regence avec sculpture BB143 deviendra un gardien fiable de la famille<br \/>\ncollections de livres. Le style de la R\u00e9gence, dans lequel la biblioth\u00e8que est fabriqu\u00e9e, est diff\u00e9rent<br \/>\n\u00e9l\u00e9gance et gr\u00e2ce. Gr\u00e2ce \u00e0 son minimaliste<br \/>\nCette biblioth\u00e8que s\u2019int\u00e8gre harmonieusement dans l\u2019int\u00e9rieur de n\u2019importe quel style \u2013<br \/>\ndu plus ancien au high-tech ultra-moderne.<br \/>\nLa biblioth\u00e8que n\u2019est pas ferm\u00e9e par des portes, de sorte que les livres sont toujours ouverts au lecteur. En outre<br \/>\nLa hauteur r\u00e9glable des \u00e9tag\u00e8res facilite le placement scientifique et<br \/>\n\u0153uvres artistiques de tout volume. En raison de l\u2019altitude relativement basse,<br \/>\najouter des figurines esth\u00e9tiques ou d\u2019autres \u00e9l\u00e9ments d\u00e9coratifs plac\u00e9s sur le dessus.<br \/>\nL\u2019armoire est en bois massif naturel, agr\u00e9able au toucher et durable<br \/>\nen usage. La sculpture discr\u00e8te faite \u00e0 la main ajoute une coquetterie gracieuse comme<br \/>\nJ\u2019aimerais plonger dans une lecture agr\u00e9able apr\u00e8s une journ\u00e9e bien remplie, vous immerger dans<br \/>\ndes histoires incroyables de l\u2019ancien temps ou des concepts et des id\u00e9es inspirants.<\/p>\n","protected":false},"excerpt":{"rendered":"<p><strong>Dimensions:<\/strong> <span class=\"s1\">L1500 x H1700 x P400<\/span><\/p>\n<p><strong>Description:<\/strong> 3 \u00e9tag\u00e8res r\u00e9glables en hauteur<\/p>\n","protected":false},"featured_media":15626,"template":"","meta":[],"product_cat":[194],"product_tag":[],"yoast_head":"<!-- This site is optimized with the Yoast SEO Premium plugin v20.7 (Yoast SEO v20.8) - https:\/\/yoast.com\/wordpress\/plugins\/seo\/ -->\n<title>Regence Small Library avec fil BB143 - Yves Fouquet<\/title>\n<meta name=\"robots\" content=\"index, follow, max-snippet:-1, max-image-preview:large, max-video-preview:-1\" \/>\n<link rel=\"canonical\" href=\"https:\/\/yvesfouquet.com\/fr\/produit\/biblioteka-regence-malenkaya-s-rezboj-bb143\/\" \/>\n<meta property=\"og:locale\" content=\"fr_FR\" \/>\n<meta property=\"og:type\" content=\"article\" \/>\n<meta property=\"og:title\" content=\"Regence Small Library avec fil BB143\" \/>\n<meta property=\"og:description\" content=\"Dimensions: L1500 x H1700 x P400 Description: 3 \u00e9tag\u00e8res r\u00e9glables en hauteur\" \/>\n<meta property=\"og:url\" content=\"https:\/\/yvesfouquet.com\/fr\/produit\/biblioteka-regence-malenkaya-s-rezboj-bb143\/\" \/>\n<meta property=\"og:site_name\" content=\"Yves Fouquet\" \/>\n<meta property=\"article:publisher\" content=\"https:\/\/www.facebook.com\/boutiueyvesfouquet\" \/>\n<meta name=\"twitter:card\" content=\"summary_large_image\" \/>\n<meta name=\"twitter:label1\" content=\"Prix\" \/>\n\t<meta name=\"twitter:data1\" content=\"\" \/>\n\t<meta name=\"twitter:label2\" content=\"Disponibilit\u00e9\" \/>\n\t<meta name=\"twitter:data2\" content=\"En stock\" \/>\n<script type=\"application\/ld+json\" class=\"yoast-schema-graph\">{\"@context\":\"https:\/\/schema.org\",\"@graph\":[{\"@type\":[\"WebPage\",\"ItemPage\"],\"@id\":\"https:\/\/yvesfouquet.com\/fr\/produit\/biblioteka-regence-malenkaya-s-rezboj-bb143\/\",\"url\":\"https:\/\/yvesfouquet.com\/fr\/produit\/biblioteka-regence-malenkaya-s-rezboj-bb143\/\",\"name\":\"Regence Small Library avec fil BB143 - Yves Fouquet\",\"isPartOf\":{\"@id\":\"https:\/\/yvesfouquet.com\/#website\"},\"datePublished\":\"2022-09-24T11:13:45+00:00\",\"dateModified\":\"2022-09-24T11:13:45+00:00\",\"breadcrumb\":{\"@id\":\"https:\/\/yvesfouquet.com\/fr\/produit\/biblioteka-regence-malenkaya-s-rezboj-bb143\/#breadcrumb\"},\"inLanguage\":\"fr-FR\",\"potentialAction\":[{\"@type\":\"ReadAction\",\"target\":[\"https:\/\/yvesfouquet.com\/fr\/produit\/biblioteka-regence-malenkaya-s-rezboj-bb143\/\"]}]},{\"@type\":\"BreadcrumbList\",\"@id\":\"https:\/\/yvesfouquet.com\/fr\/produit\/biblioteka-regence-malenkaya-s-rezboj-bb143\/#breadcrumb\",\"itemListElement\":[{\"@type\":\"ListItem\",\"position\":1,\"name\":\"\u0413\u043b\u0430\u0432\u043d\u0430\u044f\",\"item\":\"https:\/\/yvesfouquet.com\/fr\/\"},{\"@type\":\"ListItem\",\"position\":2,\"name\":\"Collections\",\"item\":\"https:\/\/yvesfouquet.com\/fr\/collections\/\"},{\"@type\":\"ListItem\",\"position\":3,\"name\":\"Regence Small Library avec fil BB143\"}]},{\"@type\":\"WebSite\",\"@id\":\"https:\/\/yvesfouquet.com\/#website\",\"url\":\"https:\/\/yvesfouquet.com\/\",\"name\":\"Yves Fouquet\",\"description\":\"\u0424\u0440\u0430\u043d\u0446\u0443\u0437\u0441\u043a\u0430\u044f \u043c\u0435\u0431\u0435\u043b\u044c\",\"potentialAction\":[{\"@type\":\"SearchAction\",\"target\":{\"@type\":\"EntryPoint\",\"urlTemplate\":\"https:\/\/yvesfouquet.com\/?s={search_term_string}\"},\"query-input\":\"required name=search_term_string\"}],\"inLanguage\":\"fr-FR\"}]}<\/script>\n<meta property=\"product:price:amount\" content=\"0\" \/>\n<meta property=\"product:price:currency\" content=\"EUR\" \/>\n<meta property=\"og:availability\" content=\"instock\" \/>\n<meta property=\"product:availability\" content=\"instock\" \/>\n<meta property=\"product:retailer_item_id\" content=\"BB143\" \/>\n<meta property=\"product:condition\" content=\"new\" \/>\n<!-- \/ Yoast SEO Premium plugin. -->","yoast_head_json":{"title":"Regence Small Library avec fil BB143 - Yves Fouquet","robots":{"index":"index","follow":"follow","max-snippet":"max-snippet:-1","max-image-preview":"max-image-preview:large","max-video-preview":"max-video-preview:-1"},"canonical":"https:\/\/yvesfouquet.com\/fr\/produit\/biblioteka-regence-malenkaya-s-rezboj-bb143\/","og_locale":"fr_FR","og_type":"article","og_title":"Regence Small Library avec fil BB143","og_description":"Dimensions: L1500 x H1700 x P400 Description: 3 \u00e9tag\u00e8res r\u00e9glables en hauteur","og_url":"https:\/\/yvesfouquet.com\/fr\/produit\/biblioteka-regence-malenkaya-s-rezboj-bb143\/","og_site_name":"Yves Fouquet","article_publisher":"https:\/\/www.facebook.com\/boutiueyvesfouquet","twitter_card":"summary_large_image","twitter_misc":{"Prix":"","Disponibilit\u00e9":"En stock"},"schema":{"@context":"https:\/\/schema.org","@graph":[{"@type":["WebPage","ItemPage"],"@id":"https:\/\/yvesfouquet.com\/fr\/produit\/biblioteka-regence-malenkaya-s-rezboj-bb143\/","url":"https:\/\/yvesfouquet.com\/fr\/produit\/biblioteka-regence-malenkaya-s-rezboj-bb143\/","name":"Regence Small Library avec fil BB143 - Yves Fouquet","isPartOf":{"@id":"https:\/\/yvesfouquet.com\/#website"},"datePublished":"2022-09-24T11:13:45+00:00","dateModified":"2022-09-24T11:13:45+00:00","breadcrumb":{"@id":"https:\/\/yvesfouquet.com\/fr\/produit\/biblioteka-regence-malenkaya-s-rezboj-bb143\/#breadcrumb"},"inLanguage":"fr-FR","potentialAction":[{"@type":"ReadAction","target":["https:\/\/yvesfouquet.com\/fr\/produit\/biblioteka-regence-malenkaya-s-rezboj-bb143\/"]}]},{"@type":"BreadcrumbList","@id":"https:\/\/yvesfouquet.com\/fr\/produit\/biblioteka-regence-malenkaya-s-rezboj-bb143\/#breadcrumb","itemListElement":[{"@type":"ListItem","position":1,"name":"\u0413\u043b\u0430\u0432\u043d\u0430\u044f","item":"https:\/\/yvesfouquet.com\/fr\/"},{"@type":"ListItem","position":2,"name":"Collections","item":"https:\/\/yvesfouquet.com\/fr\/collections\/"},{"@type":"ListItem","position":3,"name":"Regence Small Library avec fil BB143"}]},{"@type":"WebSite","@id":"https:\/\/yvesfouquet.com\/#website","url":"https:\/\/yvesfouquet.com\/","name":"Yves Fouquet","description":"\u0424\u0440\u0430\u043d\u0446\u0443\u0437\u0441\u043a\u0430\u044f \u043c\u0435\u0431\u0435\u043b\u044c","potentialAction":[{"@type":"SearchAction","target":{"@type":"EntryPoint","urlTemplate":"https:\/\/yvesfouquet.com\/?s={search_term_string}"},"query-input":"required name=search_term_string"}],"inLanguage":"fr-FR"}]},"product_price_currency":"EUR","og_availability":"instock","product_availability":"instock","product_retailer_item_id":"BB143","product_condition":"new"},"_links":{"self":[{"href":"https:\/\/yvesfouquet.com\/fr\/wp-json\/wp\/v2\/product\/19229"}],"collection":[{"href":"https:\/\/yvesfouquet.com\/fr\/wp-json\/wp\/v2\/product"}],"about":[{"href":"https:\/\/yvesfouquet.com\/fr\/wp-json\/wp\/v2\/types\/product"}],"version-history":[{"count":0,"href":"https:\/\/yvesfouquet.com\/fr\/wp-json\/wp\/v2\/product\/19229\/revisions"}],"wp:featuredmedia":[{"embeddable":true,"href":"https:\/\/yvesfouquet.com\/fr\/wp-json\/wp\/v2\/media\/15626"}],"wp:attachment":[{"href":"https:\/\/yvesfouquet.com\/fr\/wp-json\/wp\/v2\/media?parent=19229"}],"wp:term":[{"taxonomy":"product_cat","embeddable":true,"href":"https:\/\/yvesfouquet.com\/fr\/wp-json\/wp\/v2\/product_cat?post=19229"},{"taxonomy":"product_tag","embeddable":true,"href":"https:\/\/yvesfouquet.com\/fr\/wp-json\/wp\/v2\/product_tag?post=19229"}],"curies":[{"name":"wp","href":"https:\/\/api.w.org\/{rel}","templated":true}]}}