{"id":19238,"date":"2020-10-26T18:06:11","date_gmt":"2022-09-24T11:14:30","guid":{"rendered":"https:\/\/yvesfouquet.com\/bibliotheque-bb154\/"},"modified":"2022-09-24T14:14:30","modified_gmt":"2022-09-24T11:14:30","slug":"biblioteka-bb154","status":"publish","type":"product","link":"https:\/\/yvesfouquet.com\/fr\/produit\/biblioteka-bb154\/","title":{"rendered":"Biblioth\u00e8que BB154"},"content":{"rendered":"<p>Biblioth\u00e8que BB154 \u2013 pour les vrais connaisseurs de l\u2019art litt\u00e9raire, des id\u00e9es pr\u00e9cieuses,<br \/>\nimmersion profonde en eux. A premi\u00e8re vue, sa noblesse l\u00e9g\u00e8rement arrogante<br \/>\nravit et invite \u00e0 s\u2019approcher, \u00e0 toucher l\u2019antiquit\u00e9 dans les fissures sur le majestueux<br \/>\nune fa\u00e7ade avec une m\u00e9moire profonde. Courir votre paume le long de la porte l\u00e9g\u00e8rement rugueuse, plus bas<br \/>\nmain sur la colonne vert\u00e9brale d\u2019un livre al\u00e9atoire et plongez dans le monde des r\u00eaves et des r\u00eaves des personnages principaux<br \/>\nun roman historique de l\u2019\u00e9poque du r\u00e9gent du Royaume de France, Philippe<br \/>\nOrl\u00e9ans.<br \/>\nLa biblioth\u00e8que est faite de bois massif de la plus haute qualit\u00e9. Artisans exp\u00e9riment\u00e9s<br \/>\nYves Fouquet a adopt\u00e9 les subtilit\u00e9s des ma\u00eetres Fran\u00e7ais des anc\u00eatres<br \/>\nProduction. M\u00eame les plus beaux d\u00e9tails des accessoires et de la d\u00e9coration sont faits \u00e0 la main,<br \/>\nsans le moindre d\u00e9faut ou inexactitude. La biblioth\u00e8que est habilement \u00ab&nbsp;vieillie&nbsp;\u00bb que<br \/>\nlui donne un myst\u00e8re et une attractivit\u00e9 particuliers.<br \/>\nEn plus des \u00e9tag\u00e8res et des sections ferm\u00e9es, la biblioth\u00e8que a pens\u00e9 \u00e0 des<br \/>\ncompartiments pour le stockage du vin et supports pour les verres. Quoi de plus agr\u00e9able,<br \/>\nque, se noyer dans votre chaise pr\u00e9f\u00e9r\u00e9e pr\u00e8s de la chemin\u00e9e, plonger dans des mondes inconnus, lentement<br \/>\nd\u00e9gustation d\u2019une boisson parfum\u00e9e Fran\u00e7ais d\u2019un vieillissement centenaire.<\/p>\n","protected":false},"excerpt":{"rendered":"<p><strong>Dimensions:<\/strong> <span class=\"s1\">L3200 x H2600 x P450<\/span><\/p>\n<p><strong>Partie ouverte :<\/strong> 5 \u00e9tag\u00e8res r\u00e9glables en hauteur et 4 tiroirs<\/p>\n<p><strong>C\u00f4t\u00e9s ferm\u00e9s: 6 sections<\/strong> \/ 6 portes (1 \u00e9tag\u00e8re dans chaque sexia), 3 \u00e9tag\u00e8res pour le stockage du vin, 2 \u00e9tag\u00e8res avec porte-verre<\/p>\n","protected":false},"featured_media":15710,"template":"","meta":[],"product_cat":[194],"product_tag":[],"yoast_head":"<!-- This site is optimized with the Yoast SEO Premium plugin v20.7 (Yoast SEO v20.8) - https:\/\/yoast.com\/wordpress\/plugins\/seo\/ -->\n<title>Biblioth\u00e8que BB154 - Yves Fouquet<\/title>\n<meta name=\"robots\" content=\"index, follow, max-snippet:-1, max-image-preview:large, max-video-preview:-1\" \/>\n<link rel=\"canonical\" href=\"https:\/\/yvesfouquet.com\/fr\/produit\/biblioteka-bb154\/\" \/>\n<meta property=\"og:locale\" content=\"fr_FR\" \/>\n<meta property=\"og:type\" content=\"article\" \/>\n<meta property=\"og:title\" content=\"Biblioth\u00e8que BB154\" \/>\n<meta property=\"og:description\" content=\"Dimensions: L3200 x H2600 x P450 Partie ouverte : 5 \u00e9tag\u00e8res r\u00e9glables en hauteur et 4 tiroirs C\u00f4t\u00e9s ferm\u00e9s: 6 sections \/ 6 portes (1 \u00e9tag\u00e8re dans chaque sexia), 3 \u00e9tag\u00e8res pour le stockage du vin, 2 \u00e9tag\u00e8res avec porte-verre\" \/>\n<meta property=\"og:url\" content=\"https:\/\/yvesfouquet.com\/fr\/produit\/biblioteka-bb154\/\" \/>\n<meta property=\"og:site_name\" content=\"Yves Fouquet\" \/>\n<meta property=\"article:publisher\" content=\"https:\/\/www.facebook.com\/boutiueyvesfouquet\" \/>\n<meta property=\"og:image\" content=\"https:\/\/yvesfouquet.com\/wp-content\/uploads\/2020\/10\/bb154.png\" \/>\n\t<meta property=\"og:image:width\" content=\"1280\" \/>\n\t<meta property=\"og:image:height\" content=\"1280\" \/>\n\t<meta property=\"og:image:type\" content=\"image\/png\" \/>\n<meta name=\"twitter:card\" content=\"summary_large_image\" \/>\n<meta name=\"twitter:label1\" content=\"Prix\" \/>\n\t<meta name=\"twitter:data1\" content=\"\" \/>\n\t<meta name=\"twitter:label2\" content=\"Disponibilit\u00e9\" \/>\n\t<meta name=\"twitter:data2\" content=\"En stock\" \/>\n<script type=\"application\/ld+json\" class=\"yoast-schema-graph\">{\"@context\":\"https:\/\/schema.org\",\"@graph\":[{\"@type\":[\"WebPage\",\"ItemPage\"],\"@id\":\"https:\/\/yvesfouquet.com\/fr\/produit\/biblioteka-bb154\/\",\"url\":\"https:\/\/yvesfouquet.com\/fr\/produit\/biblioteka-bb154\/\",\"name\":\"Biblioth\u00e8que BB154 - Yves Fouquet\",\"isPartOf\":{\"@id\":\"https:\/\/yvesfouquet.com\/#website\"},\"datePublished\":\"2022-09-24T11:14:30+00:00\",\"dateModified\":\"2022-09-24T11:14:30+00:00\",\"breadcrumb\":{\"@id\":\"https:\/\/yvesfouquet.com\/fr\/produit\/biblioteka-bb154\/#breadcrumb\"},\"inLanguage\":\"fr-FR\",\"potentialAction\":[{\"@type\":\"ReadAction\",\"target\":[\"https:\/\/yvesfouquet.com\/fr\/produit\/biblioteka-bb154\/\"]}]},{\"@type\":\"BreadcrumbList\",\"@id\":\"https:\/\/yvesfouquet.com\/fr\/produit\/biblioteka-bb154\/#breadcrumb\",\"itemListElement\":[{\"@type\":\"ListItem\",\"position\":1,\"name\":\"\u0413\u043b\u0430\u0432\u043d\u0430\u044f\",\"item\":\"https:\/\/yvesfouquet.com\/fr\/\"},{\"@type\":\"ListItem\",\"position\":2,\"name\":\"Collections\",\"item\":\"https:\/\/yvesfouquet.com\/fr\/collections\/\"},{\"@type\":\"ListItem\",\"position\":3,\"name\":\"Biblioth\u00e8que BB154\"}]},{\"@type\":\"WebSite\",\"@id\":\"https:\/\/yvesfouquet.com\/#website\",\"url\":\"https:\/\/yvesfouquet.com\/\",\"name\":\"Yves Fouquet\",\"description\":\"\u0424\u0440\u0430\u043d\u0446\u0443\u0437\u0441\u043a\u0430\u044f \u043c\u0435\u0431\u0435\u043b\u044c\",\"potentialAction\":[{\"@type\":\"SearchAction\",\"target\":{\"@type\":\"EntryPoint\",\"urlTemplate\":\"https:\/\/yvesfouquet.com\/?s={search_term_string}\"},\"query-input\":\"required name=search_term_string\"}],\"inLanguage\":\"fr-FR\"}]}<\/script>\n<meta property=\"product:price:amount\" content=\"0\" \/>\n<meta property=\"product:price:currency\" content=\"EUR\" \/>\n<meta property=\"og:availability\" content=\"instock\" \/>\n<meta property=\"product:availability\" content=\"instock\" \/>\n<meta property=\"product:retailer_item_id\" content=\"BB154\" \/>\n<meta property=\"product:condition\" content=\"new\" \/>\n<!-- \/ Yoast SEO Premium plugin. -->","yoast_head_json":{"title":"Biblioth\u00e8que BB154 - Yves Fouquet","robots":{"index":"index","follow":"follow","max-snippet":"max-snippet:-1","max-image-preview":"max-image-preview:large","max-video-preview":"max-video-preview:-1"},"canonical":"https:\/\/yvesfouquet.com\/fr\/produit\/biblioteka-bb154\/","og_locale":"fr_FR","og_type":"article","og_title":"Biblioth\u00e8que BB154","og_description":"Dimensions: L3200 x H2600 x P450 Partie ouverte : 5 \u00e9tag\u00e8res r\u00e9glables en hauteur et 4 tiroirs C\u00f4t\u00e9s ferm\u00e9s: 6 sections \/ 6 portes (1 \u00e9tag\u00e8re dans chaque sexia), 3 \u00e9tag\u00e8res pour le stockage du vin, 2 \u00e9tag\u00e8res avec porte-verre","og_url":"https:\/\/yvesfouquet.com\/fr\/produit\/biblioteka-bb154\/","og_site_name":"Yves Fouquet","article_publisher":"https:\/\/www.facebook.com\/boutiueyvesfouquet","og_image":[{"width":1280,"height":1280,"url":"https:\/\/yvesfouquet.com\/wp-content\/uploads\/2020\/10\/bb154.png","type":"image\/png"}],"twitter_card":"summary_large_image","twitter_misc":{"Prix":"","Disponibilit\u00e9":"En stock"},"schema":{"@context":"https:\/\/schema.org","@graph":[{"@type":["WebPage","ItemPage"],"@id":"https:\/\/yvesfouquet.com\/fr\/produit\/biblioteka-bb154\/","url":"https:\/\/yvesfouquet.com\/fr\/produit\/biblioteka-bb154\/","name":"Biblioth\u00e8que BB154 - Yves Fouquet","isPartOf":{"@id":"https:\/\/yvesfouquet.com\/#website"},"datePublished":"2022-09-24T11:14:30+00:00","dateModified":"2022-09-24T11:14:30+00:00","breadcrumb":{"@id":"https:\/\/yvesfouquet.com\/fr\/produit\/biblioteka-bb154\/#breadcrumb"},"inLanguage":"fr-FR","potentialAction":[{"@type":"ReadAction","target":["https:\/\/yvesfouquet.com\/fr\/produit\/biblioteka-bb154\/"]}]},{"@type":"BreadcrumbList","@id":"https:\/\/yvesfouquet.com\/fr\/produit\/biblioteka-bb154\/#breadcrumb","itemListElement":[{"@type":"ListItem","position":1,"name":"\u0413\u043b\u0430\u0432\u043d\u0430\u044f","item":"https:\/\/yvesfouquet.com\/fr\/"},{"@type":"ListItem","position":2,"name":"Collections","item":"https:\/\/yvesfouquet.com\/fr\/collections\/"},{"@type":"ListItem","position":3,"name":"Biblioth\u00e8que BB154"}]},{"@type":"WebSite","@id":"https:\/\/yvesfouquet.com\/#website","url":"https:\/\/yvesfouquet.com\/","name":"Yves Fouquet","description":"\u0424\u0440\u0430\u043d\u0446\u0443\u0437\u0441\u043a\u0430\u044f \u043c\u0435\u0431\u0435\u043b\u044c","potentialAction":[{"@type":"SearchAction","target":{"@type":"EntryPoint","urlTemplate":"https:\/\/yvesfouquet.com\/?s={search_term_string}"},"query-input":"required name=search_term_string"}],"inLanguage":"fr-FR"}]},"product_price_currency":"EUR","og_availability":"instock","product_availability":"instock","product_retailer_item_id":"BB154","product_condition":"new"},"_links":{"self":[{"href":"https:\/\/yvesfouquet.com\/fr\/wp-json\/wp\/v2\/product\/19238"}],"collection":[{"href":"https:\/\/yvesfouquet.com\/fr\/wp-json\/wp\/v2\/product"}],"about":[{"href":"https:\/\/yvesfouquet.com\/fr\/wp-json\/wp\/v2\/types\/product"}],"version-history":[{"count":0,"href":"https:\/\/yvesfouquet.com\/fr\/wp-json\/wp\/v2\/product\/19238\/revisions"}],"wp:featuredmedia":[{"embeddable":true,"href":"https:\/\/yvesfouquet.com\/fr\/wp-json\/wp\/v2\/media\/15710"}],"wp:attachment":[{"href":"https:\/\/yvesfouquet.com\/fr\/wp-json\/wp\/v2\/media?parent=19238"}],"wp:term":[{"taxonomy":"product_cat","embeddable":true,"href":"https:\/\/yvesfouquet.com\/fr\/wp-json\/wp\/v2\/product_cat?post=19238"},{"taxonomy":"product_tag","embeddable":true,"href":"https:\/\/yvesfouquet.com\/fr\/wp-json\/wp\/v2\/product_tag?post=19238"}],"curies":[{"name":"wp","href":"https:\/\/api.w.org\/{rel}","templated":true}]}}