{"id":19245,"date":"2020-10-26T18:06:11","date_gmt":"2022-09-24T11:14:34","guid":{"rendered":"https:\/\/yvesfouquet.com\/grande-bibliotheque-bb151\/"},"modified":"2022-09-24T14:14:34","modified_gmt":"2022-09-24T11:14:34","slug":"bolshaya-biblioteka-bb151","status":"publish","type":"product","link":"https:\/\/yvesfouquet.com\/fr\/produit\/bolshaya-biblioteka-bb151\/","title":{"rendered":"Grande biblioth\u00e8que BB151"},"content":{"rendered":"<p>Les meubles Yves Fouquet sont fabriqu\u00e9s en bois massif selon des techniques traditionnelles fran\u00e7aises anciennes. Toutes les pi\u00e8ces sont en bois massif, sans aucun \u00e9l\u00e9ment appliqu\u00e9 ou coll\u00e9. Les joints sont \u00e0 rainure et languette et sont fix\u00e9s avec de vrais clous \u00e0 bois. Toutes les sculptures sont faites \u00e0 la main, les tiroirs sont \u00e0 queue d&rsquo;aronde et les meubles sont finis avec une finition en cire naturelle.<\/p>\n","protected":false},"excerpt":{"rendered":"<p><strong>Dimensions:<\/strong> <span class=\"s1\">L2450 x H2500 x P400<\/span><\/p>\n<p><strong>Toit ouvert:<\/strong> 3 \u00e9tag\u00e8res r\u00e9glables en hauteur  <\/p>\n<p><strong>Fond ferm\u00e9 :<\/strong> 3 portes et 3 \u00e9tag\u00e8res r\u00e9glables en hauteur<\/p>\n","protected":false},"featured_media":20931,"template":"","meta":[],"product_cat":[194],"product_tag":[],"yoast_head":"<!-- This site is optimized with the Yoast SEO Premium plugin v20.7 (Yoast SEO v20.8) - https:\/\/yoast.com\/wordpress\/plugins\/seo\/ -->\n<title>Grande biblioth\u00e8que BB151 - Yves Fouquet<\/title>\n<meta name=\"robots\" content=\"index, follow, max-snippet:-1, max-image-preview:large, max-video-preview:-1\" \/>\n<link rel=\"canonical\" href=\"https:\/\/yvesfouquet.com\/fr\/produit\/bolshaya-biblioteka-bb151\/\" \/>\n<meta property=\"og:locale\" content=\"fr_FR\" \/>\n<meta property=\"og:type\" content=\"article\" \/>\n<meta property=\"og:title\" content=\"Grande biblioth\u00e8que BB151\" \/>\n<meta property=\"og:description\" content=\"Dimensions: L2450 x H2500 x P400 Toit ouvert: 3 \u00e9tag\u00e8res r\u00e9glables en hauteur  Fond ferm\u00e9 : 3 portes et 3 \u00e9tag\u00e8res r\u00e9glables en hauteur\" \/>\n<meta property=\"og:url\" content=\"https:\/\/yvesfouquet.com\/fr\/produit\/bolshaya-biblioteka-bb151\/\" \/>\n<meta property=\"og:site_name\" content=\"Yves Fouquet\" \/>\n<meta property=\"article:publisher\" content=\"https:\/\/www.facebook.com\/boutiueyvesfouquet\" \/>\n<meta name=\"twitter:card\" content=\"summary_large_image\" \/>\n<meta name=\"twitter:label1\" content=\"Prix\" \/>\n\t<meta name=\"twitter:data1\" content=\"\" \/>\n\t<meta name=\"twitter:label2\" content=\"Disponibilit\u00e9\" \/>\n\t<meta name=\"twitter:data2\" content=\"En stock\" \/>\n<script type=\"application\/ld+json\" class=\"yoast-schema-graph\">{\"@context\":\"https:\/\/schema.org\",\"@graph\":[{\"@type\":[\"WebPage\",\"ItemPage\"],\"@id\":\"https:\/\/yvesfouquet.com\/fr\/produit\/bolshaya-biblioteka-bb151\/\",\"url\":\"https:\/\/yvesfouquet.com\/fr\/produit\/bolshaya-biblioteka-bb151\/\",\"name\":\"Grande biblioth\u00e8que BB151 - Yves Fouquet\",\"isPartOf\":{\"@id\":\"https:\/\/yvesfouquet.com\/#website\"},\"datePublished\":\"2022-09-24T11:14:34+00:00\",\"dateModified\":\"2022-09-24T11:14:34+00:00\",\"breadcrumb\":{\"@id\":\"https:\/\/yvesfouquet.com\/fr\/produit\/bolshaya-biblioteka-bb151\/#breadcrumb\"},\"inLanguage\":\"fr-FR\",\"potentialAction\":[{\"@type\":\"ReadAction\",\"target\":[\"https:\/\/yvesfouquet.com\/fr\/produit\/bolshaya-biblioteka-bb151\/\"]}]},{\"@type\":\"BreadcrumbList\",\"@id\":\"https:\/\/yvesfouquet.com\/fr\/produit\/bolshaya-biblioteka-bb151\/#breadcrumb\",\"itemListElement\":[{\"@type\":\"ListItem\",\"position\":1,\"name\":\"\u0413\u043b\u0430\u0432\u043d\u0430\u044f\",\"item\":\"https:\/\/yvesfouquet.com\/fr\/\"},{\"@type\":\"ListItem\",\"position\":2,\"name\":\"Collections\",\"item\":\"https:\/\/yvesfouquet.com\/fr\/collections\/\"},{\"@type\":\"ListItem\",\"position\":3,\"name\":\"Grande biblioth\u00e8que BB151\"}]},{\"@type\":\"WebSite\",\"@id\":\"https:\/\/yvesfouquet.com\/#website\",\"url\":\"https:\/\/yvesfouquet.com\/\",\"name\":\"Yves Fouquet\",\"description\":\"\u0424\u0440\u0430\u043d\u0446\u0443\u0437\u0441\u043a\u0430\u044f \u043c\u0435\u0431\u0435\u043b\u044c\",\"potentialAction\":[{\"@type\":\"SearchAction\",\"target\":{\"@type\":\"EntryPoint\",\"urlTemplate\":\"https:\/\/yvesfouquet.com\/?s={search_term_string}\"},\"query-input\":\"required name=search_term_string\"}],\"inLanguage\":\"fr-FR\"}]}<\/script>\n<meta property=\"product:price:amount\" content=\"0\" \/>\n<meta property=\"product:price:currency\" content=\"EUR\" \/>\n<meta property=\"og:availability\" content=\"instock\" \/>\n<meta property=\"product:availability\" content=\"instock\" \/>\n<meta property=\"product:retailer_item_id\" content=\"BB151\" \/>\n<meta property=\"product:condition\" content=\"new\" \/>\n<!-- \/ Yoast SEO Premium plugin. -->","yoast_head_json":{"title":"Grande biblioth\u00e8que BB151 - Yves Fouquet","robots":{"index":"index","follow":"follow","max-snippet":"max-snippet:-1","max-image-preview":"max-image-preview:large","max-video-preview":"max-video-preview:-1"},"canonical":"https:\/\/yvesfouquet.com\/fr\/produit\/bolshaya-biblioteka-bb151\/","og_locale":"fr_FR","og_type":"article","og_title":"Grande biblioth\u00e8que BB151","og_description":"Dimensions: L2450 x H2500 x P400 Toit ouvert: 3 \u00e9tag\u00e8res r\u00e9glables en hauteur  Fond ferm\u00e9 : 3 portes et 3 \u00e9tag\u00e8res r\u00e9glables en hauteur","og_url":"https:\/\/yvesfouquet.com\/fr\/produit\/bolshaya-biblioteka-bb151\/","og_site_name":"Yves Fouquet","article_publisher":"https:\/\/www.facebook.com\/boutiueyvesfouquet","twitter_card":"summary_large_image","twitter_misc":{"Prix":"","Disponibilit\u00e9":"En stock"},"schema":{"@context":"https:\/\/schema.org","@graph":[{"@type":["WebPage","ItemPage"],"@id":"https:\/\/yvesfouquet.com\/fr\/produit\/bolshaya-biblioteka-bb151\/","url":"https:\/\/yvesfouquet.com\/fr\/produit\/bolshaya-biblioteka-bb151\/","name":"Grande biblioth\u00e8que BB151 - Yves Fouquet","isPartOf":{"@id":"https:\/\/yvesfouquet.com\/#website"},"datePublished":"2022-09-24T11:14:34+00:00","dateModified":"2022-09-24T11:14:34+00:00","breadcrumb":{"@id":"https:\/\/yvesfouquet.com\/fr\/produit\/bolshaya-biblioteka-bb151\/#breadcrumb"},"inLanguage":"fr-FR","potentialAction":[{"@type":"ReadAction","target":["https:\/\/yvesfouquet.com\/fr\/produit\/bolshaya-biblioteka-bb151\/"]}]},{"@type":"BreadcrumbList","@id":"https:\/\/yvesfouquet.com\/fr\/produit\/bolshaya-biblioteka-bb151\/#breadcrumb","itemListElement":[{"@type":"ListItem","position":1,"name":"\u0413\u043b\u0430\u0432\u043d\u0430\u044f","item":"https:\/\/yvesfouquet.com\/fr\/"},{"@type":"ListItem","position":2,"name":"Collections","item":"https:\/\/yvesfouquet.com\/fr\/collections\/"},{"@type":"ListItem","position":3,"name":"Grande biblioth\u00e8que BB151"}]},{"@type":"WebSite","@id":"https:\/\/yvesfouquet.com\/#website","url":"https:\/\/yvesfouquet.com\/","name":"Yves Fouquet","description":"\u0424\u0440\u0430\u043d\u0446\u0443\u0437\u0441\u043a\u0430\u044f \u043c\u0435\u0431\u0435\u043b\u044c","potentialAction":[{"@type":"SearchAction","target":{"@type":"EntryPoint","urlTemplate":"https:\/\/yvesfouquet.com\/?s={search_term_string}"},"query-input":"required name=search_term_string"}],"inLanguage":"fr-FR"}]},"product_price_currency":"EUR","og_availability":"instock","product_availability":"instock","product_retailer_item_id":"BB151","product_condition":"new"},"_links":{"self":[{"href":"https:\/\/yvesfouquet.com\/fr\/wp-json\/wp\/v2\/product\/19245"}],"collection":[{"href":"https:\/\/yvesfouquet.com\/fr\/wp-json\/wp\/v2\/product"}],"about":[{"href":"https:\/\/yvesfouquet.com\/fr\/wp-json\/wp\/v2\/types\/product"}],"version-history":[{"count":0,"href":"https:\/\/yvesfouquet.com\/fr\/wp-json\/wp\/v2\/product\/19245\/revisions"}],"wp:featuredmedia":[{"embeddable":true,"href":"https:\/\/yvesfouquet.com\/fr\/wp-json\/wp\/v2\/media\/20931"}],"wp:attachment":[{"href":"https:\/\/yvesfouquet.com\/fr\/wp-json\/wp\/v2\/media?parent=19245"}],"wp:term":[{"taxonomy":"product_cat","embeddable":true,"href":"https:\/\/yvesfouquet.com\/fr\/wp-json\/wp\/v2\/product_cat?post=19245"},{"taxonomy":"product_tag","embeddable":true,"href":"https:\/\/yvesfouquet.com\/fr\/wp-json\/wp\/v2\/product_tag?post=19245"}],"curies":[{"name":"wp","href":"https:\/\/api.w.org\/{rel}","templated":true}]}}