{"id":19251,"date":"2020-10-26T18:06:11","date_gmt":"2022-09-24T11:14:35","guid":{"rendered":"https:\/\/yvesfouquet.com\/regence-petite-bibliotheque-ouverte-bb153\/"},"modified":"2022-09-24T14:14:35","modified_gmt":"2022-09-24T11:14:35","slug":"biblioteka-regence-malenkaya-otkrytaya-bb153","status":"publish","type":"product","link":"https:\/\/yvesfouquet.com\/fr\/produit\/biblioteka-regence-malenkaya-otkrytaya-bb153\/","title":{"rendered":"Regence Petite biblioth\u00e8que ouverte BB153"},"content":{"rendered":"<p>Il est tout simplement impossible de ne pas pr\u00eater attention \u00e0 cette biblioth\u00e8que miniature. Enjou\u00e9<br \/>\nse plie et attire \u00e0 venir, prendre un volume d\u2019un roman d\u2019amour et feuilleter les lignes<br \/>\naventure romantique, assis \u00e0 c\u00f4t\u00e9 de vous sur un canap\u00e9 confortable, sirotant du vin mousseux<br \/>\nd\u2019un verre fragile.<br \/>\nCette beaut\u00e9, faite avec amour par des ma\u00eetres de Fran\u00e7ais secrets et<br \/>\ndessins, s\u2019int\u00e9greront avec succ\u00e8s dans la chambre des amateurs d\u2019art ou le salon, de sorte que<br \/>\nchaque fois pour ravir les clients avec sa sophistication. Sa s\u00e9duisante frivole<br \/>\nla l\u00e9g\u00e8ret\u00e9, cependant, n\u2019enl\u00e8ve rien \u00e0 la fiabilit\u00e9, car tous les meubles produits par \u00ab&nbsp;Iv<br \/>\nFouquet est fabriqu\u00e9 \u00e0 partir de bois massif s\u00e9lectionn\u00e9 de la plus haute qualit\u00e9 et r\u00e9sistance.<br \/>\nLe style Regence, dans lequel la biblioth\u00e8que BB153 est fabriqu\u00e9e, refl\u00e8te l\u2019ambiance<br \/>\nhabitants des classes sup\u00e9rieures de France de la p\u00e9riode de transition du d\u00e9but du 18\u00e8me si\u00e8cle. Mobilier<br \/>\nest particuli\u00e8rement gracieux, les courbes deviennent dominantes<br \/>\npar le signe et la r\u00e9ception, la pompe encombrante s\u2019estompe progressivement \u00e0 l\u2019arri\u00e8re-plan.<br \/>\nLes meubles de style R\u00e9gence pr\u00e9figurent la partie fonctionnelle moderne de l\u2019int\u00e9rieur,<br \/>\ncesser d\u2019\u00eatre un \u00e9l\u00e9ment exclusivement d\u00e9coratif, acqu\u00e9rant un<br \/>\ncontenu, commodit\u00e9 et confort.<\/p>\n","protected":false},"excerpt":{"rendered":"<p><strong>Remarque:<\/strong> Fabrication 1 semaine dans n\u2019importe quelle couleur<\/p>\n<p><strong>Dimensions:<\/strong> <span class=\"s1\">L1520 x H1880 x P400<\/span><\/p>\n<p><strong>Description:<\/strong> 3 \u00e9tag\u00e8res de hauteur non r\u00e9glables et 1 tiroir<\/p>\n","protected":false},"featured_media":20906,"template":"","meta":[],"product_cat":[194],"product_tag":[],"yoast_head":"<!-- This site is optimized with the Yoast SEO Premium plugin v20.7 (Yoast SEO v20.8) - https:\/\/yoast.com\/wordpress\/plugins\/seo\/ -->\n<title>Regence Petite biblioth\u00e8que ouverte BB153 - Yves Fouquet<\/title>\n<meta name=\"robots\" content=\"index, follow, max-snippet:-1, max-image-preview:large, max-video-preview:-1\" \/>\n<link rel=\"canonical\" href=\"https:\/\/yvesfouquet.com\/fr\/produit\/biblioteka-regence-malenkaya-otkrytaya-bb153\/\" \/>\n<meta property=\"og:locale\" content=\"fr_FR\" \/>\n<meta property=\"og:type\" content=\"article\" \/>\n<meta property=\"og:title\" content=\"Regence Petite biblioth\u00e8que ouverte BB153\" \/>\n<meta property=\"og:description\" content=\"Remarque: Fabrication 1 semaine dans n\u2019importe quelle couleur Dimensions: L1520 x H1880 x P400 Description: 3 \u00e9tag\u00e8res de hauteur non r\u00e9glables et 1 tiroir\" \/>\n<meta property=\"og:url\" content=\"https:\/\/yvesfouquet.com\/fr\/produit\/biblioteka-regence-malenkaya-otkrytaya-bb153\/\" \/>\n<meta property=\"og:site_name\" content=\"Yves Fouquet\" \/>\n<meta property=\"article:publisher\" content=\"https:\/\/www.facebook.com\/boutiueyvesfouquet\" \/>\n<meta name=\"twitter:card\" content=\"summary_large_image\" \/>\n<meta name=\"twitter:label1\" content=\"Prix\" \/>\n\t<meta name=\"twitter:data1\" content=\"\" \/>\n\t<meta name=\"twitter:label2\" content=\"Disponibilit\u00e9\" \/>\n\t<meta name=\"twitter:data2\" content=\"En stock\" \/>\n<script type=\"application\/ld+json\" class=\"yoast-schema-graph\">{\"@context\":\"https:\/\/schema.org\",\"@graph\":[{\"@type\":[\"WebPage\",\"ItemPage\"],\"@id\":\"https:\/\/yvesfouquet.com\/fr\/produit\/biblioteka-regence-malenkaya-otkrytaya-bb153\/\",\"url\":\"https:\/\/yvesfouquet.com\/fr\/produit\/biblioteka-regence-malenkaya-otkrytaya-bb153\/\",\"name\":\"Regence Petite biblioth\u00e8que ouverte BB153 - Yves Fouquet\",\"isPartOf\":{\"@id\":\"https:\/\/yvesfouquet.com\/#website\"},\"datePublished\":\"2022-09-24T11:14:35+00:00\",\"dateModified\":\"2022-09-24T11:14:35+00:00\",\"breadcrumb\":{\"@id\":\"https:\/\/yvesfouquet.com\/fr\/produit\/biblioteka-regence-malenkaya-otkrytaya-bb153\/#breadcrumb\"},\"inLanguage\":\"fr-FR\",\"potentialAction\":[{\"@type\":\"ReadAction\",\"target\":[\"https:\/\/yvesfouquet.com\/fr\/produit\/biblioteka-regence-malenkaya-otkrytaya-bb153\/\"]}]},{\"@type\":\"BreadcrumbList\",\"@id\":\"https:\/\/yvesfouquet.com\/fr\/produit\/biblioteka-regence-malenkaya-otkrytaya-bb153\/#breadcrumb\",\"itemListElement\":[{\"@type\":\"ListItem\",\"position\":1,\"name\":\"\u0413\u043b\u0430\u0432\u043d\u0430\u044f\",\"item\":\"https:\/\/yvesfouquet.com\/fr\/\"},{\"@type\":\"ListItem\",\"position\":2,\"name\":\"Collections\",\"item\":\"https:\/\/yvesfouquet.com\/fr\/collections\/\"},{\"@type\":\"ListItem\",\"position\":3,\"name\":\"Regence Petite biblioth\u00e8que ouverte BB153\"}]},{\"@type\":\"WebSite\",\"@id\":\"https:\/\/yvesfouquet.com\/#website\",\"url\":\"https:\/\/yvesfouquet.com\/\",\"name\":\"Yves Fouquet\",\"description\":\"\u0424\u0440\u0430\u043d\u0446\u0443\u0437\u0441\u043a\u0430\u044f \u043c\u0435\u0431\u0435\u043b\u044c\",\"potentialAction\":[{\"@type\":\"SearchAction\",\"target\":{\"@type\":\"EntryPoint\",\"urlTemplate\":\"https:\/\/yvesfouquet.com\/?s={search_term_string}\"},\"query-input\":\"required name=search_term_string\"}],\"inLanguage\":\"fr-FR\"}]}<\/script>\n<meta property=\"product:price:amount\" content=\"0\" \/>\n<meta property=\"product:price:currency\" content=\"EUR\" \/>\n<meta property=\"og:availability\" content=\"instock\" \/>\n<meta property=\"product:availability\" content=\"instock\" \/>\n<meta property=\"product:retailer_item_id\" content=\"BB153\" \/>\n<meta property=\"product:condition\" content=\"new\" \/>\n<!-- \/ Yoast SEO Premium plugin. -->","yoast_head_json":{"title":"Regence Petite biblioth\u00e8que ouverte BB153 - Yves Fouquet","robots":{"index":"index","follow":"follow","max-snippet":"max-snippet:-1","max-image-preview":"max-image-preview:large","max-video-preview":"max-video-preview:-1"},"canonical":"https:\/\/yvesfouquet.com\/fr\/produit\/biblioteka-regence-malenkaya-otkrytaya-bb153\/","og_locale":"fr_FR","og_type":"article","og_title":"Regence Petite biblioth\u00e8que ouverte BB153","og_description":"Remarque: Fabrication 1 semaine dans n\u2019importe quelle couleur Dimensions: L1520 x H1880 x P400 Description: 3 \u00e9tag\u00e8res de hauteur non r\u00e9glables et 1 tiroir","og_url":"https:\/\/yvesfouquet.com\/fr\/produit\/biblioteka-regence-malenkaya-otkrytaya-bb153\/","og_site_name":"Yves Fouquet","article_publisher":"https:\/\/www.facebook.com\/boutiueyvesfouquet","twitter_card":"summary_large_image","twitter_misc":{"Prix":"","Disponibilit\u00e9":"En stock"},"schema":{"@context":"https:\/\/schema.org","@graph":[{"@type":["WebPage","ItemPage"],"@id":"https:\/\/yvesfouquet.com\/fr\/produit\/biblioteka-regence-malenkaya-otkrytaya-bb153\/","url":"https:\/\/yvesfouquet.com\/fr\/produit\/biblioteka-regence-malenkaya-otkrytaya-bb153\/","name":"Regence Petite biblioth\u00e8que ouverte BB153 - Yves Fouquet","isPartOf":{"@id":"https:\/\/yvesfouquet.com\/#website"},"datePublished":"2022-09-24T11:14:35+00:00","dateModified":"2022-09-24T11:14:35+00:00","breadcrumb":{"@id":"https:\/\/yvesfouquet.com\/fr\/produit\/biblioteka-regence-malenkaya-otkrytaya-bb153\/#breadcrumb"},"inLanguage":"fr-FR","potentialAction":[{"@type":"ReadAction","target":["https:\/\/yvesfouquet.com\/fr\/produit\/biblioteka-regence-malenkaya-otkrytaya-bb153\/"]}]},{"@type":"BreadcrumbList","@id":"https:\/\/yvesfouquet.com\/fr\/produit\/biblioteka-regence-malenkaya-otkrytaya-bb153\/#breadcrumb","itemListElement":[{"@type":"ListItem","position":1,"name":"\u0413\u043b\u0430\u0432\u043d\u0430\u044f","item":"https:\/\/yvesfouquet.com\/fr\/"},{"@type":"ListItem","position":2,"name":"Collections","item":"https:\/\/yvesfouquet.com\/fr\/collections\/"},{"@type":"ListItem","position":3,"name":"Regence Petite biblioth\u00e8que ouverte BB153"}]},{"@type":"WebSite","@id":"https:\/\/yvesfouquet.com\/#website","url":"https:\/\/yvesfouquet.com\/","name":"Yves Fouquet","description":"\u0424\u0440\u0430\u043d\u0446\u0443\u0437\u0441\u043a\u0430\u044f \u043c\u0435\u0431\u0435\u043b\u044c","potentialAction":[{"@type":"SearchAction","target":{"@type":"EntryPoint","urlTemplate":"https:\/\/yvesfouquet.com\/?s={search_term_string}"},"query-input":"required name=search_term_string"}],"inLanguage":"fr-FR"}]},"product_price_currency":"EUR","og_availability":"instock","product_availability":"instock","product_retailer_item_id":"BB153","product_condition":"new"},"_links":{"self":[{"href":"https:\/\/yvesfouquet.com\/fr\/wp-json\/wp\/v2\/product\/19251"}],"collection":[{"href":"https:\/\/yvesfouquet.com\/fr\/wp-json\/wp\/v2\/product"}],"about":[{"href":"https:\/\/yvesfouquet.com\/fr\/wp-json\/wp\/v2\/types\/product"}],"version-history":[{"count":0,"href":"https:\/\/yvesfouquet.com\/fr\/wp-json\/wp\/v2\/product\/19251\/revisions"}],"wp:featuredmedia":[{"embeddable":true,"href":"https:\/\/yvesfouquet.com\/fr\/wp-json\/wp\/v2\/media\/20906"}],"wp:attachment":[{"href":"https:\/\/yvesfouquet.com\/fr\/wp-json\/wp\/v2\/media?parent=19251"}],"wp:term":[{"taxonomy":"product_cat","embeddable":true,"href":"https:\/\/yvesfouquet.com\/fr\/wp-json\/wp\/v2\/product_cat?post=19251"},{"taxonomy":"product_tag","embeddable":true,"href":"https:\/\/yvesfouquet.com\/fr\/wp-json\/wp\/v2\/product_tag?post=19251"}],"curies":[{"name":"wp","href":"https:\/\/api.w.org\/{rel}","templated":true}]}}