{"id":19263,"date":"2020-10-26T18:06:10","date_gmt":"2022-09-24T11:14:39","guid":{"rendered":"https:\/\/yvesfouquet.com\/directoire-dual-case-library-bb150e\/"},"modified":"2022-09-24T14:14:39","modified_gmt":"2022-09-24T11:14:39","slug":"biblioteka-directoire-dvuhkorpusnaya-bb150e","status":"publish","type":"product","link":"https:\/\/yvesfouquet.com\/fr\/produit\/biblioteka-directoire-dvuhkorpusnaya-bb150e\/","title":{"rendered":"Directoire Dual Case Library BB150e"},"content":{"rendered":"<p>La biblioth\u00e8que \u00e0 double bo\u00eetier BB150E est fabriqu\u00e9e dans un minimalisme neutre dans<br \/>\nune couleur discr\u00e8te \u00ab&nbsp;patine grise&nbsp;\u00bb. Le style Directoire, dans lequel la garde-robe est fabriqu\u00e9e, dit<br \/>\npour lui-m\u00eame: un classique sans fioritures. Seules les courbes gracieuses sur le corps donnent<br \/>\nla noblesse du produit. Les meubles fabriqu\u00e9s par Yves Fouquet sont faits \u00e0 la main<br \/>\nles calculs les plus pr\u00e9cis et les dessins r\u00e9fl\u00e9chis des ma\u00eetres Fran\u00e7ais. Tout<br \/>\nles raccords et les bo\u00eetiers sont en bois massif sans l\u2019utilisation de collage et<br \/>\nclous m\u00e9talliques. Vous pouvez \u00eatre s\u00fbr que la biblioth\u00e8que BB150E<br \/>\ngardez les livres pour toujours, et plus d\u2019une g\u00e9n\u00e9ration de votre esp\u00e8ce comprendra la sagesse<br \/>\nles auteurs de leurs lignes. De plus, les mat\u00e9riaux naturels cr\u00e9ent un<br \/>\nun sentiment de mati\u00e8re vivante, une atmosph\u00e8re d\u2019unit\u00e9 avec la nature et un s\u00e9jour tranquille<br \/>\nen harmonie avec elle.<br \/>\nMalgr\u00e9 sa taille, la biblioth\u00e8que s\u2019int\u00e9grera avec succ\u00e8s dans n\u2019importe quel int\u00e9rieur, \u00e0 partir de<br \/>\nbaroque artistique \u00e0 high-tech moderne. Gr\u00e2ce \u00e0 ses formes directes et<br \/>\nla disposition standard de la biblioth\u00e8que d\u2019\u00e9tag\u00e8res est tr\u00e8s pratique \u00e0 utiliser et<br \/>\nvous permet de stocker non seulement des livres, mais aussi des magazines, des journaux, des objets de famille<br \/>\ntailles non standard.<\/p>\n","protected":false},"excerpt":{"rendered":"<p><strong>Dimensions:<\/strong> <span class=\"s1\">L2020 x H2200 x P500<\/span><\/p>\n<p><strong>Top case\/Open:<\/strong> 3 \u00e9tag\u00e8res r\u00e9glables en hauteur<\/p>\n<p><strong>Bo\u00eetier inf\u00e9rieur \/ 2 portes:<\/strong> 2 \u00e9tag\u00e8res r\u00e9glables en hauteur et 1 planche r\u00e9tractable<\/p>\n<p><strong>Couleur:<\/strong> patine grise \/ gris<\/p>\n","protected":false},"featured_media":15688,"template":"","meta":[],"product_cat":[194],"product_tag":[],"yoast_head":"<!-- This site is optimized with the Yoast SEO Premium plugin v20.7 (Yoast SEO v20.8) - https:\/\/yoast.com\/wordpress\/plugins\/seo\/ -->\n<title>Directoire Dual Case Library BB150e - Yves Fouquet<\/title>\n<meta name=\"robots\" content=\"index, follow, max-snippet:-1, max-image-preview:large, max-video-preview:-1\" \/>\n<link rel=\"canonical\" href=\"https:\/\/yvesfouquet.com\/fr\/produit\/biblioteka-directoire-dvuhkorpusnaya-bb150e\/\" \/>\n<meta property=\"og:locale\" content=\"fr_FR\" \/>\n<meta property=\"og:type\" content=\"article\" \/>\n<meta property=\"og:title\" content=\"Directoire Dual Case Library BB150e\" \/>\n<meta property=\"og:description\" content=\"Dimensions: L2020 x H2200 x P500 Top case\/Open: 3 \u00e9tag\u00e8res r\u00e9glables en hauteur Bo\u00eetier inf\u00e9rieur \/ 2 portes: 2 \u00e9tag\u00e8res r\u00e9glables en hauteur et 1 planche r\u00e9tractable Couleur: patine grise \/ gris\" \/>\n<meta property=\"og:url\" content=\"https:\/\/yvesfouquet.com\/fr\/produit\/biblioteka-directoire-dvuhkorpusnaya-bb150e\/\" \/>\n<meta property=\"og:site_name\" content=\"Yves Fouquet\" \/>\n<meta property=\"article:publisher\" content=\"https:\/\/www.facebook.com\/boutiueyvesfouquet\" \/>\n<meta name=\"twitter:card\" content=\"summary_large_image\" \/>\n<meta name=\"twitter:label1\" content=\"Prix\" \/>\n\t<meta name=\"twitter:data1\" content=\"\" \/>\n\t<meta name=\"twitter:label2\" content=\"Disponibilit\u00e9\" \/>\n\t<meta name=\"twitter:data2\" content=\"En stock\" \/>\n<script type=\"application\/ld+json\" class=\"yoast-schema-graph\">{\"@context\":\"https:\/\/schema.org\",\"@graph\":[{\"@type\":[\"WebPage\",\"ItemPage\"],\"@id\":\"https:\/\/yvesfouquet.com\/fr\/produit\/biblioteka-directoire-dvuhkorpusnaya-bb150e\/\",\"url\":\"https:\/\/yvesfouquet.com\/fr\/produit\/biblioteka-directoire-dvuhkorpusnaya-bb150e\/\",\"name\":\"Directoire Dual Case Library BB150e - Yves Fouquet\",\"isPartOf\":{\"@id\":\"https:\/\/yvesfouquet.com\/#website\"},\"datePublished\":\"2022-09-24T11:14:39+00:00\",\"dateModified\":\"2022-09-24T11:14:39+00:00\",\"breadcrumb\":{\"@id\":\"https:\/\/yvesfouquet.com\/fr\/produit\/biblioteka-directoire-dvuhkorpusnaya-bb150e\/#breadcrumb\"},\"inLanguage\":\"fr-FR\",\"potentialAction\":[{\"@type\":\"ReadAction\",\"target\":[\"https:\/\/yvesfouquet.com\/fr\/produit\/biblioteka-directoire-dvuhkorpusnaya-bb150e\/\"]}]},{\"@type\":\"BreadcrumbList\",\"@id\":\"https:\/\/yvesfouquet.com\/fr\/produit\/biblioteka-directoire-dvuhkorpusnaya-bb150e\/#breadcrumb\",\"itemListElement\":[{\"@type\":\"ListItem\",\"position\":1,\"name\":\"\u0413\u043b\u0430\u0432\u043d\u0430\u044f\",\"item\":\"https:\/\/yvesfouquet.com\/fr\/\"},{\"@type\":\"ListItem\",\"position\":2,\"name\":\"Collections\",\"item\":\"https:\/\/yvesfouquet.com\/fr\/collections\/\"},{\"@type\":\"ListItem\",\"position\":3,\"name\":\"Directoire Dual Case Library BB150e\"}]},{\"@type\":\"WebSite\",\"@id\":\"https:\/\/yvesfouquet.com\/#website\",\"url\":\"https:\/\/yvesfouquet.com\/\",\"name\":\"Yves Fouquet\",\"description\":\"\u0424\u0440\u0430\u043d\u0446\u0443\u0437\u0441\u043a\u0430\u044f \u043c\u0435\u0431\u0435\u043b\u044c\",\"potentialAction\":[{\"@type\":\"SearchAction\",\"target\":{\"@type\":\"EntryPoint\",\"urlTemplate\":\"https:\/\/yvesfouquet.com\/?s={search_term_string}\"},\"query-input\":\"required name=search_term_string\"}],\"inLanguage\":\"fr-FR\"}]}<\/script>\n<meta property=\"product:price:amount\" content=\"0\" \/>\n<meta property=\"product:price:currency\" content=\"EUR\" \/>\n<meta property=\"og:availability\" content=\"instock\" \/>\n<meta property=\"product:availability\" content=\"instock\" \/>\n<meta property=\"product:retailer_item_id\" content=\"BB150E\" \/>\n<meta property=\"product:condition\" content=\"new\" \/>\n<!-- \/ Yoast SEO Premium plugin. -->","yoast_head_json":{"title":"Directoire Dual Case Library BB150e - Yves Fouquet","robots":{"index":"index","follow":"follow","max-snippet":"max-snippet:-1","max-image-preview":"max-image-preview:large","max-video-preview":"max-video-preview:-1"},"canonical":"https:\/\/yvesfouquet.com\/fr\/produit\/biblioteka-directoire-dvuhkorpusnaya-bb150e\/","og_locale":"fr_FR","og_type":"article","og_title":"Directoire Dual Case Library BB150e","og_description":"Dimensions: L2020 x H2200 x P500 Top case\/Open: 3 \u00e9tag\u00e8res r\u00e9glables en hauteur Bo\u00eetier inf\u00e9rieur \/ 2 portes: 2 \u00e9tag\u00e8res r\u00e9glables en hauteur et 1 planche r\u00e9tractable Couleur: patine grise \/ gris","og_url":"https:\/\/yvesfouquet.com\/fr\/produit\/biblioteka-directoire-dvuhkorpusnaya-bb150e\/","og_site_name":"Yves Fouquet","article_publisher":"https:\/\/www.facebook.com\/boutiueyvesfouquet","twitter_card":"summary_large_image","twitter_misc":{"Prix":"","Disponibilit\u00e9":"En stock"},"schema":{"@context":"https:\/\/schema.org","@graph":[{"@type":["WebPage","ItemPage"],"@id":"https:\/\/yvesfouquet.com\/fr\/produit\/biblioteka-directoire-dvuhkorpusnaya-bb150e\/","url":"https:\/\/yvesfouquet.com\/fr\/produit\/biblioteka-directoire-dvuhkorpusnaya-bb150e\/","name":"Directoire Dual Case Library BB150e - Yves Fouquet","isPartOf":{"@id":"https:\/\/yvesfouquet.com\/#website"},"datePublished":"2022-09-24T11:14:39+00:00","dateModified":"2022-09-24T11:14:39+00:00","breadcrumb":{"@id":"https:\/\/yvesfouquet.com\/fr\/produit\/biblioteka-directoire-dvuhkorpusnaya-bb150e\/#breadcrumb"},"inLanguage":"fr-FR","potentialAction":[{"@type":"ReadAction","target":["https:\/\/yvesfouquet.com\/fr\/produit\/biblioteka-directoire-dvuhkorpusnaya-bb150e\/"]}]},{"@type":"BreadcrumbList","@id":"https:\/\/yvesfouquet.com\/fr\/produit\/biblioteka-directoire-dvuhkorpusnaya-bb150e\/#breadcrumb","itemListElement":[{"@type":"ListItem","position":1,"name":"\u0413\u043b\u0430\u0432\u043d\u0430\u044f","item":"https:\/\/yvesfouquet.com\/fr\/"},{"@type":"ListItem","position":2,"name":"Collections","item":"https:\/\/yvesfouquet.com\/fr\/collections\/"},{"@type":"ListItem","position":3,"name":"Directoire Dual Case Library BB150e"}]},{"@type":"WebSite","@id":"https:\/\/yvesfouquet.com\/#website","url":"https:\/\/yvesfouquet.com\/","name":"Yves Fouquet","description":"\u0424\u0440\u0430\u043d\u0446\u0443\u0437\u0441\u043a\u0430\u044f \u043c\u0435\u0431\u0435\u043b\u044c","potentialAction":[{"@type":"SearchAction","target":{"@type":"EntryPoint","urlTemplate":"https:\/\/yvesfouquet.com\/?s={search_term_string}"},"query-input":"required name=search_term_string"}],"inLanguage":"fr-FR"}]},"product_price_currency":"EUR","og_availability":"instock","product_availability":"instock","product_retailer_item_id":"BB150E","product_condition":"new"},"_links":{"self":[{"href":"https:\/\/yvesfouquet.com\/fr\/wp-json\/wp\/v2\/product\/19263"}],"collection":[{"href":"https:\/\/yvesfouquet.com\/fr\/wp-json\/wp\/v2\/product"}],"about":[{"href":"https:\/\/yvesfouquet.com\/fr\/wp-json\/wp\/v2\/types\/product"}],"version-history":[{"count":0,"href":"https:\/\/yvesfouquet.com\/fr\/wp-json\/wp\/v2\/product\/19263\/revisions"}],"wp:featuredmedia":[{"embeddable":true,"href":"https:\/\/yvesfouquet.com\/fr\/wp-json\/wp\/v2\/media\/15688"}],"wp:attachment":[{"href":"https:\/\/yvesfouquet.com\/fr\/wp-json\/wp\/v2\/media?parent=19263"}],"wp:term":[{"taxonomy":"product_cat","embeddable":true,"href":"https:\/\/yvesfouquet.com\/fr\/wp-json\/wp\/v2\/product_cat?post=19263"},{"taxonomy":"product_tag","embeddable":true,"href":"https:\/\/yvesfouquet.com\/fr\/wp-json\/wp\/v2\/product_tag?post=19263"}],"curies":[{"name":"wp","href":"https:\/\/api.w.org\/{rel}","templated":true}]}}