{"id":19270,"date":"2020-10-26T18:06:11","date_gmt":"2022-09-24T11:14:41","guid":{"rendered":"https:\/\/yvesfouquet.com\/bibliotheque-de-monocoques-louis-xvi-bb152\/"},"modified":"2022-09-24T14:29:32","modified_gmt":"2022-09-24T11:29:32","slug":"biblioteka-louis-xvi-odnokorpusnaya-bb152","status":"publish","type":"product","link":"https:\/\/yvesfouquet.com\/fr\/produit\/biblioteka-louis-xvi-odnokorpusnaya-bb152\/","title":{"rendered":"Biblioth\u00e8que de monocoques Louis XVi BB152"},"content":{"rendered":"<p>La biblioth\u00e8que est la carte de visite de la famille. Que lit-on ici? Des livres d\u2019affaires pour le d\u00e9veloppement ?<br \/>\nLa fiction comme source d\u2019inspiration ? Ou des romans d\u2019aventure pour<br \/>\nl\u2019imagination de voyage \u00e0 la fin d\u2019une semaine difficile? Cependant, non seulement le contenu,<br \/>\nmais la forme compte. O\u00f9 sont stock\u00e9s les livres? Il est tr\u00e8s important de faire le bon<br \/>\nChoix pour la biblioth\u00e8que \u00e0 domicile.<br \/>\nPour un petit bureau ou une chambre \u00e0 coucher, un laconique est id\u00e9al<br \/>\nbiblioth\u00e8que monocoque BB152, r\u00e9alis\u00e9e dans le style Louis XVi. L\u2019id\u00e9e de confort<br \/>\nil domine certainement. Rien de superflu, image discr\u00e8te et confortable<br \/>\nl\u2019emplacement des \u00e9l\u00e9ments du ch\u00e2ssis. Apr\u00e8s tout, les meubles dans le style de Louis XVI n\u2019ont pas \u00e9t\u00e9 cr\u00e9\u00e9s pour<br \/>\nd\u00e9monstration du luxe et de la grandeur de son propri\u00e9taire, et afin de le ravir,<br \/>\npour lui plaire et lui rendre des services.<br \/>\nLa conception soign\u00e9e Fran\u00e7ais de la biblioth\u00e8que mettra l\u2019accent avec succ\u00e8s sur la retenue<br \/>\nrespect des propri\u00e9taires de la maison aux classiques et aux traditions. En outre, des meubles produits par \u00ab&nbsp;Yves&nbsp;\u00bb<br \/>\nFouquet&nbsp;\u00bb peut \u00eatre command\u00e9 dans une large gamme de couleurs. Aussi nos ma\u00eetres sont pr\u00eats<br \/>\noptez pour de petits changements dans la conception ou des \u00e9l\u00e9ments individuels.<\/p>\n","protected":false},"excerpt":{"rendered":"<p><strong>Dimensions:<\/strong> <span class=\"s1\">L1830 x H2160 x P450<\/span><\/p>\n<p><strong>En haut :<\/strong> 2 portes vitr\u00e9es, 6 \u00e9tag\u00e8res r\u00e9glables en hauteur<\/p>\n<p><strong>En bas :<\/strong> 2 portes et 2 \u00e9tag\u00e8res r\u00e9glables en hauteur<\/p>\n","protected":false},"featured_media":15706,"template":"","meta":[],"product_cat":[194],"product_tag":[],"yoast_head":"<!-- This site is optimized with the Yoast SEO Premium plugin v20.7 (Yoast SEO v20.8) - https:\/\/yoast.com\/wordpress\/plugins\/seo\/ -->\n<title>Biblioth\u00e8que de monocoques Louis XVi BB152 - Yves Fouquet<\/title>\n<meta name=\"robots\" content=\"index, follow, max-snippet:-1, max-image-preview:large, max-video-preview:-1\" \/>\n<link rel=\"canonical\" href=\"https:\/\/yvesfouquet.com\/fr\/produit\/biblioteka-louis-xvi-odnokorpusnaya-bb152\/\" \/>\n<meta property=\"og:locale\" content=\"fr_FR\" \/>\n<meta property=\"og:type\" content=\"article\" \/>\n<meta property=\"og:title\" content=\"Biblioth\u00e8que de monocoques Louis XVi BB152\" \/>\n<meta property=\"og:description\" content=\"Dimensions: L1830 x H2160 x P450 En haut : 2 portes vitr\u00e9es, 6 \u00e9tag\u00e8res r\u00e9glables en hauteur En bas : 2 portes et 2 \u00e9tag\u00e8res r\u00e9glables en hauteur\" \/>\n<meta property=\"og:url\" content=\"https:\/\/yvesfouquet.com\/fr\/produit\/biblioteka-louis-xvi-odnokorpusnaya-bb152\/\" \/>\n<meta property=\"og:site_name\" content=\"Yves Fouquet\" \/>\n<meta property=\"article:publisher\" content=\"https:\/\/www.facebook.com\/boutiueyvesfouquet\" \/>\n<meta property=\"article:modified_time\" content=\"2022-09-24T11:29:32+00:00\" \/>\n<meta property=\"og:image\" content=\"https:\/\/yvesfouquet.com\/wp-content\/uploads\/2020\/10\/bb152-1830x2160x450.png\" \/>\n\t<meta property=\"og:image:width\" content=\"1280\" \/>\n\t<meta property=\"og:image:height\" content=\"1280\" \/>\n\t<meta property=\"og:image:type\" content=\"image\/png\" \/>\n<meta name=\"twitter:card\" content=\"summary_large_image\" \/>\n<meta name=\"twitter:label1\" content=\"Prix\" \/>\n\t<meta name=\"twitter:data1\" content=\"\" \/>\n\t<meta name=\"twitter:label2\" content=\"Disponibilit\u00e9\" \/>\n\t<meta name=\"twitter:data2\" content=\"En stock\" \/>\n<script type=\"application\/ld+json\" class=\"yoast-schema-graph\">{\"@context\":\"https:\/\/schema.org\",\"@graph\":[{\"@type\":[\"WebPage\",\"ItemPage\"],\"@id\":\"https:\/\/yvesfouquet.com\/fr\/produit\/biblioteka-louis-xvi-odnokorpusnaya-bb152\/\",\"url\":\"https:\/\/yvesfouquet.com\/fr\/produit\/biblioteka-louis-xvi-odnokorpusnaya-bb152\/\",\"name\":\"Biblioth\u00e8que de monocoques Louis XVi BB152 - Yves Fouquet\",\"isPartOf\":{\"@id\":\"https:\/\/yvesfouquet.com\/#website\"},\"datePublished\":\"2022-09-24T11:14:41+00:00\",\"dateModified\":\"2022-09-24T11:29:32+00:00\",\"breadcrumb\":{\"@id\":\"https:\/\/yvesfouquet.com\/fr\/produit\/biblioteka-louis-xvi-odnokorpusnaya-bb152\/#breadcrumb\"},\"inLanguage\":\"fr-FR\",\"potentialAction\":[{\"@type\":\"ReadAction\",\"target\":[\"https:\/\/yvesfouquet.com\/fr\/produit\/biblioteka-louis-xvi-odnokorpusnaya-bb152\/\"]}]},{\"@type\":\"BreadcrumbList\",\"@id\":\"https:\/\/yvesfouquet.com\/fr\/produit\/biblioteka-louis-xvi-odnokorpusnaya-bb152\/#breadcrumb\",\"itemListElement\":[{\"@type\":\"ListItem\",\"position\":1,\"name\":\"\u0413\u043b\u0430\u0432\u043d\u0430\u044f\",\"item\":\"https:\/\/yvesfouquet.com\/fr\/\"},{\"@type\":\"ListItem\",\"position\":2,\"name\":\"Collections\",\"item\":\"https:\/\/yvesfouquet.com\/fr\/collections\/\"},{\"@type\":\"ListItem\",\"position\":3,\"name\":\"Biblioth\u00e8que de monocoques Louis XVi BB152\"}]},{\"@type\":\"WebSite\",\"@id\":\"https:\/\/yvesfouquet.com\/#website\",\"url\":\"https:\/\/yvesfouquet.com\/\",\"name\":\"Yves Fouquet\",\"description\":\"\u0424\u0440\u0430\u043d\u0446\u0443\u0437\u0441\u043a\u0430\u044f \u043c\u0435\u0431\u0435\u043b\u044c\",\"potentialAction\":[{\"@type\":\"SearchAction\",\"target\":{\"@type\":\"EntryPoint\",\"urlTemplate\":\"https:\/\/yvesfouquet.com\/?s={search_term_string}\"},\"query-input\":\"required name=search_term_string\"}],\"inLanguage\":\"fr-FR\"}]}<\/script>\n<meta property=\"product:price:amount\" content=\"0\" \/>\n<meta property=\"product:price:currency\" content=\"EUR\" \/>\n<meta property=\"og:availability\" content=\"instock\" \/>\n<meta property=\"product:availability\" content=\"instock\" \/>\n<meta property=\"product:retailer_item_id\" content=\"BB152\" \/>\n<meta property=\"product:condition\" content=\"new\" \/>\n<!-- \/ Yoast SEO Premium plugin. -->","yoast_head_json":{"title":"Biblioth\u00e8que de monocoques Louis XVi BB152 - Yves Fouquet","robots":{"index":"index","follow":"follow","max-snippet":"max-snippet:-1","max-image-preview":"max-image-preview:large","max-video-preview":"max-video-preview:-1"},"canonical":"https:\/\/yvesfouquet.com\/fr\/produit\/biblioteka-louis-xvi-odnokorpusnaya-bb152\/","og_locale":"fr_FR","og_type":"article","og_title":"Biblioth\u00e8que de monocoques Louis XVi BB152","og_description":"Dimensions: L1830 x H2160 x P450 En haut : 2 portes vitr\u00e9es, 6 \u00e9tag\u00e8res r\u00e9glables en hauteur En bas : 2 portes et 2 \u00e9tag\u00e8res r\u00e9glables en hauteur","og_url":"https:\/\/yvesfouquet.com\/fr\/produit\/biblioteka-louis-xvi-odnokorpusnaya-bb152\/","og_site_name":"Yves Fouquet","article_publisher":"https:\/\/www.facebook.com\/boutiueyvesfouquet","article_modified_time":"2022-09-24T11:29:32+00:00","og_image":[{"width":1280,"height":1280,"url":"https:\/\/yvesfouquet.com\/wp-content\/uploads\/2020\/10\/bb152-1830x2160x450.png","type":"image\/png"}],"twitter_card":"summary_large_image","twitter_misc":{"Prix":"","Disponibilit\u00e9":"En stock"},"schema":{"@context":"https:\/\/schema.org","@graph":[{"@type":["WebPage","ItemPage"],"@id":"https:\/\/yvesfouquet.com\/fr\/produit\/biblioteka-louis-xvi-odnokorpusnaya-bb152\/","url":"https:\/\/yvesfouquet.com\/fr\/produit\/biblioteka-louis-xvi-odnokorpusnaya-bb152\/","name":"Biblioth\u00e8que de monocoques Louis XVi BB152 - Yves Fouquet","isPartOf":{"@id":"https:\/\/yvesfouquet.com\/#website"},"datePublished":"2022-09-24T11:14:41+00:00","dateModified":"2022-09-24T11:29:32+00:00","breadcrumb":{"@id":"https:\/\/yvesfouquet.com\/fr\/produit\/biblioteka-louis-xvi-odnokorpusnaya-bb152\/#breadcrumb"},"inLanguage":"fr-FR","potentialAction":[{"@type":"ReadAction","target":["https:\/\/yvesfouquet.com\/fr\/produit\/biblioteka-louis-xvi-odnokorpusnaya-bb152\/"]}]},{"@type":"BreadcrumbList","@id":"https:\/\/yvesfouquet.com\/fr\/produit\/biblioteka-louis-xvi-odnokorpusnaya-bb152\/#breadcrumb","itemListElement":[{"@type":"ListItem","position":1,"name":"\u0413\u043b\u0430\u0432\u043d\u0430\u044f","item":"https:\/\/yvesfouquet.com\/fr\/"},{"@type":"ListItem","position":2,"name":"Collections","item":"https:\/\/yvesfouquet.com\/fr\/collections\/"},{"@type":"ListItem","position":3,"name":"Biblioth\u00e8que de monocoques Louis XVi BB152"}]},{"@type":"WebSite","@id":"https:\/\/yvesfouquet.com\/#website","url":"https:\/\/yvesfouquet.com\/","name":"Yves Fouquet","description":"\u0424\u0440\u0430\u043d\u0446\u0443\u0437\u0441\u043a\u0430\u044f \u043c\u0435\u0431\u0435\u043b\u044c","potentialAction":[{"@type":"SearchAction","target":{"@type":"EntryPoint","urlTemplate":"https:\/\/yvesfouquet.com\/?s={search_term_string}"},"query-input":"required name=search_term_string"}],"inLanguage":"fr-FR"}]},"product_price_currency":"EUR","og_availability":"instock","product_availability":"instock","product_retailer_item_id":"BB152","product_condition":"new"},"_links":{"self":[{"href":"https:\/\/yvesfouquet.com\/fr\/wp-json\/wp\/v2\/product\/19270"}],"collection":[{"href":"https:\/\/yvesfouquet.com\/fr\/wp-json\/wp\/v2\/product"}],"about":[{"href":"https:\/\/yvesfouquet.com\/fr\/wp-json\/wp\/v2\/types\/product"}],"version-history":[{"count":1,"href":"https:\/\/yvesfouquet.com\/fr\/wp-json\/wp\/v2\/product\/19270\/revisions"}],"predecessor-version":[{"id":19280,"href":"https:\/\/yvesfouquet.com\/fr\/wp-json\/wp\/v2\/product\/19270\/revisions\/19280"}],"wp:featuredmedia":[{"embeddable":true,"href":"https:\/\/yvesfouquet.com\/fr\/wp-json\/wp\/v2\/media\/15706"}],"wp:attachment":[{"href":"https:\/\/yvesfouquet.com\/fr\/wp-json\/wp\/v2\/media?parent=19270"}],"wp:term":[{"taxonomy":"product_cat","embeddable":true,"href":"https:\/\/yvesfouquet.com\/fr\/wp-json\/wp\/v2\/product_cat?post=19270"},{"taxonomy":"product_tag","embeddable":true,"href":"https:\/\/yvesfouquet.com\/fr\/wp-json\/wp\/v2\/product_tag?post=19270"}],"curies":[{"name":"wp","href":"https:\/\/api.w.org\/{rel}","templated":true}]}}