{"id":19464,"date":"2022-11-03T22:56:32","date_gmt":"2022-11-03T19:56:33","guid":{"rendered":"https:\/\/yvesfouquet.com\/?post_type=product&#038;p=19464"},"modified":"2023-01-19T14:10:46","modified_gmt":"2023-01-19T11:10:46","slug":"bureau-regency-kopirovat","status":"publish","type":"product","link":"https:\/\/yvesfouquet.com\/fr\/produit\/bureau-regency-kopirovat\/","title":{"rendered":"Bureau Regency"},"content":{"rendered":"<p>Un magnifique bureau de style Regency est id\u00e9al pour ceux qui aiment tout garder en place. Le bureau des antiquit\u00e9s est simplement jonch\u00e9 de tiroirs de toutes tailles. Un mod\u00e8le premium exclusif des ma\u00eetres de l\u2019usine de meubles Yves Fouquet d\u00e9corera votre bureau \u00e0 l\u2019ancienne.<\/p>\n<p>La table en bois vintage a l\u2019air tr\u00e8s lumineuse et authentique. Ses pieds incurv\u00e9s sont d\u00e9cor\u00e9s de magnifiques sculptures de plantes faites \u00e0 la main. Soulignant leur courbure, l\u2019\u00e9l\u00e9gante bordure de la vague s\u2019\u00e9coule vers la fa\u00e7ade, o\u00f9 se trouvent trois tiroirs. Dans la partie oppos\u00e9e de la table, il y a deux planches r\u00e9tractables.<\/p>\n<p>Le comptoir laqu\u00e9 est \u00e9quip\u00e9 d\u2019une grande superstructure, dont les c\u00f4t\u00e9s ont un d\u00e9cor sculpt\u00e9. Dans sa partie centrale, il y a une niche, sur ses c\u00f4t\u00e9s, il y a 4 tiroirs. Une telle conception originale du bureau vous permettra de placer facilement des papiers, de la papeterie et des gadgets modernes.<\/p>\n<p>Une table vintage dans le style old Fran\u00e7ais est assembl\u00e9e sur commande selon les technologies de mobilier traditionnelles des si\u00e8cles pass\u00e9s. Les artisans utilisent des clous en bois, des raccords \u00e0 rainures \u00e0 pointes et \u00e0 queue d\u2019aronde. Souligne le chic aristocratique de l\u2019\u00e9lite mod\u00e8le Fran\u00e7ais raccords. La saveur unique de l\u2019antiquit\u00e9 est cr\u00e9\u00e9e par les effets originaux du vieillissement.<\/p>\n","protected":false},"excerpt":{"rendered":"<p><strong>Dimensions:<\/strong> <span class=\"s1\">W1700 * H780 * D900; Superstructure: H220 * D350<\/span><\/p>\n<p><strong>Description :<\/strong> 3 tiroirs en bas, 2 planches coulissantes et 8 tiroirs en haut<\/p>\n","protected":false},"featured_media":21009,"template":"","meta":[],"product_cat":[177],"product_tag":[],"yoast_head":"<!-- This site is optimized with the Yoast SEO Premium plugin v20.7 (Yoast SEO v20.8) - https:\/\/yoast.com\/wordpress\/plugins\/seo\/ -->\n<title>La table de bureau est en bois naturel dans l\u2019ancien style - Yves Fouquet<\/title>\n<meta name=\"description\" content=\"Meubles d\u2019\u00e9lite fabriqu\u00e9s \u00e0 la main sur commande en Ukraine. Achetez un bureau en bois pour les antiquit\u00e9s. Fran\u00e7ais des accessoires en bronze, un d\u00e9cor sculpt\u00e9, un design exclusif. Usine de meubles de production Yves Fouquet\" \/>\n<meta name=\"robots\" content=\"index, follow, max-snippet:-1, max-image-preview:large, max-video-preview:-1\" \/>\n<link rel=\"canonical\" href=\"https:\/\/yvesfouquet.com\/fr\/produit\/bureau-regency-kopirovat\/\" \/>\n<meta property=\"og:locale\" content=\"fr_FR\" \/>\n<meta property=\"og:type\" content=\"article\" \/>\n<meta property=\"og:title\" content=\"Bureau Regency\" \/>\n<meta property=\"og:description\" content=\"Meubles d\u2019\u00e9lite fabriqu\u00e9s \u00e0 la main sur commande en Ukraine. Achetez un bureau en bois pour les antiquit\u00e9s. Fran\u00e7ais des accessoires en bronze, un d\u00e9cor sculpt\u00e9, un design exclusif. Usine de meubles de production Yves Fouquet\" \/>\n<meta property=\"og:url\" content=\"https:\/\/yvesfouquet.com\/fr\/produit\/bureau-regency-kopirovat\/\" \/>\n<meta property=\"og:site_name\" content=\"Yves Fouquet\" \/>\n<meta property=\"article:publisher\" content=\"https:\/\/www.facebook.com\/boutiueyvesfouquet\" \/>\n<meta property=\"article:modified_time\" content=\"2023-01-19T11:10:46+00:00\" \/>\n<meta property=\"og:image\" content=\"https:\/\/yvesfouquet.com\/wp-content\/uploads\/2022\/11\/br134p.png\" \/>\n\t<meta property=\"og:image:width\" content=\"671\" \/>\n\t<meta property=\"og:image:height\" content=\"372\" \/>\n\t<meta property=\"og:image:type\" content=\"image\/png\" \/>\n<meta name=\"twitter:card\" content=\"summary_large_image\" \/>\n<meta name=\"twitter:label1\" content=\"Prix\" \/>\n\t<meta name=\"twitter:data1\" content=\"\" \/>\n\t<meta name=\"twitter:label2\" content=\"Disponibilit\u00e9\" \/>\n\t<meta name=\"twitter:data2\" content=\"En stock\" \/>\n<script type=\"application\/ld+json\" class=\"yoast-schema-graph\">{\"@context\":\"https:\/\/schema.org\",\"@graph\":[{\"@type\":[\"WebPage\",\"ItemPage\"],\"@id\":\"https:\/\/yvesfouquet.com\/fr\/produit\/bureau-regency-kopirovat\/\",\"url\":\"https:\/\/yvesfouquet.com\/fr\/produit\/bureau-regency-kopirovat\/\",\"name\":\"La table de bureau est en bois naturel dans l\u2019ancien style - Yves Fouquet\",\"isPartOf\":{\"@id\":\"https:\/\/yvesfouquet.com\/#website\"},\"datePublished\":\"2022-11-03T19:56:33+00:00\",\"dateModified\":\"2023-01-19T11:10:46+00:00\",\"description\":\"Meubles d\u2019\u00e9lite fabriqu\u00e9s \u00e0 la main sur commande en Ukraine. Achetez un bureau en bois pour les antiquit\u00e9s. Fran\u00e7ais des accessoires en bronze, un d\u00e9cor sculpt\u00e9, un design exclusif. Usine de meubles de production Yves Fouquet\",\"breadcrumb\":{\"@id\":\"https:\/\/yvesfouquet.com\/fr\/produit\/bureau-regency-kopirovat\/#breadcrumb\"},\"inLanguage\":\"fr-FR\",\"potentialAction\":[{\"@type\":\"ReadAction\",\"target\":[\"https:\/\/yvesfouquet.com\/fr\/produit\/bureau-regency-kopirovat\/\"]}]},{\"@type\":\"BreadcrumbList\",\"@id\":\"https:\/\/yvesfouquet.com\/fr\/produit\/bureau-regency-kopirovat\/#breadcrumb\",\"itemListElement\":[{\"@type\":\"ListItem\",\"position\":1,\"name\":\"\u0413\u043b\u0430\u0432\u043d\u0430\u044f\",\"item\":\"https:\/\/yvesfouquet.com\/fr\/\"},{\"@type\":\"ListItem\",\"position\":2,\"name\":\"Collections\",\"item\":\"https:\/\/yvesfouquet.com\/fr\/collections\/\"},{\"@type\":\"ListItem\",\"position\":3,\"name\":\"Bureau Regency\"}]},{\"@type\":\"WebSite\",\"@id\":\"https:\/\/yvesfouquet.com\/#website\",\"url\":\"https:\/\/yvesfouquet.com\/\",\"name\":\"Yves Fouquet\",\"description\":\"\u0424\u0440\u0430\u043d\u0446\u0443\u0437\u0441\u043a\u0430\u044f \u043c\u0435\u0431\u0435\u043b\u044c\",\"potentialAction\":[{\"@type\":\"SearchAction\",\"target\":{\"@type\":\"EntryPoint\",\"urlTemplate\":\"https:\/\/yvesfouquet.com\/?s={search_term_string}\"},\"query-input\":\"required name=search_term_string\"}],\"inLanguage\":\"fr-FR\"}]}<\/script>\n<meta property=\"product:price:amount\" content=\"0\" \/>\n<meta property=\"product:price:currency\" content=\"EUR\" \/>\n<meta property=\"og:availability\" content=\"instock\" \/>\n<meta property=\"product:availability\" content=\"instock\" \/>\n<meta property=\"product:retailer_item_id\" content=\"BR134p\" \/>\n<meta property=\"product:condition\" content=\"new\" \/>\n<!-- \/ Yoast SEO Premium plugin. -->","yoast_head_json":{"title":"La table de bureau est en bois naturel dans l\u2019ancien style - Yves Fouquet","description":"Meubles d\u2019\u00e9lite fabriqu\u00e9s \u00e0 la main sur commande en Ukraine. Achetez un bureau en bois pour les antiquit\u00e9s. Fran\u00e7ais des accessoires en bronze, un d\u00e9cor sculpt\u00e9, un design exclusif. Usine de meubles de production Yves Fouquet","robots":{"index":"index","follow":"follow","max-snippet":"max-snippet:-1","max-image-preview":"max-image-preview:large","max-video-preview":"max-video-preview:-1"},"canonical":"https:\/\/yvesfouquet.com\/fr\/produit\/bureau-regency-kopirovat\/","og_locale":"fr_FR","og_type":"article","og_title":"Bureau Regency","og_description":"Meubles d\u2019\u00e9lite fabriqu\u00e9s \u00e0 la main sur commande en Ukraine. Achetez un bureau en bois pour les antiquit\u00e9s. Fran\u00e7ais des accessoires en bronze, un d\u00e9cor sculpt\u00e9, un design exclusif. Usine de meubles de production Yves Fouquet","og_url":"https:\/\/yvesfouquet.com\/fr\/produit\/bureau-regency-kopirovat\/","og_site_name":"Yves Fouquet","article_publisher":"https:\/\/www.facebook.com\/boutiueyvesfouquet","article_modified_time":"2023-01-19T11:10:46+00:00","og_image":[{"width":671,"height":372,"url":"https:\/\/yvesfouquet.com\/wp-content\/uploads\/2022\/11\/br134p.png","type":"image\/png"}],"twitter_card":"summary_large_image","twitter_misc":{"Prix":"","Disponibilit\u00e9":"En stock"},"schema":{"@context":"https:\/\/schema.org","@graph":[{"@type":["WebPage","ItemPage"],"@id":"https:\/\/yvesfouquet.com\/fr\/produit\/bureau-regency-kopirovat\/","url":"https:\/\/yvesfouquet.com\/fr\/produit\/bureau-regency-kopirovat\/","name":"La table de bureau est en bois naturel dans l\u2019ancien style - Yves Fouquet","isPartOf":{"@id":"https:\/\/yvesfouquet.com\/#website"},"datePublished":"2022-11-03T19:56:33+00:00","dateModified":"2023-01-19T11:10:46+00:00","description":"Meubles d\u2019\u00e9lite fabriqu\u00e9s \u00e0 la main sur commande en Ukraine. Achetez un bureau en bois pour les antiquit\u00e9s. Fran\u00e7ais des accessoires en bronze, un d\u00e9cor sculpt\u00e9, un design exclusif. Usine de meubles de production Yves Fouquet","breadcrumb":{"@id":"https:\/\/yvesfouquet.com\/fr\/produit\/bureau-regency-kopirovat\/#breadcrumb"},"inLanguage":"fr-FR","potentialAction":[{"@type":"ReadAction","target":["https:\/\/yvesfouquet.com\/fr\/produit\/bureau-regency-kopirovat\/"]}]},{"@type":"BreadcrumbList","@id":"https:\/\/yvesfouquet.com\/fr\/produit\/bureau-regency-kopirovat\/#breadcrumb","itemListElement":[{"@type":"ListItem","position":1,"name":"\u0413\u043b\u0430\u0432\u043d\u0430\u044f","item":"https:\/\/yvesfouquet.com\/fr\/"},{"@type":"ListItem","position":2,"name":"Collections","item":"https:\/\/yvesfouquet.com\/fr\/collections\/"},{"@type":"ListItem","position":3,"name":"Bureau Regency"}]},{"@type":"WebSite","@id":"https:\/\/yvesfouquet.com\/#website","url":"https:\/\/yvesfouquet.com\/","name":"Yves Fouquet","description":"\u0424\u0440\u0430\u043d\u0446\u0443\u0437\u0441\u043a\u0430\u044f \u043c\u0435\u0431\u0435\u043b\u044c","potentialAction":[{"@type":"SearchAction","target":{"@type":"EntryPoint","urlTemplate":"https:\/\/yvesfouquet.com\/?s={search_term_string}"},"query-input":"required name=search_term_string"}],"inLanguage":"fr-FR"}]},"product_price_currency":"EUR","og_availability":"instock","product_availability":"instock","product_retailer_item_id":"BR134p","product_condition":"new"},"_links":{"self":[{"href":"https:\/\/yvesfouquet.com\/fr\/wp-json\/wp\/v2\/product\/19464"}],"collection":[{"href":"https:\/\/yvesfouquet.com\/fr\/wp-json\/wp\/v2\/product"}],"about":[{"href":"https:\/\/yvesfouquet.com\/fr\/wp-json\/wp\/v2\/types\/product"}],"version-history":[{"count":1,"href":"https:\/\/yvesfouquet.com\/fr\/wp-json\/wp\/v2\/product\/19464\/revisions"}],"predecessor-version":[{"id":20614,"href":"https:\/\/yvesfouquet.com\/fr\/wp-json\/wp\/v2\/product\/19464\/revisions\/20614"}],"wp:featuredmedia":[{"embeddable":true,"href":"https:\/\/yvesfouquet.com\/fr\/wp-json\/wp\/v2\/media\/21009"}],"wp:attachment":[{"href":"https:\/\/yvesfouquet.com\/fr\/wp-json\/wp\/v2\/media?parent=19464"}],"wp:term":[{"taxonomy":"product_cat","embeddable":true,"href":"https:\/\/yvesfouquet.com\/fr\/wp-json\/wp\/v2\/product_cat?post=19464"},{"taxonomy":"product_tag","embeddable":true,"href":"https:\/\/yvesfouquet.com\/fr\/wp-json\/wp\/v2\/product_tag?post=19464"}],"curies":[{"name":"wp","href":"https:\/\/api.w.org\/{rel}","templated":true}]}}