{"id":19501,"date":"2022-11-08T16:11:12","date_gmt":"2022-11-08T13:11:13","guid":{"rendered":"https:\/\/yvesfouquet.com\/?post_type=product&#038;p=19501"},"modified":"2023-11-20T12:14:34","modified_gmt":"2023-11-20T09:14:34","slug":"repertoire-vitrine-vsm026","status":"publish","type":"product","link":"https:\/\/yvesfouquet.com\/fr\/produit\/repertoire-vitrine-vsm026\/","title":{"rendered":"R\u00e9pertoire Vitrine VSM026"},"content":{"rendered":"<p>Les meubles Yves Fouquet sont fabriqu\u00e9s \u00e0 partir de bois massif selon les anciennes technologies fran\u00e7aises traditionnelles. Toutes les pi\u00e8ces sont en bois massif sans \u00e9l\u00e9ments coll\u00e9s a\u00e9riens. Lors de l&rsquo;installation, des joints \u00e0 rainure et languette sont utilis\u00e9s, qui sont fix\u00e9s avec de vrais clous en bois. Tous les \u00e9l\u00e9ments sculpt\u00e9s sont fabriqu\u00e9s \u00e0 la main, les tiroirs sont assembl\u00e9s selon la m\u00e9thode de la queue d&rsquo;aronde et les meubles finis sont recouverts de cire naturelle.<\/p>\n","protected":false},"excerpt":{"rendered":"<p><strong>Dimensions:<\/strong> W650 x H1750 x D400<\/p>\n","protected":false},"featured_media":20171,"template":"","meta":[],"product_cat":[194],"product_tag":[],"yoast_head":"<!-- This site is optimized with the Yoast SEO Premium plugin v20.7 (Yoast SEO v20.8) - https:\/\/yoast.com\/wordpress\/plugins\/seo\/ -->\n<title>Miroir rond dans un cadre en bois avec d\u00e9cor - Yves Fouquet<\/title>\n<meta name=\"description\" content=\"Miroir int\u00e9rieur \u00e0 l\u2019ancienne. Cadre en bois naturel fait \u00e0 la main, Fran\u00e7ais raccords. Production de meubles d\u2019\u00e9lite sur commande dans l\u2019usine de meubles ukrainienne Yves Fouquet\" \/>\n<meta name=\"robots\" content=\"index, follow, max-snippet:-1, max-image-preview:large, max-video-preview:-1\" \/>\n<link rel=\"canonical\" href=\"https:\/\/yvesfouquet.com\/fr\/produit\/repertoire-vitrine-vsm026\/\" \/>\n<meta property=\"og:locale\" content=\"fr_FR\" \/>\n<meta property=\"og:type\" content=\"article\" \/>\n<meta property=\"og:title\" content=\"R\u00e9pertoire Vitrine VSM026\" \/>\n<meta property=\"og:description\" content=\"Miroir int\u00e9rieur \u00e0 l\u2019ancienne. Cadre en bois naturel fait \u00e0 la main, Fran\u00e7ais raccords. Production de meubles d\u2019\u00e9lite sur commande dans l\u2019usine de meubles ukrainienne Yves Fouquet\" \/>\n<meta property=\"og:url\" content=\"https:\/\/yvesfouquet.com\/fr\/produit\/repertoire-vitrine-vsm026\/\" \/>\n<meta property=\"og:site_name\" content=\"Yves Fouquet\" \/>\n<meta property=\"article:publisher\" content=\"https:\/\/www.facebook.com\/boutiueyvesfouquet\" \/>\n<meta property=\"article:modified_time\" content=\"2023-11-20T09:14:34+00:00\" \/>\n<meta property=\"og:image\" content=\"https:\/\/yvesfouquet.com\/wp-content\/uploads\/2022\/11\/My-project-1-kopyya-809x1024.png\" \/>\n\t<meta property=\"og:image:width\" content=\"809\" \/>\n\t<meta property=\"og:image:height\" content=\"1024\" \/>\n\t<meta property=\"og:image:type\" content=\"image\/png\" \/>\n<meta name=\"twitter:card\" content=\"summary_large_image\" \/>\n<meta name=\"twitter:label1\" content=\"Prix\" \/>\n\t<meta name=\"twitter:data1\" content=\"\" \/>\n\t<meta name=\"twitter:label2\" content=\"Disponibilit\u00e9\" \/>\n\t<meta name=\"twitter:data2\" content=\"En r\u00e9assort\" \/>\n<script type=\"application\/ld+json\" class=\"yoast-schema-graph\">{\"@context\":\"https:\/\/schema.org\",\"@graph\":[{\"@type\":[\"WebPage\",\"ItemPage\"],\"@id\":\"https:\/\/yvesfouquet.com\/fr\/produit\/repertoire-vitrine-vsm026\/\",\"url\":\"https:\/\/yvesfouquet.com\/fr\/produit\/repertoire-vitrine-vsm026\/\",\"name\":\"Miroir rond dans un cadre en bois avec d\u00e9cor - Yves Fouquet\",\"isPartOf\":{\"@id\":\"https:\/\/yvesfouquet.com\/#website\"},\"datePublished\":\"2022-11-08T13:11:13+00:00\",\"dateModified\":\"2023-11-20T09:14:34+00:00\",\"description\":\"Miroir int\u00e9rieur \u00e0 l\u2019ancienne. Cadre en bois naturel fait \u00e0 la main, Fran\u00e7ais raccords. Production de meubles d\u2019\u00e9lite sur commande dans l\u2019usine de meubles ukrainienne Yves Fouquet\",\"breadcrumb\":{\"@id\":\"https:\/\/yvesfouquet.com\/fr\/produit\/repertoire-vitrine-vsm026\/#breadcrumb\"},\"inLanguage\":\"fr-FR\",\"potentialAction\":[{\"@type\":\"ReadAction\",\"target\":[\"https:\/\/yvesfouquet.com\/fr\/produit\/repertoire-vitrine-vsm026\/\"]}]},{\"@type\":\"BreadcrumbList\",\"@id\":\"https:\/\/yvesfouquet.com\/fr\/produit\/repertoire-vitrine-vsm026\/#breadcrumb\",\"itemListElement\":[{\"@type\":\"ListItem\",\"position\":1,\"name\":\"\u0413\u043b\u0430\u0432\u043d\u0430\u044f\",\"item\":\"https:\/\/yvesfouquet.com\/fr\/\"},{\"@type\":\"ListItem\",\"position\":2,\"name\":\"Collections\",\"item\":\"https:\/\/yvesfouquet.com\/fr\/collections\/\"},{\"@type\":\"ListItem\",\"position\":3,\"name\":\"R\u00e9pertoire Vitrine VSM026\"}]},{\"@type\":\"WebSite\",\"@id\":\"https:\/\/yvesfouquet.com\/#website\",\"url\":\"https:\/\/yvesfouquet.com\/\",\"name\":\"Yves Fouquet\",\"description\":\"\u0424\u0440\u0430\u043d\u0446\u0443\u0437\u0441\u043a\u0430\u044f \u043c\u0435\u0431\u0435\u043b\u044c\",\"potentialAction\":[{\"@type\":\"SearchAction\",\"target\":{\"@type\":\"EntryPoint\",\"urlTemplate\":\"https:\/\/yvesfouquet.com\/?s={search_term_string}\"},\"query-input\":\"required name=search_term_string\"}],\"inLanguage\":\"fr-FR\"}]}<\/script>\n<meta property=\"product:price:amount\" content=\"0\" \/>\n<meta property=\"product:price:currency\" content=\"EUR\" \/>\n<meta property=\"og:availability\" content=\"backorder\" \/>\n<meta property=\"product:availability\" content=\"available for order\" \/>\n<meta property=\"product:retailer_item_id\" content=\"VSM026p\" \/>\n<meta property=\"product:condition\" content=\"new\" \/>\n<!-- \/ Yoast SEO Premium plugin. -->","yoast_head_json":{"title":"Miroir rond dans un cadre en bois avec d\u00e9cor - Yves Fouquet","description":"Miroir int\u00e9rieur \u00e0 l\u2019ancienne. Cadre en bois naturel fait \u00e0 la main, Fran\u00e7ais raccords. Production de meubles d\u2019\u00e9lite sur commande dans l\u2019usine de meubles ukrainienne Yves Fouquet","robots":{"index":"index","follow":"follow","max-snippet":"max-snippet:-1","max-image-preview":"max-image-preview:large","max-video-preview":"max-video-preview:-1"},"canonical":"https:\/\/yvesfouquet.com\/fr\/produit\/repertoire-vitrine-vsm026\/","og_locale":"fr_FR","og_type":"article","og_title":"R\u00e9pertoire Vitrine VSM026","og_description":"Miroir int\u00e9rieur \u00e0 l\u2019ancienne. Cadre en bois naturel fait \u00e0 la main, Fran\u00e7ais raccords. Production de meubles d\u2019\u00e9lite sur commande dans l\u2019usine de meubles ukrainienne Yves Fouquet","og_url":"https:\/\/yvesfouquet.com\/fr\/produit\/repertoire-vitrine-vsm026\/","og_site_name":"Yves Fouquet","article_publisher":"https:\/\/www.facebook.com\/boutiueyvesfouquet","article_modified_time":"2023-11-20T09:14:34+00:00","og_image":[{"width":809,"height":1024,"url":"https:\/\/yvesfouquet.com\/wp-content\/uploads\/2022\/11\/My-project-1-kopyya-809x1024.png","type":"image\/png"}],"twitter_card":"summary_large_image","twitter_misc":{"Prix":"","Disponibilit\u00e9":"En r\u00e9assort"},"schema":{"@context":"https:\/\/schema.org","@graph":[{"@type":["WebPage","ItemPage"],"@id":"https:\/\/yvesfouquet.com\/fr\/produit\/repertoire-vitrine-vsm026\/","url":"https:\/\/yvesfouquet.com\/fr\/produit\/repertoire-vitrine-vsm026\/","name":"Miroir rond dans un cadre en bois avec d\u00e9cor - Yves Fouquet","isPartOf":{"@id":"https:\/\/yvesfouquet.com\/#website"},"datePublished":"2022-11-08T13:11:13+00:00","dateModified":"2023-11-20T09:14:34+00:00","description":"Miroir int\u00e9rieur \u00e0 l\u2019ancienne. Cadre en bois naturel fait \u00e0 la main, Fran\u00e7ais raccords. Production de meubles d\u2019\u00e9lite sur commande dans l\u2019usine de meubles ukrainienne Yves Fouquet","breadcrumb":{"@id":"https:\/\/yvesfouquet.com\/fr\/produit\/repertoire-vitrine-vsm026\/#breadcrumb"},"inLanguage":"fr-FR","potentialAction":[{"@type":"ReadAction","target":["https:\/\/yvesfouquet.com\/fr\/produit\/repertoire-vitrine-vsm026\/"]}]},{"@type":"BreadcrumbList","@id":"https:\/\/yvesfouquet.com\/fr\/produit\/repertoire-vitrine-vsm026\/#breadcrumb","itemListElement":[{"@type":"ListItem","position":1,"name":"\u0413\u043b\u0430\u0432\u043d\u0430\u044f","item":"https:\/\/yvesfouquet.com\/fr\/"},{"@type":"ListItem","position":2,"name":"Collections","item":"https:\/\/yvesfouquet.com\/fr\/collections\/"},{"@type":"ListItem","position":3,"name":"R\u00e9pertoire Vitrine VSM026"}]},{"@type":"WebSite","@id":"https:\/\/yvesfouquet.com\/#website","url":"https:\/\/yvesfouquet.com\/","name":"Yves Fouquet","description":"\u0424\u0440\u0430\u043d\u0446\u0443\u0437\u0441\u043a\u0430\u044f \u043c\u0435\u0431\u0435\u043b\u044c","potentialAction":[{"@type":"SearchAction","target":{"@type":"EntryPoint","urlTemplate":"https:\/\/yvesfouquet.com\/?s={search_term_string}"},"query-input":"required name=search_term_string"}],"inLanguage":"fr-FR"}]},"product_price_currency":"EUR","og_availability":"backorder","product_availability":"available for order","product_retailer_item_id":"VSM026p","product_condition":"new"},"_links":{"self":[{"href":"https:\/\/yvesfouquet.com\/fr\/wp-json\/wp\/v2\/product\/19501"}],"collection":[{"href":"https:\/\/yvesfouquet.com\/fr\/wp-json\/wp\/v2\/product"}],"about":[{"href":"https:\/\/yvesfouquet.com\/fr\/wp-json\/wp\/v2\/types\/product"}],"version-history":[{"count":4,"href":"https:\/\/yvesfouquet.com\/fr\/wp-json\/wp\/v2\/product\/19501\/revisions"}],"predecessor-version":[{"id":20626,"href":"https:\/\/yvesfouquet.com\/fr\/wp-json\/wp\/v2\/product\/19501\/revisions\/20626"}],"wp:featuredmedia":[{"embeddable":true,"href":"https:\/\/yvesfouquet.com\/fr\/wp-json\/wp\/v2\/media\/20171"}],"wp:attachment":[{"href":"https:\/\/yvesfouquet.com\/fr\/wp-json\/wp\/v2\/media?parent=19501"}],"wp:term":[{"taxonomy":"product_cat","embeddable":true,"href":"https:\/\/yvesfouquet.com\/fr\/wp-json\/wp\/v2\/product_cat?post=19501"},{"taxonomy":"product_tag","embeddable":true,"href":"https:\/\/yvesfouquet.com\/fr\/wp-json\/wp\/v2\/product_tag?post=19501"}],"curies":[{"name":"wp","href":"https:\/\/api.w.org\/{rel}","templated":true}]}}