{"id":19588,"date":"2022-11-24T18:59:44","date_gmt":"2022-11-24T15:59:44","guid":{"rendered":"https:\/\/yvesfouquet.com\/?post_type=product&#038;p=19588"},"modified":"2023-03-27T12:59:44","modified_gmt":"2023-03-27T09:59:44","slug":"kopiya-kopiya-chaise-elegance-sh001-kopyrovat","status":"publish","type":"product","link":"https:\/\/yvesfouquet.com\/fr\/produit\/kopiya-kopiya-chaise-elegance-sh001-kopyrovat\/","title":{"rendered":"Chaise Elegance \u0421H001"},"content":{"rendered":"<p>Confortable et confortable, votre environnement fera des chaises en bois design dans le style Fran\u00e7ais ancien. Comme tous les meubles exclusifs produits par les ma\u00eetres de l\u2019usine Yves Fouquet, ils sont assembl\u00e9s \u00e0 la main selon les technologies des si\u00e8cles pass\u00e9s. Les techniques de vieillissement d\u00e9coratif donnent aux chaises une saveur vive, gr\u00e2ce \u00e0 laquelle un design int\u00e9rieur unique dans un style vintage est obtenu.<\/p>\n<p>La chaise Elegance sans accoudoirs est en h\u00eatre massif. Il a un si\u00e8ge rembourr\u00e9 haut et un dossier recouvert de tissu des deux c\u00f4t\u00e9s. Le cadre est ouvert avec du vernis, soulignant la chaleur et la texture naturelle du bois naturel. Comme d\u00e9cor, des rivets en laiton sont utilis\u00e9s &#8211; accessoires de Fran\u00e7ais production.<\/p>\n<p>Recouvertes de lignes g\u00e9om\u00e9triques de sculpture \u00e0 la main, les jambes ont une courbure qui leur donne une gr\u00e2ce modeste. Le dossier de la chaise, pour un plus grand confort d\u2019assise, est fait \u00e0 un l\u00e9ger angle et se dilate l\u00e9g\u00e8rement vers le haut. Il a \u00e9galement des lignes sculpt\u00e9es, qui dans la partie sup\u00e9rieure de chaque c\u00f4t\u00e9 se terminent par une boucle.<\/p>\n<p>Les \u00e9l\u00e9gantes chaises en bois sans accoudoirs sont id\u00e9ales pour la cuisine, le salon et le bureau. Ils sont beaux et pratiques dans l\u2019utilisation quotidienne. Pour s\u2019adapter parfaitement aux chaises design en bois \u00e0 l\u2019int\u00e9rieur, lors de la commande, vous pouvez changer leur rembourrage, leur couleur et leur d\u00e9cor.<\/p>\n","protected":false},"excerpt":{"rendered":"<p><strong>Dimensions:<\/strong> L45 x H93 x P42<\/p>\n<p><strong>Dossier<\/strong> et assise souples<\/p>\n<p>&nbsp;<\/p>\n","protected":false},"featured_media":21184,"template":"","meta":[],"product_cat":[188],"product_tag":[],"yoast_head":"<!-- This site is optimized with the Yoast SEO Premium plugin v20.7 (Yoast SEO v20.8) - https:\/\/yoast.com\/wordpress\/plugins\/seo\/ -->\n<title>Chaises en bois naturel faites \u00e0 - Yves Fouquet<\/title>\n<meta name=\"description\" content=\"Meubles Elite pour la maison \u00e0 commander. Chaises en h\u00eatre massif dans le style ancien dans le salon, cuisine, salle \u00e0 manger, bureau. Production de meubles dans l\u2019usine ukrainienne Yves Fouquet\" \/>\n<meta name=\"robots\" content=\"index, follow, max-snippet:-1, max-image-preview:large, max-video-preview:-1\" \/>\n<link rel=\"canonical\" href=\"https:\/\/yvesfouquet.com\/fr\/produit\/kopiya-kopiya-chaise-elegance-sh001-kopyrovat\/\" \/>\n<meta property=\"og:locale\" content=\"fr_FR\" \/>\n<meta property=\"og:type\" content=\"article\" \/>\n<meta property=\"og:title\" content=\"Chaise Elegance \u0421H001\" \/>\n<meta property=\"og:description\" content=\"Meubles Elite pour la maison \u00e0 commander. Chaises en h\u00eatre massif dans le style ancien dans le salon, cuisine, salle \u00e0 manger, bureau. Production de meubles dans l\u2019usine ukrainienne Yves Fouquet\" \/>\n<meta property=\"og:url\" content=\"https:\/\/yvesfouquet.com\/fr\/produit\/kopiya-kopiya-chaise-elegance-sh001-kopyrovat\/\" \/>\n<meta property=\"og:site_name\" content=\"Yves Fouquet\" \/>\n<meta property=\"article:publisher\" content=\"https:\/\/www.facebook.com\/boutiueyvesfouquet\" \/>\n<meta property=\"article:modified_time\" content=\"2023-03-27T09:59:44+00:00\" \/>\n<meta property=\"og:image\" content=\"https:\/\/yvesfouquet.com\/wp-content\/uploads\/2022\/11\/My-project-19-926x1024.png\" \/>\n\t<meta property=\"og:image:width\" content=\"926\" \/>\n\t<meta property=\"og:image:height\" content=\"1024\" \/>\n\t<meta property=\"og:image:type\" content=\"image\/png\" \/>\n<meta name=\"twitter:card\" content=\"summary_large_image\" \/>\n<meta name=\"twitter:label1\" content=\"Prix\" \/>\n\t<meta name=\"twitter:data1\" content=\"\" \/>\n\t<meta name=\"twitter:label2\" content=\"Disponibilit\u00e9\" \/>\n\t<meta name=\"twitter:data2\" content=\"En r\u00e9assort\" \/>\n<script type=\"application\/ld+json\" class=\"yoast-schema-graph\">{\"@context\":\"https:\/\/schema.org\",\"@graph\":[{\"@type\":[\"WebPage\",\"ItemPage\"],\"@id\":\"https:\/\/yvesfouquet.com\/fr\/produit\/kopiya-kopiya-chaise-elegance-sh001-kopyrovat\/\",\"url\":\"https:\/\/yvesfouquet.com\/fr\/produit\/kopiya-kopiya-chaise-elegance-sh001-kopyrovat\/\",\"name\":\"Chaises en bois naturel faites \u00e0 - Yves Fouquet\",\"isPartOf\":{\"@id\":\"https:\/\/yvesfouquet.com\/#website\"},\"datePublished\":\"2022-11-24T15:59:44+00:00\",\"dateModified\":\"2023-03-27T09:59:44+00:00\",\"description\":\"Meubles Elite pour la maison \u00e0 commander. Chaises en h\u00eatre massif dans le style ancien dans le salon, cuisine, salle \u00e0 manger, bureau. Production de meubles dans l\u2019usine ukrainienne Yves Fouquet\",\"breadcrumb\":{\"@id\":\"https:\/\/yvesfouquet.com\/fr\/produit\/kopiya-kopiya-chaise-elegance-sh001-kopyrovat\/#breadcrumb\"},\"inLanguage\":\"fr-FR\",\"potentialAction\":[{\"@type\":\"ReadAction\",\"target\":[\"https:\/\/yvesfouquet.com\/fr\/produit\/kopiya-kopiya-chaise-elegance-sh001-kopyrovat\/\"]}]},{\"@type\":\"BreadcrumbList\",\"@id\":\"https:\/\/yvesfouquet.com\/fr\/produit\/kopiya-kopiya-chaise-elegance-sh001-kopyrovat\/#breadcrumb\",\"itemListElement\":[{\"@type\":\"ListItem\",\"position\":1,\"name\":\"\u0413\u043b\u0430\u0432\u043d\u0430\u044f\",\"item\":\"https:\/\/yvesfouquet.com\/fr\/\"},{\"@type\":\"ListItem\",\"position\":2,\"name\":\"Collections\",\"item\":\"https:\/\/yvesfouquet.com\/fr\/collections\/\"},{\"@type\":\"ListItem\",\"position\":3,\"name\":\"Chaise Elegance \u0421H001\"}]},{\"@type\":\"WebSite\",\"@id\":\"https:\/\/yvesfouquet.com\/#website\",\"url\":\"https:\/\/yvesfouquet.com\/\",\"name\":\"Yves Fouquet\",\"description\":\"\u0424\u0440\u0430\u043d\u0446\u0443\u0437\u0441\u043a\u0430\u044f \u043c\u0435\u0431\u0435\u043b\u044c\",\"potentialAction\":[{\"@type\":\"SearchAction\",\"target\":{\"@type\":\"EntryPoint\",\"urlTemplate\":\"https:\/\/yvesfouquet.com\/?s={search_term_string}\"},\"query-input\":\"required name=search_term_string\"}],\"inLanguage\":\"fr-FR\"}]}<\/script>\n<meta property=\"product:price:amount\" content=\"0\" \/>\n<meta property=\"product:price:currency\" content=\"EUR\" \/>\n<meta property=\"og:availability\" content=\"backorder\" \/>\n<meta property=\"product:availability\" content=\"available for order\" \/>\n<meta property=\"product:retailer_item_id\" content=\"DIR\" \/>\n<meta property=\"product:condition\" content=\"new\" \/>\n<!-- \/ Yoast SEO Premium plugin. -->","yoast_head_json":{"title":"Chaises en bois naturel faites \u00e0 - Yves Fouquet","description":"Meubles Elite pour la maison \u00e0 commander. Chaises en h\u00eatre massif dans le style ancien dans le salon, cuisine, salle \u00e0 manger, bureau. Production de meubles dans l\u2019usine ukrainienne Yves Fouquet","robots":{"index":"index","follow":"follow","max-snippet":"max-snippet:-1","max-image-preview":"max-image-preview:large","max-video-preview":"max-video-preview:-1"},"canonical":"https:\/\/yvesfouquet.com\/fr\/produit\/kopiya-kopiya-chaise-elegance-sh001-kopyrovat\/","og_locale":"fr_FR","og_type":"article","og_title":"Chaise Elegance \u0421H001","og_description":"Meubles Elite pour la maison \u00e0 commander. Chaises en h\u00eatre massif dans le style ancien dans le salon, cuisine, salle \u00e0 manger, bureau. Production de meubles dans l\u2019usine ukrainienne Yves Fouquet","og_url":"https:\/\/yvesfouquet.com\/fr\/produit\/kopiya-kopiya-chaise-elegance-sh001-kopyrovat\/","og_site_name":"Yves Fouquet","article_publisher":"https:\/\/www.facebook.com\/boutiueyvesfouquet","article_modified_time":"2023-03-27T09:59:44+00:00","og_image":[{"width":926,"height":1024,"url":"https:\/\/yvesfouquet.com\/wp-content\/uploads\/2022\/11\/My-project-19-926x1024.png","type":"image\/png"}],"twitter_card":"summary_large_image","twitter_misc":{"Prix":"","Disponibilit\u00e9":"En r\u00e9assort"},"schema":{"@context":"https:\/\/schema.org","@graph":[{"@type":["WebPage","ItemPage"],"@id":"https:\/\/yvesfouquet.com\/fr\/produit\/kopiya-kopiya-chaise-elegance-sh001-kopyrovat\/","url":"https:\/\/yvesfouquet.com\/fr\/produit\/kopiya-kopiya-chaise-elegance-sh001-kopyrovat\/","name":"Chaises en bois naturel faites \u00e0 - Yves Fouquet","isPartOf":{"@id":"https:\/\/yvesfouquet.com\/#website"},"datePublished":"2022-11-24T15:59:44+00:00","dateModified":"2023-03-27T09:59:44+00:00","description":"Meubles Elite pour la maison \u00e0 commander. Chaises en h\u00eatre massif dans le style ancien dans le salon, cuisine, salle \u00e0 manger, bureau. Production de meubles dans l\u2019usine ukrainienne Yves Fouquet","breadcrumb":{"@id":"https:\/\/yvesfouquet.com\/fr\/produit\/kopiya-kopiya-chaise-elegance-sh001-kopyrovat\/#breadcrumb"},"inLanguage":"fr-FR","potentialAction":[{"@type":"ReadAction","target":["https:\/\/yvesfouquet.com\/fr\/produit\/kopiya-kopiya-chaise-elegance-sh001-kopyrovat\/"]}]},{"@type":"BreadcrumbList","@id":"https:\/\/yvesfouquet.com\/fr\/produit\/kopiya-kopiya-chaise-elegance-sh001-kopyrovat\/#breadcrumb","itemListElement":[{"@type":"ListItem","position":1,"name":"\u0413\u043b\u0430\u0432\u043d\u0430\u044f","item":"https:\/\/yvesfouquet.com\/fr\/"},{"@type":"ListItem","position":2,"name":"Collections","item":"https:\/\/yvesfouquet.com\/fr\/collections\/"},{"@type":"ListItem","position":3,"name":"Chaise Elegance \u0421H001"}]},{"@type":"WebSite","@id":"https:\/\/yvesfouquet.com\/#website","url":"https:\/\/yvesfouquet.com\/","name":"Yves Fouquet","description":"\u0424\u0440\u0430\u043d\u0446\u0443\u0437\u0441\u043a\u0430\u044f \u043c\u0435\u0431\u0435\u043b\u044c","potentialAction":[{"@type":"SearchAction","target":{"@type":"EntryPoint","urlTemplate":"https:\/\/yvesfouquet.com\/?s={search_term_string}"},"query-input":"required name=search_term_string"}],"inLanguage":"fr-FR"}]},"product_price_currency":"EUR","og_availability":"backorder","product_availability":"available for order","product_retailer_item_id":"DIR","product_condition":"new"},"_links":{"self":[{"href":"https:\/\/yvesfouquet.com\/fr\/wp-json\/wp\/v2\/product\/19588"}],"collection":[{"href":"https:\/\/yvesfouquet.com\/fr\/wp-json\/wp\/v2\/product"}],"about":[{"href":"https:\/\/yvesfouquet.com\/fr\/wp-json\/wp\/v2\/types\/product"}],"version-history":[{"count":2,"href":"https:\/\/yvesfouquet.com\/fr\/wp-json\/wp\/v2\/product\/19588\/revisions"}],"predecessor-version":[{"id":21536,"href":"https:\/\/yvesfouquet.com\/fr\/wp-json\/wp\/v2\/product\/19588\/revisions\/21536"}],"wp:featuredmedia":[{"embeddable":true,"href":"https:\/\/yvesfouquet.com\/fr\/wp-json\/wp\/v2\/media\/21184"}],"wp:attachment":[{"href":"https:\/\/yvesfouquet.com\/fr\/wp-json\/wp\/v2\/media?parent=19588"}],"wp:term":[{"taxonomy":"product_cat","embeddable":true,"href":"https:\/\/yvesfouquet.com\/fr\/wp-json\/wp\/v2\/product_cat?post=19588"},{"taxonomy":"product_tag","embeddable":true,"href":"https:\/\/yvesfouquet.com\/fr\/wp-json\/wp\/v2\/product_tag?post=19588"}],"curies":[{"name":"wp","href":"https:\/\/api.w.org\/{rel}","templated":true}]}}