{"id":19614,"date":"2022-11-24T19:47:15","date_gmt":"2022-11-24T16:47:16","guid":{"rendered":"https:\/\/yvesfouquet.com\/?post_type=product&#038;p=19614"},"modified":"2023-01-19T13:25:44","modified_gmt":"2023-01-19T10:25:44","slug":"kopiya-fauteuil-louis-xv-fs001","status":"publish","type":"product","link":"https:\/\/yvesfouquet.com\/fr\/produit\/kopiya-fauteuil-louis-xv-fs001\/","title":{"rendered":"Fauteuil Louis XV FS001"},"content":{"rendered":"<p>Un luxueux fauteuil en bois dans le style Louis XV sera une grande d\u00e9coration de votre int\u00e9rieur. Cr\u00e9\u00e9 par les talentueux ma\u00eetres de la manufacture ukrainienne Yves Fouquet, un chef-d\u2019\u0153uvre antique cr\u00e9era une atmosph\u00e8re historique unique dans votre maison, rendra le design int\u00e9rieur lumineux et unique.<\/p>\n<p>Installer dans son salon quelques chaises Louis r\u00eave de presque tous les fans du si\u00e8cle des Lumi\u00e8res. Ce n\u2019est pas seulement de beaux meubles \u00e9l\u00e9gants, mais une \u0153uvre d\u2019art unique, dont chaque d\u00e9tail surprend et provoque des d\u00e9lices.<\/p>\n<p>Les pieds en bois gracieusement incurv\u00e9s, les balustrades et le dossier de la chaise sont recouverts de sculptures v\u00e9g\u00e9tales faites \u00e0 la main. Le centre de nombreuses boucles et courbes \u00e0 feuilles caduques sont les coquilles traditionnelles pour le d\u00e9cor de cette \u00e9poque. La beaut\u00e9 de la magnifique sculpture \u00e0 la main est soulign\u00e9e par le motif naturel des fibres de bois de noyer naturel avec des \u00e9l\u00e9ments de vieillissement.<\/p>\n<p>Un accent lumineux est le rembourrage de la chaise dans des tons blancs et bleus avec un grand motif floral. Il couvre le dossier, l\u2019assise et les accoudoirs. Le tissu est solidement attach\u00e9 au cadre avec une s\u00e9rie d\u2019\u0153illets en bronze.<\/p>\n<p>Les meubles d\u2019\u00e9lite en bois dans le style Fran\u00e7ais ancien sont fabriqu\u00e9s sur commande, il y a donc toujours la possibilit\u00e9 de faire vos propres ajustements personnels au mod\u00e8le.<\/p>\n","protected":false},"excerpt":{"rendered":"<p><strong>Dimensions:<\/strong> L 650 x H1050 \/ dossier x D600, hauteur \/ si\u00e8ge 600<\/p>\n<p><strong>Description:<\/strong> Sculpture \u00e0 la main, Noyer<\/p>\n","protected":false},"featured_media":20697,"template":"","meta":[],"product_cat":[188,150],"product_tag":[],"yoast_head":"<!-- This site is optimized with the Yoast SEO Premium plugin v20.7 (Yoast SEO v20.8) - https:\/\/yoast.com\/wordpress\/plugins\/seo\/ -->\n<title>Luxueux fauteuil en bois dans le style louis XV - Yves Fouquet<\/title>\n<meta name=\"description\" content=\"Meubles anciens exclusifs faits \u00e0 la main. Chaise int\u00e9rieure de l\u2019\u00e8re Louis \u00e0 commander pour acheter en Ukraine. Production de l\u2019usine de meubles Yves Fouquet\" \/>\n<meta name=\"robots\" content=\"index, follow, max-snippet:-1, max-image-preview:large, max-video-preview:-1\" \/>\n<link rel=\"canonical\" href=\"https:\/\/yvesfouquet.com\/fr\/produit\/kopiya-fauteuil-louis-xv-fs001\/\" \/>\n<meta property=\"og:locale\" content=\"fr_FR\" \/>\n<meta property=\"og:type\" content=\"article\" \/>\n<meta property=\"og:title\" content=\"Fauteuil Louis XV FS001\" \/>\n<meta property=\"og:description\" content=\"Meubles anciens exclusifs faits \u00e0 la main. Chaise int\u00e9rieure de l\u2019\u00e8re Louis \u00e0 commander pour acheter en Ukraine. Production de l\u2019usine de meubles Yves Fouquet\" \/>\n<meta property=\"og:url\" content=\"https:\/\/yvesfouquet.com\/fr\/produit\/kopiya-fauteuil-louis-xv-fs001\/\" \/>\n<meta property=\"og:site_name\" content=\"Yves Fouquet\" \/>\n<meta property=\"article:publisher\" content=\"https:\/\/www.facebook.com\/boutiueyvesfouquet\" \/>\n<meta property=\"article:modified_time\" content=\"2023-01-19T10:25:44+00:00\" \/>\n<meta property=\"og:image\" content=\"https:\/\/yvesfouquet.com\/wp-content\/uploads\/2022\/11\/My-project-3-768x1024.png\" \/>\n\t<meta property=\"og:image:width\" content=\"768\" \/>\n\t<meta property=\"og:image:height\" content=\"1024\" \/>\n\t<meta property=\"og:image:type\" content=\"image\/png\" \/>\n<meta name=\"twitter:card\" content=\"summary_large_image\" \/>\n<meta name=\"twitter:label1\" content=\"Prix\" \/>\n\t<meta name=\"twitter:data1\" content=\"\" \/>\n\t<meta name=\"twitter:label2\" content=\"Disponibilit\u00e9\" \/>\n\t<meta name=\"twitter:data2\" content=\"En stock\" \/>\n<script type=\"application\/ld+json\" class=\"yoast-schema-graph\">{\"@context\":\"https:\/\/schema.org\",\"@graph\":[{\"@type\":[\"WebPage\",\"ItemPage\"],\"@id\":\"https:\/\/yvesfouquet.com\/fr\/produit\/kopiya-fauteuil-louis-xv-fs001\/\",\"url\":\"https:\/\/yvesfouquet.com\/fr\/produit\/kopiya-fauteuil-louis-xv-fs001\/\",\"name\":\"Luxueux fauteuil en bois dans le style louis XV - Yves Fouquet\",\"isPartOf\":{\"@id\":\"https:\/\/yvesfouquet.com\/#website\"},\"datePublished\":\"2022-11-24T16:47:16+00:00\",\"dateModified\":\"2023-01-19T10:25:44+00:00\",\"description\":\"Meubles anciens exclusifs faits \u00e0 la main. Chaise int\u00e9rieure de l\u2019\u00e8re Louis \u00e0 commander pour acheter en Ukraine. Production de l\u2019usine de meubles Yves Fouquet\",\"breadcrumb\":{\"@id\":\"https:\/\/yvesfouquet.com\/fr\/produit\/kopiya-fauteuil-louis-xv-fs001\/#breadcrumb\"},\"inLanguage\":\"fr-FR\",\"potentialAction\":[{\"@type\":\"ReadAction\",\"target\":[\"https:\/\/yvesfouquet.com\/fr\/produit\/kopiya-fauteuil-louis-xv-fs001\/\"]}]},{\"@type\":\"BreadcrumbList\",\"@id\":\"https:\/\/yvesfouquet.com\/fr\/produit\/kopiya-fauteuil-louis-xv-fs001\/#breadcrumb\",\"itemListElement\":[{\"@type\":\"ListItem\",\"position\":1,\"name\":\"\u0413\u043b\u0430\u0432\u043d\u0430\u044f\",\"item\":\"https:\/\/yvesfouquet.com\/fr\/\"},{\"@type\":\"ListItem\",\"position\":2,\"name\":\"Collections\",\"item\":\"https:\/\/yvesfouquet.com\/fr\/collections\/\"},{\"@type\":\"ListItem\",\"position\":3,\"name\":\"Fauteuil Louis XV FS001\"}]},{\"@type\":\"WebSite\",\"@id\":\"https:\/\/yvesfouquet.com\/#website\",\"url\":\"https:\/\/yvesfouquet.com\/\",\"name\":\"Yves Fouquet\",\"description\":\"\u0424\u0440\u0430\u043d\u0446\u0443\u0437\u0441\u043a\u0430\u044f \u043c\u0435\u0431\u0435\u043b\u044c\",\"potentialAction\":[{\"@type\":\"SearchAction\",\"target\":{\"@type\":\"EntryPoint\",\"urlTemplate\":\"https:\/\/yvesfouquet.com\/?s={search_term_string}\"},\"query-input\":\"required name=search_term_string\"}],\"inLanguage\":\"fr-FR\"}]}<\/script>\n<meta property=\"product:price:amount\" content=\"0\" \/>\n<meta property=\"product:price:currency\" content=\"EUR\" \/>\n<meta property=\"og:availability\" content=\"instock\" \/>\n<meta property=\"product:availability\" content=\"instock\" \/>\n<meta property=\"product:retailer_item_id\" content=\"CHE003F\" \/>\n<meta property=\"product:condition\" content=\"new\" \/>\n<!-- \/ Yoast SEO Premium plugin. -->","yoast_head_json":{"title":"Luxueux fauteuil en bois dans le style louis XV - Yves Fouquet","description":"Meubles anciens exclusifs faits \u00e0 la main. Chaise int\u00e9rieure de l\u2019\u00e8re Louis \u00e0 commander pour acheter en Ukraine. Production de l\u2019usine de meubles Yves Fouquet","robots":{"index":"index","follow":"follow","max-snippet":"max-snippet:-1","max-image-preview":"max-image-preview:large","max-video-preview":"max-video-preview:-1"},"canonical":"https:\/\/yvesfouquet.com\/fr\/produit\/kopiya-fauteuil-louis-xv-fs001\/","og_locale":"fr_FR","og_type":"article","og_title":"Fauteuil Louis XV FS001","og_description":"Meubles anciens exclusifs faits \u00e0 la main. Chaise int\u00e9rieure de l\u2019\u00e8re Louis \u00e0 commander pour acheter en Ukraine. Production de l\u2019usine de meubles Yves Fouquet","og_url":"https:\/\/yvesfouquet.com\/fr\/produit\/kopiya-fauteuil-louis-xv-fs001\/","og_site_name":"Yves Fouquet","article_publisher":"https:\/\/www.facebook.com\/boutiueyvesfouquet","article_modified_time":"2023-01-19T10:25:44+00:00","og_image":[{"width":768,"height":1024,"url":"https:\/\/yvesfouquet.com\/wp-content\/uploads\/2022\/11\/My-project-3-768x1024.png","type":"image\/png"}],"twitter_card":"summary_large_image","twitter_misc":{"Prix":"","Disponibilit\u00e9":"En stock"},"schema":{"@context":"https:\/\/schema.org","@graph":[{"@type":["WebPage","ItemPage"],"@id":"https:\/\/yvesfouquet.com\/fr\/produit\/kopiya-fauteuil-louis-xv-fs001\/","url":"https:\/\/yvesfouquet.com\/fr\/produit\/kopiya-fauteuil-louis-xv-fs001\/","name":"Luxueux fauteuil en bois dans le style louis XV - Yves Fouquet","isPartOf":{"@id":"https:\/\/yvesfouquet.com\/#website"},"datePublished":"2022-11-24T16:47:16+00:00","dateModified":"2023-01-19T10:25:44+00:00","description":"Meubles anciens exclusifs faits \u00e0 la main. Chaise int\u00e9rieure de l\u2019\u00e8re Louis \u00e0 commander pour acheter en Ukraine. Production de l\u2019usine de meubles Yves Fouquet","breadcrumb":{"@id":"https:\/\/yvesfouquet.com\/fr\/produit\/kopiya-fauteuil-louis-xv-fs001\/#breadcrumb"},"inLanguage":"fr-FR","potentialAction":[{"@type":"ReadAction","target":["https:\/\/yvesfouquet.com\/fr\/produit\/kopiya-fauteuil-louis-xv-fs001\/"]}]},{"@type":"BreadcrumbList","@id":"https:\/\/yvesfouquet.com\/fr\/produit\/kopiya-fauteuil-louis-xv-fs001\/#breadcrumb","itemListElement":[{"@type":"ListItem","position":1,"name":"\u0413\u043b\u0430\u0432\u043d\u0430\u044f","item":"https:\/\/yvesfouquet.com\/fr\/"},{"@type":"ListItem","position":2,"name":"Collections","item":"https:\/\/yvesfouquet.com\/fr\/collections\/"},{"@type":"ListItem","position":3,"name":"Fauteuil Louis XV FS001"}]},{"@type":"WebSite","@id":"https:\/\/yvesfouquet.com\/#website","url":"https:\/\/yvesfouquet.com\/","name":"Yves Fouquet","description":"\u0424\u0440\u0430\u043d\u0446\u0443\u0437\u0441\u043a\u0430\u044f \u043c\u0435\u0431\u0435\u043b\u044c","potentialAction":[{"@type":"SearchAction","target":{"@type":"EntryPoint","urlTemplate":"https:\/\/yvesfouquet.com\/?s={search_term_string}"},"query-input":"required name=search_term_string"}],"inLanguage":"fr-FR"}]},"product_price_currency":"EUR","og_availability":"instock","product_availability":"instock","product_retailer_item_id":"CHE003F","product_condition":"new"},"_links":{"self":[{"href":"https:\/\/yvesfouquet.com\/fr\/wp-json\/wp\/v2\/product\/19614"}],"collection":[{"href":"https:\/\/yvesfouquet.com\/fr\/wp-json\/wp\/v2\/product"}],"about":[{"href":"https:\/\/yvesfouquet.com\/fr\/wp-json\/wp\/v2\/types\/product"}],"version-history":[{"count":1,"href":"https:\/\/yvesfouquet.com\/fr\/wp-json\/wp\/v2\/product\/19614\/revisions"}],"predecessor-version":[{"id":20570,"href":"https:\/\/yvesfouquet.com\/fr\/wp-json\/wp\/v2\/product\/19614\/revisions\/20570"}],"wp:featuredmedia":[{"embeddable":true,"href":"https:\/\/yvesfouquet.com\/fr\/wp-json\/wp\/v2\/media\/20697"}],"wp:attachment":[{"href":"https:\/\/yvesfouquet.com\/fr\/wp-json\/wp\/v2\/media?parent=19614"}],"wp:term":[{"taxonomy":"product_cat","embeddable":true,"href":"https:\/\/yvesfouquet.com\/fr\/wp-json\/wp\/v2\/product_cat?post=19614"},{"taxonomy":"product_tag","embeddable":true,"href":"https:\/\/yvesfouquet.com\/fr\/wp-json\/wp\/v2\/product_tag?post=19614"}],"curies":[{"name":"wp","href":"https:\/\/api.w.org\/{rel}","templated":true}]}}