{"id":19656,"date":"2022-11-24T21:32:12","date_gmt":"2022-11-24T18:32:12","guid":{"rendered":"https:\/\/yvesfouquet.com\/?post_type=product&#038;p=19656"},"modified":"2024-05-01T11:44:00","modified_gmt":"2024-05-01T08:44:00","slug":"kopiya-kopiya-kopiya-kopiya-commode-regence-cm116-kopyrovat","status":"publish","type":"product","link":"https:\/\/yvesfouquet.com\/fr\/produit\/kopiya-kopiya-kopiya-kopiya-commode-regence-cm116-kopyrovat\/","title":{"rendered":"Commode Regence CM116"},"content":{"rendered":"<p>Aristocratique chic et \u00e9l\u00e9gance combine dans son design une commode vintage dans le style de la R\u00e9gence par les ma\u00eetres de l\u2019usine ukrainienne Yves Fouquet. Magnifiques surprises faites \u00e0 la main par son authenticit\u00e9 et sa pleine conformit\u00e9 avec les tendances du mobilier de l\u2019\u00e9poque historique.<\/p>\n<p>Une commode \u00e9l\u00e9gante avec deux tiroirs s\u00e9par\u00e9s par une bande sont incurv\u00e9s le long de la fa\u00e7ade. Le mod\u00e8le est fabriqu\u00e9 dans une couleur noire stricte, dont l\u2019\u00e9l\u00e9gance est soulign\u00e9e par la dorure des lignes sculpt\u00e9es et des accessoires en bronze d\u2019\u00e9lite de Fran\u00e7ais production. Le comptoir laqu\u00e9 a un motif de parquet traditionnel pour les meubles anciens.<\/p>\n<p>Con\u00e7ue pour les antiquit\u00e9s, la commode en bois est satur\u00e9e d\u2019une saveur historique brillante. Une atmosph\u00e8re sp\u00e9ciale est obtenue en utilisant des technologies de meubles anciennes &#8211; connexions \u00e0 rainures \u00e0 pointes, queue d\u2019aronde, clous en bois.<\/p>\n<p>La commode classique est id\u00e9ale pour un salon vintage. Il peut \u00e9galement \u00eatre install\u00e9 dans la chambre \u00e0 coucher &#8211; c\u2019est un mobilier pratique pour la maison, ce qui est id\u00e9al pour ranger des choses.<\/p>\n<p>La commode de la matrice est assembl\u00e9e sur commande en fonction des tailles individuelles. \u00c0 votre go\u00fbt, vous pouvez changer sa couleur, son d\u00e9cor et ses accessoires. Les meubles vintage lumineux en bois naturel s\u2019int\u00e9greront parfaitement dans votre int\u00e9rieur design.<\/p>\n","protected":false},"excerpt":{"rendered":"<p><strong>Dimensions:<\/strong> L840 x H850 x P530<\/p>\n<p>Chest of drawers louis xv body bent vertically and horizontally. 2 massive black drawers. The lid has a natural cherry patina, the calivka on the lid is silver. Decorative fittings covered with silver bronze<\/p>\n","protected":false},"featured_media":20235,"template":"","meta":[],"product_cat":[158,150],"product_tag":[],"yoast_head":"<!-- This site is optimized with the Yoast SEO Premium plugin v20.7 (Yoast SEO v20.8) - https:\/\/yoast.com\/wordpress\/plugins\/seo\/ -->\n<title>Commode en bois avec deux - Yves Fouquet<\/title>\n<meta name=\"description\" content=\"Meubles d\u2019auteur en bois dans l\u2019ordre de montage manuel. Vintage Fran\u00e7ais style Regency, raccords d\u2019\u00e9lite, design exclusif, effets de vieillissement. Production de qualit\u00e9 d\u2019Yves Fouquet en Ukraine\" \/>\n<meta name=\"robots\" content=\"index, follow, max-snippet:-1, max-image-preview:large, max-video-preview:-1\" \/>\n<link rel=\"canonical\" href=\"https:\/\/yvesfouquet.com\/fr\/produit\/kopiya-kopiya-kopiya-kopiya-commode-regence-cm116-kopyrovat\/\" \/>\n<meta property=\"og:locale\" content=\"fr_FR\" \/>\n<meta property=\"og:type\" content=\"article\" \/>\n<meta property=\"og:title\" content=\"Commode Regence CM116\" \/>\n<meta property=\"og:description\" content=\"Meubles d\u2019auteur en bois dans l\u2019ordre de montage manuel. Vintage Fran\u00e7ais style Regency, raccords d\u2019\u00e9lite, design exclusif, effets de vieillissement. Production de qualit\u00e9 d\u2019Yves Fouquet en Ukraine\" \/>\n<meta property=\"og:url\" content=\"https:\/\/yvesfouquet.com\/fr\/produit\/kopiya-kopiya-kopiya-kopiya-commode-regence-cm116-kopyrovat\/\" \/>\n<meta property=\"og:site_name\" content=\"Yves Fouquet\" \/>\n<meta property=\"article:publisher\" content=\"https:\/\/www.facebook.com\/boutiueyvesfouquet\" \/>\n<meta property=\"article:modified_time\" content=\"2024-05-01T08:44:00+00:00\" \/>\n<meta property=\"og:image\" content=\"https:\/\/yvesfouquet.com\/wp-content\/uploads\/2022\/11\/My-project-4-1-957x1024.png\" \/>\n\t<meta property=\"og:image:width\" content=\"957\" \/>\n\t<meta property=\"og:image:height\" content=\"1024\" \/>\n\t<meta property=\"og:image:type\" content=\"image\/png\" \/>\n<meta name=\"twitter:card\" content=\"summary_large_image\" \/>\n<meta name=\"twitter:label1\" content=\"Prix\" \/>\n\t<meta name=\"twitter:data1\" content=\"\" \/>\n\t<meta name=\"twitter:label2\" content=\"Disponibilit\u00e9\" \/>\n\t<meta name=\"twitter:data2\" content=\"En stock\" \/>\n<script type=\"application\/ld+json\" class=\"yoast-schema-graph\">{\"@context\":\"https:\/\/schema.org\",\"@graph\":[{\"@type\":[\"WebPage\",\"ItemPage\"],\"@id\":\"https:\/\/yvesfouquet.com\/fr\/produit\/kopiya-kopiya-kopiya-kopiya-commode-regence-cm116-kopyrovat\/\",\"url\":\"https:\/\/yvesfouquet.com\/fr\/produit\/kopiya-kopiya-kopiya-kopiya-commode-regence-cm116-kopyrovat\/\",\"name\":\"Commode en bois avec deux - Yves Fouquet\",\"isPartOf\":{\"@id\":\"https:\/\/yvesfouquet.com\/#website\"},\"datePublished\":\"2022-11-24T18:32:12+00:00\",\"dateModified\":\"2024-05-01T08:44:00+00:00\",\"description\":\"Meubles d\u2019auteur en bois dans l\u2019ordre de montage manuel. Vintage Fran\u00e7ais style Regency, raccords d\u2019\u00e9lite, design exclusif, effets de vieillissement. Production de qualit\u00e9 d\u2019Yves Fouquet en Ukraine\",\"breadcrumb\":{\"@id\":\"https:\/\/yvesfouquet.com\/fr\/produit\/kopiya-kopiya-kopiya-kopiya-commode-regence-cm116-kopyrovat\/#breadcrumb\"},\"inLanguage\":\"fr-FR\",\"potentialAction\":[{\"@type\":\"ReadAction\",\"target\":[\"https:\/\/yvesfouquet.com\/fr\/produit\/kopiya-kopiya-kopiya-kopiya-commode-regence-cm116-kopyrovat\/\"]}]},{\"@type\":\"BreadcrumbList\",\"@id\":\"https:\/\/yvesfouquet.com\/fr\/produit\/kopiya-kopiya-kopiya-kopiya-commode-regence-cm116-kopyrovat\/#breadcrumb\",\"itemListElement\":[{\"@type\":\"ListItem\",\"position\":1,\"name\":\"\u0413\u043b\u0430\u0432\u043d\u0430\u044f\",\"item\":\"https:\/\/yvesfouquet.com\/fr\/\"},{\"@type\":\"ListItem\",\"position\":2,\"name\":\"Collections\",\"item\":\"https:\/\/yvesfouquet.com\/fr\/collections\/\"},{\"@type\":\"ListItem\",\"position\":3,\"name\":\"Commode Regence CM116\"}]},{\"@type\":\"WebSite\",\"@id\":\"https:\/\/yvesfouquet.com\/#website\",\"url\":\"https:\/\/yvesfouquet.com\/\",\"name\":\"Yves Fouquet\",\"description\":\"\u0424\u0440\u0430\u043d\u0446\u0443\u0437\u0441\u043a\u0430\u044f \u043c\u0435\u0431\u0435\u043b\u044c\",\"potentialAction\":[{\"@type\":\"SearchAction\",\"target\":{\"@type\":\"EntryPoint\",\"urlTemplate\":\"https:\/\/yvesfouquet.com\/?s={search_term_string}\"},\"query-input\":\"required name=search_term_string\"}],\"inLanguage\":\"fr-FR\"}]}<\/script>\n<meta property=\"product:price:amount\" content=\"0\" \/>\n<meta property=\"product:price:currency\" content=\"EUR\" \/>\n<meta property=\"og:availability\" content=\"instock\" \/>\n<meta property=\"product:availability\" content=\"instock\" \/>\n<meta property=\"product:retailer_item_id\" content=\"CM 112\" \/>\n<meta property=\"product:condition\" content=\"new\" \/>\n<!-- \/ Yoast SEO Premium plugin. -->","yoast_head_json":{"title":"Commode en bois avec deux - Yves Fouquet","description":"Meubles d\u2019auteur en bois dans l\u2019ordre de montage manuel. Vintage Fran\u00e7ais style Regency, raccords d\u2019\u00e9lite, design exclusif, effets de vieillissement. Production de qualit\u00e9 d\u2019Yves Fouquet en Ukraine","robots":{"index":"index","follow":"follow","max-snippet":"max-snippet:-1","max-image-preview":"max-image-preview:large","max-video-preview":"max-video-preview:-1"},"canonical":"https:\/\/yvesfouquet.com\/fr\/produit\/kopiya-kopiya-kopiya-kopiya-commode-regence-cm116-kopyrovat\/","og_locale":"fr_FR","og_type":"article","og_title":"Commode Regence CM116","og_description":"Meubles d\u2019auteur en bois dans l\u2019ordre de montage manuel. Vintage Fran\u00e7ais style Regency, raccords d\u2019\u00e9lite, design exclusif, effets de vieillissement. Production de qualit\u00e9 d\u2019Yves Fouquet en Ukraine","og_url":"https:\/\/yvesfouquet.com\/fr\/produit\/kopiya-kopiya-kopiya-kopiya-commode-regence-cm116-kopyrovat\/","og_site_name":"Yves Fouquet","article_publisher":"https:\/\/www.facebook.com\/boutiueyvesfouquet","article_modified_time":"2024-05-01T08:44:00+00:00","og_image":[{"width":957,"height":1024,"url":"https:\/\/yvesfouquet.com\/wp-content\/uploads\/2022\/11\/My-project-4-1-957x1024.png","type":"image\/png"}],"twitter_card":"summary_large_image","twitter_misc":{"Prix":"","Disponibilit\u00e9":"En stock"},"schema":{"@context":"https:\/\/schema.org","@graph":[{"@type":["WebPage","ItemPage"],"@id":"https:\/\/yvesfouquet.com\/fr\/produit\/kopiya-kopiya-kopiya-kopiya-commode-regence-cm116-kopyrovat\/","url":"https:\/\/yvesfouquet.com\/fr\/produit\/kopiya-kopiya-kopiya-kopiya-commode-regence-cm116-kopyrovat\/","name":"Commode en bois avec deux - Yves Fouquet","isPartOf":{"@id":"https:\/\/yvesfouquet.com\/#website"},"datePublished":"2022-11-24T18:32:12+00:00","dateModified":"2024-05-01T08:44:00+00:00","description":"Meubles d\u2019auteur en bois dans l\u2019ordre de montage manuel. Vintage Fran\u00e7ais style Regency, raccords d\u2019\u00e9lite, design exclusif, effets de vieillissement. Production de qualit\u00e9 d\u2019Yves Fouquet en Ukraine","breadcrumb":{"@id":"https:\/\/yvesfouquet.com\/fr\/produit\/kopiya-kopiya-kopiya-kopiya-commode-regence-cm116-kopyrovat\/#breadcrumb"},"inLanguage":"fr-FR","potentialAction":[{"@type":"ReadAction","target":["https:\/\/yvesfouquet.com\/fr\/produit\/kopiya-kopiya-kopiya-kopiya-commode-regence-cm116-kopyrovat\/"]}]},{"@type":"BreadcrumbList","@id":"https:\/\/yvesfouquet.com\/fr\/produit\/kopiya-kopiya-kopiya-kopiya-commode-regence-cm116-kopyrovat\/#breadcrumb","itemListElement":[{"@type":"ListItem","position":1,"name":"\u0413\u043b\u0430\u0432\u043d\u0430\u044f","item":"https:\/\/yvesfouquet.com\/fr\/"},{"@type":"ListItem","position":2,"name":"Collections","item":"https:\/\/yvesfouquet.com\/fr\/collections\/"},{"@type":"ListItem","position":3,"name":"Commode Regence CM116"}]},{"@type":"WebSite","@id":"https:\/\/yvesfouquet.com\/#website","url":"https:\/\/yvesfouquet.com\/","name":"Yves Fouquet","description":"\u0424\u0440\u0430\u043d\u0446\u0443\u0437\u0441\u043a\u0430\u044f \u043c\u0435\u0431\u0435\u043b\u044c","potentialAction":[{"@type":"SearchAction","target":{"@type":"EntryPoint","urlTemplate":"https:\/\/yvesfouquet.com\/?s={search_term_string}"},"query-input":"required name=search_term_string"}],"inLanguage":"fr-FR"}]},"product_price_currency":"EUR","og_availability":"instock","product_availability":"instock","product_retailer_item_id":"CM 112","product_condition":"new"},"_links":{"self":[{"href":"https:\/\/yvesfouquet.com\/fr\/wp-json\/wp\/v2\/product\/19656"}],"collection":[{"href":"https:\/\/yvesfouquet.com\/fr\/wp-json\/wp\/v2\/product"}],"about":[{"href":"https:\/\/yvesfouquet.com\/fr\/wp-json\/wp\/v2\/types\/product"}],"version-history":[{"count":3,"href":"https:\/\/yvesfouquet.com\/fr\/wp-json\/wp\/v2\/product\/19656\/revisions"}],"predecessor-version":[{"id":24696,"href":"https:\/\/yvesfouquet.com\/fr\/wp-json\/wp\/v2\/product\/19656\/revisions\/24696"}],"wp:featuredmedia":[{"embeddable":true,"href":"https:\/\/yvesfouquet.com\/fr\/wp-json\/wp\/v2\/media\/20235"}],"wp:attachment":[{"href":"https:\/\/yvesfouquet.com\/fr\/wp-json\/wp\/v2\/media?parent=19656"}],"wp:term":[{"taxonomy":"product_cat","embeddable":true,"href":"https:\/\/yvesfouquet.com\/fr\/wp-json\/wp\/v2\/product_cat?post=19656"},{"taxonomy":"product_tag","embeddable":true,"href":"https:\/\/yvesfouquet.com\/fr\/wp-json\/wp\/v2\/product_tag?post=19656"}],"curies":[{"name":"wp","href":"https:\/\/api.w.org\/{rel}","templated":true}]}}