{"id":21289,"date":"2023-03-23T15:19:49","date_gmt":"2023-03-23T12:23:09","guid":{"rendered":"https:\/\/yvesfouquet.com\/?post_type=product&#038;p=21289"},"modified":"2023-03-23T15:23:09","modified_gmt":"2023-03-23T12:23:09","slug":"table-regence-bc003p","status":"publish","type":"product","link":"https:\/\/yvesfouquet.com\/fr\/produit\/table-regence-bc003p\/","title":{"rendered":"Table Regence BC003P"},"content":{"rendered":"<p>Une autre magnifique table basse antique dans le style de la R\u00e9gence est pr\u00e9sent\u00e9e par les ma\u00eetres de la manufacture de meubles ukrainienne Yves Fouquet. Il aura fi\u00e8re allure dans le couloir, confortablement plac\u00e9 pr\u00e8s du lit dans la chambre \u00e0 coucher, ou compl\u00e9tera pratiquement la situation du bureau.<\/p>\n<p>Fabriqu\u00e9e en bois naturel, la table laqu\u00e9e vintage est enti\u00e8rement fabriqu\u00e9e \u00e0 la main selon les technologies anciennes. Comme autrefois, des clous en bois \u00e9taient utilis\u00e9s lors de l\u2019assemblage, ce que vous pouvez facilement remarquer sur les extr\u00e9mit\u00e9s sculpt\u00e9es \u00e0 la main. Un tiroir spacieux avec une poign\u00e9e simple est assembl\u00e9 en utilisant la technique de la queue d\u2019aronde.<\/p>\n<p>La solidit\u00e9 d\u2019une petite table en bois est indiqu\u00e9e par un comptoir modeste, mais pas d\u00e9pourvu d\u2019originalit\u00e9. Son espace utile est facilement augment\u00e9 \u00e0 l\u2019aide d\u2019\u00e9tag\u00e8res r\u00e9tractables situ\u00e9es sur les c\u00f4t\u00e9s.<\/p>\n<p>Le design \u00e9pur\u00e9 des pieds torsad\u00e9s est accentu\u00e9 par les lignes flexibles des flancs sculpt\u00e9s. Un charme particulier de la table vintage en bois massif est \u00e9galement donn\u00e9 par les techniques de vieillissement faites \u00e0 la main. De petites traces de rayures, de bosses claires, d\u2019assombrissement et d\u2019\u00e9raflures imitent avec succ\u00e8s de nombreuses ann\u00e9es d\u2019utilisation.<\/p>\n<p>Tous les meubles dans le style Fran\u00e7ais ancien sont fabriqu\u00e9s sur commande, de sorte que vous pouvez toujours apporter les modifications n\u00e9cessaires \u00e0 leur conception.<\/p>\n","protected":false},"excerpt":{"rendered":"<p><strong>Dimensions:<\/strong> L700 x H410 x P700<\/p>\n<p><strong> 1 tiroir, 2 planches r\u00e9tractables<\/strong><\/p>\n","protected":false},"featured_media":21271,"template":"","meta":[],"product_cat":[165],"product_tag":[],"yoast_head":"<!-- This site is optimized with the Yoast SEO Premium plugin v20.7 (Yoast SEO v20.8) - https:\/\/yoast.com\/wordpress\/plugins\/seo\/ -->\n<title>Table Regence BC003P - Yves Fouquet<\/title>\n<meta name=\"robots\" content=\"index, follow, max-snippet:-1, max-image-preview:large, max-video-preview:-1\" \/>\n<link rel=\"canonical\" href=\"https:\/\/yvesfouquet.com\/fr\/produit\/table-regence-bc003p\/\" \/>\n<meta property=\"og:locale\" content=\"fr_FR\" \/>\n<meta property=\"og:type\" content=\"article\" \/>\n<meta property=\"og:title\" content=\"Table Regence BC003P\" \/>\n<meta property=\"og:description\" content=\"Dimensions: L700 x H410 x P700   1 tiroir, 2 planches r\u00e9tractables\" \/>\n<meta property=\"og:url\" content=\"https:\/\/yvesfouquet.com\/fr\/produit\/table-regence-bc003p\/\" \/>\n<meta property=\"og:site_name\" content=\"Yves Fouquet\" \/>\n<meta property=\"article:publisher\" content=\"https:\/\/www.facebook.com\/boutiueyvesfouquet\" \/>\n<meta property=\"og:image\" content=\"https:\/\/yvesfouquet.com\/wp-content\/uploads\/2020\/10\/My-project-1-11-1024x887.png\" \/>\n\t<meta property=\"og:image:width\" content=\"1024\" \/>\n\t<meta property=\"og:image:height\" content=\"887\" \/>\n\t<meta property=\"og:image:type\" content=\"image\/png\" \/>\n<meta name=\"twitter:card\" content=\"summary_large_image\" \/>\n<meta name=\"twitter:label1\" content=\"Prix\" \/>\n\t<meta name=\"twitter:data1\" content=\"\" \/>\n\t<meta name=\"twitter:label2\" content=\"Disponibilit\u00e9\" \/>\n\t<meta name=\"twitter:data2\" content=\"En r\u00e9assort\" \/>\n<script type=\"application\/ld+json\" class=\"yoast-schema-graph\">{\"@context\":\"https:\/\/schema.org\",\"@graph\":[{\"@type\":[\"WebPage\",\"ItemPage\"],\"@id\":\"https:\/\/yvesfouquet.com\/fr\/produit\/table-regence-bc003p\/\",\"url\":\"https:\/\/yvesfouquet.com\/fr\/produit\/table-regence-bc003p\/\",\"name\":\"Table Regence BC003P - Yves Fouquet\",\"isPartOf\":{\"@id\":\"https:\/\/yvesfouquet.com\/#website\"},\"datePublished\":\"2023-03-23T12:23:09+00:00\",\"dateModified\":\"2023-03-23T12:23:09+00:00\",\"breadcrumb\":{\"@id\":\"https:\/\/yvesfouquet.com\/fr\/produit\/table-regence-bc003p\/#breadcrumb\"},\"inLanguage\":\"fr-FR\",\"potentialAction\":[{\"@type\":\"ReadAction\",\"target\":[\"https:\/\/yvesfouquet.com\/fr\/produit\/table-regence-bc003p\/\"]}]},{\"@type\":\"BreadcrumbList\",\"@id\":\"https:\/\/yvesfouquet.com\/fr\/produit\/table-regence-bc003p\/#breadcrumb\",\"itemListElement\":[{\"@type\":\"ListItem\",\"position\":1,\"name\":\"\u0413\u043b\u0430\u0432\u043d\u0430\u044f\",\"item\":\"https:\/\/yvesfouquet.com\/fr\/\"},{\"@type\":\"ListItem\",\"position\":2,\"name\":\"Collections\",\"item\":\"https:\/\/yvesfouquet.com\/fr\/collections\/\"},{\"@type\":\"ListItem\",\"position\":3,\"name\":\"Table Regence BC003P\"}]},{\"@type\":\"WebSite\",\"@id\":\"https:\/\/yvesfouquet.com\/#website\",\"url\":\"https:\/\/yvesfouquet.com\/\",\"name\":\"Yves Fouquet\",\"description\":\"\u0424\u0440\u0430\u043d\u0446\u0443\u0437\u0441\u043a\u0430\u044f \u043c\u0435\u0431\u0435\u043b\u044c\",\"potentialAction\":[{\"@type\":\"SearchAction\",\"target\":{\"@type\":\"EntryPoint\",\"urlTemplate\":\"https:\/\/yvesfouquet.com\/?s={search_term_string}\"},\"query-input\":\"required name=search_term_string\"}],\"inLanguage\":\"fr-FR\"}]}<\/script>\n<meta property=\"product:price:amount\" content=\"0\" \/>\n<meta property=\"product:price:currency\" content=\"EUR\" \/>\n<meta property=\"og:availability\" content=\"backorder\" \/>\n<meta property=\"product:availability\" content=\"available for order\" \/>\n<meta property=\"product:retailer_item_id\" content=\"BC003P\" \/>\n<meta property=\"product:condition\" content=\"new\" \/>\n<!-- \/ Yoast SEO Premium plugin. -->","yoast_head_json":{"title":"Table Regence BC003P - Yves Fouquet","robots":{"index":"index","follow":"follow","max-snippet":"max-snippet:-1","max-image-preview":"max-image-preview:large","max-video-preview":"max-video-preview:-1"},"canonical":"https:\/\/yvesfouquet.com\/fr\/produit\/table-regence-bc003p\/","og_locale":"fr_FR","og_type":"article","og_title":"Table Regence BC003P","og_description":"Dimensions: L700 x H410 x P700   1 tiroir, 2 planches r\u00e9tractables","og_url":"https:\/\/yvesfouquet.com\/fr\/produit\/table-regence-bc003p\/","og_site_name":"Yves Fouquet","article_publisher":"https:\/\/www.facebook.com\/boutiueyvesfouquet","og_image":[{"width":1024,"height":887,"url":"https:\/\/yvesfouquet.com\/wp-content\/uploads\/2020\/10\/My-project-1-11-1024x887.png","type":"image\/png"}],"twitter_card":"summary_large_image","twitter_misc":{"Prix":"","Disponibilit\u00e9":"En r\u00e9assort"},"schema":{"@context":"https:\/\/schema.org","@graph":[{"@type":["WebPage","ItemPage"],"@id":"https:\/\/yvesfouquet.com\/fr\/produit\/table-regence-bc003p\/","url":"https:\/\/yvesfouquet.com\/fr\/produit\/table-regence-bc003p\/","name":"Table Regence BC003P - Yves Fouquet","isPartOf":{"@id":"https:\/\/yvesfouquet.com\/#website"},"datePublished":"2023-03-23T12:23:09+00:00","dateModified":"2023-03-23T12:23:09+00:00","breadcrumb":{"@id":"https:\/\/yvesfouquet.com\/fr\/produit\/table-regence-bc003p\/#breadcrumb"},"inLanguage":"fr-FR","potentialAction":[{"@type":"ReadAction","target":["https:\/\/yvesfouquet.com\/fr\/produit\/table-regence-bc003p\/"]}]},{"@type":"BreadcrumbList","@id":"https:\/\/yvesfouquet.com\/fr\/produit\/table-regence-bc003p\/#breadcrumb","itemListElement":[{"@type":"ListItem","position":1,"name":"\u0413\u043b\u0430\u0432\u043d\u0430\u044f","item":"https:\/\/yvesfouquet.com\/fr\/"},{"@type":"ListItem","position":2,"name":"Collections","item":"https:\/\/yvesfouquet.com\/fr\/collections\/"},{"@type":"ListItem","position":3,"name":"Table Regence BC003P"}]},{"@type":"WebSite","@id":"https:\/\/yvesfouquet.com\/#website","url":"https:\/\/yvesfouquet.com\/","name":"Yves Fouquet","description":"\u0424\u0440\u0430\u043d\u0446\u0443\u0437\u0441\u043a\u0430\u044f \u043c\u0435\u0431\u0435\u043b\u044c","potentialAction":[{"@type":"SearchAction","target":{"@type":"EntryPoint","urlTemplate":"https:\/\/yvesfouquet.com\/?s={search_term_string}"},"query-input":"required name=search_term_string"}],"inLanguage":"fr-FR"}]},"product_price_currency":"EUR","og_availability":"backorder","product_availability":"available for order","product_retailer_item_id":"BC003P","product_condition":"new"},"_links":{"self":[{"href":"https:\/\/yvesfouquet.com\/fr\/wp-json\/wp\/v2\/product\/21289"}],"collection":[{"href":"https:\/\/yvesfouquet.com\/fr\/wp-json\/wp\/v2\/product"}],"about":[{"href":"https:\/\/yvesfouquet.com\/fr\/wp-json\/wp\/v2\/types\/product"}],"version-history":[{"count":1,"href":"https:\/\/yvesfouquet.com\/fr\/wp-json\/wp\/v2\/product\/21289\/revisions"}],"predecessor-version":[{"id":21290,"href":"https:\/\/yvesfouquet.com\/fr\/wp-json\/wp\/v2\/product\/21289\/revisions\/21290"}],"wp:featuredmedia":[{"embeddable":true,"href":"https:\/\/yvesfouquet.com\/fr\/wp-json\/wp\/v2\/media\/21271"}],"wp:attachment":[{"href":"https:\/\/yvesfouquet.com\/fr\/wp-json\/wp\/v2\/media?parent=21289"}],"wp:term":[{"taxonomy":"product_cat","embeddable":true,"href":"https:\/\/yvesfouquet.com\/fr\/wp-json\/wp\/v2\/product_cat?post=21289"},{"taxonomy":"product_tag","embeddable":true,"href":"https:\/\/yvesfouquet.com\/fr\/wp-json\/wp\/v2\/product_tag?post=21289"}],"curies":[{"name":"wp","href":"https:\/\/api.w.org\/{rel}","templated":true}]}}