{"id":21372,"date":"2023-03-24T11:24:47","date_gmt":"2023-03-24T08:24:47","guid":{"rendered":"https:\/\/yvesfouquet.com\/?post_type=product&#038;p=21372"},"modified":"2024-05-01T12:38:41","modified_gmt":"2024-05-01T09:38:41","slug":"bibliotheque-little-regence-bb144e","status":"publish","type":"product","link":"https:\/\/yvesfouquet.com\/fr\/produit\/bibliotheque-little-regence-bb144e\/","title":{"rendered":"Biblioth\u00e8que Little Regence BB144"},"content":{"rendered":"<p>L\u2019\u00e9l\u00e9gante biblioth\u00e8que Regence BB144 ne demande qu\u2019\u00e0 \u00eatre un bon ajout \u00e0 la<br \/>\nun bureau lumineux ou une chambre confortable. M\u00eame dans une petite pi\u00e8ce, elle est modeste.<br \/>\nenregistrera les lignes des volumes et collections s\u00e9lectionn\u00e9s.<br \/>\nL\u2019armoire mince est divis\u00e9e en deux parties faciles \u00e0 utiliser: la partie sup\u00e9rieure avec trois<br \/>\nde larges \u00e9tag\u00e8res et une \u00e9tag\u00e8re plus basse, o\u00f9 derri\u00e8re les ch\u00e2ssis sculpt\u00e9s, vous pouvez stocker des magazines<br \/>\nclasseurs, dessins d\u2019enfants et autres bagatelles agr\u00e9ables au c\u0153ur. \u00c9tag\u00e8res de biblioth\u00e8que<br \/>\nsont r\u00e9glables en hauteur, ce qui permet une utilisation ergonomique de l\u2019espace,<br \/>\norganiser les livres comme vous le souhaitez.<br \/>\nTous les \u00e9l\u00e9ments de mobilier \u00ab\u00a0Yves Fouquet\u00a0\u00bb sont en bois massif de haute qualit\u00e9,<br \/>\npar cons\u00e9quent, il durera plus d\u2019une d\u00e9cennie, les descendants de nombreuses g\u00e9n\u00e9rations pourront<br \/>\nProfitez de la lecture en prenant un livre sur ses \u00e9tag\u00e8res robustes. De plus, au stade<br \/>\nUne large palette de couleurs naturelles est disponible, vous pouvez donc<br \/>\nchoisissez le design qui convient le mieux \u00e0 vos go\u00fbts et \u00e0 votre int\u00e9rieur<br \/>\nMonast\u00e8re.<\/p>\n","protected":false},"excerpt":{"rendered":"<p><strong>Dimensions:<\/strong> <span class=\"s1\">L820 x H1890 x P490<\/span><\/p>\n<p><strong>Partie ouverte :<\/strong> 3 \u00e9tag\u00e8res r\u00e9glables en hauteur<\/p>\n<p><strong>Partie ferm\u00e9e :<\/strong> 2 portes<br \/>\nVitrine &#8211; meuble biblioth\u00e8que, ouvert, style r\u00e9gence, 2 portes. Etag\u00e8res en bois. Sculpture \u00e0 la main. Le bo\u00eetier est lavande, la patine est cerise naturelle \u00e0 l&rsquo;int\u00e9rieur, les sculptures, callows sont en argent<\/p>\n","protected":false},"featured_media":21380,"template":"","meta":[],"product_cat":[194,150],"product_tag":[],"yoast_head":"<!-- This site is optimized with the Yoast SEO Premium plugin v20.7 (Yoast SEO v20.8) - https:\/\/yoast.com\/wordpress\/plugins\/seo\/ -->\n<title>Biblioth\u00e8que Little Regence BB144 - Yves Fouquet<\/title>\n<meta name=\"robots\" content=\"index, follow, max-snippet:-1, max-image-preview:large, max-video-preview:-1\" \/>\n<link rel=\"canonical\" href=\"https:\/\/yvesfouquet.com\/fr\/produit\/bibliotheque-little-regence-bb144e\/\" \/>\n<meta property=\"og:locale\" content=\"fr_FR\" \/>\n<meta property=\"og:type\" content=\"article\" \/>\n<meta property=\"og:title\" content=\"Biblioth\u00e8que Little Regence BB144\" \/>\n<meta property=\"og:description\" content=\"Dimensions: L820 x H1890 x P490  Partie ouverte : 3 \u00e9tag\u00e8res r\u00e9glables en hauteur  Partie ferm\u00e9e : 2 portes Vitrine - meuble biblioth\u00e8que, ouvert, style r\u00e9gence, 2 portes. Etag\u00e8res en bois. Sculpture \u00e0 la main. Le bo\u00eetier est lavande, la patine est cerise naturelle \u00e0 l&#039;int\u00e9rieur, les sculptures, callows sont en argent\" \/>\n<meta property=\"og:url\" content=\"https:\/\/yvesfouquet.com\/fr\/produit\/bibliotheque-little-regence-bb144e\/\" \/>\n<meta property=\"og:site_name\" content=\"Yves Fouquet\" \/>\n<meta property=\"article:publisher\" content=\"https:\/\/www.facebook.com\/boutiueyvesfouquet\" \/>\n<meta property=\"article:modified_time\" content=\"2024-05-01T09:38:41+00:00\" \/>\n<meta property=\"og:image\" content=\"https:\/\/yvesfouquet.com\/wp-content\/uploads\/2023\/03\/f-n-1-819x1024.png\" \/>\n\t<meta property=\"og:image:width\" content=\"819\" \/>\n\t<meta property=\"og:image:height\" content=\"1024\" \/>\n\t<meta property=\"og:image:type\" content=\"image\/png\" \/>\n<meta name=\"twitter:card\" content=\"summary_large_image\" \/>\n<meta name=\"twitter:label1\" content=\"Prix\" \/>\n\t<meta name=\"twitter:data1\" content=\"\" \/>\n\t<meta name=\"twitter:label2\" content=\"Disponibilit\u00e9\" \/>\n\t<meta name=\"twitter:data2\" content=\"En stock\" \/>\n<script type=\"application\/ld+json\" class=\"yoast-schema-graph\">{\"@context\":\"https:\/\/schema.org\",\"@graph\":[{\"@type\":[\"WebPage\",\"ItemPage\"],\"@id\":\"https:\/\/yvesfouquet.com\/fr\/produit\/bibliotheque-little-regence-bb144e\/\",\"url\":\"https:\/\/yvesfouquet.com\/fr\/produit\/bibliotheque-little-regence-bb144e\/\",\"name\":\"Biblioth\u00e8que Little Regence BB144 - Yves Fouquet\",\"isPartOf\":{\"@id\":\"https:\/\/yvesfouquet.com\/#website\"},\"datePublished\":\"2023-03-24T08:24:47+00:00\",\"dateModified\":\"2024-05-01T09:38:41+00:00\",\"breadcrumb\":{\"@id\":\"https:\/\/yvesfouquet.com\/fr\/produit\/bibliotheque-little-regence-bb144e\/#breadcrumb\"},\"inLanguage\":\"fr-FR\",\"potentialAction\":[{\"@type\":\"ReadAction\",\"target\":[\"https:\/\/yvesfouquet.com\/fr\/produit\/bibliotheque-little-regence-bb144e\/\"]}]},{\"@type\":\"BreadcrumbList\",\"@id\":\"https:\/\/yvesfouquet.com\/fr\/produit\/bibliotheque-little-regence-bb144e\/#breadcrumb\",\"itemListElement\":[{\"@type\":\"ListItem\",\"position\":1,\"name\":\"\u0413\u043b\u0430\u0432\u043d\u0430\u044f\",\"item\":\"https:\/\/yvesfouquet.com\/fr\/\"},{\"@type\":\"ListItem\",\"position\":2,\"name\":\"Collections\",\"item\":\"https:\/\/yvesfouquet.com\/fr\/collections\/\"},{\"@type\":\"ListItem\",\"position\":3,\"name\":\"Biblioth\u00e8que Little Regence BB144\"}]},{\"@type\":\"WebSite\",\"@id\":\"https:\/\/yvesfouquet.com\/#website\",\"url\":\"https:\/\/yvesfouquet.com\/\",\"name\":\"Yves Fouquet\",\"description\":\"\u0424\u0440\u0430\u043d\u0446\u0443\u0437\u0441\u043a\u0430\u044f \u043c\u0435\u0431\u0435\u043b\u044c\",\"potentialAction\":[{\"@type\":\"SearchAction\",\"target\":{\"@type\":\"EntryPoint\",\"urlTemplate\":\"https:\/\/yvesfouquet.com\/?s={search_term_string}\"},\"query-input\":\"required name=search_term_string\"}],\"inLanguage\":\"fr-FR\"}]}<\/script>\n<meta property=\"product:price:amount\" content=\"0\" \/>\n<meta property=\"product:price:currency\" content=\"EUR\" \/>\n<meta property=\"og:availability\" content=\"instock\" \/>\n<meta property=\"product:availability\" content=\"instock\" \/>\n<meta property=\"product:retailer_item_id\" content=\"BB144E\" \/>\n<meta property=\"product:condition\" content=\"new\" \/>\n<!-- \/ Yoast SEO Premium plugin. -->","yoast_head_json":{"title":"Biblioth\u00e8que Little Regence BB144 - Yves Fouquet","robots":{"index":"index","follow":"follow","max-snippet":"max-snippet:-1","max-image-preview":"max-image-preview:large","max-video-preview":"max-video-preview:-1"},"canonical":"https:\/\/yvesfouquet.com\/fr\/produit\/bibliotheque-little-regence-bb144e\/","og_locale":"fr_FR","og_type":"article","og_title":"Biblioth\u00e8que Little Regence BB144","og_description":"Dimensions: L820 x H1890 x P490  Partie ouverte : 3 \u00e9tag\u00e8res r\u00e9glables en hauteur  Partie ferm\u00e9e : 2 portes Vitrine - meuble biblioth\u00e8que, ouvert, style r\u00e9gence, 2 portes. Etag\u00e8res en bois. Sculpture \u00e0 la main. Le bo\u00eetier est lavande, la patine est cerise naturelle \u00e0 l'int\u00e9rieur, les sculptures, callows sont en argent","og_url":"https:\/\/yvesfouquet.com\/fr\/produit\/bibliotheque-little-regence-bb144e\/","og_site_name":"Yves Fouquet","article_publisher":"https:\/\/www.facebook.com\/boutiueyvesfouquet","article_modified_time":"2024-05-01T09:38:41+00:00","og_image":[{"width":819,"height":1024,"url":"https:\/\/yvesfouquet.com\/wp-content\/uploads\/2023\/03\/f-n-1-819x1024.png","type":"image\/png"}],"twitter_card":"summary_large_image","twitter_misc":{"Prix":"","Disponibilit\u00e9":"En stock"},"schema":{"@context":"https:\/\/schema.org","@graph":[{"@type":["WebPage","ItemPage"],"@id":"https:\/\/yvesfouquet.com\/fr\/produit\/bibliotheque-little-regence-bb144e\/","url":"https:\/\/yvesfouquet.com\/fr\/produit\/bibliotheque-little-regence-bb144e\/","name":"Biblioth\u00e8que Little Regence BB144 - Yves Fouquet","isPartOf":{"@id":"https:\/\/yvesfouquet.com\/#website"},"datePublished":"2023-03-24T08:24:47+00:00","dateModified":"2024-05-01T09:38:41+00:00","breadcrumb":{"@id":"https:\/\/yvesfouquet.com\/fr\/produit\/bibliotheque-little-regence-bb144e\/#breadcrumb"},"inLanguage":"fr-FR","potentialAction":[{"@type":"ReadAction","target":["https:\/\/yvesfouquet.com\/fr\/produit\/bibliotheque-little-regence-bb144e\/"]}]},{"@type":"BreadcrumbList","@id":"https:\/\/yvesfouquet.com\/fr\/produit\/bibliotheque-little-regence-bb144e\/#breadcrumb","itemListElement":[{"@type":"ListItem","position":1,"name":"\u0413\u043b\u0430\u0432\u043d\u0430\u044f","item":"https:\/\/yvesfouquet.com\/fr\/"},{"@type":"ListItem","position":2,"name":"Collections","item":"https:\/\/yvesfouquet.com\/fr\/collections\/"},{"@type":"ListItem","position":3,"name":"Biblioth\u00e8que Little Regence BB144"}]},{"@type":"WebSite","@id":"https:\/\/yvesfouquet.com\/#website","url":"https:\/\/yvesfouquet.com\/","name":"Yves Fouquet","description":"\u0424\u0440\u0430\u043d\u0446\u0443\u0437\u0441\u043a\u0430\u044f \u043c\u0435\u0431\u0435\u043b\u044c","potentialAction":[{"@type":"SearchAction","target":{"@type":"EntryPoint","urlTemplate":"https:\/\/yvesfouquet.com\/?s={search_term_string}"},"query-input":"required name=search_term_string"}],"inLanguage":"fr-FR"}]},"product_price_currency":"EUR","og_availability":"instock","product_availability":"instock","product_retailer_item_id":"BB144E","product_condition":"new"},"_links":{"self":[{"href":"https:\/\/yvesfouquet.com\/fr\/wp-json\/wp\/v2\/product\/21372"}],"collection":[{"href":"https:\/\/yvesfouquet.com\/fr\/wp-json\/wp\/v2\/product"}],"about":[{"href":"https:\/\/yvesfouquet.com\/fr\/wp-json\/wp\/v2\/types\/product"}],"version-history":[{"count":3,"href":"https:\/\/yvesfouquet.com\/fr\/wp-json\/wp\/v2\/product\/21372\/revisions"}],"predecessor-version":[{"id":24718,"href":"https:\/\/yvesfouquet.com\/fr\/wp-json\/wp\/v2\/product\/21372\/revisions\/24718"}],"wp:featuredmedia":[{"embeddable":true,"href":"https:\/\/yvesfouquet.com\/fr\/wp-json\/wp\/v2\/media\/21380"}],"wp:attachment":[{"href":"https:\/\/yvesfouquet.com\/fr\/wp-json\/wp\/v2\/media?parent=21372"}],"wp:term":[{"taxonomy":"product_cat","embeddable":true,"href":"https:\/\/yvesfouquet.com\/fr\/wp-json\/wp\/v2\/product_cat?post=21372"},{"taxonomy":"product_tag","embeddable":true,"href":"https:\/\/yvesfouquet.com\/fr\/wp-json\/wp\/v2\/product_tag?post=21372"}],"curies":[{"name":"wp","href":"https:\/\/api.w.org\/{rel}","templated":true}]}}