{"id":21405,"date":"2023-03-24T11:42:25","date_gmt":"2023-03-24T08:42:26","guid":{"rendered":"https:\/\/yvesfouquet.com\/?post_type=product&#038;p=21405"},"modified":"2023-04-06T17:32:57","modified_gmt":"2023-04-06T14:32:57","slug":"vitrine-louis-xvi-bb158e-1","status":"publish","type":"product","link":"https:\/\/yvesfouquet.com\/fr\/produit\/vitrine-louis-xvi-bb158e-1\/","title":{"rendered":"Vitrine Louis XVI BB158E(1)"},"content":{"rendered":"<p>Fabriqu\u00e9e dans le style Fran\u00e7ais ancien, la vitrine Louis XVI correspond pleinement aux tendances de son \u00e9poque historique. Strict et pratique, il est id\u00e9al pour un cadre s\u00e9rieux dans le bureau d\u2019un homme d\u2019affaires qui veut mettre en valeur son bon go\u00fbt.<\/p>\n<p>Assembl\u00e9 \u00e0 partir de bois naturel de haute qualit\u00e9, la vitrine vintage est tr\u00e8s impressionnante. Sa fa\u00e7ade ressemble \u00e0 un arc encadr\u00e9 par des colonnes, que l\u2019on peut souvent voir sur les ruines des villes anciennes. Avec toute son apparence, il parle de fondamentalit\u00e9 et de fiabilit\u00e9. Son apparition dans la situation, sans aucun doute, donnera au propri\u00e9taire du bureau encore plus de poids et de statut.<\/p>\n<p>La porte vitr\u00e9e de la vitrine est verrouill\u00e9e avec une cl\u00e9. \u00c0 l\u2019int\u00e9rieur, il y a des \u00e9tag\u00e8res en bois robustes facilement r\u00e9glables en hauteur. Le dos et les c\u00f4t\u00e9s sont des panneaux de bois vierges. En bas, il y a un grand tiroir avec deux poign\u00e9es.<\/p>\n<p>Les larges extr\u00e9mit\u00e9s sculpt\u00e9es de la vitrine sont faites sous la forme de colonnes antiques. Leurs bases sont d\u00e9cor\u00e9es d\u2019une grande fleur &#8211; des sculptures faites \u00e0 la main. Des raccords d\u2019Fran\u00e7ais d\u2019\u00e9lite et une utilisation habile des techniques de vieillissement compl\u00e8tent l\u2019image historique.<\/p>\n<p>Les meubles faits \u00e0 la main sont assembl\u00e9s par des artisans Yves Fouquet sur commande, ce qui vous permettra de choisir n\u2019importe quelle couleur, taille et design appropri\u00e9 d\u2019une vitrine en bois antique.<\/p>\n","protected":false},"excerpt":{"rendered":"<p><strong>Dimensions:<\/strong> <span class=\"s1\">L1100 x H2000 x P520 <\/span><\/p>\n<p><strong>Porte<\/strong> vitr\u00e9e, 4 \u00e9tag\u00e8res r\u00e9glables en hauteur et 1 tiroir<\/p>\n<p><strong>Disponible: <\/strong>en noir avec rouge et en noir avec blanc comme sur la photo<\/p>\n","protected":false},"featured_media":23175,"template":"","meta":[],"product_cat":[],"product_tag":[],"yoast_head":"<!-- This site is optimized with the Yoast SEO Premium plugin v20.7 (Yoast SEO v20.8) - https:\/\/yoast.com\/wordpress\/plugins\/seo\/ -->\n<title>Mobilier design en bois \u00e0 l\u2019ancienne sur commande - Yves Fouquet<\/title>\n<meta name=\"description\" content=\"Vitrine vintage faite \u00e0 la main. Mobilier exclusif dans le bureau de la maison - bois naturel, accessoires Fran\u00e7ais, fait \u00e0 la main. Production de la manufacture d\u2019Yves Fouquet en Ukraine\" \/>\n<meta name=\"robots\" content=\"index, follow, max-snippet:-1, max-image-preview:large, max-video-preview:-1\" \/>\n<link rel=\"canonical\" href=\"https:\/\/yvesfouquet.com\/fr\/produit\/vitrine-louis-xvi-bb158e-1\/\" \/>\n<meta property=\"og:locale\" content=\"fr_FR\" \/>\n<meta property=\"og:type\" content=\"article\" \/>\n<meta property=\"og:title\" content=\"Vitrine Louis XVI BB158E(1)\" \/>\n<meta property=\"og:description\" content=\"Vitrine vintage faite \u00e0 la main. Mobilier exclusif dans le bureau de la maison - bois naturel, accessoires Fran\u00e7ais, fait \u00e0 la main. Production de la manufacture d\u2019Yves Fouquet en Ukraine\" \/>\n<meta property=\"og:url\" content=\"https:\/\/yvesfouquet.com\/fr\/produit\/vitrine-louis-xvi-bb158e-1\/\" \/>\n<meta property=\"og:site_name\" content=\"Yves Fouquet\" \/>\n<meta property=\"article:publisher\" content=\"https:\/\/www.facebook.com\/boutiueyvesfouquet\" \/>\n<meta property=\"article:modified_time\" content=\"2023-04-06T14:32:57+00:00\" \/>\n<meta property=\"og:image\" content=\"https:\/\/yvesfouquet.com\/wp-content\/uploads\/2023\/03\/9d0a4367.png\" \/>\n\t<meta property=\"og:image:width\" content=\"1280\" \/>\n\t<meta property=\"og:image:height\" content=\"1280\" \/>\n\t<meta property=\"og:image:type\" content=\"image\/png\" \/>\n<meta name=\"twitter:card\" content=\"summary_large_image\" \/>\n<meta name=\"twitter:label1\" content=\"Prix\" \/>\n\t<meta name=\"twitter:data1\" content=\"\" \/>\n\t<meta name=\"twitter:label2\" content=\"Disponibilit\u00e9\" \/>\n\t<meta name=\"twitter:data2\" content=\"En stock\" \/>\n<script type=\"application\/ld+json\" class=\"yoast-schema-graph\">{\"@context\":\"https:\/\/schema.org\",\"@graph\":[{\"@type\":[\"WebPage\",\"ItemPage\"],\"@id\":\"https:\/\/yvesfouquet.com\/fr\/produit\/vitrine-louis-xvi-bb158e-1\/\",\"url\":\"https:\/\/yvesfouquet.com\/fr\/produit\/vitrine-louis-xvi-bb158e-1\/\",\"name\":\"Mobilier design en bois \u00e0 l\u2019ancienne sur commande - Yves Fouquet\",\"isPartOf\":{\"@id\":\"https:\/\/yvesfouquet.com\/#website\"},\"datePublished\":\"2023-03-24T08:42:26+00:00\",\"dateModified\":\"2023-04-06T14:32:57+00:00\",\"description\":\"Vitrine vintage faite \u00e0 la main. Mobilier exclusif dans le bureau de la maison - bois naturel, accessoires Fran\u00e7ais, fait \u00e0 la main. Production de la manufacture d\u2019Yves Fouquet en Ukraine\",\"breadcrumb\":{\"@id\":\"https:\/\/yvesfouquet.com\/fr\/produit\/vitrine-louis-xvi-bb158e-1\/#breadcrumb\"},\"inLanguage\":\"fr-FR\",\"potentialAction\":[{\"@type\":\"ReadAction\",\"target\":[\"https:\/\/yvesfouquet.com\/fr\/produit\/vitrine-louis-xvi-bb158e-1\/\"]}]},{\"@type\":\"BreadcrumbList\",\"@id\":\"https:\/\/yvesfouquet.com\/fr\/produit\/vitrine-louis-xvi-bb158e-1\/#breadcrumb\",\"itemListElement\":[{\"@type\":\"ListItem\",\"position\":1,\"name\":\"\u0413\u043b\u0430\u0432\u043d\u0430\u044f\",\"item\":\"https:\/\/yvesfouquet.com\/fr\/\"},{\"@type\":\"ListItem\",\"position\":2,\"name\":\"Collections\",\"item\":\"https:\/\/yvesfouquet.com\/fr\/collections\/\"},{\"@type\":\"ListItem\",\"position\":3,\"name\":\"Vitrine Louis XVI BB158E(1)\"}]},{\"@type\":\"WebSite\",\"@id\":\"https:\/\/yvesfouquet.com\/#website\",\"url\":\"https:\/\/yvesfouquet.com\/\",\"name\":\"Yves Fouquet\",\"description\":\"\u0424\u0440\u0430\u043d\u0446\u0443\u0437\u0441\u043a\u0430\u044f \u043c\u0435\u0431\u0435\u043b\u044c\",\"potentialAction\":[{\"@type\":\"SearchAction\",\"target\":{\"@type\":\"EntryPoint\",\"urlTemplate\":\"https:\/\/yvesfouquet.com\/?s={search_term_string}\"},\"query-input\":\"required name=search_term_string\"}],\"inLanguage\":\"fr-FR\"}]}<\/script>\n<meta property=\"product:price:amount\" content=\"0\" \/>\n<meta property=\"product:price:currency\" content=\"EUR\" \/>\n<meta property=\"og:availability\" content=\"instock\" \/>\n<meta property=\"product:availability\" content=\"instock\" \/>\n<meta property=\"product:retailer_item_id\" content=\"\u0412\u0412158E(1)\" \/>\n<meta property=\"product:condition\" content=\"new\" \/>\n<!-- \/ Yoast SEO Premium plugin. -->","yoast_head_json":{"title":"Mobilier design en bois \u00e0 l\u2019ancienne sur commande - Yves Fouquet","description":"Vitrine vintage faite \u00e0 la main. Mobilier exclusif dans le bureau de la maison - bois naturel, accessoires Fran\u00e7ais, fait \u00e0 la main. Production de la manufacture d\u2019Yves Fouquet en Ukraine","robots":{"index":"index","follow":"follow","max-snippet":"max-snippet:-1","max-image-preview":"max-image-preview:large","max-video-preview":"max-video-preview:-1"},"canonical":"https:\/\/yvesfouquet.com\/fr\/produit\/vitrine-louis-xvi-bb158e-1\/","og_locale":"fr_FR","og_type":"article","og_title":"Vitrine Louis XVI BB158E(1)","og_description":"Vitrine vintage faite \u00e0 la main. Mobilier exclusif dans le bureau de la maison - bois naturel, accessoires Fran\u00e7ais, fait \u00e0 la main. Production de la manufacture d\u2019Yves Fouquet en Ukraine","og_url":"https:\/\/yvesfouquet.com\/fr\/produit\/vitrine-louis-xvi-bb158e-1\/","og_site_name":"Yves Fouquet","article_publisher":"https:\/\/www.facebook.com\/boutiueyvesfouquet","article_modified_time":"2023-04-06T14:32:57+00:00","og_image":[{"width":1280,"height":1280,"url":"https:\/\/yvesfouquet.com\/wp-content\/uploads\/2023\/03\/9d0a4367.png","type":"image\/png"}],"twitter_card":"summary_large_image","twitter_misc":{"Prix":"","Disponibilit\u00e9":"En stock"},"schema":{"@context":"https:\/\/schema.org","@graph":[{"@type":["WebPage","ItemPage"],"@id":"https:\/\/yvesfouquet.com\/fr\/produit\/vitrine-louis-xvi-bb158e-1\/","url":"https:\/\/yvesfouquet.com\/fr\/produit\/vitrine-louis-xvi-bb158e-1\/","name":"Mobilier design en bois \u00e0 l\u2019ancienne sur commande - Yves Fouquet","isPartOf":{"@id":"https:\/\/yvesfouquet.com\/#website"},"datePublished":"2023-03-24T08:42:26+00:00","dateModified":"2023-04-06T14:32:57+00:00","description":"Vitrine vintage faite \u00e0 la main. Mobilier exclusif dans le bureau de la maison - bois naturel, accessoires Fran\u00e7ais, fait \u00e0 la main. Production de la manufacture d\u2019Yves Fouquet en Ukraine","breadcrumb":{"@id":"https:\/\/yvesfouquet.com\/fr\/produit\/vitrine-louis-xvi-bb158e-1\/#breadcrumb"},"inLanguage":"fr-FR","potentialAction":[{"@type":"ReadAction","target":["https:\/\/yvesfouquet.com\/fr\/produit\/vitrine-louis-xvi-bb158e-1\/"]}]},{"@type":"BreadcrumbList","@id":"https:\/\/yvesfouquet.com\/fr\/produit\/vitrine-louis-xvi-bb158e-1\/#breadcrumb","itemListElement":[{"@type":"ListItem","position":1,"name":"\u0413\u043b\u0430\u0432\u043d\u0430\u044f","item":"https:\/\/yvesfouquet.com\/fr\/"},{"@type":"ListItem","position":2,"name":"Collections","item":"https:\/\/yvesfouquet.com\/fr\/collections\/"},{"@type":"ListItem","position":3,"name":"Vitrine Louis XVI BB158E(1)"}]},{"@type":"WebSite","@id":"https:\/\/yvesfouquet.com\/#website","url":"https:\/\/yvesfouquet.com\/","name":"Yves Fouquet","description":"\u0424\u0440\u0430\u043d\u0446\u0443\u0437\u0441\u043a\u0430\u044f \u043c\u0435\u0431\u0435\u043b\u044c","potentialAction":[{"@type":"SearchAction","target":{"@type":"EntryPoint","urlTemplate":"https:\/\/yvesfouquet.com\/?s={search_term_string}"},"query-input":"required name=search_term_string"}],"inLanguage":"fr-FR"}]},"product_price_currency":"EUR","og_availability":"instock","product_availability":"instock","product_retailer_item_id":"\u0412\u0412158E(1)","product_condition":"new"},"_links":{"self":[{"href":"https:\/\/yvesfouquet.com\/fr\/wp-json\/wp\/v2\/product\/21405"}],"collection":[{"href":"https:\/\/yvesfouquet.com\/fr\/wp-json\/wp\/v2\/product"}],"about":[{"href":"https:\/\/yvesfouquet.com\/fr\/wp-json\/wp\/v2\/types\/product"}],"version-history":[{"count":1,"href":"https:\/\/yvesfouquet.com\/fr\/wp-json\/wp\/v2\/product\/21405\/revisions"}],"predecessor-version":[{"id":21413,"href":"https:\/\/yvesfouquet.com\/fr\/wp-json\/wp\/v2\/product\/21405\/revisions\/21413"}],"wp:featuredmedia":[{"embeddable":true,"href":"https:\/\/yvesfouquet.com\/fr\/wp-json\/wp\/v2\/media\/23175"}],"wp:attachment":[{"href":"https:\/\/yvesfouquet.com\/fr\/wp-json\/wp\/v2\/media?parent=21405"}],"wp:term":[{"taxonomy":"product_cat","embeddable":true,"href":"https:\/\/yvesfouquet.com\/fr\/wp-json\/wp\/v2\/product_cat?post=21405"},{"taxonomy":"product_tag","embeddable":true,"href":"https:\/\/yvesfouquet.com\/fr\/wp-json\/wp\/v2\/product_tag?post=21405"}],"curies":[{"name":"wp","href":"https:\/\/api.w.org\/{rel}","templated":true}]}}