{"id":21416,"date":"2023-03-24T11:55:23","date_gmt":"2023-03-24T08:55:23","guid":{"rendered":"https:\/\/yvesfouquet.com\/?post_type=product&#038;p=21416"},"modified":"2023-04-07T17:08:07","modified_gmt":"2023-04-07T14:08:07","slug":"petite-table-tm043e","status":"publish","type":"product","link":"https:\/\/yvesfouquet.com\/fr\/produit\/petite-table-tm043e\/","title":{"rendered":"Petite table TM043E"},"content":{"rendered":"<p>Encore plus de chaleur et de confort donneront \u00e0 votre atmosph\u00e8re une petite table basse dans le style Fran\u00e7ais. Cr\u00e9\u00e9 selon les technologies anciennes \u00e0 partir de bois naturel de haute qualit\u00e9, il remplira la maison d\u2019un sentiment sp\u00e9cial d\u2019antiquit\u00e9 et de confort de la maison.<\/p>\n<p>Une table \u00e9l\u00e9gante sur de longs pieds incurv\u00e9s s\u2019int\u00e9grera parfaitement dans l\u2019int\u00e9rieur design. Il d\u00e9corera le couloir, le salon, le bureau et la chambre. Sur un plateau en bois naturel clair, tout d\u00e9cor aura fi\u00e8re allure. Pour ranger diff\u00e9rentes bagatelles, vous pouvez utiliser un petit tiroir.<\/p>\n<p>Une table basse antique en bois est un meuble \u00e9l\u00e9gant et une chose id\u00e9ale pour cr\u00e9er un environnement confortable \u00e0 la maison. Il sera indispensable pour une r\u00e9union d\u2019amis proches. Il accueillera commod\u00e9ment un ensemble de caf\u00e9 ou un service \u00e0 th\u00e9, des assiettes avec des friandises. Apr\u00e8s un agr\u00e9able th\u00e9, vous pouvez jouer \u00e0 une partie de cartes ici.<\/p>\n<p>Pour l\u2019assemblage manuel d\u2019une jolie table vintage, des clous en bois et l\u2019ancienne technique du spike-groove ont \u00e9t\u00e9 utilis\u00e9s. La saveur historique est cr\u00e9\u00e9e par des raccords Fran\u00e7ais exclusifs et une application habile des techniques de vieillissement.<\/p>\n<p>Les meubles uniques faits \u00e0 la main de l\u2019usine Yves Fouquet sont toujours fabriqu\u00e9s sur commande. Lorsque vous effectuez un achat, vous pouvez modifier la couleur, la taille et le design du mod\u00e8le que vous avez choisi.<\/p>\n","protected":false},"excerpt":{"rendered":"<p><strong>Dimensions:<\/strong> L600 x H650 x P550<\/p>\n<p><strong>Description:<\/strong> 1 tiroir dans deux directions<\/p>\n<p><strong>Couleur:<\/strong> sang de taureau, patine naturelle<\/p>\n","protected":false},"featured_media":21428,"template":"","meta":[],"product_cat":[165],"product_tag":[],"yoast_head":"<!-- This site is optimized with the Yoast SEO Premium plugin v20.7 (Yoast SEO v20.8) - https:\/\/yoast.com\/wordpress\/plugins\/seo\/ -->\n<title>Table basse int\u00e9rieure en bois naturel - Yves Fouquet<\/title>\n<meta name=\"description\" content=\"Meubles de style ancien sur commande. Table en bois vintage de conception d\u2019auteur. Montage manuel, raccords Fran\u00e7ais. Acheter en Ukraine des meubles anciens produits par l\u2019usine Yves Fouquet\" \/>\n<meta name=\"robots\" content=\"index, follow, max-snippet:-1, max-image-preview:large, max-video-preview:-1\" \/>\n<link rel=\"canonical\" href=\"https:\/\/yvesfouquet.com\/fr\/produit\/petite-table-tm043e\/\" \/>\n<meta property=\"og:locale\" content=\"fr_FR\" \/>\n<meta property=\"og:type\" content=\"article\" \/>\n<meta property=\"og:title\" content=\"Petite table TM043E\" \/>\n<meta property=\"og:description\" content=\"Meubles de style ancien sur commande. Table en bois vintage de conception d\u2019auteur. Montage manuel, raccords Fran\u00e7ais. Acheter en Ukraine des meubles anciens produits par l\u2019usine Yves Fouquet\" \/>\n<meta property=\"og:url\" content=\"https:\/\/yvesfouquet.com\/fr\/produit\/petite-table-tm043e\/\" \/>\n<meta property=\"og:site_name\" content=\"Yves Fouquet\" \/>\n<meta property=\"article:publisher\" content=\"https:\/\/www.facebook.com\/boutiueyvesfouquet\" \/>\n<meta property=\"article:modified_time\" content=\"2023-04-07T14:08:07+00:00\" \/>\n<meta property=\"og:image\" content=\"https:\/\/yvesfouquet.com\/wp-content\/uploads\/2023\/03\/My-project-2-916x1024.png\" \/>\n\t<meta property=\"og:image:width\" content=\"916\" \/>\n\t<meta property=\"og:image:height\" content=\"1024\" \/>\n\t<meta property=\"og:image:type\" content=\"image\/png\" \/>\n<meta name=\"twitter:card\" content=\"summary_large_image\" \/>\n<meta name=\"twitter:label1\" content=\"Prix\" \/>\n\t<meta name=\"twitter:data1\" content=\"\" \/>\n\t<meta name=\"twitter:label2\" content=\"Disponibilit\u00e9\" \/>\n\t<meta name=\"twitter:data2\" content=\"En r\u00e9assort\" \/>\n<script type=\"application\/ld+json\" class=\"yoast-schema-graph\">{\"@context\":\"https:\/\/schema.org\",\"@graph\":[{\"@type\":[\"WebPage\",\"ItemPage\"],\"@id\":\"https:\/\/yvesfouquet.com\/fr\/produit\/petite-table-tm043e\/\",\"url\":\"https:\/\/yvesfouquet.com\/fr\/produit\/petite-table-tm043e\/\",\"name\":\"Table basse int\u00e9rieure en bois naturel - Yves Fouquet\",\"isPartOf\":{\"@id\":\"https:\/\/yvesfouquet.com\/#website\"},\"datePublished\":\"2023-03-24T08:55:23+00:00\",\"dateModified\":\"2023-04-07T14:08:07+00:00\",\"description\":\"Meubles de style ancien sur commande. Table en bois vintage de conception d\u2019auteur. Montage manuel, raccords Fran\u00e7ais. Acheter en Ukraine des meubles anciens produits par l\u2019usine Yves Fouquet\",\"breadcrumb\":{\"@id\":\"https:\/\/yvesfouquet.com\/fr\/produit\/petite-table-tm043e\/#breadcrumb\"},\"inLanguage\":\"fr-FR\",\"potentialAction\":[{\"@type\":\"ReadAction\",\"target\":[\"https:\/\/yvesfouquet.com\/fr\/produit\/petite-table-tm043e\/\"]}]},{\"@type\":\"BreadcrumbList\",\"@id\":\"https:\/\/yvesfouquet.com\/fr\/produit\/petite-table-tm043e\/#breadcrumb\",\"itemListElement\":[{\"@type\":\"ListItem\",\"position\":1,\"name\":\"\u0413\u043b\u0430\u0432\u043d\u0430\u044f\",\"item\":\"https:\/\/yvesfouquet.com\/fr\/\"},{\"@type\":\"ListItem\",\"position\":2,\"name\":\"Collections\",\"item\":\"https:\/\/yvesfouquet.com\/fr\/collections\/\"},{\"@type\":\"ListItem\",\"position\":3,\"name\":\"Petite table TM043E\"}]},{\"@type\":\"WebSite\",\"@id\":\"https:\/\/yvesfouquet.com\/#website\",\"url\":\"https:\/\/yvesfouquet.com\/\",\"name\":\"Yves Fouquet\",\"description\":\"\u0424\u0440\u0430\u043d\u0446\u0443\u0437\u0441\u043a\u0430\u044f \u043c\u0435\u0431\u0435\u043b\u044c\",\"potentialAction\":[{\"@type\":\"SearchAction\",\"target\":{\"@type\":\"EntryPoint\",\"urlTemplate\":\"https:\/\/yvesfouquet.com\/?s={search_term_string}\"},\"query-input\":\"required name=search_term_string\"}],\"inLanguage\":\"fr-FR\"}]}<\/script>\n<meta property=\"product:price:amount\" content=\"0\" \/>\n<meta property=\"product:price:currency\" content=\"EUR\" \/>\n<meta property=\"og:availability\" content=\"backorder\" \/>\n<meta property=\"product:availability\" content=\"available for order\" \/>\n<meta property=\"product:retailer_item_id\" content=\"TM043\u0415\" \/>\n<meta property=\"product:condition\" content=\"new\" \/>\n<!-- \/ Yoast SEO Premium plugin. -->","yoast_head_json":{"title":"Table basse int\u00e9rieure en bois naturel - Yves Fouquet","description":"Meubles de style ancien sur commande. Table en bois vintage de conception d\u2019auteur. Montage manuel, raccords Fran\u00e7ais. Acheter en Ukraine des meubles anciens produits par l\u2019usine Yves Fouquet","robots":{"index":"index","follow":"follow","max-snippet":"max-snippet:-1","max-image-preview":"max-image-preview:large","max-video-preview":"max-video-preview:-1"},"canonical":"https:\/\/yvesfouquet.com\/fr\/produit\/petite-table-tm043e\/","og_locale":"fr_FR","og_type":"article","og_title":"Petite table TM043E","og_description":"Meubles de style ancien sur commande. Table en bois vintage de conception d\u2019auteur. Montage manuel, raccords Fran\u00e7ais. Acheter en Ukraine des meubles anciens produits par l\u2019usine Yves Fouquet","og_url":"https:\/\/yvesfouquet.com\/fr\/produit\/petite-table-tm043e\/","og_site_name":"Yves Fouquet","article_publisher":"https:\/\/www.facebook.com\/boutiueyvesfouquet","article_modified_time":"2023-04-07T14:08:07+00:00","og_image":[{"width":916,"height":1024,"url":"https:\/\/yvesfouquet.com\/wp-content\/uploads\/2023\/03\/My-project-2-916x1024.png","type":"image\/png"}],"twitter_card":"summary_large_image","twitter_misc":{"Prix":"","Disponibilit\u00e9":"En r\u00e9assort"},"schema":{"@context":"https:\/\/schema.org","@graph":[{"@type":["WebPage","ItemPage"],"@id":"https:\/\/yvesfouquet.com\/fr\/produit\/petite-table-tm043e\/","url":"https:\/\/yvesfouquet.com\/fr\/produit\/petite-table-tm043e\/","name":"Table basse int\u00e9rieure en bois naturel - Yves Fouquet","isPartOf":{"@id":"https:\/\/yvesfouquet.com\/#website"},"datePublished":"2023-03-24T08:55:23+00:00","dateModified":"2023-04-07T14:08:07+00:00","description":"Meubles de style ancien sur commande. Table en bois vintage de conception d\u2019auteur. Montage manuel, raccords Fran\u00e7ais. Acheter en Ukraine des meubles anciens produits par l\u2019usine Yves Fouquet","breadcrumb":{"@id":"https:\/\/yvesfouquet.com\/fr\/produit\/petite-table-tm043e\/#breadcrumb"},"inLanguage":"fr-FR","potentialAction":[{"@type":"ReadAction","target":["https:\/\/yvesfouquet.com\/fr\/produit\/petite-table-tm043e\/"]}]},{"@type":"BreadcrumbList","@id":"https:\/\/yvesfouquet.com\/fr\/produit\/petite-table-tm043e\/#breadcrumb","itemListElement":[{"@type":"ListItem","position":1,"name":"\u0413\u043b\u0430\u0432\u043d\u0430\u044f","item":"https:\/\/yvesfouquet.com\/fr\/"},{"@type":"ListItem","position":2,"name":"Collections","item":"https:\/\/yvesfouquet.com\/fr\/collections\/"},{"@type":"ListItem","position":3,"name":"Petite table TM043E"}]},{"@type":"WebSite","@id":"https:\/\/yvesfouquet.com\/#website","url":"https:\/\/yvesfouquet.com\/","name":"Yves Fouquet","description":"\u0424\u0440\u0430\u043d\u0446\u0443\u0437\u0441\u043a\u0430\u044f \u043c\u0435\u0431\u0435\u043b\u044c","potentialAction":[{"@type":"SearchAction","target":{"@type":"EntryPoint","urlTemplate":"https:\/\/yvesfouquet.com\/?s={search_term_string}"},"query-input":"required name=search_term_string"}],"inLanguage":"fr-FR"}]},"product_price_currency":"EUR","og_availability":"backorder","product_availability":"available for order","product_retailer_item_id":"TM043\u0415","product_condition":"new"},"_links":{"self":[{"href":"https:\/\/yvesfouquet.com\/fr\/wp-json\/wp\/v2\/product\/21416"}],"collection":[{"href":"https:\/\/yvesfouquet.com\/fr\/wp-json\/wp\/v2\/product"}],"about":[{"href":"https:\/\/yvesfouquet.com\/fr\/wp-json\/wp\/v2\/types\/product"}],"version-history":[{"count":1,"href":"https:\/\/yvesfouquet.com\/fr\/wp-json\/wp\/v2\/product\/21416\/revisions"}],"predecessor-version":[{"id":21449,"href":"https:\/\/yvesfouquet.com\/fr\/wp-json\/wp\/v2\/product\/21416\/revisions\/21449"}],"wp:featuredmedia":[{"embeddable":true,"href":"https:\/\/yvesfouquet.com\/fr\/wp-json\/wp\/v2\/media\/21428"}],"wp:attachment":[{"href":"https:\/\/yvesfouquet.com\/fr\/wp-json\/wp\/v2\/media?parent=21416"}],"wp:term":[{"taxonomy":"product_cat","embeddable":true,"href":"https:\/\/yvesfouquet.com\/fr\/wp-json\/wp\/v2\/product_cat?post=21416"},{"taxonomy":"product_tag","embeddable":true,"href":"https:\/\/yvesfouquet.com\/fr\/wp-json\/wp\/v2\/product_tag?post=21416"}],"curies":[{"name":"wp","href":"https:\/\/api.w.org\/{rel}","templated":true}]}}