{"id":21590,"date":"2023-03-29T10:55:32","date_gmt":"2023-03-29T07:55:35","guid":{"rendered":"https:\/\/yvesfouquet.com\/?post_type=product&#038;p=21590"},"modified":"2023-04-06T16:03:17","modified_gmt":"2023-04-06T13:03:17","slug":"table-basse-pied-tourne-tb066","status":"publish","type":"product","link":"https:\/\/yvesfouquet.com\/fr\/produit\/table-basse-pied-tourne-tb066\/","title":{"rendered":"Table basse Pied tourne TB066"},"content":{"rendered":"<p>Une petite table basse \u00e9l\u00e9gante Pied tourne est une autre solution originale des ma\u00eetres de la fabrication Fran\u00e7ais Yves Fouquet en Ukraine. M\u00eame sans \u00eatre d\u00e9cor\u00e9 avec des accessoires, des motifs sculpt\u00e9s et d\u2019autres d\u00e9lices de design, il a toujours l\u2019air extr\u00eamement \u00e9l\u00e9gant et \u00e9l\u00e9gant. Sans aucun doute, un merveilleux b\u00e9b\u00e9 trouvera sa place dans vos int\u00e9rieurs.<\/p>\n<p>Alors, quel est le point culminant de cette table en bois dans le style old Fran\u00e7ais? Commen\u00e7ons par le comptoir sans coin. Ses bords arrondis et saillants ressemblent \u00e0 une table de billard en miniature. Et pourtant &#8211; situ\u00e9 sur les bords des murs de la forteresse des bases des tours d\u00e9fensives.<\/p>\n<p>Massif et en m\u00eame temps \u00e9l\u00e9gant regardez les pieds de la table basse. Ce ne sont pas seulement des points d\u2019appui, mais la partie la plus importante de son style unique. En forme, les jambes sont similaires aux pi\u00e8ces d\u2019\u00e9checs invers\u00e9es des reines et des pions.<\/p>\n<p>C\u2019est \u00e0 quel point la table est modeste \u00e0 premi\u00e8re vue et provoque beaucoup d\u2019associations et se transforme \u00e9tonnamment en un d\u00e9tail de conception lumineux. Et l\u2019application de l\u2019effet d\u2019\u00e9raflure sur les bords ajoute un charme historique particulier.<\/p>\n<p>En choisissant une table en bois \u00e0 commander, vous pouvez toujours apporter des changements dans sa couleur et sa taille &#8211; afin que le produit s\u2019adapte encore mieux \u00e0 votre situation.<\/p>\n","protected":false},"excerpt":{"rendered":"<p><strong>Dimensions:<\/strong> L800 x H350 x P1200<\/p>\n<p><strong>Couleur:<\/strong> Gris, Patine naturelle<\/p>\n","protected":false},"featured_media":21554,"template":"","meta":[],"product_cat":[170],"product_tag":[],"yoast_head":"<!-- This site is optimized with the Yoast SEO Premium plugin v20.7 (Yoast SEO v20.8) - https:\/\/yoast.com\/wordpress\/plugins\/seo\/ -->\n<title>\u00c9l\u00e9gante table basse antique en bois \u00e0 commander - Yves Fouquet<\/title>\n<meta name=\"description\" content=\"Une table \u00e9l\u00e9gante dans le style de l\u2019ancien Fran\u00e7ais pour votre salon. Mobilier design exclusif de l\u2019usine Yves Fouquet de production ukrainienne\" \/>\n<meta name=\"robots\" content=\"index, follow, max-snippet:-1, max-image-preview:large, max-video-preview:-1\" \/>\n<link rel=\"canonical\" href=\"https:\/\/yvesfouquet.com\/fr\/produit\/table-basse-pied-tourne-tb066\/\" \/>\n<meta property=\"og:locale\" content=\"fr_FR\" \/>\n<meta property=\"og:type\" content=\"article\" \/>\n<meta property=\"og:title\" content=\"Table basse Pied tourne TB066\" \/>\n<meta property=\"og:description\" content=\"Une table \u00e9l\u00e9gante dans le style de l\u2019ancien Fran\u00e7ais pour votre salon. Mobilier design exclusif de l\u2019usine Yves Fouquet de production ukrainienne\" \/>\n<meta property=\"og:url\" content=\"https:\/\/yvesfouquet.com\/fr\/produit\/table-basse-pied-tourne-tb066\/\" \/>\n<meta property=\"og:site_name\" content=\"Yves Fouquet\" \/>\n<meta property=\"article:publisher\" content=\"https:\/\/www.facebook.com\/boutiueyvesfouquet\" \/>\n<meta property=\"article:modified_time\" content=\"2023-04-06T13:03:17+00:00\" \/>\n<meta property=\"og:image\" content=\"https:\/\/yvesfouquet.com\/wp-content\/uploads\/2020\/10\/Glavnaya-kortynat-997x1024.png\" \/>\n\t<meta property=\"og:image:width\" content=\"997\" \/>\n\t<meta property=\"og:image:height\" content=\"1024\" \/>\n\t<meta property=\"og:image:type\" content=\"image\/png\" \/>\n<meta name=\"twitter:card\" content=\"summary_large_image\" \/>\n<meta name=\"twitter:label1\" content=\"Prix\" \/>\n\t<meta name=\"twitter:data1\" content=\"\" \/>\n\t<meta name=\"twitter:label2\" content=\"Disponibilit\u00e9\" \/>\n\t<meta name=\"twitter:data2\" content=\"En r\u00e9assort\" \/>\n<script type=\"application\/ld+json\" class=\"yoast-schema-graph\">{\"@context\":\"https:\/\/schema.org\",\"@graph\":[{\"@type\":[\"WebPage\",\"ItemPage\"],\"@id\":\"https:\/\/yvesfouquet.com\/fr\/produit\/table-basse-pied-tourne-tb066\/\",\"url\":\"https:\/\/yvesfouquet.com\/fr\/produit\/table-basse-pied-tourne-tb066\/\",\"name\":\"\u00c9l\u00e9gante table basse antique en bois \u00e0 commander - Yves Fouquet\",\"isPartOf\":{\"@id\":\"https:\/\/yvesfouquet.com\/#website\"},\"datePublished\":\"2023-03-29T07:55:35+00:00\",\"dateModified\":\"2023-04-06T13:03:17+00:00\",\"description\":\"Une table \u00e9l\u00e9gante dans le style de l\u2019ancien Fran\u00e7ais pour votre salon. Mobilier design exclusif de l\u2019usine Yves Fouquet de production ukrainienne\",\"breadcrumb\":{\"@id\":\"https:\/\/yvesfouquet.com\/fr\/produit\/table-basse-pied-tourne-tb066\/#breadcrumb\"},\"inLanguage\":\"fr-FR\",\"potentialAction\":[{\"@type\":\"ReadAction\",\"target\":[\"https:\/\/yvesfouquet.com\/fr\/produit\/table-basse-pied-tourne-tb066\/\"]}]},{\"@type\":\"BreadcrumbList\",\"@id\":\"https:\/\/yvesfouquet.com\/fr\/produit\/table-basse-pied-tourne-tb066\/#breadcrumb\",\"itemListElement\":[{\"@type\":\"ListItem\",\"position\":1,\"name\":\"\u0413\u043b\u0430\u0432\u043d\u0430\u044f\",\"item\":\"https:\/\/yvesfouquet.com\/fr\/\"},{\"@type\":\"ListItem\",\"position\":2,\"name\":\"Collections\",\"item\":\"https:\/\/yvesfouquet.com\/fr\/collections\/\"},{\"@type\":\"ListItem\",\"position\":3,\"name\":\"Table basse Pied tourne TB066\"}]},{\"@type\":\"WebSite\",\"@id\":\"https:\/\/yvesfouquet.com\/#website\",\"url\":\"https:\/\/yvesfouquet.com\/\",\"name\":\"Yves Fouquet\",\"description\":\"\u0424\u0440\u0430\u043d\u0446\u0443\u0437\u0441\u043a\u0430\u044f \u043c\u0435\u0431\u0435\u043b\u044c\",\"potentialAction\":[{\"@type\":\"SearchAction\",\"target\":{\"@type\":\"EntryPoint\",\"urlTemplate\":\"https:\/\/yvesfouquet.com\/?s={search_term_string}\"},\"query-input\":\"required name=search_term_string\"}],\"inLanguage\":\"fr-FR\"}]}<\/script>\n<meta property=\"product:price:amount\" content=\"0\" \/>\n<meta property=\"product:price:currency\" content=\"EUR\" \/>\n<meta property=\"og:availability\" content=\"backorder\" \/>\n<meta property=\"product:availability\" content=\"available for order\" \/>\n<meta property=\"product:retailer_item_id\" content=\"TB066E\" \/>\n<meta property=\"product:condition\" content=\"new\" \/>\n<!-- \/ Yoast SEO Premium plugin. -->","yoast_head_json":{"title":"\u00c9l\u00e9gante table basse antique en bois \u00e0 commander - Yves Fouquet","description":"Une table \u00e9l\u00e9gante dans le style de l\u2019ancien Fran\u00e7ais pour votre salon. Mobilier design exclusif de l\u2019usine Yves Fouquet de production ukrainienne","robots":{"index":"index","follow":"follow","max-snippet":"max-snippet:-1","max-image-preview":"max-image-preview:large","max-video-preview":"max-video-preview:-1"},"canonical":"https:\/\/yvesfouquet.com\/fr\/produit\/table-basse-pied-tourne-tb066\/","og_locale":"fr_FR","og_type":"article","og_title":"Table basse Pied tourne TB066","og_description":"Une table \u00e9l\u00e9gante dans le style de l\u2019ancien Fran\u00e7ais pour votre salon. Mobilier design exclusif de l\u2019usine Yves Fouquet de production ukrainienne","og_url":"https:\/\/yvesfouquet.com\/fr\/produit\/table-basse-pied-tourne-tb066\/","og_site_name":"Yves Fouquet","article_publisher":"https:\/\/www.facebook.com\/boutiueyvesfouquet","article_modified_time":"2023-04-06T13:03:17+00:00","og_image":[{"width":997,"height":1024,"url":"https:\/\/yvesfouquet.com\/wp-content\/uploads\/2020\/10\/Glavnaya-kortynat-997x1024.png","type":"image\/png"}],"twitter_card":"summary_large_image","twitter_misc":{"Prix":"","Disponibilit\u00e9":"En r\u00e9assort"},"schema":{"@context":"https:\/\/schema.org","@graph":[{"@type":["WebPage","ItemPage"],"@id":"https:\/\/yvesfouquet.com\/fr\/produit\/table-basse-pied-tourne-tb066\/","url":"https:\/\/yvesfouquet.com\/fr\/produit\/table-basse-pied-tourne-tb066\/","name":"\u00c9l\u00e9gante table basse antique en bois \u00e0 commander - Yves Fouquet","isPartOf":{"@id":"https:\/\/yvesfouquet.com\/#website"},"datePublished":"2023-03-29T07:55:35+00:00","dateModified":"2023-04-06T13:03:17+00:00","description":"Une table \u00e9l\u00e9gante dans le style de l\u2019ancien Fran\u00e7ais pour votre salon. Mobilier design exclusif de l\u2019usine Yves Fouquet de production ukrainienne","breadcrumb":{"@id":"https:\/\/yvesfouquet.com\/fr\/produit\/table-basse-pied-tourne-tb066\/#breadcrumb"},"inLanguage":"fr-FR","potentialAction":[{"@type":"ReadAction","target":["https:\/\/yvesfouquet.com\/fr\/produit\/table-basse-pied-tourne-tb066\/"]}]},{"@type":"BreadcrumbList","@id":"https:\/\/yvesfouquet.com\/fr\/produit\/table-basse-pied-tourne-tb066\/#breadcrumb","itemListElement":[{"@type":"ListItem","position":1,"name":"\u0413\u043b\u0430\u0432\u043d\u0430\u044f","item":"https:\/\/yvesfouquet.com\/fr\/"},{"@type":"ListItem","position":2,"name":"Collections","item":"https:\/\/yvesfouquet.com\/fr\/collections\/"},{"@type":"ListItem","position":3,"name":"Table basse Pied tourne TB066"}]},{"@type":"WebSite","@id":"https:\/\/yvesfouquet.com\/#website","url":"https:\/\/yvesfouquet.com\/","name":"Yves Fouquet","description":"\u0424\u0440\u0430\u043d\u0446\u0443\u0437\u0441\u043a\u0430\u044f \u043c\u0435\u0431\u0435\u043b\u044c","potentialAction":[{"@type":"SearchAction","target":{"@type":"EntryPoint","urlTemplate":"https:\/\/yvesfouquet.com\/?s={search_term_string}"},"query-input":"required name=search_term_string"}],"inLanguage":"fr-FR"}]},"product_price_currency":"EUR","og_availability":"backorder","product_availability":"available for order","product_retailer_item_id":"TB066E","product_condition":"new"},"_links":{"self":[{"href":"https:\/\/yvesfouquet.com\/fr\/wp-json\/wp\/v2\/product\/21590"}],"collection":[{"href":"https:\/\/yvesfouquet.com\/fr\/wp-json\/wp\/v2\/product"}],"about":[{"href":"https:\/\/yvesfouquet.com\/fr\/wp-json\/wp\/v2\/types\/product"}],"version-history":[{"count":3,"href":"https:\/\/yvesfouquet.com\/fr\/wp-json\/wp\/v2\/product\/21590\/revisions"}],"predecessor-version":[{"id":21716,"href":"https:\/\/yvesfouquet.com\/fr\/wp-json\/wp\/v2\/product\/21590\/revisions\/21716"}],"wp:featuredmedia":[{"embeddable":true,"href":"https:\/\/yvesfouquet.com\/fr\/wp-json\/wp\/v2\/media\/21554"}],"wp:attachment":[{"href":"https:\/\/yvesfouquet.com\/fr\/wp-json\/wp\/v2\/media?parent=21590"}],"wp:term":[{"taxonomy":"product_cat","embeddable":true,"href":"https:\/\/yvesfouquet.com\/fr\/wp-json\/wp\/v2\/product_cat?post=21590"},{"taxonomy":"product_tag","embeddable":true,"href":"https:\/\/yvesfouquet.com\/fr\/wp-json\/wp\/v2\/product_tag?post=21590"}],"curies":[{"name":"wp","href":"https:\/\/api.w.org\/{rel}","templated":true}]}}