{"id":22680,"date":"2023-07-10T17:22:29","date_gmt":"2023-11-22T12:28:08","guid":{"rendered":"https:\/\/yvesfouquet.com\/?post_type=product&#038;p=22680"},"modified":"2023-11-22T15:28:24","modified_gmt":"2023-11-22T12:28:24","slug":"bibliotheque-cave-a-vin-%d0%b2%d0%b2165","status":"publish","type":"product","link":"https:\/\/yvesfouquet.com\/fr\/produit\/bibliotheque-cave-a-vin-%d0%b2%d0%b2165\/","title":{"rendered":"Biblioth\u00e8que &#8211; cave \u00e0 vin \u0412\u0412165"},"content":{"rendered":"<p>Bienvenue dans notre armoire \u00e0 vin &#8211; un espace parfait pour cr\u00e9er un environnement beau, chaleureux et confortable o\u00f9 vous pourrez vous ressourcer, tant sur le plan physique que spirituel. Notre armoire-biblioth\u00e8que incarne la fusion des styles classique et contemporain, lui permettant de s&rsquo;int\u00e9grer harmonieusement \u00e0 tout int\u00e9rieur.<\/p>\n<p>L&rsquo;apparence ext\u00e9rieure de l&rsquo;armoire s\u00e9duit par son \u00e9l\u00e9gance &#8211; la couleur du bois de cerisier attire l&rsquo;attention par son aspect moderne, tandis que l&rsquo;int\u00e9rieur pr\u00e9sente une couleur classique de cerisier vieilli, lui conf\u00e9rant un aspect traditionnel d&rsquo;armoire \u00e0 vin.<\/p>\n<p>Cette armoire n&rsquo;est pas seulement esth\u00e9tique, elle est \u00e9galement tr\u00e8s fonctionnelle. Elle offre un espace de rangement pour jusqu&rsquo;\u00e0 100 bouteilles de vin, dont 15 bouteilles particuli\u00e8rement pr\u00e9cieuses ou de collection, pouvant \u00eatre plac\u00e9es sur des \u00e9tag\u00e8res coulissantes. L&rsquo;armoire comporte 2 sections con\u00e7ues pour le rangement de diff\u00e9rents types de verres \u00e0 vin, de verres ou de coupes. Toutes les \u00e9tag\u00e8res avec supports pour verres peuvent \u00eatre ajust\u00e9es en hauteur, et des \u00e9tag\u00e8res coulissantes suppl\u00e9mentaires permettent d&rsquo;ouvrir une bouteille et de remplir un verre directement depuis l&rsquo;armoire.<\/p>\n<p>De plus, l&rsquo;une des sections est \u00e9quip\u00e9e d&rsquo;un tiroir pour ranger les accessoires utilis\u00e9s pour la pr\u00e9paration des boissons. Les sections de rangement des alcools forts se ferment \u00e0 l&rsquo;aide de portes en verre facett\u00e9, chacune \u00e9tant \u00e9quip\u00e9e d&rsquo;une \u00e9tag\u00e8re ajustable en fonction de la taille des bouteilles. Au total, il y a 8 sections avec de telles portes dans l&rsquo;armoire.<\/p>\n<p>Si vous le souhaitez, nous pouvons \u00e9galement \u00e9quiper votre armoire d&rsquo;un r\u00e9frig\u00e9rateur \u00e0 vin int\u00e9gr\u00e9 pour maintenir votre collection \u00e0 la temp\u00e9rature optimale.<\/p>\n<p>Et bien s\u00fbr, les livres ! Notre armoire propose des sections ouvertes avec des \u00e9tag\u00e8res ou des sections ferm\u00e9es par du verre sp\u00e9cialement con\u00e7ues pour accueillir vos tr\u00e9sors litt\u00e9raires.<\/p>\n<p>Pour cr\u00e9er une atmosph\u00e8re de confort et de s\u00e9r\u00e9nit\u00e9, nous vous recommandons d&rsquo;associer notre armoire \u00e0 vin \u00e0 des fauteuils club classiques, que nous pouvons \u00e9galement vous proposer. Ces fauteuils confortables se marient parfaitement avec de petites tables, que nous vous aiderons \u00e0 choisir.<\/p>\n<p>Les dimensions de notre armoire \u00e0 vin sont les suivantes : largeur 2580 mm, hauteur 2745 mm, profondeur 505 mm. Elle est fabriqu\u00e9e en bois de cerisier massif, offrant \u00e0 la fois une structure solide et un aspect esth\u00e9tique.<\/p>\n<p>Nous vous invitons \u00e0 visiter notre site web pour d\u00e9couvrir notre armoire \u00e0 vin, cr\u00e9\u00e9e avec amour pour la beaut\u00e9, le confort et le plaisir.<\/p>\n","protected":false},"excerpt":{"rendered":"<p>W2630 x H2745 x D505 (Hauteur de coque 1385, 1285.75)<\/p>\n","protected":false},"featured_media":23147,"template":"","meta":[],"product_cat":[194],"product_tag":[],"yoast_head":"<!-- This site is optimized with the Yoast SEO Premium plugin v20.7 (Yoast SEO v20.8) - https:\/\/yoast.com\/wordpress\/plugins\/seo\/ -->\n<title>Biblioth\u00e8que - cave \u00e0 vin \u0412\u0412165 - Yves Fouquet<\/title>\n<meta name=\"robots\" content=\"index, follow, max-snippet:-1, max-image-preview:large, max-video-preview:-1\" \/>\n<link rel=\"canonical\" href=\"https:\/\/yvesfouquet.com\/fr\/produit\/bibliotheque-cave-a-vin-%d0%b2%d0%b2165\/\" \/>\n<meta property=\"og:locale\" content=\"fr_FR\" \/>\n<meta property=\"og:type\" content=\"article\" \/>\n<meta property=\"og:title\" content=\"Biblioth\u00e8que - cave \u00e0 vin \u0412\u0412165\" \/>\n<meta property=\"og:description\" content=\"W2630 x H2745 x D505 (Hauteur de coque 1385, 1285.75)\" \/>\n<meta property=\"og:url\" content=\"https:\/\/yvesfouquet.com\/fr\/produit\/bibliotheque-cave-a-vin-%d0%b2%d0%b2165\/\" \/>\n<meta property=\"og:site_name\" content=\"Yves Fouquet\" \/>\n<meta property=\"article:publisher\" content=\"https:\/\/www.facebook.com\/boutiueyvesfouquet\" \/>\n<meta property=\"article:modified_time\" content=\"2023-11-22T12:28:24+00:00\" \/>\n<meta property=\"og:image\" content=\"https:\/\/yvesfouquet.com\/wp-content\/uploads\/2023\/07\/My-project1234-2-975x1024.png\" \/>\n\t<meta property=\"og:image:width\" content=\"975\" \/>\n\t<meta property=\"og:image:height\" content=\"1024\" \/>\n\t<meta property=\"og:image:type\" content=\"image\/png\" \/>\n<meta name=\"twitter:card\" content=\"summary_large_image\" \/>\n<meta name=\"twitter:label1\" content=\"Prix\" \/>\n\t<meta name=\"twitter:data1\" content=\"\" \/>\n\t<meta name=\"twitter:label2\" content=\"Disponibilit\u00e9\" \/>\n\t<meta name=\"twitter:data2\" content=\"En r\u00e9assort\" \/>\n<script type=\"application\/ld+json\" class=\"yoast-schema-graph\">{\"@context\":\"https:\/\/schema.org\",\"@graph\":[{\"@type\":[\"WebPage\",\"ItemPage\"],\"@id\":\"https:\/\/yvesfouquet.com\/fr\/produit\/bibliotheque-cave-a-vin-%d0%b2%d0%b2165\/\",\"url\":\"https:\/\/yvesfouquet.com\/fr\/produit\/bibliotheque-cave-a-vin-%d0%b2%d0%b2165\/\",\"name\":\"Biblioth\u00e8que - cave \u00e0 vin \u0412\u0412165 - Yves Fouquet\",\"isPartOf\":{\"@id\":\"https:\/\/yvesfouquet.com\/#website\"},\"datePublished\":\"2023-11-22T12:28:08+00:00\",\"dateModified\":\"2023-11-22T12:28:24+00:00\",\"breadcrumb\":{\"@id\":\"https:\/\/yvesfouquet.com\/fr\/produit\/bibliotheque-cave-a-vin-%d0%b2%d0%b2165\/#breadcrumb\"},\"inLanguage\":\"fr-FR\",\"potentialAction\":[{\"@type\":\"ReadAction\",\"target\":[\"https:\/\/yvesfouquet.com\/fr\/produit\/bibliotheque-cave-a-vin-%d0%b2%d0%b2165\/\"]}]},{\"@type\":\"BreadcrumbList\",\"@id\":\"https:\/\/yvesfouquet.com\/fr\/produit\/bibliotheque-cave-a-vin-%d0%b2%d0%b2165\/#breadcrumb\",\"itemListElement\":[{\"@type\":\"ListItem\",\"position\":1,\"name\":\"\u0413\u043b\u0430\u0432\u043d\u0430\u044f\",\"item\":\"https:\/\/yvesfouquet.com\/fr\/\"},{\"@type\":\"ListItem\",\"position\":2,\"name\":\"Collections\",\"item\":\"https:\/\/yvesfouquet.com\/fr\/collections\/\"},{\"@type\":\"ListItem\",\"position\":3,\"name\":\"Biblioth\u00e8que &#8211; cave \u00e0 vin \u0412\u0412165\"}]},{\"@type\":\"WebSite\",\"@id\":\"https:\/\/yvesfouquet.com\/#website\",\"url\":\"https:\/\/yvesfouquet.com\/\",\"name\":\"Yves Fouquet\",\"description\":\"\u0424\u0440\u0430\u043d\u0446\u0443\u0437\u0441\u043a\u0430\u044f \u043c\u0435\u0431\u0435\u043b\u044c\",\"potentialAction\":[{\"@type\":\"SearchAction\",\"target\":{\"@type\":\"EntryPoint\",\"urlTemplate\":\"https:\/\/yvesfouquet.com\/?s={search_term_string}\"},\"query-input\":\"required name=search_term_string\"}],\"inLanguage\":\"fr-FR\"}]}<\/script>\n<meta property=\"product:price:amount\" content=\"0\" \/>\n<meta property=\"product:price:currency\" content=\"EUR\" \/>\n<meta property=\"og:availability\" content=\"backorder\" \/>\n<meta property=\"product:availability\" content=\"available for order\" \/>\n<meta property=\"product:condition\" content=\"new\" \/>\n<!-- \/ Yoast SEO Premium plugin. -->","yoast_head_json":{"title":"Biblioth\u00e8que - cave \u00e0 vin \u0412\u0412165 - Yves Fouquet","robots":{"index":"index","follow":"follow","max-snippet":"max-snippet:-1","max-image-preview":"max-image-preview:large","max-video-preview":"max-video-preview:-1"},"canonical":"https:\/\/yvesfouquet.com\/fr\/produit\/bibliotheque-cave-a-vin-%d0%b2%d0%b2165\/","og_locale":"fr_FR","og_type":"article","og_title":"Biblioth\u00e8que - cave \u00e0 vin \u0412\u0412165","og_description":"W2630 x H2745 x D505 (Hauteur de coque 1385, 1285.75)","og_url":"https:\/\/yvesfouquet.com\/fr\/produit\/bibliotheque-cave-a-vin-%d0%b2%d0%b2165\/","og_site_name":"Yves Fouquet","article_publisher":"https:\/\/www.facebook.com\/boutiueyvesfouquet","article_modified_time":"2023-11-22T12:28:24+00:00","og_image":[{"width":975,"height":1024,"url":"https:\/\/yvesfouquet.com\/wp-content\/uploads\/2023\/07\/My-project1234-2-975x1024.png","type":"image\/png"}],"twitter_card":"summary_large_image","twitter_misc":{"Prix":"","Disponibilit\u00e9":"En r\u00e9assort"},"schema":{"@context":"https:\/\/schema.org","@graph":[{"@type":["WebPage","ItemPage"],"@id":"https:\/\/yvesfouquet.com\/fr\/produit\/bibliotheque-cave-a-vin-%d0%b2%d0%b2165\/","url":"https:\/\/yvesfouquet.com\/fr\/produit\/bibliotheque-cave-a-vin-%d0%b2%d0%b2165\/","name":"Biblioth\u00e8que - cave \u00e0 vin \u0412\u0412165 - Yves Fouquet","isPartOf":{"@id":"https:\/\/yvesfouquet.com\/#website"},"datePublished":"2023-11-22T12:28:08+00:00","dateModified":"2023-11-22T12:28:24+00:00","breadcrumb":{"@id":"https:\/\/yvesfouquet.com\/fr\/produit\/bibliotheque-cave-a-vin-%d0%b2%d0%b2165\/#breadcrumb"},"inLanguage":"fr-FR","potentialAction":[{"@type":"ReadAction","target":["https:\/\/yvesfouquet.com\/fr\/produit\/bibliotheque-cave-a-vin-%d0%b2%d0%b2165\/"]}]},{"@type":"BreadcrumbList","@id":"https:\/\/yvesfouquet.com\/fr\/produit\/bibliotheque-cave-a-vin-%d0%b2%d0%b2165\/#breadcrumb","itemListElement":[{"@type":"ListItem","position":1,"name":"\u0413\u043b\u0430\u0432\u043d\u0430\u044f","item":"https:\/\/yvesfouquet.com\/fr\/"},{"@type":"ListItem","position":2,"name":"Collections","item":"https:\/\/yvesfouquet.com\/fr\/collections\/"},{"@type":"ListItem","position":3,"name":"Biblioth\u00e8que &#8211; cave \u00e0 vin \u0412\u0412165"}]},{"@type":"WebSite","@id":"https:\/\/yvesfouquet.com\/#website","url":"https:\/\/yvesfouquet.com\/","name":"Yves Fouquet","description":"\u0424\u0440\u0430\u043d\u0446\u0443\u0437\u0441\u043a\u0430\u044f \u043c\u0435\u0431\u0435\u043b\u044c","potentialAction":[{"@type":"SearchAction","target":{"@type":"EntryPoint","urlTemplate":"https:\/\/yvesfouquet.com\/?s={search_term_string}"},"query-input":"required name=search_term_string"}],"inLanguage":"fr-FR"}]},"product_price_currency":"EUR","og_availability":"backorder","product_availability":"available for order","product_condition":"new"},"_links":{"self":[{"href":"https:\/\/yvesfouquet.com\/fr\/wp-json\/wp\/v2\/product\/22680"}],"collection":[{"href":"https:\/\/yvesfouquet.com\/fr\/wp-json\/wp\/v2\/product"}],"about":[{"href":"https:\/\/yvesfouquet.com\/fr\/wp-json\/wp\/v2\/types\/product"}],"version-history":[{"count":2,"href":"https:\/\/yvesfouquet.com\/fr\/wp-json\/wp\/v2\/product\/22680\/revisions"}],"predecessor-version":[{"id":22718,"href":"https:\/\/yvesfouquet.com\/fr\/wp-json\/wp\/v2\/product\/22680\/revisions\/22718"}],"wp:featuredmedia":[{"embeddable":true,"href":"https:\/\/yvesfouquet.com\/fr\/wp-json\/wp\/v2\/media\/23147"}],"wp:attachment":[{"href":"https:\/\/yvesfouquet.com\/fr\/wp-json\/wp\/v2\/media?parent=22680"}],"wp:term":[{"taxonomy":"product_cat","embeddable":true,"href":"https:\/\/yvesfouquet.com\/fr\/wp-json\/wp\/v2\/product_cat?post=22680"},{"taxonomy":"product_tag","embeddable":true,"href":"https:\/\/yvesfouquet.com\/fr\/wp-json\/wp\/v2\/product_tag?post=22680"}],"curies":[{"name":"wp","href":"https:\/\/api.w.org\/{rel}","templated":true}]}}