{"id":23106,"date":"2023-07-20T10:13:08","date_gmt":"2023-07-20T07:51:10","guid":{"rendered":"https:\/\/yvesfouquet.com\/?post_type=product&#038;p=23106"},"modified":"2023-11-21T16:51:06","modified_gmt":"2023-11-21T13:51:06","slug":"commode","status":"publish","type":"product","link":"https:\/\/yvesfouquet.com\/fr\/produit\/commode\/","title":{"rendered":"Buffet Paravent BF526S"},"content":{"rendered":"<p>Cr\u00e9\u00e9e par les ma\u00eetres de l\u2019usine de meubles Yves Fouquet, la commode en bois Paravent a un design inhabituel et attirera facilement l\u2019attention dans n\u2019importe quelle partie de votre maison. \u00c9l\u00e9gant et extravagant, il aura fi\u00e8re allure dans le salon, dans le bureau, dans la salle \u00e0 manger et dans la cuisine.<\/p>\n<p>Le mod\u00e8le original combine harmonieusement une saveur ancienne brillante et la praticit\u00e9 n\u00e9cessaire \u00e0 la vie moderne. La commode est tr\u00e8s pratique et spacieuse &#8211; selon l\u2019application que vous choisissez, il sera pratique de stocker des livres, de la vaisselle et des textiles.<\/p>\n<p>Le point culminant principal de la commode exclusive est des portes-moustiquaires pliantes, d\u00e9cor\u00e9es de sculptures carr\u00e9es et d\u2019\u0153illets faits \u00e0 la main. Une telle solution de conception inhabituelle a non seulement fi\u00e8re allure, mais vous permet \u00e9galement d\u2019\u00e9conomiser de l\u2019espace lors de l\u2019ouverture des portes.<\/p>\n<p>Une courbe prononc\u00e9e des minces pieds sculpt\u00e9s de la commode passe dans le cadre des flancs et lisse, longeant les c\u00f4t\u00e9s du comptoir. L\u2019\u00e9l\u00e9gance et l\u2019\u00e9l\u00e9gance du produit sont soulign\u00e9es par l\u2019\u00e9lite Fran\u00e7ais raccords. Les technologies de vieillissement uniques ajoutent de la couleur et de l\u2019atmosph\u00e8re.<\/p>\n<p>Des meubles design de style vintage sont assembl\u00e9s sur commande. Pour que la commode s\u2019int\u00e8gre parfaitement dans vos int\u00e9rieurs, nous la r\u00e9aliserons en pleine conformit\u00e9 avec vos souhaits.<\/p>\n<p id=\"tw-target-text\" class=\"tw-data-text tw-text-large tw-ta\" dir=\"ltr\" data-placeholder=\"\u041f\u0435\u0440\u0435\u043a\u043b\u0430\u0434\"><span class=\"Y2IQFc\" lang=\"fr\">\u00a0<\/span><\/p>\n","protected":false},"excerpt":{"rendered":"<p><strong>Dimensions:<\/strong> L1460 x H830 x P530<\/p>\n<p><strong>Description :<\/strong> 2 portes (moustiquaire) et 1 \u00e9tag\u00e8re<\/p>\n<p>Corps &#8211; vague de mer, Int\u00e9rieur &#8211; citron, Couvercle &#8211; naturel, Bord et devant du couvercle &#8211; argent avec or<\/p>\n","protected":false},"featured_media":23151,"template":"","meta":[],"product_cat":[155],"product_tag":[],"yoast_head":"<!-- This site is optimized with the Yoast SEO Premium plugin v20.7 (Yoast SEO v20.8) - https:\/\/yoast.com\/wordpress\/plugins\/seo\/ -->\n<title>Buffet Paravent BF526S - Yves Fouquet<\/title>\n<meta name=\"robots\" content=\"index, follow, max-snippet:-1, max-image-preview:large, max-video-preview:-1\" \/>\n<link rel=\"canonical\" href=\"https:\/\/yvesfouquet.com\/fr\/produit\/commode\/\" \/>\n<meta property=\"og:locale\" content=\"fr_FR\" \/>\n<meta property=\"og:type\" content=\"article\" \/>\n<meta property=\"og:title\" content=\"Buffet Paravent BF526S\" \/>\n<meta property=\"og:description\" content=\"Dimensions: L1460 x H830 x P530  Description : 2 portes (moustiquaire) et 1 \u00e9tag\u00e8re  Corps - vague de mer, Int\u00e9rieur - citron, Couvercle - naturel, Bord et devant du couvercle - argent avec or\" \/>\n<meta property=\"og:url\" content=\"https:\/\/yvesfouquet.com\/fr\/produit\/commode\/\" \/>\n<meta property=\"og:site_name\" content=\"Yves Fouquet\" \/>\n<meta property=\"article:publisher\" content=\"https:\/\/www.facebook.com\/boutiueyvesfouquet\" \/>\n<meta property=\"article:modified_time\" content=\"2023-11-21T13:51:06+00:00\" \/>\n<meta property=\"og:image\" content=\"https:\/\/yvesfouquet.com\/wp-content\/uploads\/2023\/07\/\u0437\u0430\u043a\u0440-1024x900.png\" \/>\n\t<meta property=\"og:image:width\" content=\"1024\" \/>\n\t<meta property=\"og:image:height\" content=\"900\" \/>\n\t<meta property=\"og:image:type\" content=\"image\/png\" \/>\n<meta name=\"twitter:card\" content=\"summary_large_image\" \/>\n<meta name=\"twitter:label1\" content=\"Prix\" \/>\n\t<meta name=\"twitter:data1\" content=\"\" \/>\n\t<meta name=\"twitter:label2\" content=\"Disponibilit\u00e9\" \/>\n\t<meta name=\"twitter:data2\" content=\"En r\u00e9assort\" \/>\n<script type=\"application\/ld+json\" class=\"yoast-schema-graph\">{\"@context\":\"https:\/\/schema.org\",\"@graph\":[{\"@type\":[\"WebPage\",\"ItemPage\"],\"@id\":\"https:\/\/yvesfouquet.com\/fr\/produit\/commode\/\",\"url\":\"https:\/\/yvesfouquet.com\/fr\/produit\/commode\/\",\"name\":\"Buffet Paravent BF526S - Yves Fouquet\",\"isPartOf\":{\"@id\":\"https:\/\/yvesfouquet.com\/#website\"},\"datePublished\":\"2023-07-20T07:51:10+00:00\",\"dateModified\":\"2023-11-21T13:51:06+00:00\",\"breadcrumb\":{\"@id\":\"https:\/\/yvesfouquet.com\/fr\/produit\/commode\/#breadcrumb\"},\"inLanguage\":\"fr-FR\",\"potentialAction\":[{\"@type\":\"ReadAction\",\"target\":[\"https:\/\/yvesfouquet.com\/fr\/produit\/commode\/\"]}]},{\"@type\":\"BreadcrumbList\",\"@id\":\"https:\/\/yvesfouquet.com\/fr\/produit\/commode\/#breadcrumb\",\"itemListElement\":[{\"@type\":\"ListItem\",\"position\":1,\"name\":\"\u0413\u043b\u0430\u0432\u043d\u0430\u044f\",\"item\":\"https:\/\/yvesfouquet.com\/fr\/\"},{\"@type\":\"ListItem\",\"position\":2,\"name\":\"Collections\",\"item\":\"https:\/\/yvesfouquet.com\/fr\/collections\/\"},{\"@type\":\"ListItem\",\"position\":3,\"name\":\"Buffet Paravent BF526S\"}]},{\"@type\":\"WebSite\",\"@id\":\"https:\/\/yvesfouquet.com\/#website\",\"url\":\"https:\/\/yvesfouquet.com\/\",\"name\":\"Yves Fouquet\",\"description\":\"\u0424\u0440\u0430\u043d\u0446\u0443\u0437\u0441\u043a\u0430\u044f \u043c\u0435\u0431\u0435\u043b\u044c\",\"potentialAction\":[{\"@type\":\"SearchAction\",\"target\":{\"@type\":\"EntryPoint\",\"urlTemplate\":\"https:\/\/yvesfouquet.com\/?s={search_term_string}\"},\"query-input\":\"required name=search_term_string\"}],\"inLanguage\":\"fr-FR\"}]}<\/script>\n<meta property=\"product:price:amount\" content=\"0\" \/>\n<meta property=\"product:price:currency\" content=\"EUR\" \/>\n<meta property=\"og:availability\" content=\"backorder\" \/>\n<meta property=\"product:availability\" content=\"available for order\" \/>\n<meta property=\"product:condition\" content=\"new\" \/>\n<!-- \/ Yoast SEO Premium plugin. -->","yoast_head_json":{"title":"Buffet Paravent BF526S - Yves Fouquet","robots":{"index":"index","follow":"follow","max-snippet":"max-snippet:-1","max-image-preview":"max-image-preview:large","max-video-preview":"max-video-preview:-1"},"canonical":"https:\/\/yvesfouquet.com\/fr\/produit\/commode\/","og_locale":"fr_FR","og_type":"article","og_title":"Buffet Paravent BF526S","og_description":"Dimensions: L1460 x H830 x P530  Description : 2 portes (moustiquaire) et 1 \u00e9tag\u00e8re  Corps - vague de mer, Int\u00e9rieur - citron, Couvercle - naturel, Bord et devant du couvercle - argent avec or","og_url":"https:\/\/yvesfouquet.com\/fr\/produit\/commode\/","og_site_name":"Yves Fouquet","article_publisher":"https:\/\/www.facebook.com\/boutiueyvesfouquet","article_modified_time":"2023-11-21T13:51:06+00:00","og_image":[{"width":1024,"height":900,"url":"https:\/\/yvesfouquet.com\/wp-content\/uploads\/2023\/07\/\u0437\u0430\u043a\u0440-1024x900.png","type":"image\/png"}],"twitter_card":"summary_large_image","twitter_misc":{"Prix":"","Disponibilit\u00e9":"En r\u00e9assort"},"schema":{"@context":"https:\/\/schema.org","@graph":[{"@type":["WebPage","ItemPage"],"@id":"https:\/\/yvesfouquet.com\/fr\/produit\/commode\/","url":"https:\/\/yvesfouquet.com\/fr\/produit\/commode\/","name":"Buffet Paravent BF526S - Yves Fouquet","isPartOf":{"@id":"https:\/\/yvesfouquet.com\/#website"},"datePublished":"2023-07-20T07:51:10+00:00","dateModified":"2023-11-21T13:51:06+00:00","breadcrumb":{"@id":"https:\/\/yvesfouquet.com\/fr\/produit\/commode\/#breadcrumb"},"inLanguage":"fr-FR","potentialAction":[{"@type":"ReadAction","target":["https:\/\/yvesfouquet.com\/fr\/produit\/commode\/"]}]},{"@type":"BreadcrumbList","@id":"https:\/\/yvesfouquet.com\/fr\/produit\/commode\/#breadcrumb","itemListElement":[{"@type":"ListItem","position":1,"name":"\u0413\u043b\u0430\u0432\u043d\u0430\u044f","item":"https:\/\/yvesfouquet.com\/fr\/"},{"@type":"ListItem","position":2,"name":"Collections","item":"https:\/\/yvesfouquet.com\/fr\/collections\/"},{"@type":"ListItem","position":3,"name":"Buffet Paravent BF526S"}]},{"@type":"WebSite","@id":"https:\/\/yvesfouquet.com\/#website","url":"https:\/\/yvesfouquet.com\/","name":"Yves Fouquet","description":"\u0424\u0440\u0430\u043d\u0446\u0443\u0437\u0441\u043a\u0430\u044f \u043c\u0435\u0431\u0435\u043b\u044c","potentialAction":[{"@type":"SearchAction","target":{"@type":"EntryPoint","urlTemplate":"https:\/\/yvesfouquet.com\/?s={search_term_string}"},"query-input":"required name=search_term_string"}],"inLanguage":"fr-FR"}]},"product_price_currency":"EUR","og_availability":"backorder","product_availability":"available for order","product_condition":"new"},"_links":{"self":[{"href":"https:\/\/yvesfouquet.com\/fr\/wp-json\/wp\/v2\/product\/23106"}],"collection":[{"href":"https:\/\/yvesfouquet.com\/fr\/wp-json\/wp\/v2\/product"}],"about":[{"href":"https:\/\/yvesfouquet.com\/fr\/wp-json\/wp\/v2\/types\/product"}],"version-history":[{"count":4,"href":"https:\/\/yvesfouquet.com\/fr\/wp-json\/wp\/v2\/product\/23106\/revisions"}],"predecessor-version":[{"id":23119,"href":"https:\/\/yvesfouquet.com\/fr\/wp-json\/wp\/v2\/product\/23106\/revisions\/23119"}],"wp:featuredmedia":[{"embeddable":true,"href":"https:\/\/yvesfouquet.com\/fr\/wp-json\/wp\/v2\/media\/23151"}],"wp:attachment":[{"href":"https:\/\/yvesfouquet.com\/fr\/wp-json\/wp\/v2\/media?parent=23106"}],"wp:term":[{"taxonomy":"product_cat","embeddable":true,"href":"https:\/\/yvesfouquet.com\/fr\/wp-json\/wp\/v2\/product_cat?post=23106"},{"taxonomy":"product_tag","embeddable":true,"href":"https:\/\/yvesfouquet.com\/fr\/wp-json\/wp\/v2\/product_tag?post=23106"}],"curies":[{"name":"wp","href":"https:\/\/api.w.org\/{rel}","templated":true}]}}